{"id":50,"date":"2015-08-19T20:04:06","date_gmt":"2015-08-19T20:04:06","guid":{"rendered":"http:\/\/demosbyphil.com\/orthogogo\/?page_id=45"},"modified":"2024-10-08T19:44:59","modified_gmt":"2024-10-08T19:44:59","slug":"solicitar-una-cita","status":"publish","type":"page","link":"https:\/\/orthogogo.com\/es\/solicitar-una-cita\/","title":{"rendered":"Cita en Sky Ortho"},"content":{"rendered":"<p>Solicitar una cita en <a href=\"https:\/\/orthogogo.com\/es\">Sky Ortho<\/a>, es muy f\u00e1cil, s\u00f3lo necesita rellenar el siguiente <a href=\"https:\/\/es.wikipedia.org\/wiki\/Formulario\" target=\"_blank\" rel=\"noopener\">formulario<\/a> con todos los datos que le solicitamos.<\/p>\n<div class=\"forminator-ui forminator-custom-form forminator-custom-form-4364 forminator-design--flat  forminator_ajax\" data-forminator-render=\"0\" data-form=\"forminator-module-4364\" data-uid=\"69e918315f4db\"><br\/><\/div><form\n\t\t\t\tid=\"forminator-module-4364\"\n\t\t\t\tclass=\"forminator-ui forminator-custom-form forminator-custom-form-4364 forminator-design--flat  forminator_ajax\"\n\t\t\t\tmethod=\"post\"\n\t\t\t\tdata-forminator-render=\"0\"\n\t\t\t\tdata-form-id=\"4364\"\n\t\t\t\t data-color-option=\"default\" data-design=\"flat\" data-grid=\"open\" style=\"display: none;\"\n\t\t\t\tdata-uid=\"69e918315f4db\"\n\t\t\t><div role=\"alert\" aria-live=\"polite\" class=\"forminator-response-message forminator-error\" aria-hidden=\"true\"><\/div><div class=\"forminator-row\"><div id=\"name-1\" class=\"forminator-field-name forminator-col forminator-col-12 \"><div class=\"forminator-row forminator-no-margin\" data-multiple=\"true\"><div class=\"forminator-col forminator-col-md-6\"><div class=\"forminator-field\"><label for=\"forminator-field-first-name-1_69e918315f4db\" id=\"forminator-field-first-name-1_69e918315f4db-label\" class=\"forminator-label\">Nombre del paciente <span class=\"forminator-required\">*<\/span><\/label><input type=\"text\" name=\"name-1-first-name\" placeholder=\"\" id=\"forminator-field-first-name-1_69e918315f4db\" class=\"forminator-input\" aria-required=\"true\" data-multi=\"1\" autocomplete=\"given-name\" value=\"\" \/><\/div><\/div><div class=\"forminator-col forminator-col-md-6\"><div class=\"forminator-field\"><label for=\"forminator-field-last-name-1_69e918315f4db\" id=\"forminator-field-last-name-1_69e918315f4db-label\" class=\"forminator-label\">Apellido del paciente <span class=\"forminator-required\">*<\/span><\/label><input type=\"text\" name=\"name-1-last-name\" placeholder=\"\" id=\"forminator-field-last-name-1_69e918315f4db\" class=\"forminator-input\" aria-required=\"true\" data-multi=\"1\" autocomplete=\"family-name\" value=\"\" \/><\/div><\/div><\/div><\/div><\/div><div class=\"forminator-row\"><div id=\"radio-1\" class=\"forminator-field-radio forminator-col forminator-col-6 \"><div role=\"radiogroup\" class=\"forminator-field\" aria-labelledby=\"forminator-radiogroup-radio-1-69e918315f4db-label\"><span id=\"forminator-radiogroup-radio-1-69e918315f4db-label\" class=\"forminator-label\">Seleccione el consultorio <span class=\"forminator-required\">*<\/span><\/span><label id=\"forminator-field-radio-1-label-1\" for=\"forminator-field-radio-1-1-69e918315f4db\" class=\"forminator-radio forminator-radio-inline\" title=\"Moore\"><input type=\"radio\" name=\"radio-1\" value=\"Moore\" id=\"forminator-field-radio-1-1-69e918315f4db\" aria-labelledby=\"forminator-field-radio-1-label-1\" data-calculation=\"0\" checked=\"checked\"  data-hidden-behavior=\"zero\"\/><span class=\"forminator-radio-bullet\" aria-hidden=\"true\"><\/span><span class=\"forminator-radio-label\">Moore<\/span><\/label><label id=\"forminator-field-radio-1-label-2\" for=\"forminator-field-radio-1-2-69e918315f4db\" class=\"forminator-radio forminator-radio-inline\" title=\"Shawee\"><input type=\"radio\" name=\"radio-1\" value=\"Shawee\" id=\"forminator-field-radio-1-2-69e918315f4db\" aria-labelledby=\"forminator-field-radio-1-label-2\" data-calculation=\"0\"   data-hidden-behavior=\"zero\"\/><span class=\"forminator-radio-bullet\" aria-hidden=\"true\"><\/span><span class=\"forminator-radio-label\">Shawee<\/span><\/label><\/div><\/div><div id=\"radio-2\" class=\"forminator-field-radio forminator-col forminator-col-6 \"><div role=\"radiogroup\" class=\"forminator-field\" aria-labelledby=\"forminator-radiogroup-radio-2-69e918315f4db-label\"><label id=\"forminator-field-radio-2-label-1\" for=\"forminator-field-radio-2-1-69e918315f4db\" class=\"forminator-radio forminator-radio-inline\" title=\"Paciente Nuevo\"><input type=\"radio\" name=\"radio-2\" value=\"Paciente Nuevo\" id=\"forminator-field-radio-2-1-69e918315f4db\" aria-labelledby=\"forminator-field-radio-2-label-1\" data-calculation=\"0\" checked=\"checked\"  data-hidden-behavior=\"zero\"\/><span class=\"forminator-radio-bullet\" aria-hidden=\"true\"><\/span><span class=\"forminator-radio-label\">Paciente Nuevo<\/span><\/label><label id=\"forminator-field-radio-2-label-2\" for=\"forminator-field-radio-2-2-69e918315f4db\" class=\"forminator-radio forminator-radio-inline\" title=\"Ya soy paciente\"><input type=\"radio\" name=\"radio-2\" value=\"Ya soy paciente\" id=\"forminator-field-radio-2-2-69e918315f4db\" aria-labelledby=\"forminator-field-radio-2-label-2\" data-calculation=\"0\"   data-hidden-behavior=\"zero\"\/><span class=\"forminator-radio-bullet\" aria-hidden=\"true\"><\/span><span class=\"forminator-radio-label\">Ya soy paciente<\/span><\/label><\/div><\/div><\/div><div class=\"forminator-row\"><div id=\"date-1\" class=\"forminator-field-date forminator-col forminator-col-6 \"><label for=\"forminator-field-date-1\" id=\"forminator-field-date-1-label\" class=\"forminator-label\">Fecha de nacimiento del paciente <span class=\"forminator-required\">*<\/span><\/label><div class=\"forminator-date-input\"><div class=\"forminator-row\" data-multiple=\"true\"><div id=\"date-1-month\" class=\"forminator-col\"><div class=\"forminator-field\"><label for=\"forminator-field-date-1-month_69e918315f4db\" class=\"forminator-label\">Mes <span class=\"forminator-required\">*<\/span><\/label><input type=\"number\" min=\"1\" max=\"12\" name=\"date-1-month\" value=\"\" placeholder=\"\" id=\"forminator-field-date-1-month_69e918315f4db\" class=\"forminator-input\" data-field=\"month\" data-format=\"mm\/dd\/yy\" data-parent=\"date-1\" \/><\/div><\/div><div id=\"date-1-day\" class=\"forminator-col\"><div class=\"forminator-field\"><label for=\"forminator-field-date-1-day_69e918315f4db\" class=\"forminator-label\">Dia <span class=\"forminator-required\">*<\/span><\/label><input type=\"number\" min=\"1\" max=\"31\" name=\"date-1-day\" value=\"\" placeholder=\"\" id=\"forminator-field-date-1-day_69e918315f4db\" class=\"forminator-input\" data-field=\"day\" data-format=\"mm\/dd\/yy\" data-parent=\"date-1\" \/><\/div><\/div><div id=\"date-1-year\" class=\"forminator-col\"><div class=\"forminator-field\"><label for=\"forminator-field-date-1-year_69e918315f4db\" class=\"forminator-label\">A\u00f1o <span class=\"forminator-required\">*<\/span><\/label><input type=\"number\" min=\"1\" name=\"date-1-year\" placeholder=\"\" id=\"forminator-field-date-1-year_69e918315f4db\" class=\"forminator-input\" data-field=\"year\" value=\"\" data-format=\"mm\/dd\/yy\" data-parent=\"date-1\" \/><\/div><\/div><\/div><\/div><\/div><div id=\"radio-3\" class=\"forminator-field-radio forminator-col forminator-col-6 \"><div role=\"radiogroup\" class=\"forminator-field\" aria-labelledby=\"forminator-radiogroup-radio-3-69e918315f4db-label\"><span id=\"forminator-radiogroup-radio-3-69e918315f4db-label\" class=\"forminator-label\">El paciente es menor de edad? <span class=\"forminator-required\">*<\/span><\/span><label id=\"forminator-field-radio-3-label-1\" for=\"forminator-field-radio-3-1-69e918315f4db\" class=\"forminator-radio forminator-radio-inline\" title=\"No\"><input type=\"radio\" name=\"radio-3\" value=\"No\" id=\"forminator-field-radio-3-1-69e918315f4db\" aria-labelledby=\"forminator-field-radio-3-label-1\" data-calculation=\"0\" checked=\"checked\"  data-hidden-behavior=\"zero\"\/><span class=\"forminator-radio-bullet\" aria-hidden=\"true\"><\/span><span class=\"forminator-radio-label\">No<\/span><\/label><label id=\"forminator-field-radio-3-label-2\" for=\"forminator-field-radio-3-2-69e918315f4db\" class=\"forminator-radio forminator-radio-inline\" title=\"Si\"><input type=\"radio\" name=\"radio-3\" value=\"Si\" id=\"forminator-field-radio-3-2-69e918315f4db\" aria-labelledby=\"forminator-field-radio-3-label-2\" data-calculation=\"0\"   data-hidden-behavior=\"zero\"\/><span class=\"forminator-radio-bullet\" aria-hidden=\"true\"><\/span><span class=\"forminator-radio-label\">Si<\/span><\/label><\/div><\/div><\/div><div class=\"forminator-row\"><div id=\"name-2\" class=\"forminator-field-name forminator-col forminator-col-12 \"><div class=\"forminator-row forminator-no-margin\" data-multiple=\"true\"><div class=\"forminator-col forminator-col-md-6\"><div class=\"forminator-field\"><label for=\"forminator-field-first-name-2_69e918315f4db\" id=\"forminator-field-first-name-2_69e918315f4db-label\" class=\"forminator-label\">Nombre del Representante <span class=\"forminator-required\">*<\/span><\/label><input type=\"text\" name=\"name-2-first-name\" placeholder=\"\" id=\"forminator-field-first-name-2_69e918315f4db\" class=\"forminator-input\" aria-required=\"true\" data-multi=\"1\" autocomplete=\"given-name\" value=\"\" \/><\/div><\/div><div class=\"forminator-col forminator-col-md-6\"><div class=\"forminator-field\"><label for=\"forminator-field-last-name-2_69e918315f4db\" id=\"forminator-field-last-name-2_69e918315f4db-label\" class=\"forminator-label\">Apellido del Representante <span class=\"forminator-required\">*<\/span><\/label><input type=\"text\" name=\"name-2-last-name\" placeholder=\"\" id=\"forminator-field-last-name-2_69e918315f4db\" class=\"forminator-input\" aria-required=\"true\" data-multi=\"1\" autocomplete=\"family-name\" value=\"\" \/><\/div><\/div><\/div><\/div><\/div><div class=\"forminator-row\"><div id=\"phone-1\" class=\"forminator-field-phone forminator-col forminator-col-6 \"><div class=\"forminator-field\"><label for=\"forminator-field-phone-1_69e918315f4db\" id=\"forminator-field-phone-1_69e918315f4db-label\" class=\"forminator-label\">N\u00famero de tel\u00e9fono <span class=\"forminator-required\">*<\/span><\/label><input type=\"text\" name=\"phone-1\" value=\"\" placeholder=\"\" id=\"forminator-field-phone-1_69e918315f4db\" class=\"forminator-input forminator-field--phone\" data-required=\"1\" aria-required=\"true\" autocomplete=\"off\" aria-describedby=\"forminator-field-phone-1_69e918315f4db-description\" \/><span id=\"forminator-field-phone-1_69e918315f4db-description\" class=\"forminator-description\" id=\"forminator-field-phone-1_69e918315f4db-description\">Aseg\u00farese de que el n\u00famero de tel\u00e9fono proporcionado pueda recibir mensajes de texto.<\/span><\/div><\/div><div id=\"email-1\" class=\"forminator-field-email forminator-col forminator-col-6 \"><div class=\"forminator-field\"><label for=\"forminator-field-email-1_69e918315f4db\" id=\"forminator-field-email-1_69e918315f4db-label\" class=\"forminator-label\">Correo (e-mail)<\/label><input type=\"email\" name=\"email-1\" value=\"\" placeholder=\"\" id=\"forminator-field-email-1_69e918315f4db\" class=\"forminator-input forminator-email--field\" data-required=\"\" aria-required=\"false\" autocomplete=\"email\" \/><\/div><\/div><\/div><div class=\"forminator-row\"><div id=\"textarea-1\" class=\"forminator-field-textarea forminator-col forminator-col-12 \"><div class=\"forminator-field\"><label for=\"forminator-field-textarea-1_69e918315f4db\" id=\"forminator-field-textarea-1_69e918315f4db-label\" class=\"forminator-label\">Detalles adicionales de la cita<\/label><textarea name=\"textarea-1\" placeholder=\"\" id=\"forminator-field-textarea-1_69e918315f4db\" class=\"forminator-textarea\" rows=\"6\" style=\"min-height:140px;\" maxlength=\"180\" ><\/textarea><span id=\"forminator-field-textarea-1_69e918315f4db-description\" class=\"forminator-description\"><span data-limit=\"180\" data-type=\"characters\" data-editor=\"\">0 \/ 180<\/span><\/span><\/div><\/div><\/div><div class=\"forminator-row\"><div id=\"captcha-1\" class=\"forminator-field-captcha forminator-col forminator-col-12 \"><div class=\"forminator-captcha-left forminator-g-recaptcha\" data-theme=\"light\"  data-sitekey=\"6Lf0OlYqAAAAAEkPrpDJFH0WkT43vzggpbGn3Tqi\" data-size=\"normal\"><\/div> <\/div><\/div><input type=\"hidden\" name=\"referer_url\" value=\"\" \/><div class=\"forminator-row forminator-row-last\"><div class=\"forminator-col\"><div class=\"forminator-field\"><button class=\"forminator-button forminator-button-submit\">Submit<\/button><\/div><\/div><\/div><input type=\"hidden\" id=\"forminator_nonce\" name=\"forminator_nonce\" value=\"22b9b6fb9f\" \/><input type=\"hidden\" name=\"_wp_http_referer\" value=\"\/es\/wp-json\/wp\/v2\/pages\/50\" \/><input type=\"hidden\" name=\"form_id\" value=\"4364\"><input type=\"hidden\" name=\"page_id\" value=\"50\"><input type=\"hidden\" name=\"form_type\" value=\"default\"><input type=\"hidden\" name=\"current_url\" value=\"https:\/\/orthogogo.com\/es\/solicitar-una-cita\/\"><input type=\"hidden\" name=\"render_id\" value=\"0\"><input type=\"hidden\" name=\"action\" value=\"forminator_submit_form_custom-forms\"><\/form>\n","protected":false},"excerpt":{"rendered":"<p>Solicitar una cita en Sky Ortho, es muy f\u00e1cil, s\u00f3lo necesita rellenar el siguiente formulario con todos los datos que le solicitamos.<\/p>\n","protected":false},"author":1,"featured_media":3400,"parent":0,"menu_order":0,"comment_status":"closed","ping_status":"closed","template":"tpls\/template-contact.php","meta":{"footnotes":""},"class_list":["post-50","page","type-page","status-publish","has-post-thumbnail","hentry"],"yoast_head":"<!-- This site is optimized with the Yoast SEO plugin v27.3 - https:\/\/yoast.com\/product\/yoast-seo-wordpress\/ -->\n<title>Cita para consulta en Sky Ortho, nuestros doctores lo esperan<\/title>\n<meta name=\"description\" content=\"Solicitar una cita en Sky Ortho, es muy f\u00e1cil, s\u00f3lo necesita rellenar el siguiente formulario con todos los datos que le solicitamos.\" \/>\n<meta name=\"robots\" content=\"index, follow, max-snippet:-1, max-image-preview:large, max-video-preview:-1\" \/>\n<link rel=\"canonical\" href=\"https:\/\/orthogogo.com\/es\/solicitar-una-cita\/\" \/>\n<meta property=\"og:locale\" content=\"es_ES\" \/>\n<meta property=\"og:type\" content=\"article\" \/>\n<meta property=\"og:title\" content=\"Cita para consulta en Sky Ortho, nuestros doctores lo esperan\" \/>\n<meta property=\"og:description\" content=\"Solicitar una cita en Sky Ortho, es muy f\u00e1cil, s\u00f3lo necesita rellenar el siguiente formulario con todos los datos que le solicitamos.\" \/>\n<meta property=\"og:url\" content=\"https:\/\/orthogogo.com\/es\/solicitar-una-cita\/\" \/>\n<meta property=\"og:site_name\" content=\"Sky Ortho\" \/>\n<meta property=\"article:modified_time\" content=\"2024-10-08T19:44:59+00:00\" \/>\n<meta property=\"og:image\" content=\"https:\/\/orthogogo.com\/es\/wp-content\/uploads\/2020\/08\/Best-Age-for-Braces-11-e1596668618412.png\" \/>\n\t<meta property=\"og:image:width\" content=\"900\" \/>\n\t<meta property=\"og:image:height\" content=\"600\" \/>\n\t<meta property=\"og:image:type\" content=\"image\/png\" \/>\n<meta name=\"twitter:card\" content=\"summary_large_image\" \/>\n<meta name=\"twitter:label1\" content=\"Tiempo de lectura\" \/>\n\t<meta name=\"twitter:data1\" content=\"1 minuto\" \/>\n<script type=\"application\/ld+json\" class=\"yoast-schema-graph\">{\"@context\":\"https:\\\/\\\/schema.org\",\"@graph\":[{\"@type\":\"WebPage\",\"@id\":\"https:\\\/\\\/orthogogo.com\\\/es\\\/solicitar-una-cita\\\/\",\"url\":\"https:\\\/\\\/orthogogo.com\\\/es\\\/solicitar-una-cita\\\/\",\"name\":\"Cita para consulta en Sky Ortho, nuestros doctores lo esperan\",\"isPartOf\":{\"@id\":\"https:\\\/\\\/orthogogo.com\\\/es\\\/#website\"},\"primaryImageOfPage\":{\"@id\":\"https:\\\/\\\/orthogogo.com\\\/es\\\/solicitar-una-cita\\\/#primaryimage\"},\"image\":{\"@id\":\"https:\\\/\\\/orthogogo.com\\\/es\\\/solicitar-una-cita\\\/#primaryimage\"},\"thumbnailUrl\":\"https:\\\/\\\/orthogogo.com\\\/es\\\/wp-content\\\/uploads\\\/2020\\\/08\\\/Best-Age-for-Braces-11-e1596668618412.png\",\"datePublished\":\"2015-08-19T20:04:06+00:00\",\"dateModified\":\"2024-10-08T19:44:59+00:00\",\"description\":\"Solicitar una cita en Sky Ortho, es muy f\u00e1cil, s\u00f3lo necesita rellenar el siguiente formulario con todos los datos que le solicitamos.\",\"breadcrumb\":{\"@id\":\"https:\\\/\\\/orthogogo.com\\\/es\\\/solicitar-una-cita\\\/#breadcrumb\"},\"inLanguage\":\"es\",\"potentialAction\":[{\"@type\":\"ReadAction\",\"target\":[\"https:\\\/\\\/orthogogo.com\\\/es\\\/solicitar-una-cita\\\/\"]}]},{\"@type\":\"ImageObject\",\"inLanguage\":\"es\",\"@id\":\"https:\\\/\\\/orthogogo.com\\\/es\\\/solicitar-una-cita\\\/#primaryimage\",\"url\":\"https:\\\/\\\/orthogogo.com\\\/es\\\/wp-content\\\/uploads\\\/2020\\\/08\\\/Best-Age-for-Braces-11-e1596668618412.png\",\"contentUrl\":\"https:\\\/\\\/orthogogo.com\\\/es\\\/wp-content\\\/uploads\\\/2020\\\/08\\\/Best-Age-for-Braces-11-e1596668618412.png\",\"width\":900,\"height\":600,\"caption\":\"Solicitar una cita en Sky Ortho, es muy f\u00e1cil, s\u00f3lo necesita rellenar el siguiente formato con todos los datos que le solicitamos.\"},{\"@type\":\"BreadcrumbList\",\"@id\":\"https:\\\/\\\/orthogogo.com\\\/es\\\/solicitar-una-cita\\\/#breadcrumb\",\"itemListElement\":[{\"@type\":\"ListItem\",\"position\":1,\"name\":\"Home\",\"item\":\"https:\\\/\\\/orthogogo.com\\\/es\\\/\"},{\"@type\":\"ListItem\",\"position\":2,\"name\":\"Cita en Sky Ortho\"}]},{\"@type\":\"WebSite\",\"@id\":\"https:\\\/\\\/orthogogo.com\\\/es\\\/#website\",\"url\":\"https:\\\/\\\/orthogogo.com\\\/es\\\/\",\"name\":\"Sky Ortho\",\"description\":\"Ortodoncistas en OKC, Moore, Shawnee &amp; Norman\",\"publisher\":{\"@id\":\"https:\\\/\\\/orthogogo.com\\\/es\\\/#organization\"},\"potentialAction\":[{\"@type\":\"SearchAction\",\"target\":{\"@type\":\"EntryPoint\",\"urlTemplate\":\"https:\\\/\\\/orthogogo.com\\\/es\\\/?s={search_term_string}\"},\"query-input\":{\"@type\":\"PropertyValueSpecification\",\"valueRequired\":true,\"valueName\":\"search_term_string\"}}],\"inLanguage\":\"es\"},{\"@type\":\"Organization\",\"@id\":\"https:\\\/\\\/orthogogo.com\\\/es\\\/#organization\",\"name\":\"Sky Ortho\",\"url\":\"https:\\\/\\\/orthogogo.com\\\/es\\\/\",\"logo\":{\"@type\":\"ImageObject\",\"inLanguage\":\"es\",\"@id\":\"https:\\\/\\\/orthogogo.com\\\/es\\\/#\\\/schema\\\/logo\\\/image\\\/\",\"url\":\"https:\\\/\\\/orthogogo.com\\\/es\\\/wp-content\\\/uploads\\\/2020\\\/09\\\/head-logo.png\",\"contentUrl\":\"https:\\\/\\\/orthogogo.com\\\/es\\\/wp-content\\\/uploads\\\/2020\\\/09\\\/head-logo.png\",\"width\":128,\"height\":128,\"caption\":\"Sky Ortho\"},\"image\":{\"@id\":\"https:\\\/\\\/orthogogo.com\\\/es\\\/#\\\/schema\\\/logo\\\/image\\\/\"}}]}<\/script>\n<!-- \/ Yoast SEO plugin. -->","yoast_head_json":{"title":"Cita para consulta en Sky Ortho, nuestros doctores lo esperan","description":"Solicitar una cita en Sky Ortho, es muy f\u00e1cil, s\u00f3lo necesita rellenar el siguiente formulario con todos los datos que le solicitamos.","robots":{"index":"index","follow":"follow","max-snippet":"max-snippet:-1","max-image-preview":"max-image-preview:large","max-video-preview":"max-video-preview:-1"},"canonical":"https:\/\/orthogogo.com\/es\/solicitar-una-cita\/","og_locale":"es_ES","og_type":"article","og_title":"Cita para consulta en Sky Ortho, nuestros doctores lo esperan","og_description":"Solicitar una cita en Sky Ortho, es muy f\u00e1cil, s\u00f3lo necesita rellenar el siguiente formulario con todos los datos que le solicitamos.","og_url":"https:\/\/orthogogo.com\/es\/solicitar-una-cita\/","og_site_name":"Sky Ortho","article_modified_time":"2024-10-08T19:44:59+00:00","og_image":[{"width":900,"height":600,"url":"https:\/\/orthogogo.com\/es\/wp-content\/uploads\/2020\/08\/Best-Age-for-Braces-11-e1596668618412.png","type":"image\/png"}],"twitter_card":"summary_large_image","twitter_misc":{"Tiempo de lectura":"1 minuto"},"schema":{"@context":"https:\/\/schema.org","@graph":[{"@type":"WebPage","@id":"https:\/\/orthogogo.com\/es\/solicitar-una-cita\/","url":"https:\/\/orthogogo.com\/es\/solicitar-una-cita\/","name":"Cita para consulta en Sky Ortho, nuestros doctores lo esperan","isPartOf":{"@id":"https:\/\/orthogogo.com\/es\/#website"},"primaryImageOfPage":{"@id":"https:\/\/orthogogo.com\/es\/solicitar-una-cita\/#primaryimage"},"image":{"@id":"https:\/\/orthogogo.com\/es\/solicitar-una-cita\/#primaryimage"},"thumbnailUrl":"https:\/\/orthogogo.com\/es\/wp-content\/uploads\/2020\/08\/Best-Age-for-Braces-11-e1596668618412.png","datePublished":"2015-08-19T20:04:06+00:00","dateModified":"2024-10-08T19:44:59+00:00","description":"Solicitar una cita en Sky Ortho, es muy f\u00e1cil, s\u00f3lo necesita rellenar el siguiente formulario con todos los datos que le solicitamos.","breadcrumb":{"@id":"https:\/\/orthogogo.com\/es\/solicitar-una-cita\/#breadcrumb"},"inLanguage":"es","potentialAction":[{"@type":"ReadAction","target":["https:\/\/orthogogo.com\/es\/solicitar-una-cita\/"]}]},{"@type":"ImageObject","inLanguage":"es","@id":"https:\/\/orthogogo.com\/es\/solicitar-una-cita\/#primaryimage","url":"https:\/\/orthogogo.com\/es\/wp-content\/uploads\/2020\/08\/Best-Age-for-Braces-11-e1596668618412.png","contentUrl":"https:\/\/orthogogo.com\/es\/wp-content\/uploads\/2020\/08\/Best-Age-for-Braces-11-e1596668618412.png","width":900,"height":600,"caption":"Solicitar una cita en Sky Ortho, es muy f\u00e1cil, s\u00f3lo necesita rellenar el siguiente formato con todos los datos que le solicitamos."},{"@type":"BreadcrumbList","@id":"https:\/\/orthogogo.com\/es\/solicitar-una-cita\/#breadcrumb","itemListElement":[{"@type":"ListItem","position":1,"name":"Home","item":"https:\/\/orthogogo.com\/es\/"},{"@type":"ListItem","position":2,"name":"Cita en Sky Ortho"}]},{"@type":"WebSite","@id":"https:\/\/orthogogo.com\/es\/#website","url":"https:\/\/orthogogo.com\/es\/","name":"Sky Ortho","description":"Ortodoncistas en OKC, Moore, Shawnee &amp; Norman","publisher":{"@id":"https:\/\/orthogogo.com\/es\/#organization"},"potentialAction":[{"@type":"SearchAction","target":{"@type":"EntryPoint","urlTemplate":"https:\/\/orthogogo.com\/es\/?s={search_term_string}"},"query-input":{"@type":"PropertyValueSpecification","valueRequired":true,"valueName":"search_term_string"}}],"inLanguage":"es"},{"@type":"Organization","@id":"https:\/\/orthogogo.com\/es\/#organization","name":"Sky Ortho","url":"https:\/\/orthogogo.com\/es\/","logo":{"@type":"ImageObject","inLanguage":"es","@id":"https:\/\/orthogogo.com\/es\/#\/schema\/logo\/image\/","url":"https:\/\/orthogogo.com\/es\/wp-content\/uploads\/2020\/09\/head-logo.png","contentUrl":"https:\/\/orthogogo.com\/es\/wp-content\/uploads\/2020\/09\/head-logo.png","width":128,"height":128,"caption":"Sky Ortho"},"image":{"@id":"https:\/\/orthogogo.com\/es\/#\/schema\/logo\/image\/"}}]}},"_links":{"self":[{"href":"https:\/\/orthogogo.com\/es\/wp-json\/wp\/v2\/pages\/50","targetHints":{"allow":["GET"]}}],"collection":[{"href":"https:\/\/orthogogo.com\/es\/wp-json\/wp\/v2\/pages"}],"about":[{"href":"https:\/\/orthogogo.com\/es\/wp-json\/wp\/v2\/types\/page"}],"author":[{"embeddable":true,"href":"https:\/\/orthogogo.com\/es\/wp-json\/wp\/v2\/users\/1"}],"replies":[{"embeddable":true,"href":"https:\/\/orthogogo.com\/es\/wp-json\/wp\/v2\/comments?post=50"}],"version-history":[{"count":11,"href":"https:\/\/orthogogo.com\/es\/wp-json\/wp\/v2\/pages\/50\/revisions"}],"predecessor-version":[{"id":4365,"href":"https:\/\/orthogogo.com\/es\/wp-json\/wp\/v2\/pages\/50\/revisions\/4365"}],"wp:featuredmedia":[{"embeddable":true,"href":"https:\/\/orthogogo.com\/es\/wp-json\/wp\/v2\/media\/3400"}],"wp:attachment":[{"href":"https:\/\/orthogogo.com\/es\/wp-json\/wp\/v2\/media?parent=50"}],"curies":[{"name":"wp","href":"https:\/\/api.w.org\/{rel}","templated":true}]}}