{"id":49,"date":"2015-08-19T20:03:26","date_gmt":"2015-08-19T20:03:26","guid":{"rendered":"http:\/\/demosbyphil.com\/orthogogo\/?page_id=43"},"modified":"2024-10-08T20:04:09","modified_gmt":"2024-10-08T20:04:09","slug":"contactarnos-en-skyortho","status":"publish","type":"page","link":"https:\/\/orthogogo.com\/es\/contactarnos-en-skyortho\/","title":{"rendered":"Cont\u00e1ctenos"},"content":{"rendered":"<h2>\u00a1En Sky Ortho nuestra pasi\u00f3n es brindarle a todos nuestros pacientes una confianza plena en su sonrisa!<\/h2>\n<p>Nos esforzamos para que todos nuestros pacientes puedan lograr una belleza y salud dental de la manera menos dolorosa posible.<\/p>\n<p>Hemos dise\u00f1ado cada detalle pensando en usted,\u00a0 est\u00e1 nuestro paciente.<\/p>\n<p>Utilice este formulario para enviarnos su mensaje.<\/p>\n<p>&nbsp;<\/p>\n<div class=\"forminator-ui forminator-custom-form forminator-custom-form-4366 forminator-design--flat  forminator_ajax\" data-forminator-render=\"0\" data-form=\"forminator-module-4366\" data-uid=\"69e92f4693066\"><br\/><\/div><form\n\t\t\t\tid=\"forminator-module-4366\"\n\t\t\t\tclass=\"forminator-ui forminator-custom-form forminator-custom-form-4366 forminator-design--flat  forminator_ajax\"\n\t\t\t\tmethod=\"post\"\n\t\t\t\tdata-forminator-render=\"0\"\n\t\t\t\tdata-form-id=\"4366\"\n\t\t\t\t data-color-option=\"default\" data-design=\"flat\" data-grid=\"open\" style=\"display: none;\"\n\t\t\t\tdata-uid=\"69e92f4693066\"\n\t\t\t><div role=\"alert\" aria-live=\"polite\" class=\"forminator-response-message forminator-error\" aria-hidden=\"true\"><\/div><div class=\"forminator-row\"><div id=\"name-1\" class=\"forminator-field-name forminator-col forminator-col-12 \"><div class=\"forminator-row forminator-no-margin\" data-multiple=\"true\"><div class=\"forminator-col forminator-col-md-6\"><div class=\"forminator-field\"><label for=\"forminator-field-first-name-1_69e92f4693066\" id=\"forminator-field-first-name-1_69e92f4693066-label\" class=\"forminator-label\">Nombre <span class=\"forminator-required\">*<\/span><\/label><input type=\"text\" name=\"name-1-first-name\" placeholder=\"\" id=\"forminator-field-first-name-1_69e92f4693066\" class=\"forminator-input\" aria-required=\"true\" data-multi=\"1\" autocomplete=\"given-name\" value=\"\" \/><\/div><\/div><div class=\"forminator-col forminator-col-md-6\"><div class=\"forminator-field\"><label for=\"forminator-field-last-name-1_69e92f4693066\" id=\"forminator-field-last-name-1_69e92f4693066-label\" class=\"forminator-label\">Apellido<\/label><input type=\"text\" name=\"name-1-last-name\" placeholder=\"\" id=\"forminator-field-last-name-1_69e92f4693066\" class=\"forminator-input\" aria-required=\"false\" data-multi=\"1\" autocomplete=\"family-name\" value=\"\" \/><\/div><\/div><\/div><\/div><\/div><div class=\"forminator-row\"><div id=\"radio-1\" class=\"forminator-field-radio forminator-col forminator-col-6 \"><div role=\"radiogroup\" class=\"forminator-field\" aria-labelledby=\"forminator-radiogroup-radio-1-69e92f4693066-label\"><span id=\"forminator-radiogroup-radio-1-69e92f4693066-label\" class=\"forminator-label\">Seleccione el consultorio<\/span><label id=\"forminator-field-radio-1-label-1\" for=\"forminator-field-radio-1-1-69e92f4693066\" class=\"forminator-radio forminator-radio-inline\" title=\"Moore\"><input type=\"radio\" name=\"radio-1\" value=\"Moore\" id=\"forminator-field-radio-1-1-69e92f4693066\" aria-labelledby=\"forminator-field-radio-1-label-1\" data-calculation=\"0\" checked=\"checked\"  data-hidden-behavior=\"zero\"\/><span class=\"forminator-radio-bullet\" aria-hidden=\"true\"><\/span><span class=\"forminator-radio-label\">Moore<\/span><\/label><label id=\"forminator-field-radio-1-label-2\" for=\"forminator-field-radio-1-2-69e92f4693066\" class=\"forminator-radio forminator-radio-inline\" title=\"Shaneee\"><input type=\"radio\" name=\"radio-1\" value=\"Shaneee\" id=\"forminator-field-radio-1-2-69e92f4693066\" aria-labelledby=\"forminator-field-radio-1-label-2\" data-calculation=\"0\"   data-hidden-behavior=\"zero\"\/><span class=\"forminator-radio-bullet\" aria-hidden=\"true\"><\/span><span class=\"forminator-radio-label\">Shaneee<\/span><\/label><\/div><\/div><div id=\"radio-2\" class=\"forminator-field-radio forminator-col forminator-col-6 \"><div role=\"radiogroup\" class=\"forminator-field\" aria-labelledby=\"forminator-radiogroup-radio-2-69e92f4693066-label\"><label id=\"forminator-field-radio-2-label-1\" for=\"forminator-field-radio-2-1-69e92f4693066\" class=\"forminator-radio forminator-radio-inline\" title=\"Paciente Nuevo\"><input type=\"radio\" name=\"radio-2\" value=\"Paciente Nuevo\" id=\"forminator-field-radio-2-1-69e92f4693066\" aria-labelledby=\"forminator-field-radio-2-label-1\" data-calculation=\"0\" checked=\"checked\"  data-hidden-behavior=\"zero\"\/><span class=\"forminator-radio-bullet\" aria-hidden=\"true\"><\/span><span class=\"forminator-radio-label\">Paciente Nuevo<\/span><\/label><label id=\"forminator-field-radio-2-label-2\" for=\"forminator-field-radio-2-2-69e92f4693066\" class=\"forminator-radio forminator-radio-inline\" title=\"Ya soy paciente\"><input type=\"radio\" name=\"radio-2\" value=\"Ya soy paciente\" id=\"forminator-field-radio-2-2-69e92f4693066\" aria-labelledby=\"forminator-field-radio-2-label-2\" data-calculation=\"0\"   data-hidden-behavior=\"zero\"\/><span class=\"forminator-radio-bullet\" aria-hidden=\"true\"><\/span><span class=\"forminator-radio-label\">Ya soy paciente<\/span><\/label><\/div><\/div><\/div><div class=\"forminator-row\"><div id=\"phone-1\" class=\"forminator-field-phone forminator-col forminator-col-6 \"><div class=\"forminator-field\"><label for=\"forminator-field-phone-1_69e92f4693066\" id=\"forminator-field-phone-1_69e92f4693066-label\" class=\"forminator-label\">N\u00famero de tel\u00e9fono <span class=\"forminator-required\">*<\/span><\/label><input type=\"text\" name=\"phone-1\" value=\"\" placeholder=\"\" id=\"forminator-field-phone-1_69e92f4693066\" class=\"forminator-input forminator-field--phone\" data-required=\"1\" aria-required=\"true\" autocomplete=\"off\" data-national_mode=\"enabled\" data-country=\"us\" data-validation=\"standard\" aria-describedby=\"forminator-field-phone-1_69e92f4693066-description\" \/><span id=\"forminator-field-phone-1_69e92f4693066-description\" class=\"forminator-description\" id=\"forminator-field-phone-1_69e92f4693066-description\">Aseg\u00farese de que el n\u00famero de tel\u00e9fono proporcionado pueda recibir mensajes de texto.<\/span><\/div><\/div><div id=\"email-1\" class=\"forminator-field-email forminator-col forminator-col-6 \"><div class=\"forminator-field\"><label for=\"forminator-field-email-1_69e92f4693066\" id=\"forminator-field-email-1_69e92f4693066-label\" class=\"forminator-label\">Correo (e-mail)<\/label><input type=\"email\" name=\"email-1\" value=\"\" placeholder=\"\" id=\"forminator-field-email-1_69e92f4693066\" class=\"forminator-input forminator-email--field\" data-required=\"\" aria-required=\"false\" autocomplete=\"email\" \/><\/div><\/div><\/div><div class=\"forminator-row\"><div id=\"radio-3\" class=\"forminator-field-radio forminator-col forminator-col-12 \"><div role=\"radiogroup\" class=\"forminator-field\" aria-labelledby=\"forminator-radiogroup-radio-3-69e92f4693066-label\"><span id=\"forminator-radiogroup-radio-3-69e92f4693066-label\" class=\"forminator-label\">Como prefiere ser contactado?<\/span><label id=\"forminator-field-radio-3-label-1\" for=\"forminator-field-radio-3-1-69e92f4693066\" class=\"forminator-radio forminator-radio-inline\" title=\"Mensaje de Texto\"><input type=\"radio\" name=\"radio-3\" value=\"Mensaje de Texto\" id=\"forminator-field-radio-3-1-69e92f4693066\" aria-labelledby=\"forminator-field-radio-3-label-1\" data-calculation=\"0\"   data-hidden-behavior=\"zero\"\/><span class=\"forminator-radio-bullet\" aria-hidden=\"true\"><\/span><span class=\"forminator-radio-label\">Mensaje de Texto<\/span><\/label><label id=\"forminator-field-radio-3-label-2\" for=\"forminator-field-radio-3-2-69e92f4693066\" class=\"forminator-radio forminator-radio-inline\" title=\"LLamada telefonica\"><input type=\"radio\" name=\"radio-3\" value=\"LLamada telefonica\" id=\"forminator-field-radio-3-2-69e92f4693066\" aria-labelledby=\"forminator-field-radio-3-label-2\" data-calculation=\"0\"   data-hidden-behavior=\"zero\"\/><span class=\"forminator-radio-bullet\" aria-hidden=\"true\"><\/span><span class=\"forminator-radio-label\">LLamada telefonica<\/span><\/label><label id=\"forminator-field-radio-3-label-3\" for=\"forminator-field-radio-3-3-69e92f4693066\" class=\"forminator-radio forminator-radio-inline\" title=\"Email\"><input type=\"radio\" name=\"radio-3\" value=\"Email\" id=\"forminator-field-radio-3-3-69e92f4693066\" aria-labelledby=\"forminator-field-radio-3-label-3\" data-calculation=\"0\"   data-hidden-behavior=\"zero\"\/><span class=\"forminator-radio-bullet\" aria-hidden=\"true\"><\/span><span class=\"forminator-radio-label\">Email<\/span><\/label><\/div><\/div><\/div><div class=\"forminator-row\"><div id=\"textarea-1\" class=\"forminator-field-textarea forminator-col forminator-col-12 \"><div class=\"forminator-field\"><label for=\"forminator-field-textarea-1_69e92f4693066\" id=\"forminator-field-textarea-1_69e92f4693066-label\" class=\"forminator-label\">Comentario y\/o mensaje <span class=\"forminator-required\">*<\/span><\/label><textarea name=\"textarea-1\" placeholder=\"\" id=\"forminator-field-textarea-1_69e92f4693066\" class=\"forminator-textarea\" rows=\"6\" style=\"min-height:140px;\" maxlength=\"180\" ><\/textarea><span id=\"forminator-field-textarea-1_69e92f4693066-description\" class=\"forminator-description\"><span data-limit=\"180\" data-type=\"characters\" data-editor=\"\">0 \/ 180<\/span><\/span><\/div><\/div><\/div><div class=\"forminator-row\"><div id=\"captcha-1\" class=\"forminator-field-captcha forminator-col forminator-col-12 \"><div class=\"forminator-captcha-left forminator-g-recaptcha\" data-theme=\"light\"  data-sitekey=\"6Lf0OlYqAAAAAEkPrpDJFH0WkT43vzggpbGn3Tqi\" data-size=\"normal\"><\/div> <\/div><\/div><input type=\"hidden\" name=\"referer_url\" value=\"\" \/><div class=\"forminator-row forminator-row-last\"><div class=\"forminator-col\"><div class=\"forminator-field\"><button class=\"forminator-button forminator-button-submit\">Send Message<\/button><\/div><\/div><\/div><input type=\"hidden\" id=\"forminator_nonce\" name=\"forminator_nonce\" value=\"cbe9040fe4\" \/><input type=\"hidden\" name=\"_wp_http_referer\" value=\"\/es\/wp-json\/wp\/v2\/pages\/49\" \/><input type=\"hidden\" name=\"form_id\" value=\"4366\"><input type=\"hidden\" name=\"page_id\" value=\"49\"><input type=\"hidden\" name=\"form_type\" value=\"default\"><input type=\"hidden\" name=\"current_url\" value=\"https:\/\/orthogogo.com\/es\/contactarnos-en-skyortho\/\"><input type=\"hidden\" name=\"render_id\" value=\"0\"><input type=\"hidden\" name=\"action\" value=\"forminator_submit_form_custom-forms\"><\/form>\n","protected":false},"excerpt":{"rendered":"<p>\u00a1En Sky Ortho nuestra pasi\u00f3n es brindarle a todos nuestros pacientes una confianza plena en su sonrisa! Nos esforzamos para que todos nuestros pacientes puedan lograr una belleza y salud dental de la manera menos dolorosa posible. Hemos dise\u00f1ado cada detalle pensando en usted,\u00a0 est\u00e1 nuestro paciente. Utilice este formulario para enviarnos su mensaje. &nbsp;<\/p>\n","protected":false},"author":1,"featured_media":0,"parent":0,"menu_order":0,"comment_status":"closed","ping_status":"closed","template":"tpls\/template-contact.php","meta":{"footnotes":""},"class_list":["post-49","page","type-page","status-publish","hentry"],"yoast_head":"<!-- This site is optimized with the Yoast SEO plugin v27.3 - https:\/\/yoast.com\/product\/yoast-seo-wordpress\/ -->\n<title>Contactarnos en SkyOrtho<\/title>\n<meta name=\"description\" content=\"Comun\u00edquese con Sky Ortho para programar una cita de lunes a s\u00e1bado en Shawnee o Moore. Nos encantaria verlo nuevamente\" \/>\n<meta name=\"robots\" content=\"index, follow, max-snippet:-1, max-image-preview:large, max-video-preview:-1\" \/>\n<link rel=\"canonical\" href=\"https:\/\/orthogogo.com\/es\/contactarnos-en-skyortho\/\" \/>\n<meta property=\"og:locale\" content=\"es_ES\" \/>\n<meta property=\"og:type\" content=\"article\" \/>\n<meta property=\"og:title\" content=\"Contactarnos en SkyOrtho\" \/>\n<meta property=\"og:description\" content=\"Comun\u00edquese con Sky Ortho para programar una cita de lunes a s\u00e1bado en Shawnee o Moore. Nos encantaria verlo nuevamente\" \/>\n<meta property=\"og:url\" content=\"https:\/\/orthogogo.com\/es\/contactarnos-en-skyortho\/\" \/>\n<meta property=\"og:site_name\" content=\"Sky Ortho\" \/>\n<meta property=\"article:modified_time\" content=\"2024-10-08T20:04:09+00:00\" \/>\n<meta name=\"twitter:card\" content=\"summary_large_image\" \/>\n<meta name=\"twitter:label1\" content=\"Tiempo de lectura\" \/>\n\t<meta name=\"twitter:data1\" content=\"1 minuto\" \/>\n<script type=\"application\/ld+json\" class=\"yoast-schema-graph\">{\"@context\":\"https:\\\/\\\/schema.org\",\"@graph\":[{\"@type\":\"WebPage\",\"@id\":\"https:\\\/\\\/orthogogo.com\\\/es\\\/contactarnos-en-skyortho\\\/\",\"url\":\"https:\\\/\\\/orthogogo.com\\\/es\\\/contactarnos-en-skyortho\\\/\",\"name\":\"Contactarnos en SkyOrtho\",\"isPartOf\":{\"@id\":\"https:\\\/\\\/orthogogo.com\\\/es\\\/#website\"},\"datePublished\":\"2015-08-19T20:03:26+00:00\",\"dateModified\":\"2024-10-08T20:04:09+00:00\",\"description\":\"Comun\u00edquese con Sky Ortho para programar una cita de lunes a s\u00e1bado en Shawnee o Moore. Nos encantaria verlo nuevamente\",\"breadcrumb\":{\"@id\":\"https:\\\/\\\/orthogogo.com\\\/es\\\/contactarnos-en-skyortho\\\/#breadcrumb\"},\"inLanguage\":\"es\",\"potentialAction\":[{\"@type\":\"ReadAction\",\"target\":[\"https:\\\/\\\/orthogogo.com\\\/es\\\/contactarnos-en-skyortho\\\/\"]}]},{\"@type\":\"BreadcrumbList\",\"@id\":\"https:\\\/\\\/orthogogo.com\\\/es\\\/contactarnos-en-skyortho\\\/#breadcrumb\",\"itemListElement\":[{\"@type\":\"ListItem\",\"position\":1,\"name\":\"Home\",\"item\":\"https:\\\/\\\/orthogogo.com\\\/es\\\/\"},{\"@type\":\"ListItem\",\"position\":2,\"name\":\"Cont\u00e1ctenos\"}]},{\"@type\":\"WebSite\",\"@id\":\"https:\\\/\\\/orthogogo.com\\\/es\\\/#website\",\"url\":\"https:\\\/\\\/orthogogo.com\\\/es\\\/\",\"name\":\"Sky Ortho\",\"description\":\"Ortodoncistas en OKC, Moore, Shawnee &amp; Norman\",\"publisher\":{\"@id\":\"https:\\\/\\\/orthogogo.com\\\/es\\\/#organization\"},\"potentialAction\":[{\"@type\":\"SearchAction\",\"target\":{\"@type\":\"EntryPoint\",\"urlTemplate\":\"https:\\\/\\\/orthogogo.com\\\/es\\\/?s={search_term_string}\"},\"query-input\":{\"@type\":\"PropertyValueSpecification\",\"valueRequired\":true,\"valueName\":\"search_term_string\"}}],\"inLanguage\":\"es\"},{\"@type\":\"Organization\",\"@id\":\"https:\\\/\\\/orthogogo.com\\\/es\\\/#organization\",\"name\":\"Sky Ortho\",\"url\":\"https:\\\/\\\/orthogogo.com\\\/es\\\/\",\"logo\":{\"@type\":\"ImageObject\",\"inLanguage\":\"es\",\"@id\":\"https:\\\/\\\/orthogogo.com\\\/es\\\/#\\\/schema\\\/logo\\\/image\\\/\",\"url\":\"https:\\\/\\\/orthogogo.com\\\/es\\\/wp-content\\\/uploads\\\/2020\\\/09\\\/head-logo.png\",\"contentUrl\":\"https:\\\/\\\/orthogogo.com\\\/es\\\/wp-content\\\/uploads\\\/2020\\\/09\\\/head-logo.png\",\"width\":128,\"height\":128,\"caption\":\"Sky Ortho\"},\"image\":{\"@id\":\"https:\\\/\\\/orthogogo.com\\\/es\\\/#\\\/schema\\\/logo\\\/image\\\/\"}}]}<\/script>\n<!-- \/ Yoast SEO plugin. -->","yoast_head_json":{"title":"Contactarnos en SkyOrtho","description":"Comun\u00edquese con Sky Ortho para programar una cita de lunes a s\u00e1bado en Shawnee o Moore. Nos encantaria verlo nuevamente","robots":{"index":"index","follow":"follow","max-snippet":"max-snippet:-1","max-image-preview":"max-image-preview:large","max-video-preview":"max-video-preview:-1"},"canonical":"https:\/\/orthogogo.com\/es\/contactarnos-en-skyortho\/","og_locale":"es_ES","og_type":"article","og_title":"Contactarnos en SkyOrtho","og_description":"Comun\u00edquese con Sky Ortho para programar una cita de lunes a s\u00e1bado en Shawnee o Moore. Nos encantaria verlo nuevamente","og_url":"https:\/\/orthogogo.com\/es\/contactarnos-en-skyortho\/","og_site_name":"Sky Ortho","article_modified_time":"2024-10-08T20:04:09+00:00","twitter_card":"summary_large_image","twitter_misc":{"Tiempo de lectura":"1 minuto"},"schema":{"@context":"https:\/\/schema.org","@graph":[{"@type":"WebPage","@id":"https:\/\/orthogogo.com\/es\/contactarnos-en-skyortho\/","url":"https:\/\/orthogogo.com\/es\/contactarnos-en-skyortho\/","name":"Contactarnos en SkyOrtho","isPartOf":{"@id":"https:\/\/orthogogo.com\/es\/#website"},"datePublished":"2015-08-19T20:03:26+00:00","dateModified":"2024-10-08T20:04:09+00:00","description":"Comun\u00edquese con Sky Ortho para programar una cita de lunes a s\u00e1bado en Shawnee o Moore. Nos encantaria verlo nuevamente","breadcrumb":{"@id":"https:\/\/orthogogo.com\/es\/contactarnos-en-skyortho\/#breadcrumb"},"inLanguage":"es","potentialAction":[{"@type":"ReadAction","target":["https:\/\/orthogogo.com\/es\/contactarnos-en-skyortho\/"]}]},{"@type":"BreadcrumbList","@id":"https:\/\/orthogogo.com\/es\/contactarnos-en-skyortho\/#breadcrumb","itemListElement":[{"@type":"ListItem","position":1,"name":"Home","item":"https:\/\/orthogogo.com\/es\/"},{"@type":"ListItem","position":2,"name":"Cont\u00e1ctenos"}]},{"@type":"WebSite","@id":"https:\/\/orthogogo.com\/es\/#website","url":"https:\/\/orthogogo.com\/es\/","name":"Sky Ortho","description":"Ortodoncistas en OKC, Moore, Shawnee &amp; Norman","publisher":{"@id":"https:\/\/orthogogo.com\/es\/#organization"},"potentialAction":[{"@type":"SearchAction","target":{"@type":"EntryPoint","urlTemplate":"https:\/\/orthogogo.com\/es\/?s={search_term_string}"},"query-input":{"@type":"PropertyValueSpecification","valueRequired":true,"valueName":"search_term_string"}}],"inLanguage":"es"},{"@type":"Organization","@id":"https:\/\/orthogogo.com\/es\/#organization","name":"Sky Ortho","url":"https:\/\/orthogogo.com\/es\/","logo":{"@type":"ImageObject","inLanguage":"es","@id":"https:\/\/orthogogo.com\/es\/#\/schema\/logo\/image\/","url":"https:\/\/orthogogo.com\/es\/wp-content\/uploads\/2020\/09\/head-logo.png","contentUrl":"https:\/\/orthogogo.com\/es\/wp-content\/uploads\/2020\/09\/head-logo.png","width":128,"height":128,"caption":"Sky Ortho"},"image":{"@id":"https:\/\/orthogogo.com\/es\/#\/schema\/logo\/image\/"}}]}},"_links":{"self":[{"href":"https:\/\/orthogogo.com\/es\/wp-json\/wp\/v2\/pages\/49","targetHints":{"allow":["GET"]}}],"collection":[{"href":"https:\/\/orthogogo.com\/es\/wp-json\/wp\/v2\/pages"}],"about":[{"href":"https:\/\/orthogogo.com\/es\/wp-json\/wp\/v2\/types\/page"}],"author":[{"embeddable":true,"href":"https:\/\/orthogogo.com\/es\/wp-json\/wp\/v2\/users\/1"}],"replies":[{"embeddable":true,"href":"https:\/\/orthogogo.com\/es\/wp-json\/wp\/v2\/comments?post=49"}],"version-history":[{"count":9,"href":"https:\/\/orthogogo.com\/es\/wp-json\/wp\/v2\/pages\/49\/revisions"}],"predecessor-version":[{"id":4369,"href":"https:\/\/orthogogo.com\/es\/wp-json\/wp\/v2\/pages\/49\/revisions\/4369"}],"wp:attachment":[{"href":"https:\/\/orthogogo.com\/es\/wp-json\/wp\/v2\/media?parent=49"}],"curies":[{"name":"wp","href":"https:\/\/api.w.org\/{rel}","templated":true}]}}