{"id":47,"date":"2015-08-19T20:02:34","date_gmt":"2015-08-19T20:02:34","guid":{"rendered":"http:\/\/demosbyphil.com\/orthogogo\/?page_id=39"},"modified":"2022-08-04T21:53:00","modified_gmt":"2022-08-04T21:53:00","slug":"ortodoncia-para-adolecentes","status":"publish","type":"page","link":"https:\/\/orthogogo.com\/es\/patients\/ortodoncia-para-adolecentes\/","title":{"rendered":"Ortodoncia para Adolecentes en Moore y Shawnee, Oklahoma"},"content":{"rendered":"<figure id=\"attachment_3019\" aria-describedby=\"caption-attachment-3019\" style=\"width: 1024px\" class=\"wp-caption alignnone\"><img loading=\"lazy\" decoding=\"async\" class=\"wp-image-3019 size-large\" src=\"https:\/\/orthogogo.com\/es\/wp-content\/uploads\/2020\/03\/happy-young-man-is-using-smartphone-and-bank-card-GZK5YMM-scaled-1-1024x1024.jpg\" alt=\"orthodontists for teens\" width=\"1024\" height=\"1024\" srcset=\"https:\/\/orthogogo.com\/es\/wp-content\/uploads\/2020\/03\/happy-young-man-is-using-smartphone-and-bank-card-GZK5YMM-scaled-1-1024x1024.jpg 1024w, https:\/\/orthogogo.com\/es\/wp-content\/uploads\/2020\/03\/happy-young-man-is-using-smartphone-and-bank-card-GZK5YMM-scaled-1-300x300.jpg 300w, https:\/\/orthogogo.com\/es\/wp-content\/uploads\/2020\/03\/happy-young-man-is-using-smartphone-and-bank-card-GZK5YMM-scaled-1-150x150.jpg 150w, https:\/\/orthogogo.com\/es\/wp-content\/uploads\/2020\/03\/happy-young-man-is-using-smartphone-and-bank-card-GZK5YMM-scaled-1-768x768.jpg 768w, https:\/\/orthogogo.com\/es\/wp-content\/uploads\/2020\/03\/happy-young-man-is-using-smartphone-and-bank-card-GZK5YMM-scaled-1-1536x1536.jpg 1536w, https:\/\/orthogogo.com\/es\/wp-content\/uploads\/2020\/03\/happy-young-man-is-using-smartphone-and-bank-card-GZK5YMM-scaled-1-2048x2048.jpg 2048w\" sizes=\"auto, (max-width: 1024px) 100vw, 1024px\" \/><figcaption id=\"caption-attachment-3019\" class=\"wp-caption-text\">La ortodoncia para adolescentes asegura que los dientes est\u00e9n correctamente alineados y que las sonrisas sean saludables a la edad adecuada.<\/figcaption><\/figure>\n<h2>Una visita al ortodoncista en la adolecencia me dio algo para sonre\u00edr<\/h2>\n<p><strong>2014:<\/strong> De acuerdo, de un adolescente a otro, no quiero aparatos ortop\u00e9dicos. Lo que s\u00ed quiero son dientes perfectos y no tengo que usar aparatos ortop\u00e9dicos para conseguirlos. Entonces, para ser justos, tal vez te enderezan los dientes, pero &#8230; lo que sea. Tendr\u00e9 que usarlos as\u00ed para siempre, y todos dicen que duelen. Y s\u00e9 que me ver\u00e9 feo. Los frenillos no son un amigo. Son como dispositivos de tortura. Es solo un truco cruel que los adultos te hacen para asegurarse de que nadie quiera salir contigo hasta que seas mayor.<\/p>\n<p><img loading=\"lazy\" decoding=\"async\" class=\"alignnone wp-image-2395\" src=\"https:\/\/orthogogo.com\/es\/wp-content\/uploads\/2015\/08\/before-braces-300x259.png\" alt=\"before-braces\" width=\"305\" height=\"263\" srcset=\"https:\/\/orthogogo.com\/es\/wp-content\/uploads\/2015\/08\/before-braces-300x259.png 300w, https:\/\/orthogogo.com\/es\/wp-content\/uploads\/2015\/08\/before-braces.png 421w\" sizes=\"auto, (max-width: 305px) 100vw, 305px\" \/> <img loading=\"lazy\" decoding=\"async\" class=\"alignnone size-medium wp-image-2396\" src=\"https:\/\/orthogogo.com\/es\/wp-content\/uploads\/2015\/08\/after-braces-300x264.png\" alt=\"after-braces\" width=\"300\" height=\"264\" srcset=\"https:\/\/orthogogo.com\/es\/wp-content\/uploads\/2015\/08\/after-braces-300x264.png 300w, https:\/\/orthogogo.com\/es\/wp-content\/uploads\/2015\/08\/after-braces.png 416w\" sizes=\"auto, (max-width: 300px) 100vw, 300px\" \/><\/p>\n<p><strong>2017:<\/strong> Ese era yo hace dos a\u00f1os y medio, y este soy yo ahora. Me encanta c\u00f3mo me veo ahora y todos &#8230; quiero decir, todos &#8230; quieren mi sonrisa. Entonces, antes de que se asusten por los frenillos, vengan a Sky Ortho y tenga una charla con la Dra. Priscilla o el Dr. Ryan y vea las 10 cosas m\u00e1s importantes que descubr\u00ed cuando ten\u00eda frenillos.<\/p>\n<figure id=\"attachment_3023\" aria-describedby=\"caption-attachment-3023\" style=\"width: 900px\" class=\"wp-caption alignnone\"><img loading=\"lazy\" decoding=\"async\" class=\"wp-image-3023 size-full\" src=\"https:\/\/orthogogo.com\/es\/wp-content\/uploads\/2020\/03\/luis-quintero-oH5wKjywf74-unsplash-1024-e1584906103960.png\" alt=\"Orthodontists for teens\" width=\"900\" height=\"675\" srcset=\"https:\/\/orthogogo.com\/es\/wp-content\/uploads\/2020\/03\/luis-quintero-oH5wKjywf74-unsplash-1024-e1584906103960.png 900w, https:\/\/orthogogo.com\/es\/wp-content\/uploads\/2020\/03\/luis-quintero-oH5wKjywf74-unsplash-1024-e1584906103960-300x225.png 300w, https:\/\/orthogogo.com\/es\/wp-content\/uploads\/2020\/03\/luis-quintero-oH5wKjywf74-unsplash-1024-e1584906103960-768x576.png 768w\" sizes=\"auto, (max-width: 900px) 100vw, 900px\" \/><figcaption id=\"caption-attachment-3023\" class=\"wp-caption-text\">Photo by Luis Quintero, Unsplash.<\/figcaption><\/figure>\n<h2>Algunas cosas a tener en cuenta cuando visite un ortodoncista en la adolescencia<\/h2>\n<ul>\n<li><strong>Opciones geniales<\/strong>. Cuando obtienes tus aparatos por primera vez, todos tus amigos se asustan y hacen que se los muestres un mill\u00f3n de veces como si fueras un espect\u00e1culo de fen\u00f3menos o algo as\u00ed. Son solo frenillos, est\u00e1 bien. Fui por lo invisible, as\u00ed que no hay mucho que ver aqu\u00ed. Los tirantes transparentes son de cer\u00e1mica. Tambi\u00e9n hay Invisalign Teen, los tradicionales brackets met\u00e1licos que cambian de color para lo que quieras, y WildSmiles Braces que muestran una personalidad real. \u00bfQui\u00e9n dir\u00eda que los frenillos pueden ser tan divertidos?<\/li>\n<li><strong>Citas flexibles<\/strong>. Est\u00e1s en el ortodoncista todo el tiempo?. De acuerdo, son como nuevos amigos porque parece que pasas mucho tiempo all\u00ed, pero la Dra. Priscilla y el Dr. Ryan me dejaron reservar con meses de anticipaci\u00f3n para poder planificar las actividades con mis amigos y las de mi escuela escuela, as\u00ed que es mucho m\u00e1s f\u00e1cil.<\/li>\n<li><strong>Apoyo y buenos consejos<\/strong>. S\u00ed, tengo que cortar mis manzanas en lugar de morderlas. No es gran cosa. Me gusta un poco de esa manera. El personal de Sky Ortho me brinda otras ideas geniales para que sea m\u00e1s f\u00e1cil vivir con los aparatos de ortodoncia, c\u00f3mo hacer que duela menos cuando se aprietan, etc.<\/li>\n<li><strong>Tiempo de uso reducido.<\/strong> La Dra. Priscilla y el Dr. Ryan tienen nuevas tecnolog\u00edas que reducen el tiempo que debe usar aparatos de ortodoncia\u00a0 y esto significa menos tiempo sintiendo que no encajo en los importantes a\u00f1os de adolescencia . Me gusta esa parte.<\/li>\n<li><strong>Muchas opciones de pago<\/strong>. La mejor noticia para mam\u00e1 y pap\u00e1 es que ofrecemos planes de pago asequibles para que puedan enfocarse en los aparatos de ortodoncia de los ni\u00f1os que lo necesiten en su familia.<\/li>\n<\/ul>\n<figure id=\"attachment_3022\" aria-describedby=\"caption-attachment-3022\" style=\"width: 900px\" class=\"wp-caption alignnone\"><img loading=\"lazy\" decoding=\"async\" class=\"wp-image-3022 size-full\" src=\"https:\/\/orthogogo.com\/es\/wp-content\/uploads\/2020\/03\/sheri-hooley-Tmm1xYY3PdY-unsplash-1024-e1584906125779.png\" alt=\"orthodontist for teens\" width=\"900\" height=\"600\" srcset=\"https:\/\/orthogogo.com\/es\/wp-content\/uploads\/2020\/03\/sheri-hooley-Tmm1xYY3PdY-unsplash-1024-e1584906125779.png 900w, https:\/\/orthogogo.com\/es\/wp-content\/uploads\/2020\/03\/sheri-hooley-Tmm1xYY3PdY-unsplash-1024-e1584906125779-300x200.png 300w, https:\/\/orthogogo.com\/es\/wp-content\/uploads\/2020\/03\/sheri-hooley-Tmm1xYY3PdY-unsplash-1024-e1584906125779-768x512.png 768w\" sizes=\"auto, (max-width: 900px) 100vw, 900px\" \/><figcaption id=\"caption-attachment-3022\" class=\"wp-caption-text\">Fotografia: Sheri Hooley, Unsplash.<\/figcaption><\/figure>\n<h2>\u00a1Prep\u00e1rate para mostrar tu sonrisa!<\/h2>\n<p>El equipo de Sky Ortho disfruta divertirse con sus pacientes adolescentes, y hace todo lo posible para que nos sintamos como en casa en su oficina.<\/p>\n<p>Mam\u00e1s y pap\u00e1s, Uds. pueden comenzar programando una consulta inicial para sus hijos adolescentes ahora. La Dra. Priscilla, el Dr. Ryan y su personal lo guiar\u00e1n a trav\u00e9s de diferentes tratamientos y elaborar\u00e1n un plan de tratamiento que se adapte a las necesidades individuales de su hijo adolescente. \u00a1Feliz sonrisa!<\/p>\n<p>-Katie<\/p>\n","protected":false},"excerpt":{"rendered":"<p>Una visita al ortodoncista en la adolecencia me dio algo para sonre\u00edr 2014: De acuerdo, de un adolescente a otro, no quiero aparatos ortop\u00e9dicos. Lo que s\u00ed quiero son dientes perfectos y no tengo que usar aparatos ortop\u00e9dicos para conseguirlos. Entonces, para ser justos, tal vez te enderezan los dientes, pero &#8230; lo que sea. [&hellip;]<\/p>\n","protected":false},"author":1,"featured_media":2636,"parent":3671,"menu_order":0,"comment_status":"closed","ping_status":"closed","template":"tpls\/template-patients.php","meta":{"footnotes":""},"class_list":["post-47","page","type-page","status-publish","has-post-thumbnail","hentry"],"yoast_head":"<!-- This site is optimized with the Yoast SEO plugin v27.3 - https:\/\/yoast.com\/product\/yoast-seo-wordpress\/ -->\n<title>Ortodoncia para Adolecentes en OKC - Moore and Shawnee<\/title>\n<meta name=\"description\" content=\"Ortodoncia para Adolecentes provide speedy and aesthetic treatment at Sky Ortho. Learn about orthodontic treatment options for your teen.\" \/>\n<meta name=\"robots\" content=\"index, follow, max-snippet:-1, max-image-preview:large, max-video-preview:-1\" \/>\n<link rel=\"canonical\" href=\"https:\/\/orthogogo.com\/es\/patients\/ortodoncia-para-adolecentes\/\" \/>\n<meta property=\"og:locale\" content=\"es_ES\" \/>\n<meta property=\"og:type\" content=\"article\" \/>\n<meta property=\"og:title\" content=\"Ortodoncia para Adolecentes en OKC - Moore and Shawnee\" \/>\n<meta property=\"og:description\" content=\"Ortodoncia para Adolecentes provide speedy and aesthetic treatment at Sky Ortho. Learn about orthodontic treatment options for your teen.\" \/>\n<meta property=\"og:url\" content=\"https:\/\/orthogogo.com\/es\/patients\/ortodoncia-para-adolecentes\/\" \/>\n<meta property=\"og:site_name\" content=\"Sky Ortho\" \/>\n<meta property=\"article:modified_time\" content=\"2022-08-04T21:53:00+00:00\" \/>\n<meta property=\"og:image\" content=\"https:\/\/orthogogo.com\/es\/wp-content\/uploads\/2018\/06\/Screen-Shot-2018-06-11-at-8.48.55-AM-1024x684.png\" \/>\n\t<meta property=\"og:image:width\" content=\"1024\" \/>\n\t<meta property=\"og:image:height\" content=\"684\" \/>\n\t<meta property=\"og:image:type\" content=\"image\/png\" \/>\n<meta name=\"twitter:card\" content=\"summary_large_image\" \/>\n<meta name=\"twitter:label1\" content=\"Tiempo de lectura\" \/>\n\t<meta name=\"twitter:data1\" content=\"4 minutos\" \/>\n<script type=\"application\/ld+json\" class=\"yoast-schema-graph\">{\"@context\":\"https:\\\/\\\/schema.org\",\"@graph\":[{\"@type\":\"WebPage\",\"@id\":\"https:\\\/\\\/orthogogo.com\\\/es\\\/patients\\\/ortodoncia-para-adolecentes\\\/\",\"url\":\"https:\\\/\\\/orthogogo.com\\\/es\\\/patients\\\/ortodoncia-para-adolecentes\\\/\",\"name\":\"Ortodoncia para Adolecentes en OKC - Moore and Shawnee\",\"isPartOf\":{\"@id\":\"https:\\\/\\\/orthogogo.com\\\/es\\\/#website\"},\"primaryImageOfPage\":{\"@id\":\"https:\\\/\\\/orthogogo.com\\\/es\\\/patients\\\/ortodoncia-para-adolecentes\\\/#primaryimage\"},\"image\":{\"@id\":\"https:\\\/\\\/orthogogo.com\\\/es\\\/patients\\\/ortodoncia-para-adolecentes\\\/#primaryimage\"},\"thumbnailUrl\":\"https:\\\/\\\/orthogogo.com\\\/es\\\/wp-content\\\/uploads\\\/2018\\\/06\\\/Screen-Shot-2018-06-11-at-8.48.55-AM.png\",\"datePublished\":\"2015-08-19T20:02:34+00:00\",\"dateModified\":\"2022-08-04T21:53:00+00:00\",\"description\":\"Ortodoncia para Adolecentes provide speedy and aesthetic treatment at Sky Ortho. Learn about orthodontic treatment options for your teen.\",\"breadcrumb\":{\"@id\":\"https:\\\/\\\/orthogogo.com\\\/es\\\/patients\\\/ortodoncia-para-adolecentes\\\/#breadcrumb\"},\"inLanguage\":\"es\",\"potentialAction\":[{\"@type\":\"ReadAction\",\"target\":[\"https:\\\/\\\/orthogogo.com\\\/es\\\/patients\\\/ortodoncia-para-adolecentes\\\/\"]}]},{\"@type\":\"ImageObject\",\"inLanguage\":\"es\",\"@id\":\"https:\\\/\\\/orthogogo.com\\\/es\\\/patients\\\/ortodoncia-para-adolecentes\\\/#primaryimage\",\"url\":\"https:\\\/\\\/orthogogo.com\\\/es\\\/wp-content\\\/uploads\\\/2018\\\/06\\\/Screen-Shot-2018-06-11-at-8.48.55-AM.png\",\"contentUrl\":\"https:\\\/\\\/orthogogo.com\\\/es\\\/wp-content\\\/uploads\\\/2018\\\/06\\\/Screen-Shot-2018-06-11-at-8.48.55-AM.png\",\"width\":1860,\"height\":1242,\"caption\":\"Get Braces\"},{\"@type\":\"BreadcrumbList\",\"@id\":\"https:\\\/\\\/orthogogo.com\\\/es\\\/patients\\\/ortodoncia-para-adolecentes\\\/#breadcrumb\",\"itemListElement\":[{\"@type\":\"ListItem\",\"position\":1,\"name\":\"Home\",\"item\":\"https:\\\/\\\/orthogogo.com\\\/es\\\/\"},{\"@type\":\"ListItem\",\"position\":2,\"name\":\"Patients\",\"item\":\"https:\\\/\\\/orthogogo.com\\\/es\\\/patients\\\/\"},{\"@type\":\"ListItem\",\"position\":3,\"name\":\"Ortodoncia para Adolecentes en Moore y Shawnee, Oklahoma\"}]},{\"@type\":\"WebSite\",\"@id\":\"https:\\\/\\\/orthogogo.com\\\/es\\\/#website\",\"url\":\"https:\\\/\\\/orthogogo.com\\\/es\\\/\",\"name\":\"Sky Ortho\",\"description\":\"Ortodoncistas en OKC, Moore, Shawnee &amp; Norman\",\"publisher\":{\"@id\":\"https:\\\/\\\/orthogogo.com\\\/es\\\/#organization\"},\"potentialAction\":[{\"@type\":\"SearchAction\",\"target\":{\"@type\":\"EntryPoint\",\"urlTemplate\":\"https:\\\/\\\/orthogogo.com\\\/es\\\/?s={search_term_string}\"},\"query-input\":{\"@type\":\"PropertyValueSpecification\",\"valueRequired\":true,\"valueName\":\"search_term_string\"}}],\"inLanguage\":\"es\"},{\"@type\":\"Organization\",\"@id\":\"https:\\\/\\\/orthogogo.com\\\/es\\\/#organization\",\"name\":\"Sky Ortho\",\"url\":\"https:\\\/\\\/orthogogo.com\\\/es\\\/\",\"logo\":{\"@type\":\"ImageObject\",\"inLanguage\":\"es\",\"@id\":\"https:\\\/\\\/orthogogo.com\\\/es\\\/#\\\/schema\\\/logo\\\/image\\\/\",\"url\":\"https:\\\/\\\/orthogogo.com\\\/es\\\/wp-content\\\/uploads\\\/2020\\\/09\\\/head-logo.png\",\"contentUrl\":\"https:\\\/\\\/orthogogo.com\\\/es\\\/wp-content\\\/uploads\\\/2020\\\/09\\\/head-logo.png\",\"width\":128,\"height\":128,\"caption\":\"Sky Ortho\"},\"image\":{\"@id\":\"https:\\\/\\\/orthogogo.com\\\/es\\\/#\\\/schema\\\/logo\\\/image\\\/\"}}]}<\/script>\n<!-- \/ Yoast SEO plugin. -->","yoast_head_json":{"title":"Ortodoncia para Adolecentes en OKC - Moore and Shawnee","description":"Ortodoncia para Adolecentes provide speedy and aesthetic treatment at Sky Ortho. Learn about orthodontic treatment options for your teen.","robots":{"index":"index","follow":"follow","max-snippet":"max-snippet:-1","max-image-preview":"max-image-preview:large","max-video-preview":"max-video-preview:-1"},"canonical":"https:\/\/orthogogo.com\/es\/patients\/ortodoncia-para-adolecentes\/","og_locale":"es_ES","og_type":"article","og_title":"Ortodoncia para Adolecentes en OKC - Moore and Shawnee","og_description":"Ortodoncia para Adolecentes provide speedy and aesthetic treatment at Sky Ortho. Learn about orthodontic treatment options for your teen.","og_url":"https:\/\/orthogogo.com\/es\/patients\/ortodoncia-para-adolecentes\/","og_site_name":"Sky Ortho","article_modified_time":"2022-08-04T21:53:00+00:00","og_image":[{"width":1024,"height":684,"url":"https:\/\/orthogogo.com\/es\/wp-content\/uploads\/2018\/06\/Screen-Shot-2018-06-11-at-8.48.55-AM-1024x684.png","type":"image\/png"}],"twitter_card":"summary_large_image","twitter_misc":{"Tiempo de lectura":"4 minutos"},"schema":{"@context":"https:\/\/schema.org","@graph":[{"@type":"WebPage","@id":"https:\/\/orthogogo.com\/es\/patients\/ortodoncia-para-adolecentes\/","url":"https:\/\/orthogogo.com\/es\/patients\/ortodoncia-para-adolecentes\/","name":"Ortodoncia para Adolecentes en OKC - Moore and Shawnee","isPartOf":{"@id":"https:\/\/orthogogo.com\/es\/#website"},"primaryImageOfPage":{"@id":"https:\/\/orthogogo.com\/es\/patients\/ortodoncia-para-adolecentes\/#primaryimage"},"image":{"@id":"https:\/\/orthogogo.com\/es\/patients\/ortodoncia-para-adolecentes\/#primaryimage"},"thumbnailUrl":"https:\/\/orthogogo.com\/es\/wp-content\/uploads\/2018\/06\/Screen-Shot-2018-06-11-at-8.48.55-AM.png","datePublished":"2015-08-19T20:02:34+00:00","dateModified":"2022-08-04T21:53:00+00:00","description":"Ortodoncia para Adolecentes provide speedy and aesthetic treatment at Sky Ortho. Learn about orthodontic treatment options for your teen.","breadcrumb":{"@id":"https:\/\/orthogogo.com\/es\/patients\/ortodoncia-para-adolecentes\/#breadcrumb"},"inLanguage":"es","potentialAction":[{"@type":"ReadAction","target":["https:\/\/orthogogo.com\/es\/patients\/ortodoncia-para-adolecentes\/"]}]},{"@type":"ImageObject","inLanguage":"es","@id":"https:\/\/orthogogo.com\/es\/patients\/ortodoncia-para-adolecentes\/#primaryimage","url":"https:\/\/orthogogo.com\/es\/wp-content\/uploads\/2018\/06\/Screen-Shot-2018-06-11-at-8.48.55-AM.png","contentUrl":"https:\/\/orthogogo.com\/es\/wp-content\/uploads\/2018\/06\/Screen-Shot-2018-06-11-at-8.48.55-AM.png","width":1860,"height":1242,"caption":"Get Braces"},{"@type":"BreadcrumbList","@id":"https:\/\/orthogogo.com\/es\/patients\/ortodoncia-para-adolecentes\/#breadcrumb","itemListElement":[{"@type":"ListItem","position":1,"name":"Home","item":"https:\/\/orthogogo.com\/es\/"},{"@type":"ListItem","position":2,"name":"Patients","item":"https:\/\/orthogogo.com\/es\/patients\/"},{"@type":"ListItem","position":3,"name":"Ortodoncia para Adolecentes en Moore y Shawnee, Oklahoma"}]},{"@type":"WebSite","@id":"https:\/\/orthogogo.com\/es\/#website","url":"https:\/\/orthogogo.com\/es\/","name":"Sky Ortho","description":"Ortodoncistas en OKC, Moore, Shawnee &amp; Norman","publisher":{"@id":"https:\/\/orthogogo.com\/es\/#organization"},"potentialAction":[{"@type":"SearchAction","target":{"@type":"EntryPoint","urlTemplate":"https:\/\/orthogogo.com\/es\/?s={search_term_string}"},"query-input":{"@type":"PropertyValueSpecification","valueRequired":true,"valueName":"search_term_string"}}],"inLanguage":"es"},{"@type":"Organization","@id":"https:\/\/orthogogo.com\/es\/#organization","name":"Sky Ortho","url":"https:\/\/orthogogo.com\/es\/","logo":{"@type":"ImageObject","inLanguage":"es","@id":"https:\/\/orthogogo.com\/es\/#\/schema\/logo\/image\/","url":"https:\/\/orthogogo.com\/es\/wp-content\/uploads\/2020\/09\/head-logo.png","contentUrl":"https:\/\/orthogogo.com\/es\/wp-content\/uploads\/2020\/09\/head-logo.png","width":128,"height":128,"caption":"Sky Ortho"},"image":{"@id":"https:\/\/orthogogo.com\/es\/#\/schema\/logo\/image\/"}}]}},"_links":{"self":[{"href":"https:\/\/orthogogo.com\/es\/wp-json\/wp\/v2\/pages\/47","targetHints":{"allow":["GET"]}}],"collection":[{"href":"https:\/\/orthogogo.com\/es\/wp-json\/wp\/v2\/pages"}],"about":[{"href":"https:\/\/orthogogo.com\/es\/wp-json\/wp\/v2\/types\/page"}],"author":[{"embeddable":true,"href":"https:\/\/orthogogo.com\/es\/wp-json\/wp\/v2\/users\/1"}],"replies":[{"embeddable":true,"href":"https:\/\/orthogogo.com\/es\/wp-json\/wp\/v2\/comments?post=47"}],"version-history":[{"count":15,"href":"https:\/\/orthogogo.com\/es\/wp-json\/wp\/v2\/pages\/47\/revisions"}],"predecessor-version":[{"id":4050,"href":"https:\/\/orthogogo.com\/es\/wp-json\/wp\/v2\/pages\/47\/revisions\/4050"}],"up":[{"embeddable":true,"href":"https:\/\/orthogogo.com\/es\/wp-json\/wp\/v2\/pages\/3671"}],"wp:featuredmedia":[{"embeddable":true,"href":"https:\/\/orthogogo.com\/es\/wp-json\/wp\/v2\/media\/2636"}],"wp:attachment":[{"href":"https:\/\/orthogogo.com\/es\/wp-json\/wp\/v2\/media?parent=47"}],"curies":[{"name":"wp","href":"https:\/\/api.w.org\/{rel}","templated":true}]}}