{"id":46,"date":"2020-05-29T20:02:17","date_gmt":"2020-05-29T20:02:17","guid":{"rendered":"http:\/\/demosbyphil.com\/orthogogo\/?page_id=36"},"modified":"2022-08-04T21:55:16","modified_gmt":"2022-08-04T21:55:16","slug":"ortodoncia-para-ninos","status":"publish","type":"page","link":"https:\/\/orthogogo.com\/es\/patients\/ortodoncia-para-ninos\/","title":{"rendered":"Ortodoncia para ni\u00f1os en Moore y Shawnee, Oklahoma"},"content":{"rendered":"<figure id=\"attachment_3000\" aria-describedby=\"caption-attachment-3000\" style=\"width: 900px\" class=\"wp-caption alignnone\"><img loading=\"lazy\" decoding=\"async\" class=\"wp-image-3000 size-full\" src=\"https:\/\/orthogogo.com\/es\/\/wp-content\/uploads\/2020\/03\/Kid-1-e1588097903753.png\" alt=\"kids orthodontist\" width=\"900\" height=\"675\" srcset=\"https:\/\/orthogogo.com\/es\/wp-content\/uploads\/2020\/03\/Kid-1-e1588097903753.png 900w, https:\/\/orthogogo.com\/es\/wp-content\/uploads\/2020\/03\/Kid-1-e1588097903753-300x225.png 300w, https:\/\/orthogogo.com\/es\/wp-content\/uploads\/2020\/03\/Kid-1-e1588097903753-768x576.png 768w\" sizes=\"auto, (max-width: 900px) 100vw, 900px\" \/><figcaption id=\"caption-attachment-3000\" class=\"wp-caption-text\">Las visitas al ortodoncista de los ni\u00f1os ayudan a detectar problemas de manera temprana y constituyen una base para un buen cuidado dental para evitar problemas m\u00e1s graves a futuro.<\/figcaption><\/figure>\n<h2>Hola mam\u00e1s, pap\u00e1s y ni\u00f1os<br \/>\nVamos a aclarar una cosa: una gran sonrisa es un signo de buena salud a cualquier edad<\/h2>\n<p>Los dientes rectos y las mand\u00edbulas alineadas crean bonitas sonrisas y mantienen los dientes de un ni\u00f1o sanos. Adem\u00e1s, a medida que las mand\u00edbulas y los dientes se alinean, es m\u00e1s f\u00e1cil para los ni\u00f1os masticar la comida. Un ortodoncista puede ayudar a asegurarse de que los dientes y las mand\u00edbulas de su hijo est\u00e9n alineados como deber\u00edan para garantizar un crecimiento adecuado.<\/p>\n<p>Es por eso que la Asociaci\u00f3n Estadounidense de Ortodoncistas recomienda que todos los ni\u00f1os visiten a un ortodoncista a la edad de 7 a\u00f1os. Esto ayuda a detectar problemas de manera temprana y constituye una base para un buen cuidado dental.<\/p>\n<figure id=\"attachment_3001\" aria-describedby=\"caption-attachment-3001\" style=\"width: 900px\" class=\"wp-caption alignnone\"><img loading=\"lazy\" decoding=\"async\" class=\"wp-image-3001\" src=\"https:\/\/orthogogo.com\/es\/\/wp-content\/uploads\/2020\/03\/Kid-3-300x200.png\" alt=\"kids orthodontist\" width=\"900\" height=\"600\" srcset=\"https:\/\/orthogogo.com\/es\/wp-content\/uploads\/2020\/03\/Kid-3-300x200.png 300w, https:\/\/orthogogo.com\/es\/wp-content\/uploads\/2020\/03\/Kid-3-768x512.png 768w, https:\/\/orthogogo.com\/es\/wp-content\/uploads\/2020\/03\/Kid-3.png 1024w\" sizes=\"auto, (max-width: 900px) 100vw, 900px\" \/><figcaption id=\"caption-attachment-3001\" class=\"wp-caption-text\">La intervenci\u00f3n temprana puede prevenir los aparatos ortop\u00e9dicos o acortar la duraci\u00f3n del tratamiento m\u00e1s adelante.<\/figcaption><\/figure>\n<h2>\u00bfHora de ver a un ortodoncista infantil?<\/h2>\n<p>No se preocupen mam\u00e1 y pap\u00e1, la mayor\u00eda de los ni\u00f1os no necesitan frenillos hasta que les salen los dientes permanentes alrededor de los 11 o 12 a\u00f1os. Desafortunadamente, algunos ni\u00f1os tienen problemas que no pueden esperar hasta que sean mayores.<\/p>\n<p>\u00bfC\u00f3mo saber cu\u00e1ndo necesita ir a un ortodoncista en Oklahoma City? A veces, su dentista puede ver un problema con los dientes o la mand\u00edbula de su hijo y recomendarle una visita al ortodoncista. A veces, los padres pueden notar un problema con los h\u00e1bitos alimenticios de un ni\u00f1o o la forma en la que mastica o se tapa la boca. Y a veces a los ni\u00f1os simplemente no les gusta la forma en que se ven sus dientes y le preguntan a mam\u00e1 o pap\u00e1 por qu\u00e9 se ven diferentes a los de otros ni\u00f1os.<\/p>\n<p>Mam\u00e1 y pap\u00e1, aqu\u00ed hay algunos aspectos que deben tener en cuenta al examinar la sonrisa de su hijo:<\/p>\n<ul>\n<li>Su hija(o) pierde los dientes de leche temprano o tarde.<\/li>\n<li>Los dientes de su hijo est\u00e1n api\u00f1ados, mal colocados o bloqueados fuera del arco.<\/li>\n<li>Los dientes se juntan de manera anormal o no se juntan en absoluto.<\/li>\n<li>Los rasgos faciales de su hijo alrededor de la boca parecen estar desproporcionados.<\/li>\n<li>Su hijo(a) lucha por masticar comida.<\/li>\n<li>Respiraci\u00f3n constante por la boca en lugar de por la nariz.<\/li>\n<li>Su hijo acostumbra chuparse el dedo, el pulgar o un chupete para calmarse.<\/li>\n<\/ul>\n<figure id=\"attachment_3006\" aria-describedby=\"caption-attachment-3006\" style=\"width: 900px\" class=\"wp-caption alignnone\"><img loading=\"lazy\" decoding=\"async\" class=\"wp-image-3006\" src=\"https:\/\/orthogogo.com\/es\/\/wp-content\/uploads\/2020\/03\/Kid-4-300x200.png\" alt=\"\" width=\"900\" height=\"601\" srcset=\"https:\/\/orthogogo.com\/es\/wp-content\/uploads\/2020\/03\/Kid-4-300x200.png 300w, https:\/\/orthogogo.com\/es\/wp-content\/uploads\/2020\/03\/Kid-4-768x513.png 768w, https:\/\/orthogogo.com\/es\/wp-content\/uploads\/2020\/03\/Kid-4.png 1024w\" sizes=\"auto, (max-width: 900px) 100vw, 900px\" \/><figcaption id=\"caption-attachment-3006\" class=\"wp-caption-text\">\u00a1Hacemos que sus visitas a la Dra. Larson y el Dr. Fitzgerald sean divertidas!<\/figcaption><\/figure>\n<h2>Haga que su primera visita sea divertida y educativa<\/h2>\n<p>En Sky Ortho, nos encanta convertir la primera visita de un ni\u00f1o al ortodoncista en una experiencia de aprendizaje divertida. Nuestras oficinas est\u00e1n dise\u00f1adas para que los ni\u00f1os y sus padres se sientan bienvenidos y c\u00f3modos. Todo en nuestra oficina est\u00e1 dise\u00f1ado pensando en los ni\u00f1os, desde la forma en que explicamos nuestro tratamiento hasta la decoraci\u00f3n de nuestra oficina.<\/p>\n<p>El primer examen con la Dra. Larson o el Dr. Fitzgerald determinar\u00e1 si se necesita tratamiento adicional. Al completar este examen, los ni\u00f1os que no necesitan tratamiento temprano a\u00fan se unen a nuestro Kids Club. Como resultado, los miembros del Kids Club reciben monitoreo gratuito cada seis meses hasta que tengan la edad suficiente para determinar si se necesita tratamiento para sus dientes permanentes.<\/p>\n<figure id=\"attachment_3005\" aria-describedby=\"caption-attachment-3005\" style=\"width: 900px\" class=\"wp-caption alignnone\"><img loading=\"lazy\" decoding=\"async\" class=\"wp-image-3005\" src=\"https:\/\/orthogogo.com\/es\/\/wp-content\/uploads\/2020\/03\/Kid-2-300x225.png\" alt=\"kids orthodontist\" width=\"900\" height=\"675\" srcset=\"https:\/\/orthogogo.com\/es\/wp-content\/uploads\/2020\/03\/Kid-2-300x225.png 300w, https:\/\/orthogogo.com\/es\/wp-content\/uploads\/2020\/03\/Kid-2-768x576.png 768w, https:\/\/orthogogo.com\/es\/wp-content\/uploads\/2020\/03\/Kid-2.png 1024w\" sizes=\"auto, (max-width: 900px) 100vw, 900px\" \/><figcaption id=\"caption-attachment-3005\" class=\"wp-caption-text\">Sky Ortho corrige los peque\u00f1os problemas antes de que se conviertan en grandes.<\/figcaption><\/figure>\n<h2>Sky Ortho pone una bella sonrisa en los ni\u00f1os, \u00a1y eso tambi\u00e9n hace sonre\u00edr a los padres!<\/h2>\n<p>Los ni\u00f1os cuyos dientes y mand\u00edbulas no se les desarrollan normalmente, no se preocupen, \u00a1estamos aqu\u00ed para ayudarlos! La Dra. Larson o el Dr. Fitzgerald le informan qu\u00e9 opciones de tratamiento est\u00e1n disponibles y c\u00f3mo comenzar. Al final, corregir los peque\u00f1os problemas antes de que se conviertan en grandes es el objetivo de todo tratamiento.<\/p>\n<p>Su ortodoncista puede tratar a los ni\u00f1os por muchos problemas que podr\u00edan conducir a problemas m\u00e1s serios a medida que crecen. Consulte a su ortodoncista hoy mismo si sospecha que algo anda mal. Si su hijo cumpli\u00f3 7 a\u00f1os, le recomendamos que programe una cita con la Dra. Larson o el Dr. Fitzgerald. \u00a1Como resultado, cada ni\u00f1o se convertir\u00e1 en miembro del Sky Ortho Kids Club! Actualmente estamos aceptando pacientes en OKC, Moore, Norman y Shawnee. \u00a1\u00a1Esperamos contar con su presencia!!<\/p>\n","protected":false},"excerpt":{"rendered":"<p>Hola mam\u00e1s, pap\u00e1s y ni\u00f1os Vamos a aclarar una cosa: una gran sonrisa es un signo de buena salud a cualquier edad Los dientes rectos y las mand\u00edbulas alineadas crean bonitas sonrisas y mantienen los dientes de un ni\u00f1o sanos. Adem\u00e1s, a medida que las mand\u00edbulas y los dientes se alinean, es m\u00e1s f\u00e1cil para [&hellip;]<\/p>\n","protected":false},"author":1,"featured_media":3094,"parent":3671,"menu_order":0,"comment_status":"closed","ping_status":"closed","template":"tpls\/template-patients.php","meta":{"footnotes":""},"class_list":["post-46","page","type-page","status-publish","has-post-thumbnail","hentry"],"yoast_head":"<!-- This site is optimized with the Yoast SEO plugin v27.3 - https:\/\/yoast.com\/product\/yoast-seo-wordpress\/ -->\n<title>Ortodoncia para ni\u00f1os | Moore | Shawnee | OKC<\/title>\n<meta name=\"description\" content=\"Ortodoncia para ni\u00f1os Las visitas ayudan a detectar problemas a tiempo. Visite a un ortodoncista antes de los 7 a\u00f1os.\" \/>\n<meta name=\"robots\" content=\"index, follow, max-snippet:-1, max-image-preview:large, max-video-preview:-1\" \/>\n<link rel=\"canonical\" href=\"https:\/\/orthogogo.com\/es\/patients\/ortodoncia-para-ninos\/\" \/>\n<meta property=\"og:locale\" content=\"es_ES\" \/>\n<meta property=\"og:type\" content=\"article\" \/>\n<meta property=\"og:title\" content=\"Ortodoncia para ni\u00f1os | Moore | Shawnee | OKC\" \/>\n<meta property=\"og:description\" content=\"Ortodoncia para ni\u00f1os Las visitas ayudan a detectar problemas a tiempo. Visite a un ortodoncista antes de los 7 a\u00f1os.\" \/>\n<meta property=\"og:url\" content=\"https:\/\/orthogogo.com\/es\/patients\/ortodoncia-para-ninos\/\" \/>\n<meta property=\"og:site_name\" content=\"Sky Ortho\" \/>\n<meta property=\"article:modified_time\" content=\"2022-08-04T21:55:16+00:00\" \/>\n<meta property=\"og:image\" content=\"https:\/\/orthogogo.com\/es\/wp-content\/uploads\/2019\/08\/What-is-an-orthodontist-2.png\" \/>\n\t<meta property=\"og:image:width\" content=\"1024\" \/>\n\t<meta property=\"og:image:height\" content=\"683\" \/>\n\t<meta property=\"og:image:type\" content=\"image\/png\" \/>\n<meta name=\"twitter:card\" content=\"summary_large_image\" \/>\n<meta name=\"twitter:label1\" content=\"Tiempo de lectura\" \/>\n\t<meta name=\"twitter:data1\" content=\"5 minutos\" \/>\n<script type=\"application\/ld+json\" class=\"yoast-schema-graph\">{\"@context\":\"https:\\\/\\\/schema.org\",\"@graph\":[{\"@type\":\"WebPage\",\"@id\":\"https:\\\/\\\/orthogogo.com\\\/es\\\/patients\\\/ortodoncia-para-ninos\\\/\",\"url\":\"https:\\\/\\\/orthogogo.com\\\/es\\\/patients\\\/ortodoncia-para-ninos\\\/\",\"name\":\"Ortodoncia para ni\u00f1os | Moore | Shawnee | OKC\",\"isPartOf\":{\"@id\":\"https:\\\/\\\/orthogogo.com\\\/es\\\/#website\"},\"primaryImageOfPage\":{\"@id\":\"https:\\\/\\\/orthogogo.com\\\/es\\\/patients\\\/ortodoncia-para-ninos\\\/#primaryimage\"},\"image\":{\"@id\":\"https:\\\/\\\/orthogogo.com\\\/es\\\/patients\\\/ortodoncia-para-ninos\\\/#primaryimage\"},\"thumbnailUrl\":\"https:\\\/\\\/orthogogo.com\\\/es\\\/wp-content\\\/uploads\\\/2019\\\/08\\\/What-is-an-orthodontist-2.png\",\"datePublished\":\"2020-05-29T20:02:17+00:00\",\"dateModified\":\"2022-08-04T21:55:16+00:00\",\"description\":\"Ortodoncia para ni\u00f1os Las visitas ayudan a detectar problemas a tiempo. Visite a un ortodoncista antes de los 7 a\u00f1os.\",\"breadcrumb\":{\"@id\":\"https:\\\/\\\/orthogogo.com\\\/es\\\/patients\\\/ortodoncia-para-ninos\\\/#breadcrumb\"},\"inLanguage\":\"es\",\"potentialAction\":[{\"@type\":\"ReadAction\",\"target\":[\"https:\\\/\\\/orthogogo.com\\\/es\\\/patients\\\/ortodoncia-para-ninos\\\/\"]}]},{\"@type\":\"ImageObject\",\"inLanguage\":\"es\",\"@id\":\"https:\\\/\\\/orthogogo.com\\\/es\\\/patients\\\/ortodoncia-para-ninos\\\/#primaryimage\",\"url\":\"https:\\\/\\\/orthogogo.com\\\/es\\\/wp-content\\\/uploads\\\/2019\\\/08\\\/What-is-an-orthodontist-2.png\",\"contentUrl\":\"https:\\\/\\\/orthogogo.com\\\/es\\\/wp-content\\\/uploads\\\/2019\\\/08\\\/What-is-an-orthodontist-2.png\",\"width\":1024,\"height\":683},{\"@type\":\"BreadcrumbList\",\"@id\":\"https:\\\/\\\/orthogogo.com\\\/es\\\/patients\\\/ortodoncia-para-ninos\\\/#breadcrumb\",\"itemListElement\":[{\"@type\":\"ListItem\",\"position\":1,\"name\":\"Home\",\"item\":\"https:\\\/\\\/orthogogo.com\\\/es\\\/\"},{\"@type\":\"ListItem\",\"position\":2,\"name\":\"Patients\",\"item\":\"https:\\\/\\\/orthogogo.com\\\/es\\\/patients\\\/\"},{\"@type\":\"ListItem\",\"position\":3,\"name\":\"Ortodoncia para ni\u00f1os en Moore y Shawnee, Oklahoma\"}]},{\"@type\":\"WebSite\",\"@id\":\"https:\\\/\\\/orthogogo.com\\\/es\\\/#website\",\"url\":\"https:\\\/\\\/orthogogo.com\\\/es\\\/\",\"name\":\"Sky Ortho\",\"description\":\"Ortodoncistas en OKC, Moore, Shawnee &amp; Norman\",\"publisher\":{\"@id\":\"https:\\\/\\\/orthogogo.com\\\/es\\\/#organization\"},\"potentialAction\":[{\"@type\":\"SearchAction\",\"target\":{\"@type\":\"EntryPoint\",\"urlTemplate\":\"https:\\\/\\\/orthogogo.com\\\/es\\\/?s={search_term_string}\"},\"query-input\":{\"@type\":\"PropertyValueSpecification\",\"valueRequired\":true,\"valueName\":\"search_term_string\"}}],\"inLanguage\":\"es\"},{\"@type\":\"Organization\",\"@id\":\"https:\\\/\\\/orthogogo.com\\\/es\\\/#organization\",\"name\":\"Sky Ortho\",\"url\":\"https:\\\/\\\/orthogogo.com\\\/es\\\/\",\"logo\":{\"@type\":\"ImageObject\",\"inLanguage\":\"es\",\"@id\":\"https:\\\/\\\/orthogogo.com\\\/es\\\/#\\\/schema\\\/logo\\\/image\\\/\",\"url\":\"https:\\\/\\\/orthogogo.com\\\/es\\\/wp-content\\\/uploads\\\/2020\\\/09\\\/head-logo.png\",\"contentUrl\":\"https:\\\/\\\/orthogogo.com\\\/es\\\/wp-content\\\/uploads\\\/2020\\\/09\\\/head-logo.png\",\"width\":128,\"height\":128,\"caption\":\"Sky Ortho\"},\"image\":{\"@id\":\"https:\\\/\\\/orthogogo.com\\\/es\\\/#\\\/schema\\\/logo\\\/image\\\/\"}}]}<\/script>\n<!-- \/ Yoast SEO plugin. -->","yoast_head_json":{"title":"Ortodoncia para ni\u00f1os | Moore | Shawnee | OKC","description":"Ortodoncia para ni\u00f1os Las visitas ayudan a detectar problemas a tiempo. Visite a un ortodoncista antes de los 7 a\u00f1os.","robots":{"index":"index","follow":"follow","max-snippet":"max-snippet:-1","max-image-preview":"max-image-preview:large","max-video-preview":"max-video-preview:-1"},"canonical":"https:\/\/orthogogo.com\/es\/patients\/ortodoncia-para-ninos\/","og_locale":"es_ES","og_type":"article","og_title":"Ortodoncia para ni\u00f1os | Moore | Shawnee | OKC","og_description":"Ortodoncia para ni\u00f1os Las visitas ayudan a detectar problemas a tiempo. Visite a un ortodoncista antes de los 7 a\u00f1os.","og_url":"https:\/\/orthogogo.com\/es\/patients\/ortodoncia-para-ninos\/","og_site_name":"Sky Ortho","article_modified_time":"2022-08-04T21:55:16+00:00","og_image":[{"width":1024,"height":683,"url":"https:\/\/orthogogo.com\/es\/wp-content\/uploads\/2019\/08\/What-is-an-orthodontist-2.png","type":"image\/png"}],"twitter_card":"summary_large_image","twitter_misc":{"Tiempo de lectura":"5 minutos"},"schema":{"@context":"https:\/\/schema.org","@graph":[{"@type":"WebPage","@id":"https:\/\/orthogogo.com\/es\/patients\/ortodoncia-para-ninos\/","url":"https:\/\/orthogogo.com\/es\/patients\/ortodoncia-para-ninos\/","name":"Ortodoncia para ni\u00f1os | Moore | Shawnee | OKC","isPartOf":{"@id":"https:\/\/orthogogo.com\/es\/#website"},"primaryImageOfPage":{"@id":"https:\/\/orthogogo.com\/es\/patients\/ortodoncia-para-ninos\/#primaryimage"},"image":{"@id":"https:\/\/orthogogo.com\/es\/patients\/ortodoncia-para-ninos\/#primaryimage"},"thumbnailUrl":"https:\/\/orthogogo.com\/es\/wp-content\/uploads\/2019\/08\/What-is-an-orthodontist-2.png","datePublished":"2020-05-29T20:02:17+00:00","dateModified":"2022-08-04T21:55:16+00:00","description":"Ortodoncia para ni\u00f1os Las visitas ayudan a detectar problemas a tiempo. Visite a un ortodoncista antes de los 7 a\u00f1os.","breadcrumb":{"@id":"https:\/\/orthogogo.com\/es\/patients\/ortodoncia-para-ninos\/#breadcrumb"},"inLanguage":"es","potentialAction":[{"@type":"ReadAction","target":["https:\/\/orthogogo.com\/es\/patients\/ortodoncia-para-ninos\/"]}]},{"@type":"ImageObject","inLanguage":"es","@id":"https:\/\/orthogogo.com\/es\/patients\/ortodoncia-para-ninos\/#primaryimage","url":"https:\/\/orthogogo.com\/es\/wp-content\/uploads\/2019\/08\/What-is-an-orthodontist-2.png","contentUrl":"https:\/\/orthogogo.com\/es\/wp-content\/uploads\/2019\/08\/What-is-an-orthodontist-2.png","width":1024,"height":683},{"@type":"BreadcrumbList","@id":"https:\/\/orthogogo.com\/es\/patients\/ortodoncia-para-ninos\/#breadcrumb","itemListElement":[{"@type":"ListItem","position":1,"name":"Home","item":"https:\/\/orthogogo.com\/es\/"},{"@type":"ListItem","position":2,"name":"Patients","item":"https:\/\/orthogogo.com\/es\/patients\/"},{"@type":"ListItem","position":3,"name":"Ortodoncia para ni\u00f1os en Moore y Shawnee, Oklahoma"}]},{"@type":"WebSite","@id":"https:\/\/orthogogo.com\/es\/#website","url":"https:\/\/orthogogo.com\/es\/","name":"Sky Ortho","description":"Ortodoncistas en OKC, Moore, Shawnee &amp; Norman","publisher":{"@id":"https:\/\/orthogogo.com\/es\/#organization"},"potentialAction":[{"@type":"SearchAction","target":{"@type":"EntryPoint","urlTemplate":"https:\/\/orthogogo.com\/es\/?s={search_term_string}"},"query-input":{"@type":"PropertyValueSpecification","valueRequired":true,"valueName":"search_term_string"}}],"inLanguage":"es"},{"@type":"Organization","@id":"https:\/\/orthogogo.com\/es\/#organization","name":"Sky Ortho","url":"https:\/\/orthogogo.com\/es\/","logo":{"@type":"ImageObject","inLanguage":"es","@id":"https:\/\/orthogogo.com\/es\/#\/schema\/logo\/image\/","url":"https:\/\/orthogogo.com\/es\/wp-content\/uploads\/2020\/09\/head-logo.png","contentUrl":"https:\/\/orthogogo.com\/es\/wp-content\/uploads\/2020\/09\/head-logo.png","width":128,"height":128,"caption":"Sky Ortho"},"image":{"@id":"https:\/\/orthogogo.com\/es\/#\/schema\/logo\/image\/"}}]}},"_links":{"self":[{"href":"https:\/\/orthogogo.com\/es\/wp-json\/wp\/v2\/pages\/46","targetHints":{"allow":["GET"]}}],"collection":[{"href":"https:\/\/orthogogo.com\/es\/wp-json\/wp\/v2\/pages"}],"about":[{"href":"https:\/\/orthogogo.com\/es\/wp-json\/wp\/v2\/types\/page"}],"author":[{"embeddable":true,"href":"https:\/\/orthogogo.com\/es\/wp-json\/wp\/v2\/users\/1"}],"replies":[{"embeddable":true,"href":"https:\/\/orthogogo.com\/es\/wp-json\/wp\/v2\/comments?post=46"}],"version-history":[{"count":10,"href":"https:\/\/orthogogo.com\/es\/wp-json\/wp\/v2\/pages\/46\/revisions"}],"predecessor-version":[{"id":4041,"href":"https:\/\/orthogogo.com\/es\/wp-json\/wp\/v2\/pages\/46\/revisions\/4041"}],"up":[{"embeddable":true,"href":"https:\/\/orthogogo.com\/es\/wp-json\/wp\/v2\/pages\/3671"}],"wp:featuredmedia":[{"embeddable":true,"href":"https:\/\/orthogogo.com\/es\/wp-json\/wp\/v2\/media\/3094"}],"wp:attachment":[{"href":"https:\/\/orthogogo.com\/es\/wp-json\/wp\/v2\/media?parent=46"}],"curies":[{"name":"wp","href":"https:\/\/api.w.org\/{rel}","templated":true}]}}