{"id":4209,"date":"2021-09-28T16:30:38","date_gmt":"2021-09-28T16:30:38","guid":{"rendered":"https:\/\/orthogogo.com\/es\/?page_id=4209"},"modified":"2024-01-09T19:24:06","modified_gmt":"2024-01-09T19:24:06","slug":"oficina-en-moore-ok","status":"publish","type":"page","link":"https:\/\/orthogogo.com\/es\/oficina-en-moore-ok\/","title":{"rendered":"Oficina en Moore OK &#8211; Donde Hacemos Bellas Sonrisas"},"content":{"rendered":"<figure id=\"attachment_4065\" aria-describedby=\"caption-attachment-4065\" style=\"width: 1024px\" class=\"wp-caption alignnone\"><img loading=\"lazy\" decoding=\"async\" class=\"wp-image-4065 size-full\" src=\"https:\/\/orthogogo.com\/wp-content\/uploads\/2021\/04\/Moore-1-1.png\" alt=\"Oficina en Moore OK \" width=\"1024\" height=\"678\" \/><figcaption id=\"caption-attachment-4065\" class=\"wp-caption-text\">Oficina en Moore OK &#8211; \u00a1Bienvenido a Sky Ortho Moore! Esperamos que disfrute de su estancia.<\/figcaption><\/figure>\n<h2>Oficina en Moore OK &#8211; Sky Ortho lo Invita a Visitar Nuestra Hermosa Oficina en Moore<\/h2>\n<figure id=\"attachment_4067\" aria-describedby=\"caption-attachment-4067\" style=\"width: 1024px\" class=\"wp-caption alignnone\"><img loading=\"lazy\" decoding=\"async\" class=\"wp-image-4067 size-full\" src=\"https:\/\/orthogogo.com\/wp-content\/uploads\/2021\/04\/Moore-20.png\" alt=\"orthodontist Moore OK\" width=\"1024\" height=\"678\" \/><figcaption id=\"caption-attachment-4067\" class=\"wp-caption-text\">Todas las comodidades y un ambiente de spa. Rel\u00e1jese con nosotros en nuestra oficina en 717 S I-35 Service Rd en Moore.<\/figcaption><\/figure>\n<p>En nuestra Oficina en Moore OK , un gran ortodoncista lo est\u00e1 esperando en Sky Ortho, donde puede conocer a nuestros doctores, la <a href=\"https:\/\/orthogogo.com\/es\/dra-priscilla-larson\/\">Dra. Priscilla Larson, DMD<\/a>, y el <a href=\"https:\/\/orthogogo.com\/es\/dr-ryan-fitzgerald\/\">Dr. Ryan Fitzgerald, DDS, MS<\/a>, as\u00ed como a nuestro excelente equipo. Nos complace invitarlo a visitar nuestra hermosa oficina de Moore. La oficina de Sky Ortho en el coraz\u00f3n de <a href=\"#\">Moore,<\/a> est\u00e1 justo al lado de la I-35, frente al Teatro Warren. Esta oficina est\u00e1 a minutos de todas sus opciones favoritas para ir de compras, cenar y divertirse. Haga de su visita al ortodoncista un d\u00eda divertido. Esto es especialmente divertido si est\u00e1 planeando una salida con su ni\u00f1o mientras los dem\u00e1s est\u00e1n en la escuela.<\/p>\n<figure id=\"attachment_4070\" aria-describedby=\"caption-attachment-4070\" style=\"width: 1024px\" class=\"wp-caption alignnone\"><img loading=\"lazy\" decoding=\"async\" class=\"size-full wp-image-4070\" src=\"https:\/\/orthogogo.com\/wp-content\/uploads\/2021\/04\/Moore-5.png\" alt=\"orthodontist Moore OK\" width=\"1024\" height=\"678\" \/><figcaption id=\"caption-attachment-4070\" class=\"wp-caption-text\">Los pacientes de todas las edades pueden relajarse en Sky Ortho. Los ni\u00f1os se divertir\u00e1n un poco en el rinc\u00f3n de la computadora.<\/figcaption><\/figure>\n<p>La Dra. Larson y su esposo, el Dr. Erick Larson Md JD, abrieron Sky Ortho en 2010. La oficina de Moore fue su primera oficina en el \u00e1rea de OKC. La oficina de Shawnee abri\u00f3 en 2017. El Dr. Ryan Fitzgerald se uni\u00f3 a la pr\u00e1ctica al Dr. Larson en 2019. Se convirti\u00f3 oficialmente en socio de la firma en 2021.<\/p>\n<h2>Visite Sky Ortho sal\u00fadenos y eche un vistazo a nuestra Oficina en Moore OK<\/h2>\n<figure id=\"attachment_4072\" aria-describedby=\"caption-attachment-4072\" style=\"width: 1024px\" class=\"wp-caption alignnone\"><img loading=\"lazy\" decoding=\"async\" class=\"size-full wp-image-4072\" src=\"https:\/\/orthogogo.com\/wp-content\/uploads\/2021\/04\/Moore-23.png\" alt=\"orthodontist Moore OK\" width=\"1024\" height=\"678\" \/><figcaption id=\"caption-attachment-4072\" class=\"wp-caption-text\">Contamos con la \u00faltima tecnolog\u00eda para su sonrisa y tambi\u00e9n lo \u00faltimo en equipos. Todo en un escenario m\u00e1s art\u00edstico para crear bellas sonrisas.<\/figcaption><\/figure>\n<p>\u201cEstamos absolutamente encantados de invertir en la comunidad de Moore con esta ubicaci\u00f3n especial y de llevar los \u00faltimos procedimientos de ortodoncia avanzados a esta \u00e1rea\u201d, dice la Dra. Larson y su socio, el Dr. Fitzgerald.<\/p>\n<figure id=\"attachment_4077\" aria-describedby=\"caption-attachment-4077\" style=\"width: 1024px\" class=\"wp-caption alignnone\"><img loading=\"lazy\" decoding=\"async\" class=\"size-full wp-image-4077\" src=\"https:\/\/orthogogo.com\/wp-content\/uploads\/2021\/04\/Moore-9.jpg\" alt=\"Orthodontist OKC\" width=\"1024\" height=\"678\" \/><figcaption id=\"caption-attachment-4077\" class=\"wp-caption-text\">La atenci\u00f3n al detalle es la clave del \u00e9xito de Sky Ortho. Es la combinaci\u00f3n perfecta de est\u00e9tica, tecnolog\u00eda y mejores pr\u00e1cticas en medicina ortod\u00f3ncica.<\/figcaption><\/figure>\n<p><a href=\"https:\/\/goo.gl\/maps\/ZMW6FJUzg2yGtYNt5\"><strong>Sky Ortho \u2013 Moore<\/strong><br \/>\n717 S I-35 Service Road, Suite C<\/a><br \/>\n<a href=\"https:\/\/goo.gl\/maps\/ZMW6FJUzg2yGtYNt5\">Moore, OK 73160<br \/>\n<\/a><a href=\"tel:(405) 378-4774\">(405) 378-4774<\/a><\/p>\n<h2>Horario Flexible para Padres y Estudiantes que Trabajan<\/h2>\n<figure id=\"attachment_4078\" aria-describedby=\"caption-attachment-4078\" style=\"width: 1024px\" class=\"wp-caption alignnone\"><img loading=\"lazy\" decoding=\"async\" class=\"size-full wp-image-4078\" src=\"https:\/\/orthogogo.com\/wp-content\/uploads\/2021\/04\/Moore-2-1.png\" alt=\"Sky Ortho Hours\" width=\"1024\" height=\"678\" \/><figcaption id=\"caption-attachment-4078\" class=\"wp-caption-text\">Trabajamos arduamente para adaptarnos a los horarios de nuestros pacientes de todas las edades.<\/figcaption><\/figure>\n<p>El nuevo consultorio de Sky Ortho permite d\u00edas m\u00e9dicos adicionales en Moore y tambi\u00e9n permite que nuestros pacientes de ortodoncia de Moore vengan a la <a href=\"https:\/\/orthogogo.com\/es\/contactarnos-en-skyortho\/\">cl\u00ednica de Moore<\/a> para emergencias y programaci\u00f3n. Adem\u00e1s, la Dra. Larson y el Dr. Fitzgerald estan cada s\u00e1bado en cada una de nuestras ubicaciones. Comun\u00edquese con nuestra <a href=\"https:\/\/orthogogo.com\/es\/contactarnos-en-skyortho\/\">oficina para obtener m\u00e1s informaci\u00f3n.<\/a><\/p>\n<h2>M\u00e1s sobre nuestra filosof\u00eda y tecnolog\u00eda de la sonrisa en Sky Ortho Moore OK<\/h2>\n<figure id=\"attachment_4081\" aria-describedby=\"caption-attachment-4081\" style=\"width: 199px\" class=\"wp-caption alignleft\"><img loading=\"lazy\" decoding=\"async\" class=\"wp-image-4081 size-medium\" src=\"https:\/\/orthogogo.com\/wp-content\/uploads\/2021\/04\/Moore-12-199x300.jpg\" alt=\"orthodontist Moore OK\" width=\"199\" height=\"300\" \/><figcaption id=\"caption-attachment-4081\" class=\"wp-caption-text\">Excelente entorno de ense\u00f1anza para quienes aprenden el cuidado dental adecuado y el mantenimiento de sus aparatos ortop\u00e9dicos.<\/figcaption><\/figure>\n<p>Empiece hoy mismo en Sky Ortho y aproveche la \u00faltima tecnolog\u00eda en odontolog\u00eda.<\/p>\n<p>Adem\u00e1s, venga a saludar a la Dra. Larson y al Dr. Fitzgerald o s\u00edgalos en <a href=\"https:\/\/twitter.com\/skyorthomoore\" target=\"_blank\" rel=\"noopener\">Twitter<\/a>, incluso si ya tiene una gran sonrisa. Adem\u00e1s, si es miembro de una organizaci\u00f3n local, informe a nuestros m\u00e9dicos si a su organizaci\u00f3n le gustar\u00eda escuchar su filosof\u00eda de la sonrisa o que hablen sobre las nuevas tecnolog\u00edas en odontolog\u00eda en su pr\u00f3xima reuni\u00f3n mensual.<\/p>\n<p>Puede seguirnos en <a href=\"https:\/\/www.facebook.com\/skyortho\" target=\"_blank\" rel=\"noopener\">Facebook<\/a> para conocer las \u00faltimas noticias. Adem\u00e1s, consulte nuestras calificaciones o comparta una propia en <a href=\"https:\/\/search.google.com\/local\/writereview?placeid=ChIJ-8fSbwnIs4cRPMf4tRgTJN8\" target=\"_blank\" rel=\"noopener\">Google<\/a>.<\/p>\n<p>&nbsp;<\/p>\n<p>&nbsp;<\/p>\n","protected":false},"excerpt":{"rendered":"<p>Oficina en Moore OK &#8211; Sky Ortho lo Invita a Visitar Nuestra Hermosa Oficina en Moore En nuestra Oficina en Moore OK , un gran ortodoncista lo est\u00e1 esperando en Sky Ortho, donde puede conocer a nuestros doctores, la Dra. Priscilla Larson, DMD, y el Dr. Ryan Fitzgerald, DDS, MS, as\u00ed como a nuestro excelente [&hellip;]<\/p>\n","protected":false},"author":1,"featured_media":1483,"parent":0,"menu_order":0,"comment_status":"closed","ping_status":"closed","template":"tpls\/template-about.php","meta":{"footnotes":""},"class_list":["post-4209","page","type-page","status-publish","has-post-thumbnail","hentry"],"yoast_head":"<!-- This site is optimized with the Yoast SEO plugin v27.3 - https:\/\/yoast.com\/product\/yoast-seo-wordpress\/ -->\n<title>Oficina en Moore OK | Sky Ortho donde hacemos bellas sonrisas<\/title>\n<meta name=\"description\" content=\"Oficina en Moore OK | Sky Ortho \u00faltima tecnolog\u00eda y lo \u00faltimo en equipos. Todo en un escenario m\u00e1s art\u00edstico para crear bellas sonrisas.\" \/>\n<meta name=\"robots\" content=\"index, follow, max-snippet:-1, max-image-preview:large, max-video-preview:-1\" \/>\n<link rel=\"canonical\" href=\"https:\/\/orthogogo.com\/es\/oficina-en-moore-ok\/\" \/>\n<meta property=\"og:locale\" content=\"es_ES\" \/>\n<meta property=\"og:type\" content=\"article\" \/>\n<meta property=\"og:title\" content=\"Oficina en Moore OK | Sky Ortho donde hacemos bellas sonrisas\" \/>\n<meta property=\"og:description\" content=\"Oficina en Moore OK | Sky Ortho \u00faltima tecnolog\u00eda y lo \u00faltimo en equipos. Todo en un escenario m\u00e1s art\u00edstico para crear bellas sonrisas.\" \/>\n<meta property=\"og:url\" content=\"https:\/\/orthogogo.com\/es\/oficina-en-moore-ok\/\" \/>\n<meta property=\"og:site_name\" content=\"Sky Ortho\" \/>\n<meta property=\"article:modified_time\" content=\"2024-01-09T19:24:06+00:00\" \/>\n<meta property=\"og:image\" content=\"https:\/\/orthogogo.com\/es\/wp-content\/uploads\/2015\/08\/norman-orthodontist-checkin-counter.jpg\" \/>\n\t<meta property=\"og:image:width\" content=\"926\" \/>\n\t<meta property=\"og:image:height\" content=\"613\" \/>\n\t<meta property=\"og:image:type\" content=\"image\/jpeg\" \/>\n<meta name=\"twitter:card\" content=\"summary_large_image\" \/>\n<meta name=\"twitter:label1\" content=\"Tiempo de lectura\" \/>\n\t<meta name=\"twitter:data1\" content=\"5 minutos\" \/>\n<script type=\"application\/ld+json\" class=\"yoast-schema-graph\">{\"@context\":\"https:\\\/\\\/schema.org\",\"@graph\":[{\"@type\":\"WebPage\",\"@id\":\"https:\\\/\\\/orthogogo.com\\\/es\\\/oficina-en-moore-ok\\\/\",\"url\":\"https:\\\/\\\/orthogogo.com\\\/es\\\/oficina-en-moore-ok\\\/\",\"name\":\"Oficina en Moore OK | Sky Ortho donde hacemos bellas sonrisas\",\"isPartOf\":{\"@id\":\"https:\\\/\\\/orthogogo.com\\\/es\\\/#website\"},\"primaryImageOfPage\":{\"@id\":\"https:\\\/\\\/orthogogo.com\\\/es\\\/oficina-en-moore-ok\\\/#primaryimage\"},\"image\":{\"@id\":\"https:\\\/\\\/orthogogo.com\\\/es\\\/oficina-en-moore-ok\\\/#primaryimage\"},\"thumbnailUrl\":\"https:\\\/\\\/orthogogo.com\\\/es\\\/wp-content\\\/uploads\\\/2015\\\/08\\\/norman-orthodontist-checkin-counter.jpg\",\"datePublished\":\"2021-09-28T16:30:38+00:00\",\"dateModified\":\"2024-01-09T19:24:06+00:00\",\"description\":\"Oficina en Moore OK | Sky Ortho \u00faltima tecnolog\u00eda y lo \u00faltimo en equipos. Todo en un escenario m\u00e1s art\u00edstico para crear bellas sonrisas.\",\"breadcrumb\":{\"@id\":\"https:\\\/\\\/orthogogo.com\\\/es\\\/oficina-en-moore-ok\\\/#breadcrumb\"},\"inLanguage\":\"es\",\"potentialAction\":[{\"@type\":\"ReadAction\",\"target\":[\"https:\\\/\\\/orthogogo.com\\\/es\\\/oficina-en-moore-ok\\\/\"]}]},{\"@type\":\"ImageObject\",\"inLanguage\":\"es\",\"@id\":\"https:\\\/\\\/orthogogo.com\\\/es\\\/oficina-en-moore-ok\\\/#primaryimage\",\"url\":\"https:\\\/\\\/orthogogo.com\\\/es\\\/wp-content\\\/uploads\\\/2015\\\/08\\\/norman-orthodontist-checkin-counter.jpg\",\"contentUrl\":\"https:\\\/\\\/orthogogo.com\\\/es\\\/wp-content\\\/uploads\\\/2015\\\/08\\\/norman-orthodontist-checkin-counter.jpg\",\"width\":926,\"height\":613},{\"@type\":\"BreadcrumbList\",\"@id\":\"https:\\\/\\\/orthogogo.com\\\/es\\\/oficina-en-moore-ok\\\/#breadcrumb\",\"itemListElement\":[{\"@type\":\"ListItem\",\"position\":1,\"name\":\"Home\",\"item\":\"https:\\\/\\\/orthogogo.com\\\/es\\\/\"},{\"@type\":\"ListItem\",\"position\":2,\"name\":\"Oficina en Moore OK &#8211; Donde Hacemos Bellas Sonrisas\"}]},{\"@type\":\"WebSite\",\"@id\":\"https:\\\/\\\/orthogogo.com\\\/es\\\/#website\",\"url\":\"https:\\\/\\\/orthogogo.com\\\/es\\\/\",\"name\":\"Sky Ortho\",\"description\":\"Ortodoncistas en OKC, Moore, Shawnee &amp; Norman\",\"publisher\":{\"@id\":\"https:\\\/\\\/orthogogo.com\\\/es\\\/#organization\"},\"potentialAction\":[{\"@type\":\"SearchAction\",\"target\":{\"@type\":\"EntryPoint\",\"urlTemplate\":\"https:\\\/\\\/orthogogo.com\\\/es\\\/?s={search_term_string}\"},\"query-input\":{\"@type\":\"PropertyValueSpecification\",\"valueRequired\":true,\"valueName\":\"search_term_string\"}}],\"inLanguage\":\"es\"},{\"@type\":\"Organization\",\"@id\":\"https:\\\/\\\/orthogogo.com\\\/es\\\/#organization\",\"name\":\"Sky Ortho\",\"url\":\"https:\\\/\\\/orthogogo.com\\\/es\\\/\",\"logo\":{\"@type\":\"ImageObject\",\"inLanguage\":\"es\",\"@id\":\"https:\\\/\\\/orthogogo.com\\\/es\\\/#\\\/schema\\\/logo\\\/image\\\/\",\"url\":\"https:\\\/\\\/orthogogo.com\\\/es\\\/wp-content\\\/uploads\\\/2020\\\/09\\\/head-logo.png\",\"contentUrl\":\"https:\\\/\\\/orthogogo.com\\\/es\\\/wp-content\\\/uploads\\\/2020\\\/09\\\/head-logo.png\",\"width\":128,\"height\":128,\"caption\":\"Sky Ortho\"},\"image\":{\"@id\":\"https:\\\/\\\/orthogogo.com\\\/es\\\/#\\\/schema\\\/logo\\\/image\\\/\"}}]}<\/script>\n<!-- \/ Yoast SEO plugin. -->","yoast_head_json":{"title":"Oficina en Moore OK | Sky Ortho donde hacemos bellas sonrisas","description":"Oficina en Moore OK | Sky Ortho \u00faltima tecnolog\u00eda y lo \u00faltimo en equipos. Todo en un escenario m\u00e1s art\u00edstico para crear bellas sonrisas.","robots":{"index":"index","follow":"follow","max-snippet":"max-snippet:-1","max-image-preview":"max-image-preview:large","max-video-preview":"max-video-preview:-1"},"canonical":"https:\/\/orthogogo.com\/es\/oficina-en-moore-ok\/","og_locale":"es_ES","og_type":"article","og_title":"Oficina en Moore OK | Sky Ortho donde hacemos bellas sonrisas","og_description":"Oficina en Moore OK | Sky Ortho \u00faltima tecnolog\u00eda y lo \u00faltimo en equipos. Todo en un escenario m\u00e1s art\u00edstico para crear bellas sonrisas.","og_url":"https:\/\/orthogogo.com\/es\/oficina-en-moore-ok\/","og_site_name":"Sky Ortho","article_modified_time":"2024-01-09T19:24:06+00:00","og_image":[{"width":926,"height":613,"url":"https:\/\/orthogogo.com\/es\/wp-content\/uploads\/2015\/08\/norman-orthodontist-checkin-counter.jpg","type":"image\/jpeg"}],"twitter_card":"summary_large_image","twitter_misc":{"Tiempo de lectura":"5 minutos"},"schema":{"@context":"https:\/\/schema.org","@graph":[{"@type":"WebPage","@id":"https:\/\/orthogogo.com\/es\/oficina-en-moore-ok\/","url":"https:\/\/orthogogo.com\/es\/oficina-en-moore-ok\/","name":"Oficina en Moore OK | Sky Ortho donde hacemos bellas sonrisas","isPartOf":{"@id":"https:\/\/orthogogo.com\/es\/#website"},"primaryImageOfPage":{"@id":"https:\/\/orthogogo.com\/es\/oficina-en-moore-ok\/#primaryimage"},"image":{"@id":"https:\/\/orthogogo.com\/es\/oficina-en-moore-ok\/#primaryimage"},"thumbnailUrl":"https:\/\/orthogogo.com\/es\/wp-content\/uploads\/2015\/08\/norman-orthodontist-checkin-counter.jpg","datePublished":"2021-09-28T16:30:38+00:00","dateModified":"2024-01-09T19:24:06+00:00","description":"Oficina en Moore OK | Sky Ortho \u00faltima tecnolog\u00eda y lo \u00faltimo en equipos. Todo en un escenario m\u00e1s art\u00edstico para crear bellas sonrisas.","breadcrumb":{"@id":"https:\/\/orthogogo.com\/es\/oficina-en-moore-ok\/#breadcrumb"},"inLanguage":"es","potentialAction":[{"@type":"ReadAction","target":["https:\/\/orthogogo.com\/es\/oficina-en-moore-ok\/"]}]},{"@type":"ImageObject","inLanguage":"es","@id":"https:\/\/orthogogo.com\/es\/oficina-en-moore-ok\/#primaryimage","url":"https:\/\/orthogogo.com\/es\/wp-content\/uploads\/2015\/08\/norman-orthodontist-checkin-counter.jpg","contentUrl":"https:\/\/orthogogo.com\/es\/wp-content\/uploads\/2015\/08\/norman-orthodontist-checkin-counter.jpg","width":926,"height":613},{"@type":"BreadcrumbList","@id":"https:\/\/orthogogo.com\/es\/oficina-en-moore-ok\/#breadcrumb","itemListElement":[{"@type":"ListItem","position":1,"name":"Home","item":"https:\/\/orthogogo.com\/es\/"},{"@type":"ListItem","position":2,"name":"Oficina en Moore OK &#8211; Donde Hacemos Bellas Sonrisas"}]},{"@type":"WebSite","@id":"https:\/\/orthogogo.com\/es\/#website","url":"https:\/\/orthogogo.com\/es\/","name":"Sky Ortho","description":"Ortodoncistas en OKC, Moore, Shawnee &amp; Norman","publisher":{"@id":"https:\/\/orthogogo.com\/es\/#organization"},"potentialAction":[{"@type":"SearchAction","target":{"@type":"EntryPoint","urlTemplate":"https:\/\/orthogogo.com\/es\/?s={search_term_string}"},"query-input":{"@type":"PropertyValueSpecification","valueRequired":true,"valueName":"search_term_string"}}],"inLanguage":"es"},{"@type":"Organization","@id":"https:\/\/orthogogo.com\/es\/#organization","name":"Sky Ortho","url":"https:\/\/orthogogo.com\/es\/","logo":{"@type":"ImageObject","inLanguage":"es","@id":"https:\/\/orthogogo.com\/es\/#\/schema\/logo\/image\/","url":"https:\/\/orthogogo.com\/es\/wp-content\/uploads\/2020\/09\/head-logo.png","contentUrl":"https:\/\/orthogogo.com\/es\/wp-content\/uploads\/2020\/09\/head-logo.png","width":128,"height":128,"caption":"Sky Ortho"},"image":{"@id":"https:\/\/orthogogo.com\/es\/#\/schema\/logo\/image\/"}}]}},"_links":{"self":[{"href":"https:\/\/orthogogo.com\/es\/wp-json\/wp\/v2\/pages\/4209","targetHints":{"allow":["GET"]}}],"collection":[{"href":"https:\/\/orthogogo.com\/es\/wp-json\/wp\/v2\/pages"}],"about":[{"href":"https:\/\/orthogogo.com\/es\/wp-json\/wp\/v2\/types\/page"}],"author":[{"embeddable":true,"href":"https:\/\/orthogogo.com\/es\/wp-json\/wp\/v2\/users\/1"}],"replies":[{"embeddable":true,"href":"https:\/\/orthogogo.com\/es\/wp-json\/wp\/v2\/comments?post=4209"}],"version-history":[{"count":9,"href":"https:\/\/orthogogo.com\/es\/wp-json\/wp\/v2\/pages\/4209\/revisions"}],"predecessor-version":[{"id":4336,"href":"https:\/\/orthogogo.com\/es\/wp-json\/wp\/v2\/pages\/4209\/revisions\/4336"}],"wp:featuredmedia":[{"embeddable":true,"href":"https:\/\/orthogogo.com\/es\/wp-json\/wp\/v2\/media\/1483"}],"wp:attachment":[{"href":"https:\/\/orthogogo.com\/es\/wp-json\/wp\/v2\/media?parent=4209"}],"curies":[{"name":"wp","href":"https:\/\/api.w.org\/{rel}","templated":true}]}}