{"id":4205,"date":"2021-09-28T15:59:08","date_gmt":"2021-09-28T15:59:08","guid":{"rendered":"https:\/\/orthogogo.com\/es\/?page_id=4205"},"modified":"2021-09-28T17:43:02","modified_gmt":"2021-09-28T17:43:02","slug":"nuestras-oficinas-en-okc","status":"publish","type":"page","link":"https:\/\/orthogogo.com\/es\/nuestras-oficinas-en-okc\/","title":{"rendered":"Nuestras Oficinas en OKC"},"content":{"rendered":"<p><img loading=\"lazy\" decoding=\"async\" class=\"alignnone size-full wp-image-4061\" src=\"https:\/\/orthogogo.com\/wp-content\/uploads\/2021\/04\/Moore-2.png\" alt=\"Sky Ortho Locations\" width=\"1024\" height=\"678\" \/><\/p>\n<p>\u00a1Bienvenido, estas son ubicaciones de nuestras oficinas en OKC de Sky Ortho, donde hacemos todo lo posible para facilitar que todos los miembros de su familia visiten a nuestra familia de ortodoncistas! Sky Ortho le ofrece horarios de oficina convenientes que incluyen tardes, ma\u00f1anas tempranas e incluso fines de semana para disminuir el tiempo ausente de la escuela y el trabajo.<\/p>\n<p>Abrimos nuestra primera oficina en el coraz\u00f3n de Moore, justo al lado de la I-35, frente al Teatro Warren. Esta oficina est\u00e1 a solo minutos de muchas opciones para ir de compras, cenar y divertirse. Haga divertido el d\u00eda de su visita al ortodoncista. Esto es especialmente divertido si est\u00e1 planeando una salida con un ni\u00f1o mientras los dem\u00e1s est\u00e1n en la escuela.<\/p>\n<p><img loading=\"lazy\" decoding=\"async\" class=\"alignnone wp-image-4059 size-full\" src=\"https:\/\/orthogogo.com\/wp-content\/uploads\/2021\/04\/Moore-1.png\" alt=\"Nuestras Oficinas en OKC\" width=\"1024\" height=\"678\" \/><\/p>\n<h2>Expandiendo nuestra Presencia &#8211; Nuestras Oficinas en OKC<\/h2>\n<p>Nuestra segunda ubicaci\u00f3n est\u00e1 en Shawnee en la esquina de 45th y Union Avenue. Estamos seguros que disfrutar\u00e1 de la experiencia en nuestra oficina aqu\u00ed y de su atm\u00f3sfera de spa.<\/p>\n<p>Sky Ortho abri\u00f3 su primera oficina en Shawnee en 2017. En 2018, construimos y nos mudamos a nuestra ubicaci\u00f3n actual de Shawnee. Como resultado, estamos muy entusiasmados con Shawnee y la maravillosa comunidad a la que servimos. Para mostrar nuestro agradecimiento, hemos trabajado arduamente para que nuestro consultorio sea c\u00f3modo y acogedor para todos los pacientes.<\/p>\n<p><img loading=\"lazy\" decoding=\"async\" class=\"alignnone wp-image-4062 size-full\" src=\"https:\/\/orthogogo.com\/wp-content\/uploads\/2021\/04\/IMG_3266-e1619710624107.jpg\" alt=\"Nuestras Oficinas en OKC\" width=\"1024\" height=\"682\" \/><\/p>\n<h2>Nuestros Doctores Atienden en Nuestras Oficinas en OKC de Moore y Shawnee<\/h2>\n<p>Nuestros doctores en Sky Ortho tienen pasi\u00f3n y dedicaci\u00f3n a la pr\u00e1ctica de la ortodoncia. Ambos socios, la <a href=\"https:\/\/orthogogo.com\/es\/dra-priscilla-larson\/\">Dra. Priscilla Larson<\/a> y el <a href=\"https:\/\/orthogogo.com\/es\/dr-ryan-fitzgerald\/\">Dr. Ryan Fitzgerald<\/a>, han pasado a\u00f1os sirviendo a sus comunidades y trabajando para crear una mayor conciencia sobre los problemas de la ortodoncia. Lo mejor de todo es que nuestros m\u00e9dicos est\u00e1n igualmente entusiasmados con el futuro de ayudar a las comunidades de <a href=\"https:\/\/www.cityofmoore.com\/\" target=\"_blank\" rel=\"noopener\">Moore<\/a> y <a href=\"http:\/\/www.shawneeok.org\/\" target=\"_blank\" rel=\"noopener\">Shawnee<\/a>.<\/p>\n<p>Nuestra fundadora, la Dra. Priscilla Larson cree que es una bendici\u00f3n ayudar a los pacientes de todas las edades a sentirse bien con sus sonrisas. Por esa raz\u00f3n, se interes\u00f3 por la ortodoncia y se convirti\u00f3 en doctora. Ser ortodoncista es un gran equilibrio entre la ciencia y el arte, dos temas que el Dr. Larson siempre ha amado. Se gradu\u00f3 magna cum laude de la <a href=\"https:\/\/duke.edu\/\" target=\"_blank\" rel=\"noopener\">Universidad de Duke<\/a> en Carolina del Norte con una licenciatura en qu\u00edmica y un certificado en educaci\u00f3n secundaria. Luego, asisti\u00f3 a la <a href=\"http:\/\/uconn.edu\/\" target=\"_blank\" rel=\"noopener\">Escuela de Medicina Dental de la <\/a><a href=\"http:\/\/uconn.edu\/\" target=\"_blank\" rel=\"noopener\">Universidad de Connecticut,<\/a> completando estudios de Doctorado en Medicina Dental. Finalmente, el Dr. Larson completa una residencia de tres a\u00f1os en Ortodoncia y Ortopedia Dentofacial en la <a href=\"http:\/\/pitt.edu\/\" target=\"_blank\" rel=\"noopener\">Universidad de Pittsburgh<\/a>.<\/p>\n<p>En 2019 el Dr. Ryan Fitzgerald se uni\u00f3 a la pr\u00e1ctica de la Dra.Larson, y se convirti\u00f3 oficialmente en socio de la firma en 2021.<\/p>\n<p>El Dr. Ryan Fitzgerald, nacido y criado en Norman, OK, tiene una larga historia familiar en el campo de la ortodoncia. Mientras estudiaba en la <a href=\"http:\/\/www.ou.edu\/\" target=\"_blank\" rel=\"noopener\">Universidad de Oklahoma<\/a>, trabaj\u00f3 para la pr\u00e1ctica de ortodoncia de su t\u00edo en Norman. Al graduarse con Distinci\u00f3n Especial en Microbiolog\u00eda, asisti\u00f3 a la Facultad de Odontolog\u00eda de la <a href=\"http:\/\/www.ou.edu\/\" target=\"_blank\" rel=\"noopener\">Universidad de Oklahoma,<\/a> donde tambi\u00e9n se gradu\u00f3 con distinci\u00f3n. Posteriormente, se especializ\u00f3 en Ortodoncia en <a href=\"https:\/\/www.nova.edu\/\" target=\"_blank\" rel=\"noopener\">NOVA Southeastern University<\/a> en Ft. Lauderdale, Florida. Ah\u00ed es donde el Dr. Fitzgerald lleg\u00f3 a amar la pesca, los paseos en bote y la cocina latina.<\/p>\n<p>Adem\u00e1s de su educaci\u00f3n, el Dr. Fitzgerald ha acumulado una importante experiencia profesional, voluntaria e investigadora.<\/p>\n<p><img loading=\"lazy\" decoding=\"async\" class=\"alignnone wp-image-4063 size-full\" src=\"https:\/\/orthogogo.com\/wp-content\/uploads\/2021\/04\/Moore-7.png\" alt=\"Nuestras Oficinas en OKC\" width=\"1024\" height=\"640\" \/><\/p>\n<h2>Facilitar las finanzas<\/h2>\n<p>Estamos revolucionando la industria, al hacer que sea f\u00e1cil y asequible completar su tratamiento de ortodoncia. En Sky Ortho, trabajamos arduamente para que todo lo relacionado con la ortodoncia sea lo menos doloroso posible, incluso la parte <a href=\"https:\/\/orthogogo.com\/es\/informacion-financiera\/\">financiera<\/a>.<\/p>\n<p>&nbsp;<\/p>\n","protected":false},"excerpt":{"rendered":"<p>\u00a1Bienvenido, estas son ubicaciones de nuestras oficinas en OKC de Sky Ortho, donde hacemos todo lo posible para facilitar que todos los miembros de su familia visiten a nuestra familia de ortodoncistas! Sky Ortho le ofrece horarios de oficina convenientes que incluyen tardes, ma\u00f1anas tempranas e incluso fines de semana para disminuir el tiempo ausente [&hellip;]<\/p>\n","protected":false},"author":1,"featured_media":1486,"parent":0,"menu_order":0,"comment_status":"closed","ping_status":"closed","template":"tpls\/template-about.php","meta":{"footnotes":""},"class_list":["post-4205","page","type-page","status-publish","has-post-thumbnail","hentry"],"yoast_head":"<!-- This site is optimized with the Yoast SEO plugin v27.3 - https:\/\/yoast.com\/product\/yoast-seo-wordpress\/ -->\n<title>Nuestras Oficinas en OKC | Sky Ortho | Moore y Shawnee.<\/title>\n<meta name=\"description\" content=\"Nuestras Oficinas en OKC ubicadas en Shawnee y Moore. Con horarios flexibles para evitar ausencias en la escuela y el trabajo.\" \/>\n<meta name=\"robots\" content=\"index, follow, max-snippet:-1, max-image-preview:large, max-video-preview:-1\" \/>\n<link rel=\"canonical\" href=\"https:\/\/orthogogo.com\/es\/nuestras-oficinas-en-okc\/\" \/>\n<meta property=\"og:locale\" content=\"es_ES\" \/>\n<meta property=\"og:type\" content=\"article\" \/>\n<meta property=\"og:title\" content=\"Nuestras Oficinas en OKC | Sky Ortho | Moore y Shawnee.\" \/>\n<meta property=\"og:description\" content=\"Nuestras Oficinas en OKC ubicadas en Shawnee y Moore. Con horarios flexibles para evitar ausencias en la escuela y el trabajo.\" \/>\n<meta property=\"og:url\" content=\"https:\/\/orthogogo.com\/es\/nuestras-oficinas-en-okc\/\" \/>\n<meta property=\"og:site_name\" content=\"Sky Ortho\" \/>\n<meta property=\"article:modified_time\" content=\"2021-09-28T17:43:02+00:00\" \/>\n<meta property=\"og:image\" content=\"https:\/\/orthogogo.com\/es\/wp-content\/uploads\/2015\/08\/orthodontist-okc-e1584980476361.jpg\" \/>\n\t<meta property=\"og:image:width\" content=\"900\" \/>\n\t<meta property=\"og:image:height\" content=\"596\" \/>\n\t<meta property=\"og:image:type\" content=\"image\/jpeg\" \/>\n<meta name=\"twitter:card\" content=\"summary_large_image\" \/>\n<meta name=\"twitter:label1\" content=\"Tiempo de lectura\" \/>\n\t<meta name=\"twitter:data1\" content=\"4 minutos\" \/>\n<script type=\"application\/ld+json\" class=\"yoast-schema-graph\">{\"@context\":\"https:\\\/\\\/schema.org\",\"@graph\":[{\"@type\":\"WebPage\",\"@id\":\"https:\\\/\\\/orthogogo.com\\\/es\\\/nuestras-oficinas-en-okc\\\/\",\"url\":\"https:\\\/\\\/orthogogo.com\\\/es\\\/nuestras-oficinas-en-okc\\\/\",\"name\":\"Nuestras Oficinas en OKC | Sky Ortho | Moore y Shawnee.\",\"isPartOf\":{\"@id\":\"https:\\\/\\\/orthogogo.com\\\/es\\\/#website\"},\"primaryImageOfPage\":{\"@id\":\"https:\\\/\\\/orthogogo.com\\\/es\\\/nuestras-oficinas-en-okc\\\/#primaryimage\"},\"image\":{\"@id\":\"https:\\\/\\\/orthogogo.com\\\/es\\\/nuestras-oficinas-en-okc\\\/#primaryimage\"},\"thumbnailUrl\":\"https:\\\/\\\/orthogogo.com\\\/es\\\/wp-content\\\/uploads\\\/2015\\\/08\\\/orthodontist-okc-e1584980476361.jpg\",\"datePublished\":\"2021-09-28T15:59:08+00:00\",\"dateModified\":\"2021-09-28T17:43:02+00:00\",\"description\":\"Nuestras Oficinas en OKC ubicadas en Shawnee y Moore. Con horarios flexibles para evitar ausencias en la escuela y el trabajo.\",\"breadcrumb\":{\"@id\":\"https:\\\/\\\/orthogogo.com\\\/es\\\/nuestras-oficinas-en-okc\\\/#breadcrumb\"},\"inLanguage\":\"es\",\"potentialAction\":[{\"@type\":\"ReadAction\",\"target\":[\"https:\\\/\\\/orthogogo.com\\\/es\\\/nuestras-oficinas-en-okc\\\/\"]}]},{\"@type\":\"ImageObject\",\"inLanguage\":\"es\",\"@id\":\"https:\\\/\\\/orthogogo.com\\\/es\\\/nuestras-oficinas-en-okc\\\/#primaryimage\",\"url\":\"https:\\\/\\\/orthogogo.com\\\/es\\\/wp-content\\\/uploads\\\/2015\\\/08\\\/orthodontist-okc-e1584980476361.jpg\",\"contentUrl\":\"https:\\\/\\\/orthogogo.com\\\/es\\\/wp-content\\\/uploads\\\/2015\\\/08\\\/orthodontist-okc-e1584980476361.jpg\",\"width\":900,\"height\":596,\"caption\":\"Nuestras Oficinas en OKC\"},{\"@type\":\"BreadcrumbList\",\"@id\":\"https:\\\/\\\/orthogogo.com\\\/es\\\/nuestras-oficinas-en-okc\\\/#breadcrumb\",\"itemListElement\":[{\"@type\":\"ListItem\",\"position\":1,\"name\":\"Home\",\"item\":\"https:\\\/\\\/orthogogo.com\\\/es\\\/\"},{\"@type\":\"ListItem\",\"position\":2,\"name\":\"Nuestras Oficinas en OKC\"}]},{\"@type\":\"WebSite\",\"@id\":\"https:\\\/\\\/orthogogo.com\\\/es\\\/#website\",\"url\":\"https:\\\/\\\/orthogogo.com\\\/es\\\/\",\"name\":\"Sky Ortho\",\"description\":\"Ortodoncistas en OKC, Moore, Shawnee &amp; Norman\",\"publisher\":{\"@id\":\"https:\\\/\\\/orthogogo.com\\\/es\\\/#organization\"},\"potentialAction\":[{\"@type\":\"SearchAction\",\"target\":{\"@type\":\"EntryPoint\",\"urlTemplate\":\"https:\\\/\\\/orthogogo.com\\\/es\\\/?s={search_term_string}\"},\"query-input\":{\"@type\":\"PropertyValueSpecification\",\"valueRequired\":true,\"valueName\":\"search_term_string\"}}],\"inLanguage\":\"es\"},{\"@type\":\"Organization\",\"@id\":\"https:\\\/\\\/orthogogo.com\\\/es\\\/#organization\",\"name\":\"Sky Ortho\",\"url\":\"https:\\\/\\\/orthogogo.com\\\/es\\\/\",\"logo\":{\"@type\":\"ImageObject\",\"inLanguage\":\"es\",\"@id\":\"https:\\\/\\\/orthogogo.com\\\/es\\\/#\\\/schema\\\/logo\\\/image\\\/\",\"url\":\"https:\\\/\\\/orthogogo.com\\\/es\\\/wp-content\\\/uploads\\\/2020\\\/09\\\/head-logo.png\",\"contentUrl\":\"https:\\\/\\\/orthogogo.com\\\/es\\\/wp-content\\\/uploads\\\/2020\\\/09\\\/head-logo.png\",\"width\":128,\"height\":128,\"caption\":\"Sky Ortho\"},\"image\":{\"@id\":\"https:\\\/\\\/orthogogo.com\\\/es\\\/#\\\/schema\\\/logo\\\/image\\\/\"}}]}<\/script>\n<!-- \/ Yoast SEO plugin. -->","yoast_head_json":{"title":"Nuestras Oficinas en OKC | Sky Ortho | Moore y Shawnee.","description":"Nuestras Oficinas en OKC ubicadas en Shawnee y Moore. Con horarios flexibles para evitar ausencias en la escuela y el trabajo.","robots":{"index":"index","follow":"follow","max-snippet":"max-snippet:-1","max-image-preview":"max-image-preview:large","max-video-preview":"max-video-preview:-1"},"canonical":"https:\/\/orthogogo.com\/es\/nuestras-oficinas-en-okc\/","og_locale":"es_ES","og_type":"article","og_title":"Nuestras Oficinas en OKC | Sky Ortho | Moore y Shawnee.","og_description":"Nuestras Oficinas en OKC ubicadas en Shawnee y Moore. Con horarios flexibles para evitar ausencias en la escuela y el trabajo.","og_url":"https:\/\/orthogogo.com\/es\/nuestras-oficinas-en-okc\/","og_site_name":"Sky Ortho","article_modified_time":"2021-09-28T17:43:02+00:00","og_image":[{"width":900,"height":596,"url":"https:\/\/orthogogo.com\/es\/wp-content\/uploads\/2015\/08\/orthodontist-okc-e1584980476361.jpg","type":"image\/jpeg"}],"twitter_card":"summary_large_image","twitter_misc":{"Tiempo de lectura":"4 minutos"},"schema":{"@context":"https:\/\/schema.org","@graph":[{"@type":"WebPage","@id":"https:\/\/orthogogo.com\/es\/nuestras-oficinas-en-okc\/","url":"https:\/\/orthogogo.com\/es\/nuestras-oficinas-en-okc\/","name":"Nuestras Oficinas en OKC | Sky Ortho | Moore y Shawnee.","isPartOf":{"@id":"https:\/\/orthogogo.com\/es\/#website"},"primaryImageOfPage":{"@id":"https:\/\/orthogogo.com\/es\/nuestras-oficinas-en-okc\/#primaryimage"},"image":{"@id":"https:\/\/orthogogo.com\/es\/nuestras-oficinas-en-okc\/#primaryimage"},"thumbnailUrl":"https:\/\/orthogogo.com\/es\/wp-content\/uploads\/2015\/08\/orthodontist-okc-e1584980476361.jpg","datePublished":"2021-09-28T15:59:08+00:00","dateModified":"2021-09-28T17:43:02+00:00","description":"Nuestras Oficinas en OKC ubicadas en Shawnee y Moore. Con horarios flexibles para evitar ausencias en la escuela y el trabajo.","breadcrumb":{"@id":"https:\/\/orthogogo.com\/es\/nuestras-oficinas-en-okc\/#breadcrumb"},"inLanguage":"es","potentialAction":[{"@type":"ReadAction","target":["https:\/\/orthogogo.com\/es\/nuestras-oficinas-en-okc\/"]}]},{"@type":"ImageObject","inLanguage":"es","@id":"https:\/\/orthogogo.com\/es\/nuestras-oficinas-en-okc\/#primaryimage","url":"https:\/\/orthogogo.com\/es\/wp-content\/uploads\/2015\/08\/orthodontist-okc-e1584980476361.jpg","contentUrl":"https:\/\/orthogogo.com\/es\/wp-content\/uploads\/2015\/08\/orthodontist-okc-e1584980476361.jpg","width":900,"height":596,"caption":"Nuestras Oficinas en OKC"},{"@type":"BreadcrumbList","@id":"https:\/\/orthogogo.com\/es\/nuestras-oficinas-en-okc\/#breadcrumb","itemListElement":[{"@type":"ListItem","position":1,"name":"Home","item":"https:\/\/orthogogo.com\/es\/"},{"@type":"ListItem","position":2,"name":"Nuestras Oficinas en OKC"}]},{"@type":"WebSite","@id":"https:\/\/orthogogo.com\/es\/#website","url":"https:\/\/orthogogo.com\/es\/","name":"Sky Ortho","description":"Ortodoncistas en OKC, Moore, Shawnee &amp; Norman","publisher":{"@id":"https:\/\/orthogogo.com\/es\/#organization"},"potentialAction":[{"@type":"SearchAction","target":{"@type":"EntryPoint","urlTemplate":"https:\/\/orthogogo.com\/es\/?s={search_term_string}"},"query-input":{"@type":"PropertyValueSpecification","valueRequired":true,"valueName":"search_term_string"}}],"inLanguage":"es"},{"@type":"Organization","@id":"https:\/\/orthogogo.com\/es\/#organization","name":"Sky Ortho","url":"https:\/\/orthogogo.com\/es\/","logo":{"@type":"ImageObject","inLanguage":"es","@id":"https:\/\/orthogogo.com\/es\/#\/schema\/logo\/image\/","url":"https:\/\/orthogogo.com\/es\/wp-content\/uploads\/2020\/09\/head-logo.png","contentUrl":"https:\/\/orthogogo.com\/es\/wp-content\/uploads\/2020\/09\/head-logo.png","width":128,"height":128,"caption":"Sky Ortho"},"image":{"@id":"https:\/\/orthogogo.com\/es\/#\/schema\/logo\/image\/"}}]}},"_links":{"self":[{"href":"https:\/\/orthogogo.com\/es\/wp-json\/wp\/v2\/pages\/4205","targetHints":{"allow":["GET"]}}],"collection":[{"href":"https:\/\/orthogogo.com\/es\/wp-json\/wp\/v2\/pages"}],"about":[{"href":"https:\/\/orthogogo.com\/es\/wp-json\/wp\/v2\/types\/page"}],"author":[{"embeddable":true,"href":"https:\/\/orthogogo.com\/es\/wp-json\/wp\/v2\/users\/1"}],"replies":[{"embeddable":true,"href":"https:\/\/orthogogo.com\/es\/wp-json\/wp\/v2\/comments?post=4205"}],"version-history":[{"count":5,"href":"https:\/\/orthogogo.com\/es\/wp-json\/wp\/v2\/pages\/4205\/revisions"}],"predecessor-version":[{"id":4213,"href":"https:\/\/orthogogo.com\/es\/wp-json\/wp\/v2\/pages\/4205\/revisions\/4213"}],"wp:featuredmedia":[{"embeddable":true,"href":"https:\/\/orthogogo.com\/es\/wp-json\/wp\/v2\/media\/1486"}],"wp:attachment":[{"href":"https:\/\/orthogogo.com\/es\/wp-json\/wp\/v2\/media?parent=4205"}],"curies":[{"name":"wp","href":"https:\/\/api.w.org\/{rel}","templated":true}]}}