{"id":4140,"date":"2021-05-07T02:55:52","date_gmt":"2021-05-07T02:55:52","guid":{"rendered":"https:\/\/orthogogo.com\/es\/?page_id=4140"},"modified":"2021-05-07T20:05:12","modified_gmt":"2021-05-07T20:05:12","slug":"brackets-invisibles-dentistas-con-tratamientos-invisalign","status":"publish","type":"page","link":"https:\/\/orthogogo.com\/es\/brackets-invisibles-dentistas-con-tratamientos-invisalign\/","title":{"rendered":"Invisalign &#8211; C\u00f3mo conseguir los aparatos invisibles en la ciudad de Oklahoma"},"content":{"rendered":"<p><img loading=\"lazy\" decoding=\"async\" class=\"alignnone wp-image-3189 size-full\" src=\"https:\/\/orthogogo.com\/es\/wp-content\/uploads\/2018\/07\/Invisalign-1.png\" alt=\"Invisalign\" width=\"900\" height=\"724\" srcset=\"https:\/\/orthogogo.com\/es\/wp-content\/uploads\/2018\/07\/Invisalign-1.png 900w, https:\/\/orthogogo.com\/es\/wp-content\/uploads\/2018\/07\/Invisalign-1-300x241.png 300w, https:\/\/orthogogo.com\/es\/wp-content\/uploads\/2018\/07\/Invisalign-1-768x618.png 768w\" sizes=\"auto, (max-width: 900px) 100vw, 900px\" \/><\/p>\n<h2>\u00bfBrackets Invisibles? Invisalign y en qu\u00e9 se diferencia de los brackets tradicionales?<\/h2>\n<p>Los brackets invisibles o Invisalign es un tipo de tratamiento dental que endereza los dientes sin el uso de aparatos de metal. Ha transformado la ortodoncia brindando a los pacientes una alternativa a los brackets met\u00e1licos.<\/p>\n<p>Muchas personas quieren dientes m\u00e1s rectos. Pero pocas quieren usar brackets met\u00e1licos y experimentar la incomodidad asociada con los brackets tradicionales. Si este es su caso, puede considerar Invisalign como una buena opci\u00f3n.<\/p>\n<p>Estos\u00a0 brackets son pr\u00e1cticamente invisibles, no incluyen metal y est\u00e1n hechos a medida para sus dientes. Funcionan con una serie de bandejas que colocan gradualmente los dientes en su lugar. Cada bandeja est\u00e1 fabricada para que los dientes queden ligeramente m\u00e1s rectos que la bandeja anterior. Por lo general, sus dientes se mover\u00e1n hasta 0,25 mm por bandeja. Cada dos semanas, recibir\u00e1 un nuevo juego, moviendo lentamente sus dientes hacia la posici\u00f3n deseada.<\/p>\n<figure id=\"attachment_2658\" aria-describedby=\"caption-attachment-2658\" style=\"width: 900px\" class=\"wp-caption alignnone\"><img loading=\"lazy\" decoding=\"async\" class=\"wp-image-2658 size-full\" src=\"https:\/\/orthogogo.com\/es\/wp-content\/uploads\/2018\/07\/invisalign-pop-it-in.jpg\" alt=\"Invisalign\" width=\"900\" height=\"348\" srcset=\"https:\/\/orthogogo.com\/es\/wp-content\/uploads\/2018\/07\/invisalign-pop-it-in.jpg 900w, https:\/\/orthogogo.com\/es\/wp-content\/uploads\/2018\/07\/invisalign-pop-it-in-300x116.jpg 300w, https:\/\/orthogogo.com\/es\/wp-content\/uploads\/2018\/07\/invisalign-pop-it-in-768x297.jpg 768w\" sizes=\"auto, (max-width: 900px) 100vw, 900px\" \/><figcaption id=\"caption-attachment-2658\" class=\"wp-caption-text\">Invisalign es la soluci\u00f3n m\u00e1s conveniente para enderezar los dientes de manera discreta.<\/figcaption><\/figure>\n<h2>OKC Invisalign ofrece una comodidad total.<\/h2>\n<p>Simplemente coloque las bandejas y estar\u00e1 listo para comenzar. Debido a que los alineadores son claros y apenas se notan, son perfectos para las personas que desean una opci\u00f3n m\u00e1s discreta. Y, a diferencia de los brackets met\u00e1licos, OKC Invisalign no irritar\u00e1 su boca como pueden hacerlo los cables y<a href=\"https:\/\/es.wikipedia.org\/wiki\/Aparatolog%C3%ADa_fija\" target=\"_blank\" rel=\"noopener\"> brackets<\/a>. No es necesario aplicar cera a los brackets irritantes.<\/p>\n<p>Otro beneficio es que Oklahoma City Invisalign le permite ver c\u00f3mo se ver\u00e1 su sonrisa cuando finalice el tratamiento. No hay necesidad de preguntarse por el resultado final, puede verlo usted mismo y ver sus progresos durante le tratamiento.<\/p>\n<figure id=\"attachment_3190\" aria-describedby=\"caption-attachment-3190\" style=\"width: 900px\" class=\"wp-caption alignnone\"><img loading=\"lazy\" decoding=\"async\" class=\"wp-image-3190 size-full\" src=\"https:\/\/orthogogo.com\/es\/wp-content\/uploads\/2018\/07\/After-Invisalign.png\" alt=\"despu\u00e9s de Invisalign\" width=\"900\" height=\"601\" srcset=\"https:\/\/orthogogo.com\/es\/wp-content\/uploads\/2018\/07\/After-Invisalign.png 900w, https:\/\/orthogogo.com\/es\/wp-content\/uploads\/2018\/07\/After-Invisalign-300x200.png 300w, https:\/\/orthogogo.com\/es\/wp-content\/uploads\/2018\/07\/After-Invisalign-768x513.png 768w\" sizes=\"auto, (max-width: 900px) 100vw, 900px\" \/><figcaption id=\"caption-attachment-3190\" class=\"wp-caption-text\">Vea c\u00f3mo se ver\u00e1n sus dientes despu\u00e9s de que finalice su tratamiento con Invisalign en Sky Ortho.<\/figcaption><\/figure>\n<h2>\u00bfC\u00f3mo funcionan los brackets invisibles &#8211; OKC Invisalign?<\/h2>\n<p>Oklahoma City Invisalign implica el uso de una serie de alineadores de pl\u00e1stico transparente hechos a medida que colocan los dientes en la posici\u00f3n adecuada. Los pacientes que nunca antes hubieran considerado los aparatos de ortodoncia de Oklahoma City, ahora est\u00e1n probando Invisalign.<\/p>\n<p>Use sus alineadores mientras realiza su rutina diaria. S\u00f3lo debe retirarlos por la ma\u00f1ana y en la noche para limpiarlos. Todo lo que necesita es cepillarlos como lo hace con sus dientes. Retire los Invisalign cuando desee comer para que pueda disfrutar de todas sus comidas favoritas con tranquilidad. No se necesita una dieta especial porque nada se atasca en cables o soportes.<\/p>\n<p>De hecho, Invisalign OKC mantiene los dientes m\u00e1s limpios que los frenillos tradicionales porque se pueden cepillar los dientes como de costumbre. Este tratamiento tambi\u00e9n es perfecto para personas que practican deportes de contacto, especialmente aquellas que requieren protector bucal. Simplemente retire los alineadores mientras juega y vuelva a usarlos cuando haya terminado.<\/p>\n<p>Una vez que haya alcanzado su objetivo final, su m\u00e9dico le recomendar\u00e1 retenedores. Esto es lo mismo ya sea que haya pasado por un tratamiento con aparatos ortop\u00e9dicos tradicionales o con brackets invisibles. Los retenedores son necesarios porque los dientes pueden volver a su posici\u00f3n previa al tratamiento.<\/p>\n<figure id=\"attachment_2659\" aria-describedby=\"caption-attachment-2659\" style=\"width: 1024px\" class=\"wp-caption alignnone\"><img loading=\"lazy\" decoding=\"async\" class=\"wp-image-2659 size-large\" src=\"https:\/\/orthogogo.com\/es\/wp-content\/uploads\/2018\/07\/invisalign-1024x640.jpg\" alt=\"brackets invisibles - Invisalign OKC\" width=\"1024\" height=\"640\" srcset=\"https:\/\/orthogogo.com\/es\/wp-content\/uploads\/2018\/07\/invisalign-1024x640.jpg 1024w, https:\/\/orthogogo.com\/es\/wp-content\/uploads\/2018\/07\/invisalign-300x188.jpg 300w, https:\/\/orthogogo.com\/es\/wp-content\/uploads\/2018\/07\/invisalign-768x480.jpg 768w, https:\/\/orthogogo.com\/es\/wp-content\/uploads\/2018\/07\/invisalign.jpg 1080w\" sizes=\"auto, (max-width: 1024px) 100vw, 1024px\" \/><figcaption id=\"caption-attachment-2659\" class=\"wp-caption-text\">Los Invisalign pueden ser m\u00e1s costasos que los aparatos ortop\u00e9dicos convencionales pero ofrecen muchas ventajas.<\/figcaption><\/figure>\n<h2>\u00bfCu\u00e1nto cuesta los brackets invisibles &#8211; Invisalign en Oklahoma City, OK?<\/h2>\n<p>El precio t\u00edpico de los brackets Invisalign puede ser un poco m\u00e1s alto que el de los brackets normales. El costo promedio varia entre $3,500 y $8,000. Visitenos en <a href=\"https:\/\/orthogogo.com\/es\/\">Sky Ortho<\/a> y nuestros ortodoncistas de OKC le dar\u00e1n una mejor estimaci\u00f3n de precio. Los factores que entran en juego son la extensi\u00f3n de la alineaci\u00f3n y el n\u00famero de alineadores requerido para completar el tratamiento.<\/p>\n<p>El costo de los aparatos de ortodoncia regulares var\u00eda ampliamente, pero generalmente est\u00e1 en el rango de $2,500 a $6,000. Nuevamente, el precio puede cambiar seg\u00fan las necesidades individuales y debe discutirse con su ortodoncista. La mayor\u00eda de los planes de seguro dental cubren Oklahoma City Invisalign tal como lo har\u00edan con los aparatos normales. Consulte con su compa\u00f1\u00eda de seguros para determinar el nivel de cobertura.<\/p>\n<figure id=\"attachment_3191\" aria-describedby=\"caption-attachment-3191\" style=\"width: 1024px\" class=\"wp-caption alignnone\"><img loading=\"lazy\" decoding=\"async\" class=\"wp-image-3191\" src=\"https:\/\/orthogogo.com\/es\/wp-content\/uploads\/2018\/07\/Easy-to-Wear-and-Invisible.png\" alt=\"brackets invisibles\" width=\"1024\" height=\"683\" srcset=\"https:\/\/orthogogo.com\/es\/wp-content\/uploads\/2018\/07\/Easy-to-Wear-and-Invisible.png 900w, https:\/\/orthogogo.com\/es\/wp-content\/uploads\/2018\/07\/Easy-to-Wear-and-Invisible-300x200.png 300w, https:\/\/orthogogo.com\/es\/wp-content\/uploads\/2018\/07\/Easy-to-Wear-and-Invisible-768x512.png 768w\" sizes=\"auto, (max-width: 1024px) 100vw, 1024px\" \/><figcaption id=\"caption-attachment-3191\" class=\"wp-caption-text\">Los profesionales de Sky Ortho pueden ayudarlo con todo lo que necesita saber sobre Invisalign.<\/figcaption><\/figure>\n<h2 class=\"p1\">\u00bfD\u00f3nde puedo encontrar Invisalign en Oklahoma City, OK?<\/h2>\n<p>Es posible que desee comenzar tomando la Evaluaci\u00f3n de sonrisas de Invisalign para ver si es el tratamiento adecuado para su sonrisa. Luego, debe consultar con un proveedor experimentado, como la Dra. Priscilla Larson y el Dr. Ryan Fitzgerald de Sky Ortho, quienes pueden determinar si este tratamiento funcionar\u00e1 para sus dientes. Nuestro personal en Sky Ortho tambi\u00e9n puede responder cualquier pregunta m\u00e9dica o financiera que tenga.<\/p>\n<p>Tenga en cuenta que no todos los dentistas tendr\u00e1n experiencia profesional o formaci\u00f3n con Invisalign. Los proveedores capacitados por Invisalign asisten a sesiones de instrucci\u00f3n especializadas y participan en capacitaci\u00f3n cl\u00ednica continua. Es esencial visitar a un experto que trabaje con Invisalign, como el Dra. Larson y el Dr. Fitzgerald, para garantizar la mejor sonrisa posible.<\/p>\n<figure id=\"attachment_3192\" aria-describedby=\"caption-attachment-3192\" style=\"width: 1024px\" class=\"wp-caption alignnone\"><img loading=\"lazy\" decoding=\"async\" class=\"wp-image-3192\" src=\"https:\/\/orthogogo.com\/es\/wp-content\/uploads\/2018\/07\/dentist-working-patient-on-computer-900-300x200.png\" alt=\"brackets invisibles\" width=\"1024\" height=\"684\" srcset=\"https:\/\/orthogogo.com\/es\/wp-content\/uploads\/2018\/07\/dentist-working-patient-on-computer-900-300x200.png 300w, https:\/\/orthogogo.com\/es\/wp-content\/uploads\/2018\/07\/dentist-working-patient-on-computer-900-768x513.png 768w, https:\/\/orthogogo.com\/es\/wp-content\/uploads\/2018\/07\/dentist-working-patient-on-computer-900.png 900w\" sizes=\"auto, (max-width: 1024px) 100vw, 1024px\" \/><figcaption id=\"caption-attachment-3192\" class=\"wp-caption-text\">Su tratamiento personalizado comienza con im\u00e1genes en 3D de sus dientes.<\/figcaption><\/figure>\n<h2>Explicaci\u00f3n de la tecnolog\u00eda \u00fanica de Invisalign<\/h2>\n<p>Despu\u00e9s de su visita, uno de nuestros doctores le realizar\u00e1 un escaneo digital y crear\u00e1 un plan de tratamiento personalizado. Utilizar\u00e1n im\u00e1genes tridimensionales precisas de sus dientes para trazar sus movimientos durante el curso del tratamiento. Estas im\u00e1genes ayudan a crear sus alineadores personalizados. Invisialign esta elaborado usando pl\u00e1stico suave y libre de\u00a0 <a href=\"https:\/\/en.wikipedia.org\/wiki\/Bisphenol_A\" target=\"_blank\" rel=\"noopener\">BPA<\/a>, no le producen irritaci\u00f3n durente su uso y son c\u00f3modos lo que facilita su uso constante. Aproximadamente cada dos semanas, se pasar\u00e1 a usar el pr\u00f3ximo conjunto de alineadores.<\/p>\n<p>Los alineadores enderezan los dientes con un dise\u00f1o termopl\u00e1stico patentado. Esto no s\u00f3lo controla la fuerza que se aplica para enderezar los dientes, sino tambi\u00e9n el momento en que se aplica. S\u00f3lo se mueven unos pocos dientes durante cada etapa seg\u00fan su plan de tratamiento que se requiera.<\/p>\n<p>El tratamiento promedio tiene una duraci\u00f3n de unos 12 meses. Esto var\u00eda seg\u00fan la gravedad de cada situaci\u00f3n y el tratamiento para cada paciente. El Dra. Larson y el Dr. Fitzgerald trabajar\u00e1n de cerca con usted para desarrollar un plan de tratamiento personalizado.<\/p>\n<p>Adem\u00e1s, nuestros doctores pueden utilizar accesorios para perfeccionar a\u00fan m\u00e1s su sonrisa. En algunos casos, las \u201cprotuberancias\u201d de composite del color de los dientes aplicadas a los dientes ayudan al alineador a sujetar mejor los dientes. Esto ayuda a asegurar el movimiento dental deseado.<\/p>\n<figure id=\"attachment_3194\" aria-describedby=\"caption-attachment-3194\" style=\"width: 1024px\" class=\"wp-caption alignnone\"><img loading=\"lazy\" decoding=\"async\" class=\"wp-image-3194\" src=\"https:\/\/orthogogo.com\/es\/wp-content\/uploads\/2018\/07\/Beautiful-Smile-with-gap-300x200.png\" alt=\"brackets invisibles\" width=\"1024\" height=\"684\" srcset=\"https:\/\/orthogogo.com\/es\/wp-content\/uploads\/2018\/07\/Beautiful-Smile-with-gap-300x200.png 300w, https:\/\/orthogogo.com\/es\/wp-content\/uploads\/2018\/07\/Beautiful-Smile-with-gap-768x513.png 768w, https:\/\/orthogogo.com\/es\/wp-content\/uploads\/2018\/07\/Beautiful-Smile-with-gap.png 900w\" sizes=\"auto, (max-width: 1024px) 100vw, 1024px\" \/><figcaption id=\"caption-attachment-3194\" class=\"wp-caption-text\">Invisalign aborda una multitud de problemas y promueve su mejor salud bucal.<\/figcaption><\/figure>\n<h2>\u00bfInvisalign funcionar\u00e1 para m\u00ed?<\/h2>\n<p>Dientes espaciados, sobremordidas, mordidas inferiores y dientes api\u00f1ados son s\u00f3lo algunos de los problemas que Invisalign puede corregir. Adem\u00e1s de ser antiest\u00e9ticos, estos problemas pueden afectar su salud dental.<\/p>\n<p>Los dientes con huecos dejar\u00e1n las enc\u00edas desprotegidas y pueden provocar una enfermedad periodontal. Las sobremordidas y las submordidas pueden causar tensi\u00f3n en la mand\u00edbula y provocar problemas articulares dolorosos. Los dientes api\u00f1ados con frecuencia conducen a la acumulaci\u00f3n de placa porque es dif\u00edcil usar el hilo dental de manera eficaz. Esto podr\u00eda resultar en la formaci\u00f3n de caries en \u00e1reas superpobladas.<\/p>\n<p>OKC Invisalign aborda todos estos problemas y m\u00e1s. Adem\u00e1s, promueve su mejor salud bucal. Al final, depende de usted y su m\u00e9dico decidir qu\u00e9 tratamiento es el mejor para usted.<\/p>\n<p>El costo promedio no es mucho m\u00e1s alto que el de los frenos regulares. Adem\u00e1s, Invisalign OKC ofrece ventajas \u00fanicas que pueden justificar la diferencia de costo. Si el costo es una preocupaci\u00f3n para usted, hable con nuestro personal en Sky Ortho sobre las opciones de financiamiento. Sky Ortho le ofrece planes flexibles de pago mensuales para distribuir el costo de los aparatos Invisalign de Oklahoma City durante un per\u00edodo m\u00e1s largo.<\/p>\n<p>&nbsp;<\/p>\n<p>&nbsp;<\/p>\n<p>&nbsp;<\/p>\n","protected":false},"excerpt":{"rendered":"<p>\u00bfBrackets Invisibles? Invisalign y en qu\u00e9 se diferencia de los brackets tradicionales? Los brackets invisibles o Invisalign es un tipo de tratamiento dental que endereza los dientes sin el uso de aparatos de metal. Ha transformado la ortodoncia brindando a los pacientes una alternativa a los brackets met\u00e1licos. Muchas personas quieren dientes m\u00e1s rectos. Pero [&hellip;]<\/p>\n","protected":false},"author":1,"featured_media":2657,"parent":0,"menu_order":0,"comment_status":"closed","ping_status":"closed","template":"tpls\/template-about.php","meta":{"footnotes":""},"class_list":["post-4140","page","type-page","status-publish","has-post-thumbnail","hentry"],"yoast_head":"<!-- This site is optimized with the Yoast SEO plugin v27.3 - https:\/\/yoast.com\/product\/yoast-seo-wordpress\/ -->\n<title>brackets invisibles - Dentistas con tratamientos Invisalign - Oklahoma<\/title>\n<meta name=\"description\" content=\"brackets invisibles - Invisalign son los brackets que nadie notar\u00e1. Visite Sky Ortho y nuestros doctores presponder\u00e1n sus preguntas.\" \/>\n<meta name=\"robots\" content=\"index, follow, max-snippet:-1, max-image-preview:large, max-video-preview:-1\" \/>\n<link rel=\"canonical\" href=\"https:\/\/orthogogo.com\/es\/brackets-invisibles-dentistas-con-tratamientos-invisalign\/\" \/>\n<meta property=\"og:locale\" content=\"es_ES\" \/>\n<meta property=\"og:type\" content=\"article\" \/>\n<meta property=\"og:title\" content=\"brackets invisibles - Dentistas con tratamientos Invisalign - Oklahoma\" \/>\n<meta property=\"og:description\" content=\"brackets invisibles - Invisalign son los brackets que nadie notar\u00e1. Visite Sky Ortho y nuestros doctores presponder\u00e1n sus preguntas.\" \/>\n<meta property=\"og:url\" content=\"https:\/\/orthogogo.com\/es\/brackets-invisibles-dentistas-con-tratamientos-invisalign\/\" \/>\n<meta property=\"og:site_name\" content=\"Sky Ortho\" \/>\n<meta property=\"article:modified_time\" content=\"2021-05-07T20:05:12+00:00\" \/>\n<meta property=\"og:image\" content=\"https:\/\/orthogogo.com\/es\/wp-content\/uploads\/2018\/07\/Invisalign-1.jpg\" \/>\n\t<meta property=\"og:image:width\" content=\"700\" \/>\n\t<meta property=\"og:image:height\" content=\"563\" \/>\n\t<meta property=\"og:image:type\" content=\"image\/jpeg\" \/>\n<meta name=\"twitter:card\" content=\"summary_large_image\" \/>\n<meta name=\"twitter:label1\" content=\"Tiempo de lectura\" \/>\n\t<meta name=\"twitter:data1\" content=\"7 minutos\" \/>\n<script type=\"application\/ld+json\" class=\"yoast-schema-graph\">{\"@context\":\"https:\\\/\\\/schema.org\",\"@graph\":[{\"@type\":\"WebPage\",\"@id\":\"https:\\\/\\\/orthogogo.com\\\/es\\\/brackets-invisibles-dentistas-con-tratamientos-invisalign\\\/\",\"url\":\"https:\\\/\\\/orthogogo.com\\\/es\\\/brackets-invisibles-dentistas-con-tratamientos-invisalign\\\/\",\"name\":\"brackets invisibles - Dentistas con tratamientos Invisalign - Oklahoma\",\"isPartOf\":{\"@id\":\"https:\\\/\\\/orthogogo.com\\\/es\\\/#website\"},\"primaryImageOfPage\":{\"@id\":\"https:\\\/\\\/orthogogo.com\\\/es\\\/brackets-invisibles-dentistas-con-tratamientos-invisalign\\\/#primaryimage\"},\"image\":{\"@id\":\"https:\\\/\\\/orthogogo.com\\\/es\\\/brackets-invisibles-dentistas-con-tratamientos-invisalign\\\/#primaryimage\"},\"thumbnailUrl\":\"https:\\\/\\\/orthogogo.com\\\/es\\\/wp-content\\\/uploads\\\/2018\\\/07\\\/Invisalign-1.jpg\",\"datePublished\":\"2021-05-07T02:55:52+00:00\",\"dateModified\":\"2021-05-07T20:05:12+00:00\",\"description\":\"brackets invisibles - Invisalign son los brackets que nadie notar\u00e1. Visite Sky Ortho y nuestros doctores presponder\u00e1n sus preguntas.\",\"breadcrumb\":{\"@id\":\"https:\\\/\\\/orthogogo.com\\\/es\\\/brackets-invisibles-dentistas-con-tratamientos-invisalign\\\/#breadcrumb\"},\"inLanguage\":\"es\",\"potentialAction\":[{\"@type\":\"ReadAction\",\"target\":[\"https:\\\/\\\/orthogogo.com\\\/es\\\/brackets-invisibles-dentistas-con-tratamientos-invisalign\\\/\"]}]},{\"@type\":\"ImageObject\",\"inLanguage\":\"es\",\"@id\":\"https:\\\/\\\/orthogogo.com\\\/es\\\/brackets-invisibles-dentistas-con-tratamientos-invisalign\\\/#primaryimage\",\"url\":\"https:\\\/\\\/orthogogo.com\\\/es\\\/wp-content\\\/uploads\\\/2018\\\/07\\\/Invisalign-1.jpg\",\"contentUrl\":\"https:\\\/\\\/orthogogo.com\\\/es\\\/wp-content\\\/uploads\\\/2018\\\/07\\\/Invisalign-1.jpg\",\"width\":700,\"height\":563,\"caption\":\"Invisalign es una hermosa soluci\u00f3n. Ambas personas est\u00e1n enderezando sus dientes.\"},{\"@type\":\"BreadcrumbList\",\"@id\":\"https:\\\/\\\/orthogogo.com\\\/es\\\/brackets-invisibles-dentistas-con-tratamientos-invisalign\\\/#breadcrumb\",\"itemListElement\":[{\"@type\":\"ListItem\",\"position\":1,\"name\":\"Home\",\"item\":\"https:\\\/\\\/orthogogo.com\\\/es\\\/\"},{\"@type\":\"ListItem\",\"position\":2,\"name\":\"Invisalign &#8211; C\u00f3mo conseguir los aparatos invisibles en la ciudad de Oklahoma\"}]},{\"@type\":\"WebSite\",\"@id\":\"https:\\\/\\\/orthogogo.com\\\/es\\\/#website\",\"url\":\"https:\\\/\\\/orthogogo.com\\\/es\\\/\",\"name\":\"Sky Ortho\",\"description\":\"Ortodoncistas en OKC, Moore, Shawnee &amp; Norman\",\"publisher\":{\"@id\":\"https:\\\/\\\/orthogogo.com\\\/es\\\/#organization\"},\"potentialAction\":[{\"@type\":\"SearchAction\",\"target\":{\"@type\":\"EntryPoint\",\"urlTemplate\":\"https:\\\/\\\/orthogogo.com\\\/es\\\/?s={search_term_string}\"},\"query-input\":{\"@type\":\"PropertyValueSpecification\",\"valueRequired\":true,\"valueName\":\"search_term_string\"}}],\"inLanguage\":\"es\"},{\"@type\":\"Organization\",\"@id\":\"https:\\\/\\\/orthogogo.com\\\/es\\\/#organization\",\"name\":\"Sky Ortho\",\"url\":\"https:\\\/\\\/orthogogo.com\\\/es\\\/\",\"logo\":{\"@type\":\"ImageObject\",\"inLanguage\":\"es\",\"@id\":\"https:\\\/\\\/orthogogo.com\\\/es\\\/#\\\/schema\\\/logo\\\/image\\\/\",\"url\":\"https:\\\/\\\/orthogogo.com\\\/es\\\/wp-content\\\/uploads\\\/2020\\\/09\\\/head-logo.png\",\"contentUrl\":\"https:\\\/\\\/orthogogo.com\\\/es\\\/wp-content\\\/uploads\\\/2020\\\/09\\\/head-logo.png\",\"width\":128,\"height\":128,\"caption\":\"Sky Ortho\"},\"image\":{\"@id\":\"https:\\\/\\\/orthogogo.com\\\/es\\\/#\\\/schema\\\/logo\\\/image\\\/\"}}]}<\/script>\n<!-- \/ Yoast SEO plugin. -->","yoast_head_json":{"title":"brackets invisibles - Dentistas con tratamientos Invisalign - Oklahoma","description":"brackets invisibles - Invisalign son los brackets que nadie notar\u00e1. Visite Sky Ortho y nuestros doctores presponder\u00e1n sus preguntas.","robots":{"index":"index","follow":"follow","max-snippet":"max-snippet:-1","max-image-preview":"max-image-preview:large","max-video-preview":"max-video-preview:-1"},"canonical":"https:\/\/orthogogo.com\/es\/brackets-invisibles-dentistas-con-tratamientos-invisalign\/","og_locale":"es_ES","og_type":"article","og_title":"brackets invisibles - Dentistas con tratamientos Invisalign - Oklahoma","og_description":"brackets invisibles - Invisalign son los brackets que nadie notar\u00e1. Visite Sky Ortho y nuestros doctores presponder\u00e1n sus preguntas.","og_url":"https:\/\/orthogogo.com\/es\/brackets-invisibles-dentistas-con-tratamientos-invisalign\/","og_site_name":"Sky Ortho","article_modified_time":"2021-05-07T20:05:12+00:00","og_image":[{"width":700,"height":563,"url":"https:\/\/orthogogo.com\/es\/wp-content\/uploads\/2018\/07\/Invisalign-1.jpg","type":"image\/jpeg"}],"twitter_card":"summary_large_image","twitter_misc":{"Tiempo de lectura":"7 minutos"},"schema":{"@context":"https:\/\/schema.org","@graph":[{"@type":"WebPage","@id":"https:\/\/orthogogo.com\/es\/brackets-invisibles-dentistas-con-tratamientos-invisalign\/","url":"https:\/\/orthogogo.com\/es\/brackets-invisibles-dentistas-con-tratamientos-invisalign\/","name":"brackets invisibles - Dentistas con tratamientos Invisalign - Oklahoma","isPartOf":{"@id":"https:\/\/orthogogo.com\/es\/#website"},"primaryImageOfPage":{"@id":"https:\/\/orthogogo.com\/es\/brackets-invisibles-dentistas-con-tratamientos-invisalign\/#primaryimage"},"image":{"@id":"https:\/\/orthogogo.com\/es\/brackets-invisibles-dentistas-con-tratamientos-invisalign\/#primaryimage"},"thumbnailUrl":"https:\/\/orthogogo.com\/es\/wp-content\/uploads\/2018\/07\/Invisalign-1.jpg","datePublished":"2021-05-07T02:55:52+00:00","dateModified":"2021-05-07T20:05:12+00:00","description":"brackets invisibles - Invisalign son los brackets que nadie notar\u00e1. Visite Sky Ortho y nuestros doctores presponder\u00e1n sus preguntas.","breadcrumb":{"@id":"https:\/\/orthogogo.com\/es\/brackets-invisibles-dentistas-con-tratamientos-invisalign\/#breadcrumb"},"inLanguage":"es","potentialAction":[{"@type":"ReadAction","target":["https:\/\/orthogogo.com\/es\/brackets-invisibles-dentistas-con-tratamientos-invisalign\/"]}]},{"@type":"ImageObject","inLanguage":"es","@id":"https:\/\/orthogogo.com\/es\/brackets-invisibles-dentistas-con-tratamientos-invisalign\/#primaryimage","url":"https:\/\/orthogogo.com\/es\/wp-content\/uploads\/2018\/07\/Invisalign-1.jpg","contentUrl":"https:\/\/orthogogo.com\/es\/wp-content\/uploads\/2018\/07\/Invisalign-1.jpg","width":700,"height":563,"caption":"Invisalign es una hermosa soluci\u00f3n. Ambas personas est\u00e1n enderezando sus dientes."},{"@type":"BreadcrumbList","@id":"https:\/\/orthogogo.com\/es\/brackets-invisibles-dentistas-con-tratamientos-invisalign\/#breadcrumb","itemListElement":[{"@type":"ListItem","position":1,"name":"Home","item":"https:\/\/orthogogo.com\/es\/"},{"@type":"ListItem","position":2,"name":"Invisalign &#8211; C\u00f3mo conseguir los aparatos invisibles en la ciudad de Oklahoma"}]},{"@type":"WebSite","@id":"https:\/\/orthogogo.com\/es\/#website","url":"https:\/\/orthogogo.com\/es\/","name":"Sky Ortho","description":"Ortodoncistas en OKC, Moore, Shawnee &amp; Norman","publisher":{"@id":"https:\/\/orthogogo.com\/es\/#organization"},"potentialAction":[{"@type":"SearchAction","target":{"@type":"EntryPoint","urlTemplate":"https:\/\/orthogogo.com\/es\/?s={search_term_string}"},"query-input":{"@type":"PropertyValueSpecification","valueRequired":true,"valueName":"search_term_string"}}],"inLanguage":"es"},{"@type":"Organization","@id":"https:\/\/orthogogo.com\/es\/#organization","name":"Sky Ortho","url":"https:\/\/orthogogo.com\/es\/","logo":{"@type":"ImageObject","inLanguage":"es","@id":"https:\/\/orthogogo.com\/es\/#\/schema\/logo\/image\/","url":"https:\/\/orthogogo.com\/es\/wp-content\/uploads\/2020\/09\/head-logo.png","contentUrl":"https:\/\/orthogogo.com\/es\/wp-content\/uploads\/2020\/09\/head-logo.png","width":128,"height":128,"caption":"Sky Ortho"},"image":{"@id":"https:\/\/orthogogo.com\/es\/#\/schema\/logo\/image\/"}}]}},"_links":{"self":[{"href":"https:\/\/orthogogo.com\/es\/wp-json\/wp\/v2\/pages\/4140","targetHints":{"allow":["GET"]}}],"collection":[{"href":"https:\/\/orthogogo.com\/es\/wp-json\/wp\/v2\/pages"}],"about":[{"href":"https:\/\/orthogogo.com\/es\/wp-json\/wp\/v2\/types\/page"}],"author":[{"embeddable":true,"href":"https:\/\/orthogogo.com\/es\/wp-json\/wp\/v2\/users\/1"}],"replies":[{"embeddable":true,"href":"https:\/\/orthogogo.com\/es\/wp-json\/wp\/v2\/comments?post=4140"}],"version-history":[{"count":13,"href":"https:\/\/orthogogo.com\/es\/wp-json\/wp\/v2\/pages\/4140\/revisions"}],"predecessor-version":[{"id":4154,"href":"https:\/\/orthogogo.com\/es\/wp-json\/wp\/v2\/pages\/4140\/revisions\/4154"}],"wp:featuredmedia":[{"embeddable":true,"href":"https:\/\/orthogogo.com\/es\/wp-json\/wp\/v2\/media\/2657"}],"wp:attachment":[{"href":"https:\/\/orthogogo.com\/es\/wp-json\/wp\/v2\/media?parent=4140"}],"curies":[{"name":"wp","href":"https:\/\/api.w.org\/{rel}","templated":true}]}}