{"id":3789,"date":"2020-11-06T23:45:40","date_gmt":"2020-11-06T23:45:40","guid":{"rendered":"https:\/\/orthogogo.com\/es\/?page_id=3789"},"modified":"2022-08-04T21:47:19","modified_gmt":"2022-08-04T21:47:19","slug":"como-funcionan-los-brackets","status":"publish","type":"page","link":"https:\/\/orthogogo.com\/es\/como-funcionan-los-brackets\/","title":{"rendered":"La ciencia detr\u00e1s de los Brackets, C\u00f3mo funcionan"},"content":{"rendered":"<p>Como funcionan los brackets, la ciencia e ingenier\u00eda de los <a href=\"https:\/\/es.wikipedia.org\/wiki\/Aparatolog%C3%ADa_removible_(ortodoncia)\" target=\"_blank\" rel=\"noopener\">aparatos de ortodoncia<\/a> y como funcionan puede ser muy interesante, especialmente si eres un ni\u00f1o curioso o un tecn\u00f3logo. Y eso no tiene nada que ver con el hecho de que est\u00e9s usando frenillos. En este caso, nos referimos a aquellos quienes simplemente les gusta hablar sobre los aspectos t\u00e9cnicos y el funcionamiento de las cosas.<\/p>\n<p><img loading=\"lazy\" decoding=\"async\" class=\"alignnone wp-image-3798 size-full\" src=\"https:\/\/orthogogo.com\/es\/wp-content\/uploads\/2020\/11\/How-braces-work-1.png\" alt=\"How braces work\" width=\"1024\" height=\"683\" srcset=\"https:\/\/orthogogo.com\/es\/wp-content\/uploads\/2020\/11\/How-braces-work-1.png 1024w, https:\/\/orthogogo.com\/es\/wp-content\/uploads\/2020\/11\/How-braces-work-1-300x200.png 300w, https:\/\/orthogogo.com\/es\/wp-content\/uploads\/2020\/11\/How-braces-work-1-768x512.png 768w\" sizes=\"auto, (max-width: 1024px) 100vw, 1024px\" \/><\/p>\n<h2>Entendiendo como funcionan los Brackets<\/h2>\n<p>Los frenillos consisten en brackets (el soporte individual para cada diente) que se pegan a los dientes. Esto nos da un mango para agarrar el diente y aplicar las fuerzas adecuadas. Los cables se unen a los soportes mediante el\u00e1sticos o juntas t\u00f3ricas de colores peque\u00f1os.<\/p>\n<p>En Sky Ortho, comenzamos usando alambres delgados y flexibles que est\u00e1n preformados en forma de arco (una forma de \u00abU\u00bb ampliada). Cuando el alambre est\u00e1 atado a todos los soportes, inmediatamente comienza a adoptar su forma original de \u00abU\u00bb. As\u00ed que imagine que tiene un arco de dientes casi ideal, excepto que un diente est\u00e1 separado de los dem\u00e1s. Cuando se inserta y acopla el alambre, este se relaja en su mayor parte, excepto en el \u00e1rea donde lo forzamos a retroceder para acoplar ese diente que est\u00e1 retra\u00eddo. En esta \u00e1rea, el alambre tender\u00e1 a relajarse hacia adelante para volver a su forma de \u00abU\u00bb original.<\/p>\n<p>Como resultado, los alambres aplican una fuerza ligera al diente que tendr\u00e1 el efecto de desplazar suavemente ese diente a su posici\u00f3n deseada. De manera similar, la misma idea funciona con dientes que est\u00e1n rotados, demasiado altos o bajos, etc. Comenzamos con alambres extremadamente ligeros y flexibles. Sin embargo, a medida que los dientes se alinean mejor, podemos usar alambres m\u00e1s fuertes, m\u00e1s gruesos y m\u00e1s r\u00edgidos. Esto logra movimientos m\u00e1s peque\u00f1os y precisos.<\/p>\n<p><img loading=\"lazy\" decoding=\"async\" class=\"alignnone wp-image-3799 size-full\" src=\"https:\/\/orthogogo.com\/es\/wp-content\/uploads\/2020\/11\/How-Braces-Work-2.png\" alt=\"How Braces Work\" width=\"1024\" height=\"683\" srcset=\"https:\/\/orthogogo.com\/es\/wp-content\/uploads\/2020\/11\/How-Braces-Work-2.png 1024w, https:\/\/orthogogo.com\/es\/wp-content\/uploads\/2020\/11\/How-Braces-Work-2-300x200.png 300w, https:\/\/orthogogo.com\/es\/wp-content\/uploads\/2020\/11\/How-Braces-Work-2-768x512.png 768w\" sizes=\"auto, (max-width: 1024px) 100vw, 1024px\" \/><\/p>\n<h2>Manteniendo esos hermosos resultados<\/h2>\n<p>Finalmente, cuando todos los dientes ya est\u00e1n alineados con alambres muy fuertes, podemos usar bandas el\u00e1sticas (bandas de goma) con los tirantes para alinear la mordida. Cuando tanto los dientes como la mordida se encuentran alineadas, \u00a1es hora de quitar los aparatos de ortodoncia! Los dientes siempre querr\u00e1n volver al lugar de donde vinieron originalmente. Es por eso que los retenedores son importantes despu\u00e9s de remover los frenillos.<\/p>\n<p>\u00bfQuieres ser a\u00fan m\u00e1s geek? Preg\u00fantele a la <a href=\"https:\/\/orthogogo.com\/es\/dra-priscilla-larson\/\" target=\"_blank\" rel=\"noopener\">Dra. Larson<\/a> o al <a href=\"https:\/\/orthogogo.com\/es\/nuestros-doctores\/dr-ryan-fitzgerald\/\">Dr. Fitzgerald<\/a> sobre la impresi\u00f3n 3D y su importante papel en la ortodoncia actual.<\/p>\n<div><\/div>\n","protected":false},"excerpt":{"rendered":"<p>Como funcionan los brackets, la ciencia e ingenier\u00eda de los aparatos de ortodoncia y como funcionan puede ser muy interesante, especialmente si eres un ni\u00f1o curioso o un tecn\u00f3logo. Y eso no tiene nada que ver con el hecho de que est\u00e9s usando frenillos. En este caso, nos referimos a aquellos quienes simplemente les gusta [&hellip;]<\/p>\n","protected":false},"author":3,"featured_media":3798,"parent":0,"menu_order":0,"comment_status":"closed","ping_status":"closed","template":"tpls\/template-about.php","meta":{"footnotes":""},"class_list":["post-3789","page","type-page","status-publish","has-post-thumbnail","hentry"],"yoast_head":"<!-- This site is optimized with the Yoast SEO plugin v27.3 - https:\/\/yoast.com\/product\/yoast-seo-wordpress\/ -->\n<title>Como funcionan los brackets, la ciencia detr\u00e1s de ellos | Sky Ortho<\/title>\n<meta name=\"description\" content=\"La ciencia detr\u00e1s de como funcionan los brackets puede ser muy interesante, m\u00e1s si eres curioso \u00f3 te gusta saber el porque de las cosas.\" \/>\n<meta name=\"robots\" content=\"index, follow, max-snippet:-1, max-image-preview:large, max-video-preview:-1\" \/>\n<link rel=\"canonical\" href=\"https:\/\/orthogogo.com\/es\/como-funcionan-los-brackets\/\" \/>\n<meta property=\"og:locale\" content=\"es_ES\" \/>\n<meta property=\"og:type\" content=\"article\" \/>\n<meta property=\"og:title\" content=\"Como funcionan los brackets, la ciencia detr\u00e1s de ellos | Sky Ortho\" \/>\n<meta property=\"og:description\" content=\"La ciencia detr\u00e1s de como funcionan los brackets puede ser muy interesante, m\u00e1s si eres curioso \u00f3 te gusta saber el porque de las cosas.\" \/>\n<meta property=\"og:url\" content=\"https:\/\/orthogogo.com\/es\/como-funcionan-los-brackets\/\" \/>\n<meta property=\"og:site_name\" content=\"Sky Ortho\" \/>\n<meta property=\"article:modified_time\" content=\"2022-08-04T21:47:19+00:00\" \/>\n<meta property=\"og:image\" content=\"https:\/\/orthogogo.com\/es\/wp-content\/uploads\/2020\/11\/How-braces-work-1.png\" \/>\n\t<meta property=\"og:image:width\" content=\"1024\" \/>\n\t<meta property=\"og:image:height\" content=\"683\" \/>\n\t<meta property=\"og:image:type\" content=\"image\/png\" \/>\n<meta name=\"twitter:card\" content=\"summary_large_image\" \/>\n<meta name=\"twitter:label1\" content=\"Tiempo de lectura\" \/>\n\t<meta name=\"twitter:data1\" content=\"3 minutos\" \/>\n<script type=\"application\/ld+json\" class=\"yoast-schema-graph\">{\"@context\":\"https:\\\/\\\/schema.org\",\"@graph\":[{\"@type\":\"WebPage\",\"@id\":\"https:\\\/\\\/orthogogo.com\\\/es\\\/como-funcionan-los-brackets\\\/\",\"url\":\"https:\\\/\\\/orthogogo.com\\\/es\\\/como-funcionan-los-brackets\\\/\",\"name\":\"Como funcionan los brackets, la ciencia detr\u00e1s de ellos | Sky Ortho\",\"isPartOf\":{\"@id\":\"https:\\\/\\\/orthogogo.com\\\/es\\\/#website\"},\"primaryImageOfPage\":{\"@id\":\"https:\\\/\\\/orthogogo.com\\\/es\\\/como-funcionan-los-brackets\\\/#primaryimage\"},\"image\":{\"@id\":\"https:\\\/\\\/orthogogo.com\\\/es\\\/como-funcionan-los-brackets\\\/#primaryimage\"},\"thumbnailUrl\":\"https:\\\/\\\/orthogogo.com\\\/es\\\/wp-content\\\/uploads\\\/2020\\\/11\\\/How-braces-work-1.png\",\"datePublished\":\"2020-11-06T23:45:40+00:00\",\"dateModified\":\"2022-08-04T21:47:19+00:00\",\"description\":\"La ciencia detr\u00e1s de como funcionan los brackets puede ser muy interesante, m\u00e1s si eres curioso \u00f3 te gusta saber el porque de las cosas.\",\"breadcrumb\":{\"@id\":\"https:\\\/\\\/orthogogo.com\\\/es\\\/como-funcionan-los-brackets\\\/#breadcrumb\"},\"inLanguage\":\"es\",\"potentialAction\":[{\"@type\":\"ReadAction\",\"target\":[\"https:\\\/\\\/orthogogo.com\\\/es\\\/como-funcionan-los-brackets\\\/\"]}]},{\"@type\":\"ImageObject\",\"inLanguage\":\"es\",\"@id\":\"https:\\\/\\\/orthogogo.com\\\/es\\\/como-funcionan-los-brackets\\\/#primaryimage\",\"url\":\"https:\\\/\\\/orthogogo.com\\\/es\\\/wp-content\\\/uploads\\\/2020\\\/11\\\/How-braces-work-1.png\",\"contentUrl\":\"https:\\\/\\\/orthogogo.com\\\/es\\\/wp-content\\\/uploads\\\/2020\\\/11\\\/How-braces-work-1.png\",\"width\":1024,\"height\":683,\"caption\":\"como funcionan los brackets\"},{\"@type\":\"BreadcrumbList\",\"@id\":\"https:\\\/\\\/orthogogo.com\\\/es\\\/como-funcionan-los-brackets\\\/#breadcrumb\",\"itemListElement\":[{\"@type\":\"ListItem\",\"position\":1,\"name\":\"Home\",\"item\":\"https:\\\/\\\/orthogogo.com\\\/es\\\/\"},{\"@type\":\"ListItem\",\"position\":2,\"name\":\"La ciencia detr\u00e1s de los Brackets, C\u00f3mo funcionan\"}]},{\"@type\":\"WebSite\",\"@id\":\"https:\\\/\\\/orthogogo.com\\\/es\\\/#website\",\"url\":\"https:\\\/\\\/orthogogo.com\\\/es\\\/\",\"name\":\"Sky Ortho\",\"description\":\"Ortodoncistas en OKC, Moore, Shawnee &amp; Norman\",\"publisher\":{\"@id\":\"https:\\\/\\\/orthogogo.com\\\/es\\\/#organization\"},\"potentialAction\":[{\"@type\":\"SearchAction\",\"target\":{\"@type\":\"EntryPoint\",\"urlTemplate\":\"https:\\\/\\\/orthogogo.com\\\/es\\\/?s={search_term_string}\"},\"query-input\":{\"@type\":\"PropertyValueSpecification\",\"valueRequired\":true,\"valueName\":\"search_term_string\"}}],\"inLanguage\":\"es\"},{\"@type\":\"Organization\",\"@id\":\"https:\\\/\\\/orthogogo.com\\\/es\\\/#organization\",\"name\":\"Sky Ortho\",\"url\":\"https:\\\/\\\/orthogogo.com\\\/es\\\/\",\"logo\":{\"@type\":\"ImageObject\",\"inLanguage\":\"es\",\"@id\":\"https:\\\/\\\/orthogogo.com\\\/es\\\/#\\\/schema\\\/logo\\\/image\\\/\",\"url\":\"https:\\\/\\\/orthogogo.com\\\/es\\\/wp-content\\\/uploads\\\/2020\\\/09\\\/head-logo.png\",\"contentUrl\":\"https:\\\/\\\/orthogogo.com\\\/es\\\/wp-content\\\/uploads\\\/2020\\\/09\\\/head-logo.png\",\"width\":128,\"height\":128,\"caption\":\"Sky Ortho\"},\"image\":{\"@id\":\"https:\\\/\\\/orthogogo.com\\\/es\\\/#\\\/schema\\\/logo\\\/image\\\/\"}}]}<\/script>\n<!-- \/ Yoast SEO plugin. -->","yoast_head_json":{"title":"Como funcionan los brackets, la ciencia detr\u00e1s de ellos | Sky Ortho","description":"La ciencia detr\u00e1s de como funcionan los brackets puede ser muy interesante, m\u00e1s si eres curioso \u00f3 te gusta saber el porque de las cosas.","robots":{"index":"index","follow":"follow","max-snippet":"max-snippet:-1","max-image-preview":"max-image-preview:large","max-video-preview":"max-video-preview:-1"},"canonical":"https:\/\/orthogogo.com\/es\/como-funcionan-los-brackets\/","og_locale":"es_ES","og_type":"article","og_title":"Como funcionan los brackets, la ciencia detr\u00e1s de ellos | Sky Ortho","og_description":"La ciencia detr\u00e1s de como funcionan los brackets puede ser muy interesante, m\u00e1s si eres curioso \u00f3 te gusta saber el porque de las cosas.","og_url":"https:\/\/orthogogo.com\/es\/como-funcionan-los-brackets\/","og_site_name":"Sky Ortho","article_modified_time":"2022-08-04T21:47:19+00:00","og_image":[{"width":1024,"height":683,"url":"https:\/\/orthogogo.com\/es\/wp-content\/uploads\/2020\/11\/How-braces-work-1.png","type":"image\/png"}],"twitter_card":"summary_large_image","twitter_misc":{"Tiempo de lectura":"3 minutos"},"schema":{"@context":"https:\/\/schema.org","@graph":[{"@type":"WebPage","@id":"https:\/\/orthogogo.com\/es\/como-funcionan-los-brackets\/","url":"https:\/\/orthogogo.com\/es\/como-funcionan-los-brackets\/","name":"Como funcionan los brackets, la ciencia detr\u00e1s de ellos | Sky Ortho","isPartOf":{"@id":"https:\/\/orthogogo.com\/es\/#website"},"primaryImageOfPage":{"@id":"https:\/\/orthogogo.com\/es\/como-funcionan-los-brackets\/#primaryimage"},"image":{"@id":"https:\/\/orthogogo.com\/es\/como-funcionan-los-brackets\/#primaryimage"},"thumbnailUrl":"https:\/\/orthogogo.com\/es\/wp-content\/uploads\/2020\/11\/How-braces-work-1.png","datePublished":"2020-11-06T23:45:40+00:00","dateModified":"2022-08-04T21:47:19+00:00","description":"La ciencia detr\u00e1s de como funcionan los brackets puede ser muy interesante, m\u00e1s si eres curioso \u00f3 te gusta saber el porque de las cosas.","breadcrumb":{"@id":"https:\/\/orthogogo.com\/es\/como-funcionan-los-brackets\/#breadcrumb"},"inLanguage":"es","potentialAction":[{"@type":"ReadAction","target":["https:\/\/orthogogo.com\/es\/como-funcionan-los-brackets\/"]}]},{"@type":"ImageObject","inLanguage":"es","@id":"https:\/\/orthogogo.com\/es\/como-funcionan-los-brackets\/#primaryimage","url":"https:\/\/orthogogo.com\/es\/wp-content\/uploads\/2020\/11\/How-braces-work-1.png","contentUrl":"https:\/\/orthogogo.com\/es\/wp-content\/uploads\/2020\/11\/How-braces-work-1.png","width":1024,"height":683,"caption":"como funcionan los brackets"},{"@type":"BreadcrumbList","@id":"https:\/\/orthogogo.com\/es\/como-funcionan-los-brackets\/#breadcrumb","itemListElement":[{"@type":"ListItem","position":1,"name":"Home","item":"https:\/\/orthogogo.com\/es\/"},{"@type":"ListItem","position":2,"name":"La ciencia detr\u00e1s de los Brackets, C\u00f3mo funcionan"}]},{"@type":"WebSite","@id":"https:\/\/orthogogo.com\/es\/#website","url":"https:\/\/orthogogo.com\/es\/","name":"Sky Ortho","description":"Ortodoncistas en OKC, Moore, Shawnee &amp; Norman","publisher":{"@id":"https:\/\/orthogogo.com\/es\/#organization"},"potentialAction":[{"@type":"SearchAction","target":{"@type":"EntryPoint","urlTemplate":"https:\/\/orthogogo.com\/es\/?s={search_term_string}"},"query-input":{"@type":"PropertyValueSpecification","valueRequired":true,"valueName":"search_term_string"}}],"inLanguage":"es"},{"@type":"Organization","@id":"https:\/\/orthogogo.com\/es\/#organization","name":"Sky Ortho","url":"https:\/\/orthogogo.com\/es\/","logo":{"@type":"ImageObject","inLanguage":"es","@id":"https:\/\/orthogogo.com\/es\/#\/schema\/logo\/image\/","url":"https:\/\/orthogogo.com\/es\/wp-content\/uploads\/2020\/09\/head-logo.png","contentUrl":"https:\/\/orthogogo.com\/es\/wp-content\/uploads\/2020\/09\/head-logo.png","width":128,"height":128,"caption":"Sky Ortho"},"image":{"@id":"https:\/\/orthogogo.com\/es\/#\/schema\/logo\/image\/"}}]}},"_links":{"self":[{"href":"https:\/\/orthogogo.com\/es\/wp-json\/wp\/v2\/pages\/3789","targetHints":{"allow":["GET"]}}],"collection":[{"href":"https:\/\/orthogogo.com\/es\/wp-json\/wp\/v2\/pages"}],"about":[{"href":"https:\/\/orthogogo.com\/es\/wp-json\/wp\/v2\/types\/page"}],"author":[{"embeddable":true,"href":"https:\/\/orthogogo.com\/es\/wp-json\/wp\/v2\/users\/3"}],"replies":[{"embeddable":true,"href":"https:\/\/orthogogo.com\/es\/wp-json\/wp\/v2\/comments?post=3789"}],"version-history":[{"count":11,"href":"https:\/\/orthogogo.com\/es\/wp-json\/wp\/v2\/pages\/3789\/revisions"}],"predecessor-version":[{"id":4178,"href":"https:\/\/orthogogo.com\/es\/wp-json\/wp\/v2\/pages\/3789\/revisions\/4178"}],"wp:featuredmedia":[{"embeddable":true,"href":"https:\/\/orthogogo.com\/es\/wp-json\/wp\/v2\/media\/3798"}],"wp:attachment":[{"href":"https:\/\/orthogogo.com\/es\/wp-json\/wp\/v2\/media?parent=3789"}],"curies":[{"name":"wp","href":"https:\/\/api.w.org\/{rel}","templated":true}]}}