{"id":3761,"date":"2020-11-15T23:38:29","date_gmt":"2020-11-15T23:38:29","guid":{"rendered":"https:\/\/orthogogo.com\/es\/?page_id=3761"},"modified":"2024-01-09T19:21:47","modified_gmt":"2024-01-09T19:21:47","slug":"comiendo-con-brackets","status":"publish","type":"page","link":"https:\/\/orthogogo.com\/es\/comiendo-con-brackets\/","title":{"rendered":"Comiendo con Brackets &#8212; qu\u00e9 disfrutar y qu\u00e9 evitar"},"content":{"rendered":"<p><img loading=\"lazy\" decoding=\"async\" class=\"alignnone wp-image-3807 size-full\" src=\"https:\/\/orthogogo.com\/es\/wp-content\/uploads\/2020\/11\/eating-with-braces-1-1024.png\" alt=\"Comer con Brackets\" width=\"1024\" height=\"683\" srcset=\"https:\/\/orthogogo.com\/es\/wp-content\/uploads\/2020\/11\/eating-with-braces-1-1024.png 1024w, https:\/\/orthogogo.com\/es\/wp-content\/uploads\/2020\/11\/eating-with-braces-1-1024-300x200.png 300w, https:\/\/orthogogo.com\/es\/wp-content\/uploads\/2020\/11\/eating-with-braces-1-1024-768x512.png 768w\" sizes=\"auto, (max-width: 1024px) 100vw, 1024px\" \/><\/p>\n<h2>Comiendo con Brackets<\/h2>\n<p>Comer con brackets puede ser divertido una vez que conozca ciertas reglas. \u00bfSon tus primeros Brackets? \u00a1Felicidades! Muy pronto tendr\u00e1s una hermosa sonrisa. Pero por un tiempo, tendr\u00e1 que tener cuidado con los alimentos que consumes. Si comes los alimentos incorrectos o se te olvida cuidar bien sus dientes, podr\u00eda causar un da\u00f1o real que se quedar\u00e1 con usted para toda la vida. Asegur\u00e9monos de que eso no suceda aprendiendo c\u00f3mo tratar nuestros nuevos brackets desde el principio.<\/p>\n<p>El <a href=\"https:\/\/orthogogo.com\/es\/nuestros-doctores\/\">Dr. Larson o la Dra. Fitzgerald<\/a> probablemente ya le hayan dicho qu\u00e9 alimentos puede comer y qu\u00e9 alimentos evitar, pero los ponemos todos aqu\u00ed para que pueda conocerlos f\u00e1cilmente. Si tiene alguna pregunta, por favor <a href=\"https:\/\/orthogogo.com\/es\/contact-sky-orthodontist-okc\/\">preg\u00fantenos<\/a>. Da\u00f1ar sus frenillos puede significar usar frenillos durante un per\u00edodo de tiempo mucho m\u00e1s largo. Sabemos que no quieres hacer eso.<\/p>\n<p>&nbsp;<\/p>\n<p><img loading=\"lazy\" decoding=\"async\" class=\"alignnone wp-image-3812 size-full\" src=\"https:\/\/orthogogo.com\/es\/wp-content\/uploads\/2020\/11\/eating-with-braces-8-1024.png\" alt=\"Comer con Brackets\" width=\"1024\" height=\"678\" srcset=\"https:\/\/orthogogo.com\/es\/wp-content\/uploads\/2020\/11\/eating-with-braces-8-1024.png 1024w, https:\/\/orthogogo.com\/es\/wp-content\/uploads\/2020\/11\/eating-with-braces-8-1024-300x199.png 300w, https:\/\/orthogogo.com\/es\/wp-content\/uploads\/2020\/11\/eating-with-braces-8-1024-768x509.png 768w\" sizes=\"auto, (max-width: 1024px) 100vw, 1024px\" \/><\/p>\n<h2>Acostumbrarse a sus nuevos frenillos, Comiendo con Brackets<\/h2>\n<p>Obtener frenillos es algo emocionante, pero adaptarse a los cambios puede ser dif\u00edcil. Los brackets s\u00f3lo son efectivos cuando se cuidan adecuadamente. Esto significa evitar algunos tipos de alimentos hasta que se complete su tratamiento. Hacerlo no s\u00f3lo har\u00e1 que su tratamiento sea m\u00e1s r\u00e1pido, sino que tambi\u00e9n puede hacer que sus frenillos duelan menos. La primera semana despu\u00e9s de un ajuste puede ser un poco inc\u00f3moda. Aqu\u00ed hay algunos alimentos m\u00e1s blandos que pueden ser buenos cuando empiece a usar sus brackets,\u00a0 pero tambi\u00e9n despu\u00e9s de los d\u00edas de ajuste.<\/p>\n<ol>\n<li><a href=\"https:\/\/www.medicalnewstoday.com\/articles\/295714#nutrition\" target=\"_blank\" rel=\"noopener\">El yogur<\/a> es una excelente opci\u00f3n que requiere poca o ninguna masticaci\u00f3n, seg\u00fan el tipo. Es una excelente fuente de nutrici\u00f3n pero tiene un mayor contenido de az\u00facar.<\/li>\n<li><a href=\"https:\/\/www.newswise.com\/articles\/just-how-healthy-is-chicken-noodle-soup\" target=\"_blank\" rel=\"noopener\">La sopa de pollo con fideos<\/a> es una excelente opci\u00f3n para ayudar a curar la boca despu\u00e9s de recibir frenillos. Adem\u00e1s, su calidez tiene cualidades calmantes y est\u00e1 repleto de vitaminas y minerales.<\/li>\n<li><a href=\"https:\/\/www.activekids.com\/recipes\/articles\/7-healthy-homemade-ice-cream-recipes-kids-will-love\" target=\"_blank\" rel=\"noopener\">El helado <\/a>puede brindar alivio sin da\u00f1arlo, pero aseg\u00farese de que sus hijos no se excedan. El helado adormecer\u00e1 el dolor y aliviar\u00e1 la inflamaci\u00f3n. \u00a1H\u00e1galo saludable con alternativas congeladas, opciones bajas en az\u00facar o h\u00e1galo usted mismo!<\/li>\n<li><a href=\"https:\/\/www.mentalfloss.com\/article\/627023\/mashed-potatoes-history\" target=\"_blank\" rel=\"noopener\">El pur\u00e9 de papas<\/a> es excelente para los adolescentes en crecimiento con apetitos que no se satisfacen f\u00e1cilmente. Se est\u00e1n llenando y no da\u00f1ar\u00e1n los dientes. Adem\u00e1s, se pueden servir de diversas formas.<\/li>\n<li><a href=\"https:\/\/www.verywellfit.com\/macaroni-and-cheese-nutrition-facts-calories-and-health-benefits-4111294\" target=\"_blank\" rel=\"noopener\">Mac and Cheese<\/a> es similar en cuanto a que ofrece variedad y es sustancial. Una ventaja sobre el pur\u00e9 de papas es que ofrece m\u00e1s prote\u00ednas. Ambos son densos en calor\u00edas, lo que puede ser una consideraci\u00f3n para los adultos, pero para los adolescentes y preadolescentes, las calor\u00edas generalmente no son un problema durante un per\u00edodo corto.<\/li>\n<li><a href=\"https:\/\/www.thespruceeats.com\/creative-pancake-ideas-4160089\" target=\"_blank\" rel=\"noopener\">Los panqueques<\/a> son excelentes en cualquier momento del d\u00eda, e incluso para un gusto. Son abundantes y f\u00e1ciles de comer. Intente agregar pl\u00e1tanos a los panqueques para obtener un regalo diferente. La crema batida o el pur\u00e9 de manzana tambi\u00e9n son divertidos. Divi\u00e9rtete con tus panqueques, pero aseg\u00farate de no agregar nueces, semillas o art\u00edculos masticables. Si agrega fruta, c\u00f3rtela en trozos muy peque\u00f1os o hi\u00e9rvala primero para obtener nuevos frenillos. Tambi\u00e9n puede utilizar mermeladas o pur\u00e9 de frutas frescas en la licuadora.<\/li>\n<li><a href=\"https:\/\/www.webmd.com\/diet\/features\/good-eggs-for-nutrition-theyre-hard-to-beat#1\" target=\"_blank\" rel=\"noopener\">Los huevos<\/a> tambi\u00e9n son buenos para comer a cualquier hora del d\u00eda. Para los nuevos usuarios de aparatos ortop\u00e9dicos, los huevos revueltos son los mejores porque requieren el menor movimiento de la mand\u00edbula para comerlos. Los revueltos suaves son los mejores. Si a su hijo le gusta el queso, convi\u00e9rtalo en una mezcla de queso suave, pero no use quesos fibrosos. Estos requerir\u00e1n demasiada masticaci\u00f3n.<\/li>\n<li><a href=\"https:\/\/www.simplyrecipes.com\/recipes\/classic_baked_acorn_squash\/\" target=\"_blank\" rel=\"noopener\">Las verduras cocidas<\/a> son perfectas para frenillos nuevos siempre que sean del tipo que se ablanden cuando se cocinan. Piense en verduras como calabaza, br\u00f3coli y zanahorias. Por ahora, olv\u00eddese de las ensaladas, las verduras crudas y el ma\u00edz.<\/li>\n<li><a href=\"https:\/\/www.livestrong.com\/article\/411442-what-kind-of-cold-water-fish-are-healthy-to-eat\/\" target=\"_blank\" rel=\"noopener\">El pescado<\/a> est\u00e1 bien para los nuevos usuarios de aparatos ortop\u00e9dicos siempre que est\u00e9 escamoso y h\u00famedo. Evite el pescado empanizado crujiente por ahora. El bacalao fresco o el salm\u00f3n son buenas opciones. La mayor\u00eda de las otras carnes ser\u00e1n demasiado dif\u00edciles de masticar en esta etapa.<\/li>\n<li><a href=\"https:\/\/www.healthline.com\/nutrition\/11-proven-benefits-of-bananas\" target=\"_blank\" rel=\"noopener\">Los pl\u00e1tanos<\/a> son las frutas m\u00e1s f\u00e1ciles de comer cuando tienes frenillos nuevos. Y son muy f\u00e1ciles de llevar y llevar a la escuela o al trabajo. Adem\u00e1s, la nutrici\u00f3n de un pl\u00e1tano es excelente.<\/li>\n<\/ol>\n<p><img loading=\"lazy\" decoding=\"async\" class=\"alignnone size-full wp-image-3810\" src=\"https:\/\/orthogogo.com\/es\/wp-content\/uploads\/2020\/11\/eating-with-braces-5-1024.png\" alt=\"eating with braces\" width=\"1024\" height=\"681\" srcset=\"https:\/\/orthogogo.com\/es\/wp-content\/uploads\/2020\/11\/eating-with-braces-5-1024.png 1024w, https:\/\/orthogogo.com\/es\/wp-content\/uploads\/2020\/11\/eating-with-braces-5-1024-300x200.png 300w, https:\/\/orthogogo.com\/es\/wp-content\/uploads\/2020\/11\/eating-with-braces-5-1024-768x511.png 768w\" sizes=\"auto, (max-width: 1024px) 100vw, 1024px\" \/><\/p>\n<h2>Comiendo con Brackets &#8211; Alimentos cotidianos que son buenos<\/h2>\n<p>Ahora ya superado el per\u00edodo de ajuste y quiere volverse lo m\u00e1s normal posible. Como regla general, si es duro o pegajoso, ev\u00edtelo. Pero hablaremos de esos alimentos a continuaci\u00f3n. \u00a1Centr\u00e9monos primero en todas las cosas buenas que puedes comer!<\/p>\n<ul>\n<li>L\u00e1cteos: yogur, queso, huevos, pud\u00edn, bebidas a base de leche, helado, mantequilla, crema agria, queso crema<\/li>\n<li>Panes y granos: tortillas suaves, panqueques, muffins sin nueces, pasta, arroz suave, cereales fr\u00edos que se vuelven blandos en la leche (sin granola), cereales calientes, macarrones con queso.<\/li>\n<li>Carnes \/ aves: pollo cocido suave y desmenuzado, alb\u00f3ndigas, fiambrera, pastel de carne, deslizadores de hamburguesa, salchichas del tama\u00f1o de un bocado, carnes tiernas cortadas al tama\u00f1o de un bocado,<\/li>\n<li>Mariscos: at\u00fan, salm\u00f3n, pasteles de cangrejo, bacalao, sushi<\/li>\n<li>Verduras: pur\u00e9 de papas, camotes, espinacas al vapor, frijoles, calabaza, vegetales crudos picados, ensaladas picadas<\/li>\n<li>Frutas: pur\u00e9 de manzana, pl\u00e1tanos, frutas crudas picadas, frutas crudas mezcladas, batidos de frutas.<\/li>\n<li>Aperitivos: helado, chocolate (sin nueces o caramelo M &amp; M&#8217;s, Kisses, 3 mosqueteros, Kit Kat, Reese&#8217;s Cup, Reeses Pieces, Nestle Crunch), malvaviscos, pasteles (cumplea\u00f1os, Twinkies, Snow Balls, Ding Dongs, Zingers), Jell -O o pud\u00edn, galletas blandas y galletas saladas (cuidado con las crujientes), Pirate&#8217;s Booty (sustituto de palomitas de ma\u00edz), pretzels suaves<\/li>\n<li>Otras comidas: s\u00e1ndwiches cortados al tama\u00f1o de un bocado, pizza cortada al tama\u00f1o de un bocado (pero sin la corteza), burritos, sopas.<\/li>\n<\/ul>\n<p><img loading=\"lazy\" decoding=\"async\" class=\"alignnone wp-image-3809 size-full\" src=\"https:\/\/orthogogo.com\/es\/wp-content\/uploads\/2020\/11\/eating-with-Braces-2-1024.png\" alt=\"Comer con Brackets\" width=\"1024\" height=\"908\" srcset=\"https:\/\/orthogogo.com\/es\/wp-content\/uploads\/2020\/11\/eating-with-Braces-2-1024.png 1024w, https:\/\/orthogogo.com\/es\/wp-content\/uploads\/2020\/11\/eating-with-Braces-2-1024-300x266.png 300w, https:\/\/orthogogo.com\/es\/wp-content\/uploads\/2020\/11\/eating-with-Braces-2-1024-768x681.png 768w\" sizes=\"auto, (max-width: 1024px) 100vw, 1024px\" \/><\/p>\n<h2>Comiendo con Brackets &#8211;\u00a0Los Alimentos que debe Evitar al comer con Brackets<\/h2>\n<p>\u00a1Cuelga ah\u00ed! Puede parecer una eternidad, pero pronto volver\u00e1s a comer todo lo que quieras. Por ahora, las palomitas de ma\u00edz y las papas fritas tendr\u00e1n que esperar. De lo contrario, podr\u00eda da\u00f1ar sus nuevos electrodom\u00e9sticos.<\/p>\n<p>En pocas palabras, por as\u00ed decirlo, los alimentos que debe evitar son bastante sencillos de recordar.<\/p>\n<ul>\n<li>Alimentos masticables. Esto incluye corteza de pizza, bagels, cecina, bistec, cualquier carne con hueso como alitas de pollo y patas de pavo, regaliz, Starburst y Skittles.<\/li>\n<li>Alimentos crujientes. Algunos ejemplos son palomitas de ma\u00edz, papas fritas, hielo, caramelo, Jolly Ranchers, menta, nueces de ma\u00edz, guisantes wasabi, tostadas melba, cereal Grape Nuts, pretzels, almendras, chips de pita, biscotti y Captain Crunch.<\/li>\n<li>Alimentos pegajosos. Estos incluyen caramelos de caramelo, chicle, Sugar Daddies, taffy y Tootsie Rolls.<\/li>\n<li>Alimentos duros. Estos pueden incluir crutones, panecillos duros, hielo, caramelos duros y pizza de masa fina.<\/li>\n<li>Alimentos que requieren morder muy fuerte. Algunos buenos ejemplos son mazorcas de ma\u00edz, manzanas, zanahorias, sandwiches, pan duro y las comidas que requieren que le des un mordisco.<\/li>\n<\/ul>\n<p><img loading=\"lazy\" decoding=\"async\" class=\"alignnone wp-image-3811 size-full\" src=\"https:\/\/orthogogo.com\/es\/wp-content\/uploads\/2020\/11\/eating-with-braces-7-1024.png\" alt=\"\" width=\"1024\" height=\"683\" srcset=\"https:\/\/orthogogo.com\/es\/wp-content\/uploads\/2020\/11\/eating-with-braces-7-1024.png 1024w, https:\/\/orthogogo.com\/es\/wp-content\/uploads\/2020\/11\/eating-with-braces-7-1024-300x200.png 300w, https:\/\/orthogogo.com\/es\/wp-content\/uploads\/2020\/11\/eating-with-braces-7-1024-768x512.png 768w\" sizes=\"auto, (max-width: 1024px) 100vw, 1024px\" \/><\/p>\n<h2>\u00a1UPS! \u00bfQu\u00e9 pasa si se suelta un soporte o un cable de los Brackets?<\/h2>\n<p>A veces, los soportes o los cables de los aparatos ortop\u00e9dicos pueden aflojarse. Si esto sucede, comun\u00edquese con <a href=\"https:\/\/orthogogo.com\/es\/contactarnos-en-skyortho\/\">Sky Ortho<\/a> lo antes posible para que puedan revisarlo y repararlo. Si alguna parte de sus frenillos se desprende, aseg\u00farese de guardarla y llevarla a la oficina en su pr\u00f3xima cita.<\/p>\n<p>Se puede arreglar temporalmente un alambre peque\u00f1o usando el extremo del borrador de un l\u00e1piz. Si el cable est\u00e1 suelto, vuelva a colocarlo en su lugar con cuidado. Si el alambre suelto o puntiagudo todav\u00eda le causa irritaci\u00f3n en los labios o las mejillas, coloque cera o una bola de algod\u00f3n h\u00fameda sobre el extremo del alambre para aliviar el dolor.<\/p>\n","protected":false},"excerpt":{"rendered":"<p>Comiendo con Brackets Comer con brackets puede ser divertido una vez que conozca ciertas reglas. \u00bfSon tus primeros Brackets? \u00a1Felicidades! Muy pronto tendr\u00e1s una hermosa sonrisa. Pero por un tiempo, tendr\u00e1 que tener cuidado con los alimentos que consumes. Si comes los alimentos incorrectos o se te olvida cuidar bien sus dientes, podr\u00eda causar un [&hellip;]<\/p>\n","protected":false},"author":3,"featured_media":3807,"parent":0,"menu_order":0,"comment_status":"closed","ping_status":"closed","template":"tpls\/template-about.php","meta":{"footnotes":""},"class_list":["post-3761","page","type-page","status-publish","has-post-thumbnail","hentry"],"yoast_head":"<!-- This site is optimized with the Yoast SEO plugin v27.3 - https:\/\/yoast.com\/product\/yoast-seo-wordpress\/ -->\n<title>Comiendo con Brackets -- qu\u00e9 disfrutar y qu\u00e9 evitar<\/title>\n<meta name=\"description\" content=\"Comiendo con Brackets puede ser divertido una vez que conoces las reglas. \u00bfEs tu primera vez con Brackets? Elige tus alimentos con cuidado.\" \/>\n<meta name=\"robots\" content=\"index, follow, max-snippet:-1, max-image-preview:large, max-video-preview:-1\" \/>\n<link rel=\"canonical\" href=\"https:\/\/orthogogo.com\/es\/comiendo-con-brackets\/\" \/>\n<meta property=\"og:locale\" content=\"es_ES\" \/>\n<meta property=\"og:type\" content=\"article\" \/>\n<meta property=\"og:title\" content=\"Comiendo con Brackets -- qu\u00e9 disfrutar y qu\u00e9 evitar\" \/>\n<meta property=\"og:description\" content=\"Comiendo con Brackets puede ser divertido una vez que conoces las reglas. \u00bfEs tu primera vez con Brackets? Elige tus alimentos con cuidado.\" \/>\n<meta property=\"og:url\" content=\"https:\/\/orthogogo.com\/es\/comiendo-con-brackets\/\" \/>\n<meta property=\"og:site_name\" content=\"Sky Ortho\" \/>\n<meta property=\"article:modified_time\" content=\"2024-01-09T19:21:47+00:00\" \/>\n<meta property=\"og:image\" content=\"https:\/\/orthogogo.com\/es\/wp-content\/uploads\/2020\/11\/eating-with-braces-1-1024.png\" \/>\n\t<meta property=\"og:image:width\" content=\"1024\" \/>\n\t<meta property=\"og:image:height\" content=\"683\" \/>\n\t<meta property=\"og:image:type\" content=\"image\/png\" \/>\n<meta name=\"twitter:card\" content=\"summary_large_image\" \/>\n<meta name=\"twitter:label1\" content=\"Tiempo de lectura\" \/>\n\t<meta name=\"twitter:data1\" content=\"7 minutos\" \/>\n<script type=\"application\/ld+json\" class=\"yoast-schema-graph\">{\"@context\":\"https:\\\/\\\/schema.org\",\"@graph\":[{\"@type\":\"WebPage\",\"@id\":\"https:\\\/\\\/orthogogo.com\\\/es\\\/comiendo-con-brackets\\\/\",\"url\":\"https:\\\/\\\/orthogogo.com\\\/es\\\/comiendo-con-brackets\\\/\",\"name\":\"Comiendo con Brackets -- qu\u00e9 disfrutar y qu\u00e9 evitar\",\"isPartOf\":{\"@id\":\"https:\\\/\\\/orthogogo.com\\\/es\\\/#website\"},\"primaryImageOfPage\":{\"@id\":\"https:\\\/\\\/orthogogo.com\\\/es\\\/comiendo-con-brackets\\\/#primaryimage\"},\"image\":{\"@id\":\"https:\\\/\\\/orthogogo.com\\\/es\\\/comiendo-con-brackets\\\/#primaryimage\"},\"thumbnailUrl\":\"https:\\\/\\\/orthogogo.com\\\/es\\\/wp-content\\\/uploads\\\/2020\\\/11\\\/eating-with-braces-1-1024.png\",\"datePublished\":\"2020-11-15T23:38:29+00:00\",\"dateModified\":\"2024-01-09T19:21:47+00:00\",\"description\":\"Comiendo con Brackets puede ser divertido una vez que conoces las reglas. \u00bfEs tu primera vez con Brackets? Elige tus alimentos con cuidado.\",\"breadcrumb\":{\"@id\":\"https:\\\/\\\/orthogogo.com\\\/es\\\/comiendo-con-brackets\\\/#breadcrumb\"},\"inLanguage\":\"es\",\"potentialAction\":[{\"@type\":\"ReadAction\",\"target\":[\"https:\\\/\\\/orthogogo.com\\\/es\\\/comiendo-con-brackets\\\/\"]}]},{\"@type\":\"ImageObject\",\"inLanguage\":\"es\",\"@id\":\"https:\\\/\\\/orthogogo.com\\\/es\\\/comiendo-con-brackets\\\/#primaryimage\",\"url\":\"https:\\\/\\\/orthogogo.com\\\/es\\\/wp-content\\\/uploads\\\/2020\\\/11\\\/eating-with-braces-1-1024.png\",\"contentUrl\":\"https:\\\/\\\/orthogogo.com\\\/es\\\/wp-content\\\/uploads\\\/2020\\\/11\\\/eating-with-braces-1-1024.png\",\"width\":1024,\"height\":683,\"caption\":\"Comiendo con Brackets\"},{\"@type\":\"BreadcrumbList\",\"@id\":\"https:\\\/\\\/orthogogo.com\\\/es\\\/comiendo-con-brackets\\\/#breadcrumb\",\"itemListElement\":[{\"@type\":\"ListItem\",\"position\":1,\"name\":\"Home\",\"item\":\"https:\\\/\\\/orthogogo.com\\\/es\\\/\"},{\"@type\":\"ListItem\",\"position\":2,\"name\":\"Comiendo con Brackets &#8212; qu\u00e9 disfrutar y qu\u00e9 evitar\"}]},{\"@type\":\"WebSite\",\"@id\":\"https:\\\/\\\/orthogogo.com\\\/es\\\/#website\",\"url\":\"https:\\\/\\\/orthogogo.com\\\/es\\\/\",\"name\":\"Sky Ortho\",\"description\":\"Ortodoncistas en OKC, Moore, Shawnee &amp; Norman\",\"publisher\":{\"@id\":\"https:\\\/\\\/orthogogo.com\\\/es\\\/#organization\"},\"potentialAction\":[{\"@type\":\"SearchAction\",\"target\":{\"@type\":\"EntryPoint\",\"urlTemplate\":\"https:\\\/\\\/orthogogo.com\\\/es\\\/?s={search_term_string}\"},\"query-input\":{\"@type\":\"PropertyValueSpecification\",\"valueRequired\":true,\"valueName\":\"search_term_string\"}}],\"inLanguage\":\"es\"},{\"@type\":\"Organization\",\"@id\":\"https:\\\/\\\/orthogogo.com\\\/es\\\/#organization\",\"name\":\"Sky Ortho\",\"url\":\"https:\\\/\\\/orthogogo.com\\\/es\\\/\",\"logo\":{\"@type\":\"ImageObject\",\"inLanguage\":\"es\",\"@id\":\"https:\\\/\\\/orthogogo.com\\\/es\\\/#\\\/schema\\\/logo\\\/image\\\/\",\"url\":\"https:\\\/\\\/orthogogo.com\\\/es\\\/wp-content\\\/uploads\\\/2020\\\/09\\\/head-logo.png\",\"contentUrl\":\"https:\\\/\\\/orthogogo.com\\\/es\\\/wp-content\\\/uploads\\\/2020\\\/09\\\/head-logo.png\",\"width\":128,\"height\":128,\"caption\":\"Sky Ortho\"},\"image\":{\"@id\":\"https:\\\/\\\/orthogogo.com\\\/es\\\/#\\\/schema\\\/logo\\\/image\\\/\"}}]}<\/script>\n<!-- \/ Yoast SEO plugin. -->","yoast_head_json":{"title":"Comiendo con Brackets -- qu\u00e9 disfrutar y qu\u00e9 evitar","description":"Comiendo con Brackets puede ser divertido una vez que conoces las reglas. \u00bfEs tu primera vez con Brackets? Elige tus alimentos con cuidado.","robots":{"index":"index","follow":"follow","max-snippet":"max-snippet:-1","max-image-preview":"max-image-preview:large","max-video-preview":"max-video-preview:-1"},"canonical":"https:\/\/orthogogo.com\/es\/comiendo-con-brackets\/","og_locale":"es_ES","og_type":"article","og_title":"Comiendo con Brackets -- qu\u00e9 disfrutar y qu\u00e9 evitar","og_description":"Comiendo con Brackets puede ser divertido una vez que conoces las reglas. \u00bfEs tu primera vez con Brackets? Elige tus alimentos con cuidado.","og_url":"https:\/\/orthogogo.com\/es\/comiendo-con-brackets\/","og_site_name":"Sky Ortho","article_modified_time":"2024-01-09T19:21:47+00:00","og_image":[{"width":1024,"height":683,"url":"https:\/\/orthogogo.com\/es\/wp-content\/uploads\/2020\/11\/eating-with-braces-1-1024.png","type":"image\/png"}],"twitter_card":"summary_large_image","twitter_misc":{"Tiempo de lectura":"7 minutos"},"schema":{"@context":"https:\/\/schema.org","@graph":[{"@type":"WebPage","@id":"https:\/\/orthogogo.com\/es\/comiendo-con-brackets\/","url":"https:\/\/orthogogo.com\/es\/comiendo-con-brackets\/","name":"Comiendo con Brackets -- qu\u00e9 disfrutar y qu\u00e9 evitar","isPartOf":{"@id":"https:\/\/orthogogo.com\/es\/#website"},"primaryImageOfPage":{"@id":"https:\/\/orthogogo.com\/es\/comiendo-con-brackets\/#primaryimage"},"image":{"@id":"https:\/\/orthogogo.com\/es\/comiendo-con-brackets\/#primaryimage"},"thumbnailUrl":"https:\/\/orthogogo.com\/es\/wp-content\/uploads\/2020\/11\/eating-with-braces-1-1024.png","datePublished":"2020-11-15T23:38:29+00:00","dateModified":"2024-01-09T19:21:47+00:00","description":"Comiendo con Brackets puede ser divertido una vez que conoces las reglas. \u00bfEs tu primera vez con Brackets? Elige tus alimentos con cuidado.","breadcrumb":{"@id":"https:\/\/orthogogo.com\/es\/comiendo-con-brackets\/#breadcrumb"},"inLanguage":"es","potentialAction":[{"@type":"ReadAction","target":["https:\/\/orthogogo.com\/es\/comiendo-con-brackets\/"]}]},{"@type":"ImageObject","inLanguage":"es","@id":"https:\/\/orthogogo.com\/es\/comiendo-con-brackets\/#primaryimage","url":"https:\/\/orthogogo.com\/es\/wp-content\/uploads\/2020\/11\/eating-with-braces-1-1024.png","contentUrl":"https:\/\/orthogogo.com\/es\/wp-content\/uploads\/2020\/11\/eating-with-braces-1-1024.png","width":1024,"height":683,"caption":"Comiendo con Brackets"},{"@type":"BreadcrumbList","@id":"https:\/\/orthogogo.com\/es\/comiendo-con-brackets\/#breadcrumb","itemListElement":[{"@type":"ListItem","position":1,"name":"Home","item":"https:\/\/orthogogo.com\/es\/"},{"@type":"ListItem","position":2,"name":"Comiendo con Brackets &#8212; qu\u00e9 disfrutar y qu\u00e9 evitar"}]},{"@type":"WebSite","@id":"https:\/\/orthogogo.com\/es\/#website","url":"https:\/\/orthogogo.com\/es\/","name":"Sky Ortho","description":"Ortodoncistas en OKC, Moore, Shawnee &amp; Norman","publisher":{"@id":"https:\/\/orthogogo.com\/es\/#organization"},"potentialAction":[{"@type":"SearchAction","target":{"@type":"EntryPoint","urlTemplate":"https:\/\/orthogogo.com\/es\/?s={search_term_string}"},"query-input":{"@type":"PropertyValueSpecification","valueRequired":true,"valueName":"search_term_string"}}],"inLanguage":"es"},{"@type":"Organization","@id":"https:\/\/orthogogo.com\/es\/#organization","name":"Sky Ortho","url":"https:\/\/orthogogo.com\/es\/","logo":{"@type":"ImageObject","inLanguage":"es","@id":"https:\/\/orthogogo.com\/es\/#\/schema\/logo\/image\/","url":"https:\/\/orthogogo.com\/es\/wp-content\/uploads\/2020\/09\/head-logo.png","contentUrl":"https:\/\/orthogogo.com\/es\/wp-content\/uploads\/2020\/09\/head-logo.png","width":128,"height":128,"caption":"Sky Ortho"},"image":{"@id":"https:\/\/orthogogo.com\/es\/#\/schema\/logo\/image\/"}}]}},"_links":{"self":[{"href":"https:\/\/orthogogo.com\/es\/wp-json\/wp\/v2\/pages\/3761","targetHints":{"allow":["GET"]}}],"collection":[{"href":"https:\/\/orthogogo.com\/es\/wp-json\/wp\/v2\/pages"}],"about":[{"href":"https:\/\/orthogogo.com\/es\/wp-json\/wp\/v2\/types\/page"}],"author":[{"embeddable":true,"href":"https:\/\/orthogogo.com\/es\/wp-json\/wp\/v2\/users\/3"}],"replies":[{"embeddable":true,"href":"https:\/\/orthogogo.com\/es\/wp-json\/wp\/v2\/comments?post=3761"}],"version-history":[{"count":26,"href":"https:\/\/orthogogo.com\/es\/wp-json\/wp\/v2\/pages\/3761\/revisions"}],"predecessor-version":[{"id":4335,"href":"https:\/\/orthogogo.com\/es\/wp-json\/wp\/v2\/pages\/3761\/revisions\/4335"}],"wp:featuredmedia":[{"embeddable":true,"href":"https:\/\/orthogogo.com\/es\/wp-json\/wp\/v2\/media\/3807"}],"wp:attachment":[{"href":"https:\/\/orthogogo.com\/es\/wp-json\/wp\/v2\/media?parent=3761"}],"curies":[{"name":"wp","href":"https:\/\/api.w.org\/{rel}","templated":true}]}}