{"id":3759,"date":"2020-11-15T22:00:55","date_gmt":"2020-11-15T22:00:55","guid":{"rendered":"https:\/\/orthogogo.com\/es\/?page_id=3759"},"modified":"2021-09-09T22:22:11","modified_gmt":"2021-09-09T22:22:11","slug":"el-cuidado-de-los-brackets","status":"publish","type":"page","link":"https:\/\/orthogogo.com\/es\/el-cuidado-de-los-brackets\/","title":{"rendered":"El cuidado de los Brackets es una forma de puede ayudar al tratamiento"},"content":{"rendered":"<p><img loading=\"lazy\" decoding=\"async\" class=\"alignnone wp-image-3875 size-large\" src=\"https:\/\/orthogogo.com\/es\/wp-content\/uploads\/2020\/11\/women-are-brushing-teeth-that-wear-braces-in-a-toilet-must-maintain-good-oral-health_t20_GJgywR-1024x683.jpg\" alt=\"Caring for braces\" width=\"1024\" height=\"683\" \/><\/p>\n<p>El cuidado de los frenillos o brackets es muy importante. Preocuparse por mantener un buen cuidado le ayudar\u00e1 a completar el tratamiento a tiempo. Por supuesto, su tratamiento puede variar seg\u00fan el tipo de aparatos de ortodoncia que est\u00e9 usando. Por ejemplo, usar Invisalign viene con su propio conjunto de requisitos espec\u00edficos para comer y lavarse los dientes. Esto tambi\u00e9n se aplica al cuidado y mantenimiento de su aparato Invisalign.<\/p>\n<p>En lo que respecta al cuidado de los frenillos fijos, consulte nuestra secci\u00f3n especial que lo orientar\u00e1 sobre qu\u00e9 comer. Despu\u00e9s de cada comida y refrigerio, querr\u00e1 limpiar sus frenillos.<\/p>\n<h2>\u00bfC\u00f3mo me cepillo con aparatos de ortodoncia?<\/h2>\n<p>Cepillarse los dientes es m\u00e1s importante que nunca cuando tiene frenillos. Pero no hay que preocuparse. \u00a1Es muy f\u00e1cil!<\/p>\n<ol>\n<li>Si est\u00e1 usando bandas el\u00e1sticas, qu\u00edtelas.<\/li>\n<li>Enjuague su cepillo de dientes y aplique pasta de dientes.<\/li>\n<li>Mueva suavemente el cepillo de dientes con movimientos circulares cortos sobre dientes y frenillos en un \u00e1ngulo de 45 grados.<\/li>\n<li>Aseg\u00farese de cepillar el frente, la parte trasera y las superficies usadas para masticar de todos sus dientes.<\/li>\n<li>Cepille sus dientes a fondo durante dos minutos. Divida mentalmente sus dientes en cuatro secciones y dedique unos 30 segundos a cada secci\u00f3n. Puede ser \u00fatil elegir una canci\u00f3n favorita y memorizar 30 segundos de ella. Canta esto en tu cabeza mientras te cepillas cada secci\u00f3n para que sepa cu\u00e1ndo pasar a la siguiente.<\/li>\n<li>Recuerde cepillar tambi\u00e9n la lengua para eliminar las bacterias y mantener su aliento fresco.<\/li>\n<li>Cuando haya terminado, use el cepillo interdental (consiga uno en su ortodoncista o farmacia) para cepillar entre los arcos de sus <a href=\"https:\/\/es.wikipedia.org\/wiki\/Aparatolog%C3%ADa_fija\" target=\"_blank\" rel=\"noopener\">frenillos<\/a> y sus dientes. Los cepillos interdentales tienen la forma de un peque\u00f1o cepillo para biber\u00f3n. Esto facilita el acceso a lugares de dif\u00edcil acceso.<\/li>\n<\/ol>\n<p>Aqu\u00ed hay un video \u00fatil que demuestra c\u00f3mo cepillarse los dientes mientras usa aparatos de ortodoncia y c\u00f3mo usar un cepillo interdental correctamente.<\/p>\n<p><iframe loading=\"lazy\" title=\"Bracesquestions.com - Brushing With Braces, How to Brush Teeth\" width=\"640\" height=\"480\" src=\"https:\/\/www.youtube.com\/embed\/GtSi2IcfynE?feature=oembed\" frameborder=\"0\" allow=\"accelerometer; autoplay; clipboard-write; encrypted-media; gyroscope; picture-in-picture; web-share\" referrerpolicy=\"strict-origin-when-cross-origin\" allowfullscreen><\/iframe><\/p>\n","protected":false},"excerpt":{"rendered":"<p>El cuidado de los frenillos o brackets es muy importante. Preocuparse por mantener un buen cuidado le ayudar\u00e1 a completar el tratamiento a tiempo. Por supuesto, su tratamiento puede variar seg\u00fan el tipo de aparatos de ortodoncia que est\u00e9 usando. Por ejemplo, usar Invisalign viene con su propio conjunto de requisitos espec\u00edficos para comer y [&hellip;]<\/p>\n","protected":false},"author":3,"featured_media":3875,"parent":0,"menu_order":0,"comment_status":"closed","ping_status":"closed","template":"tpls\/template-about.php","meta":{"footnotes":""},"class_list":["post-3759","page","type-page","status-publish","has-post-thumbnail","hentry"],"yoast_head":"<!-- This site is optimized with the Yoast SEO plugin v27.5 - https:\/\/yoast.com\/product\/yoast-seo-wordpress\/ -->\n<title>El cuidado de los Brackets, es una gran ayuda en su tratamiento.<\/title>\n<meta name=\"description\" content=\"El cuidado de los Brackets es muy importante. Seguir las recomendaciones puede ayudarlo a completar su tratamiento a tiempo.\" \/>\n<meta name=\"robots\" content=\"index, follow, max-snippet:-1, max-image-preview:large, max-video-preview:-1\" \/>\n<link rel=\"canonical\" href=\"https:\/\/orthogogo.com\/es\/el-cuidado-de-los-brackets\/\" \/>\n<meta property=\"og:locale\" content=\"es_ES\" \/>\n<meta property=\"og:type\" content=\"article\" \/>\n<meta property=\"og:title\" content=\"El cuidado de los Brackets, es una gran ayuda en su tratamiento.\" \/>\n<meta property=\"og:description\" content=\"El cuidado de los Brackets es muy importante. Seguir las recomendaciones puede ayudarlo a completar su tratamiento a tiempo.\" \/>\n<meta property=\"og:url\" content=\"https:\/\/orthogogo.com\/es\/el-cuidado-de-los-brackets\/\" \/>\n<meta property=\"og:site_name\" content=\"Sky Ortho\" \/>\n<meta property=\"article:modified_time\" content=\"2021-09-09T22:22:11+00:00\" \/>\n<meta property=\"og:image\" content=\"https:\/\/orthogogo.com\/es\/wp-content\/uploads\/2020\/11\/women-are-brushing-teeth-that-wear-braces-in-a-toilet-must-maintain-good-oral-health_t20_GJgywR-scaled-e1605477641439.jpg\" \/>\n\t<meta property=\"og:image:width\" content=\"1024\" \/>\n\t<meta property=\"og:image:height\" content=\"682\" \/>\n\t<meta property=\"og:image:type\" content=\"image\/jpeg\" \/>\n<meta name=\"twitter:card\" content=\"summary_large_image\" \/>\n<meta name=\"twitter:label1\" content=\"Tiempo de lectura\" \/>\n\t<meta name=\"twitter:data1\" content=\"2 minutos\" \/>\n<script type=\"application\/ld+json\" class=\"yoast-schema-graph\">{\"@context\":\"https:\\\/\\\/schema.org\",\"@graph\":[{\"@type\":\"WebPage\",\"@id\":\"https:\\\/\\\/orthogogo.com\\\/es\\\/el-cuidado-de-los-brackets\\\/\",\"url\":\"https:\\\/\\\/orthogogo.com\\\/es\\\/el-cuidado-de-los-brackets\\\/\",\"name\":\"El cuidado de los Brackets, es una gran ayuda en su tratamiento.\",\"isPartOf\":{\"@id\":\"https:\\\/\\\/orthogogo.com\\\/es\\\/#website\"},\"primaryImageOfPage\":{\"@id\":\"https:\\\/\\\/orthogogo.com\\\/es\\\/el-cuidado-de-los-brackets\\\/#primaryimage\"},\"image\":{\"@id\":\"https:\\\/\\\/orthogogo.com\\\/es\\\/el-cuidado-de-los-brackets\\\/#primaryimage\"},\"thumbnailUrl\":\"https:\\\/\\\/orthogogo.com\\\/es\\\/wp-content\\\/uploads\\\/2020\\\/11\\\/women-are-brushing-teeth-that-wear-braces-in-a-toilet-must-maintain-good-oral-health_t20_GJgywR-scaled-e1605477641439.jpg\",\"datePublished\":\"2020-11-15T22:00:55+00:00\",\"dateModified\":\"2021-09-09T22:22:11+00:00\",\"description\":\"El cuidado de los Brackets es muy importante. Seguir las recomendaciones puede ayudarlo a completar su tratamiento a tiempo.\",\"breadcrumb\":{\"@id\":\"https:\\\/\\\/orthogogo.com\\\/es\\\/el-cuidado-de-los-brackets\\\/#breadcrumb\"},\"inLanguage\":\"es\",\"potentialAction\":[{\"@type\":\"ReadAction\",\"target\":[\"https:\\\/\\\/orthogogo.com\\\/es\\\/el-cuidado-de-los-brackets\\\/\"]}]},{\"@type\":\"ImageObject\",\"inLanguage\":\"es\",\"@id\":\"https:\\\/\\\/orthogogo.com\\\/es\\\/el-cuidado-de-los-brackets\\\/#primaryimage\",\"url\":\"https:\\\/\\\/orthogogo.com\\\/es\\\/wp-content\\\/uploads\\\/2020\\\/11\\\/women-are-brushing-teeth-that-wear-braces-in-a-toilet-must-maintain-good-oral-health_t20_GJgywR-scaled-e1605477641439.jpg\",\"contentUrl\":\"https:\\\/\\\/orthogogo.com\\\/es\\\/wp-content\\\/uploads\\\/2020\\\/11\\\/women-are-brushing-teeth-that-wear-braces-in-a-toilet-must-maintain-good-oral-health_t20_GJgywR-scaled-e1605477641439.jpg\",\"width\":1024,\"height\":682,\"caption\":\"El cuidado de los Brackets es muy importante. Hacer un buen trabajo y seguir las recomendaciones puede ayudarlo a completar su tratamiento a tiempo.\"},{\"@type\":\"BreadcrumbList\",\"@id\":\"https:\\\/\\\/orthogogo.com\\\/es\\\/el-cuidado-de-los-brackets\\\/#breadcrumb\",\"itemListElement\":[{\"@type\":\"ListItem\",\"position\":1,\"name\":\"Home\",\"item\":\"https:\\\/\\\/orthogogo.com\\\/es\\\/\"},{\"@type\":\"ListItem\",\"position\":2,\"name\":\"El cuidado de los Brackets es una forma de puede ayudar al tratamiento\"}]},{\"@type\":\"WebSite\",\"@id\":\"https:\\\/\\\/orthogogo.com\\\/es\\\/#website\",\"url\":\"https:\\\/\\\/orthogogo.com\\\/es\\\/\",\"name\":\"Sky Ortho\",\"description\":\"Ortodoncistas en OKC, Moore, Shawnee &amp; Norman\",\"publisher\":{\"@id\":\"https:\\\/\\\/orthogogo.com\\\/es\\\/#organization\"},\"potentialAction\":[{\"@type\":\"SearchAction\",\"target\":{\"@type\":\"EntryPoint\",\"urlTemplate\":\"https:\\\/\\\/orthogogo.com\\\/es\\\/?s={search_term_string}\"},\"query-input\":{\"@type\":\"PropertyValueSpecification\",\"valueRequired\":true,\"valueName\":\"search_term_string\"}}],\"inLanguage\":\"es\"},{\"@type\":\"Organization\",\"@id\":\"https:\\\/\\\/orthogogo.com\\\/es\\\/#organization\",\"name\":\"Sky Ortho\",\"url\":\"https:\\\/\\\/orthogogo.com\\\/es\\\/\",\"logo\":{\"@type\":\"ImageObject\",\"inLanguage\":\"es\",\"@id\":\"https:\\\/\\\/orthogogo.com\\\/es\\\/#\\\/schema\\\/logo\\\/image\\\/\",\"url\":\"https:\\\/\\\/orthogogo.com\\\/es\\\/wp-content\\\/uploads\\\/2020\\\/09\\\/head-logo.png\",\"contentUrl\":\"https:\\\/\\\/orthogogo.com\\\/es\\\/wp-content\\\/uploads\\\/2020\\\/09\\\/head-logo.png\",\"width\":128,\"height\":128,\"caption\":\"Sky Ortho\"},\"image\":{\"@id\":\"https:\\\/\\\/orthogogo.com\\\/es\\\/#\\\/schema\\\/logo\\\/image\\\/\"}}]}<\/script>\n<!-- \/ Yoast SEO plugin. -->","yoast_head_json":{"title":"El cuidado de los Brackets, es una gran ayuda en su tratamiento.","description":"El cuidado de los Brackets es muy importante. Seguir las recomendaciones puede ayudarlo a completar su tratamiento a tiempo.","robots":{"index":"index","follow":"follow","max-snippet":"max-snippet:-1","max-image-preview":"max-image-preview:large","max-video-preview":"max-video-preview:-1"},"canonical":"https:\/\/orthogogo.com\/es\/el-cuidado-de-los-brackets\/","og_locale":"es_ES","og_type":"article","og_title":"El cuidado de los Brackets, es una gran ayuda en su tratamiento.","og_description":"El cuidado de los Brackets es muy importante. Seguir las recomendaciones puede ayudarlo a completar su tratamiento a tiempo.","og_url":"https:\/\/orthogogo.com\/es\/el-cuidado-de-los-brackets\/","og_site_name":"Sky Ortho","article_modified_time":"2021-09-09T22:22:11+00:00","og_image":[{"width":1024,"height":682,"url":"https:\/\/orthogogo.com\/es\/wp-content\/uploads\/2020\/11\/women-are-brushing-teeth-that-wear-braces-in-a-toilet-must-maintain-good-oral-health_t20_GJgywR-scaled-e1605477641439.jpg","type":"image\/jpeg"}],"twitter_card":"summary_large_image","twitter_misc":{"Tiempo de lectura":"2 minutos"},"schema":{"@context":"https:\/\/schema.org","@graph":[{"@type":"WebPage","@id":"https:\/\/orthogogo.com\/es\/el-cuidado-de-los-brackets\/","url":"https:\/\/orthogogo.com\/es\/el-cuidado-de-los-brackets\/","name":"El cuidado de los Brackets, es una gran ayuda en su tratamiento.","isPartOf":{"@id":"https:\/\/orthogogo.com\/es\/#website"},"primaryImageOfPage":{"@id":"https:\/\/orthogogo.com\/es\/el-cuidado-de-los-brackets\/#primaryimage"},"image":{"@id":"https:\/\/orthogogo.com\/es\/el-cuidado-de-los-brackets\/#primaryimage"},"thumbnailUrl":"https:\/\/orthogogo.com\/es\/wp-content\/uploads\/2020\/11\/women-are-brushing-teeth-that-wear-braces-in-a-toilet-must-maintain-good-oral-health_t20_GJgywR-scaled-e1605477641439.jpg","datePublished":"2020-11-15T22:00:55+00:00","dateModified":"2021-09-09T22:22:11+00:00","description":"El cuidado de los Brackets es muy importante. Seguir las recomendaciones puede ayudarlo a completar su tratamiento a tiempo.","breadcrumb":{"@id":"https:\/\/orthogogo.com\/es\/el-cuidado-de-los-brackets\/#breadcrumb"},"inLanguage":"es","potentialAction":[{"@type":"ReadAction","target":["https:\/\/orthogogo.com\/es\/el-cuidado-de-los-brackets\/"]}]},{"@type":"ImageObject","inLanguage":"es","@id":"https:\/\/orthogogo.com\/es\/el-cuidado-de-los-brackets\/#primaryimage","url":"https:\/\/orthogogo.com\/es\/wp-content\/uploads\/2020\/11\/women-are-brushing-teeth-that-wear-braces-in-a-toilet-must-maintain-good-oral-health_t20_GJgywR-scaled-e1605477641439.jpg","contentUrl":"https:\/\/orthogogo.com\/es\/wp-content\/uploads\/2020\/11\/women-are-brushing-teeth-that-wear-braces-in-a-toilet-must-maintain-good-oral-health_t20_GJgywR-scaled-e1605477641439.jpg","width":1024,"height":682,"caption":"El cuidado de los Brackets es muy importante. Hacer un buen trabajo y seguir las recomendaciones puede ayudarlo a completar su tratamiento a tiempo."},{"@type":"BreadcrumbList","@id":"https:\/\/orthogogo.com\/es\/el-cuidado-de-los-brackets\/#breadcrumb","itemListElement":[{"@type":"ListItem","position":1,"name":"Home","item":"https:\/\/orthogogo.com\/es\/"},{"@type":"ListItem","position":2,"name":"El cuidado de los Brackets es una forma de puede ayudar al tratamiento"}]},{"@type":"WebSite","@id":"https:\/\/orthogogo.com\/es\/#website","url":"https:\/\/orthogogo.com\/es\/","name":"Sky Ortho","description":"Ortodoncistas en OKC, Moore, Shawnee &amp; Norman","publisher":{"@id":"https:\/\/orthogogo.com\/es\/#organization"},"potentialAction":[{"@type":"SearchAction","target":{"@type":"EntryPoint","urlTemplate":"https:\/\/orthogogo.com\/es\/?s={search_term_string}"},"query-input":{"@type":"PropertyValueSpecification","valueRequired":true,"valueName":"search_term_string"}}],"inLanguage":"es"},{"@type":"Organization","@id":"https:\/\/orthogogo.com\/es\/#organization","name":"Sky Ortho","url":"https:\/\/orthogogo.com\/es\/","logo":{"@type":"ImageObject","inLanguage":"es","@id":"https:\/\/orthogogo.com\/es\/#\/schema\/logo\/image\/","url":"https:\/\/orthogogo.com\/es\/wp-content\/uploads\/2020\/09\/head-logo.png","contentUrl":"https:\/\/orthogogo.com\/es\/wp-content\/uploads\/2020\/09\/head-logo.png","width":128,"height":128,"caption":"Sky Ortho"},"image":{"@id":"https:\/\/orthogogo.com\/es\/#\/schema\/logo\/image\/"}}]}},"_links":{"self":[{"href":"https:\/\/orthogogo.com\/es\/wp-json\/wp\/v2\/pages\/3759","targetHints":{"allow":["GET"]}}],"collection":[{"href":"https:\/\/orthogogo.com\/es\/wp-json\/wp\/v2\/pages"}],"about":[{"href":"https:\/\/orthogogo.com\/es\/wp-json\/wp\/v2\/types\/page"}],"author":[{"embeddable":true,"href":"https:\/\/orthogogo.com\/es\/wp-json\/wp\/v2\/users\/3"}],"replies":[{"embeddable":true,"href":"https:\/\/orthogogo.com\/es\/wp-json\/wp\/v2\/comments?post=3759"}],"version-history":[{"count":12,"href":"https:\/\/orthogogo.com\/es\/wp-json\/wp\/v2\/pages\/3759\/revisions"}],"predecessor-version":[{"id":4138,"href":"https:\/\/orthogogo.com\/es\/wp-json\/wp\/v2\/pages\/3759\/revisions\/4138"}],"wp:featuredmedia":[{"embeddable":true,"href":"https:\/\/orthogogo.com\/es\/wp-json\/wp\/v2\/media\/3875"}],"wp:attachment":[{"href":"https:\/\/orthogogo.com\/es\/wp-json\/wp\/v2\/media?parent=3759"}],"curies":[{"name":"wp","href":"https:\/\/api.w.org\/{rel}","templated":true}]}}