{"id":3757,"date":"2020-11-15T20:39:10","date_gmt":"2020-11-15T20:39:10","guid":{"rendered":"https:\/\/orthogogo.com\/es\/?page_id=3757"},"modified":"2022-08-04T22:00:02","modified_gmt":"2022-08-04T22:00:02","slug":"tipos-de-brackets","status":"publish","type":"page","link":"https:\/\/orthogogo.com\/es\/tipos-de-brackets\/","title":{"rendered":"Tipos de frenillos: Su ortodoncista lo ayudar\u00e1 a elegir la mejor opci\u00f3n"},"content":{"rendered":"<div dir=\"ltr\">\n<div dir=\"ltr\">\n<p>Cuando se trata de tipos de aparatos de ortodoncia, hay muchas opciones. Desde los de metal tradicional hasta los invisibles (Invisalign), la Dra. Larson o el Dr. Fitzgerald pueden ayudarlo y asesorarlo para determinar cual funcionar\u00e1 mejor para que logre una hermosa sonrisa. Y, si su tratamiento lo permite, \u00a1divi\u00e9rtase un poco en el proceso!<\/p>\n<\/div>\n<\/div>\n<div dir=\"ltr\">\n<div dir=\"ltr\">\n<p>Echemos un vistazo a algunas de las opciones de ortodoncia m\u00e1s utilizadas actualmente en el mercado.<\/p>\n<p><img loading=\"lazy\" decoding=\"async\" class=\"alignnone wp-image-3858 size-full\" src=\"https:\/\/orthogogo.com\/es\/wp-content\/uploads\/2020\/11\/beautiful-young-woman-with-teeth-braces-7PF5YKS-scaled-e1605303240369.jpg\" alt=\"Types of Braces\" width=\"1024\" height=\"683\" \/><\/p>\n<\/div>\n<\/div>\n<div dir=\"ltr\">\n<div dir=\"ltr\">\n<h2>1. Brackets de Metal o Tradicionales<\/h2>\n<\/div>\n<\/div>\n<div dir=\"ltr\">\n<div dir=\"ltr\">\n<p>Los brackets tradicionales son brackets met\u00e1licos est\u00e1ndar que se colocan en los dientes con un adhesivo y se conectan con alambre. Requieren un ajuste regular para que una presi\u00f3n constante enderece gradualmente los dientes y alinee la mand\u00edbula.<\/p>\n<p><img loading=\"lazy\" decoding=\"async\" class=\"alignnone wp-image-3859 size-full\" src=\"https:\/\/orthogogo.com\/es\/wp-content\/uploads\/2020\/11\/Depositphotos_31684777_xl-2015-scaled-e1605303410220.jpg\" alt=\"Types of Braces\" width=\"1024\" height=\"681\" \/><\/p>\n<\/div>\n<h2>2. Brackets divertidos y coloridos<\/h2>\n<div dir=\"ltr\">\n<p>Los brackets tradicionales son brackets met\u00e1licos est\u00e1ndar que se colocan en los dientes con un adhesivo y se conectan con alambre. Requieren un ajuste regular para que una presi\u00f3n constante enderece gradualmente los dientes y alinee la mand\u00edbula. Pero en SkyOrtho le ofrecemos formas coloridas y art\u00edsticas para que sus ni\u00f1os y adolescentes muestren su propio estilo, cuando se trata de sus frenillos. Ofrecemos soportes de colores, juntas t\u00f3ricas y el\u00e1sticos de goma que los ni\u00f1os pueden cambiar y ajustar en cada visita .<\/p>\n<p>Adem\u00e1s, le ofrecmos los WildSmiles que adem\u00e1s de funcionar igual que los corchetes tradicionales, disponen de 25 dise\u00f1os para mezclar\u00a0 y combinar con sus el\u00e1sticos de variados colores, WildSmiles permite a los pacientes usar sus aparatos de ortodoncia con orgullo.<\/p>\n<p><img loading=\"lazy\" decoding=\"async\" class=\"alignnone size-full wp-image-3863\" src=\"https:\/\/orthogogo.com\/es\/wp-content\/uploads\/2020\/11\/luis-quintero-oH5wKjywf74-unsplash-1024.png\" alt=\"\" width=\"1024\" height=\"768\" srcset=\"https:\/\/orthogogo.com\/es\/wp-content\/uploads\/2020\/11\/luis-quintero-oH5wKjywf74-unsplash-1024.png 1024w, https:\/\/orthogogo.com\/es\/wp-content\/uploads\/2020\/11\/luis-quintero-oH5wKjywf74-unsplash-1024-300x225.png 300w, https:\/\/orthogogo.com\/es\/wp-content\/uploads\/2020\/11\/luis-quintero-oH5wKjywf74-unsplash-1024-768x576.png 768w\" sizes=\"auto, (max-width: 1024px) 100vw, 1024px\" \/><\/p>\n<h2>3. Brackets Cer\u00e1micos e Invisibles<\/h2>\n<div class=\"wp-block-image\">\n<figure class=\"alignright size-large animate from-bottom from-right lazyloaded\" data-expand=\"-100\"><picture class=\"wp-image-6152 sp-no-webp\"><source srcset=\"https:\/\/4ozimy8usb-flywheel.netdna-ssl.com\/wp-content\/uploads\/2020\/01\/ceramic-braces.webp 400w,https:\/\/4ozimy8usb-flywheel.netdna-ssl.com\/wp-content\/uploads\/2020\/01\/ceramic-braces-300x225.webp 300w\" type=\"image\/webp\" sizes=\"(max-width: 400px) 100vw, 400px\" \/><source srcset=\"https:\/\/4ozimy8usb-flywheel.netdna-ssl.com\/wp-content\/uploads\/2020\/01\/ceramic-braces.jpg 400w, https:\/\/4ozimy8usb-flywheel.netdna-ssl.com\/wp-content\/uploads\/2020\/01\/ceramic-braces-300x225.jpg 300w\" type=\"image\/jpeg\" sizes=\"(max-width: 400px) 100vw, 400px\" \/><\/picture><\/figure>\n<\/div>\n<p>Los aparatos de cer\u00e1mica son muy similares a los aparatos tradicionales. Se asientan en la parte frontal de los dientes, al igual que los frenillos tradicionales, pero se combinan un poco mejor con los dientes, ya que est\u00e1n hechos de material cer\u00e1mico transparente o del color de los dientes. A veces, los alambres tambi\u00e9n pueden ser de color o transparentes para que los frenillos parezcan invisibles.<\/p>\n<p>Estos aparatos funcionan tan r\u00e1pido y eficazmente como los aparatos tradicionales, pero pueden costar un poco m\u00e1s.<\/p>\n<p><img loading=\"lazy\" decoding=\"async\" class=\"alignnone wp-image-3862 size-full\" src=\"https:\/\/orthogogo.com\/es\/wp-content\/uploads\/2020\/11\/Depositphotos_31884057_xl-2015-scaled-e1605304324974.jpg\" alt=\"Types of Braces\" width=\"1024\" height=\"624\" \/><\/p>\n<h2>4. Aparatos linguales<\/h2>\n<div class=\"wp-block-image\">\n<figure class=\"alignright size-large animate from-bottom from-right lazyloaded\" data-expand=\"-100\"><picture class=\"wp-image-6153 sp-no-webp\"><source srcset=\"https:\/\/4ozimy8usb-flywheel.netdna-ssl.com\/wp-content\/uploads\/2020\/01\/lingual-braces.webp 400w,https:\/\/4ozimy8usb-flywheel.netdna-ssl.com\/wp-content\/uploads\/2020\/01\/lingual-braces-300x225.webp 300w\" type=\"image\/webp\" sizes=\"(max-width: 400px) 100vw, 400px\" \/><source srcset=\"https:\/\/4ozimy8usb-flywheel.netdna-ssl.com\/wp-content\/uploads\/2020\/01\/lingual-braces.jpg 400w, https:\/\/4ozimy8usb-flywheel.netdna-ssl.com\/wp-content\/uploads\/2020\/01\/lingual-braces-300x225.jpg 300w\" type=\"image\/jpeg\" sizes=\"(max-width: 400px) 100vw, 400px\" \/><\/picture><\/figure>\n<\/div>\n<p>A diferencia de los frenillos tradicionales y de cer\u00e1mica, los frenillos linguales se adhieren a la parte posterior de los dientes en lugar de al frente. Esto los hace pr\u00e1cticamente invisibles pero son m\u00e1s inc\u00f3modos que los aparatos tradicionales, ya que la lengua entra en contacto con ellos con mucha frecuencia.<\/p>\n<p>Los frenillos linguales no pueden ser usados para arreglar todo, por lo que si est\u00e1 interesado en obtenerlos, primero debe preguntarle a su ortodoncista si funcionar\u00edan en su caso espec\u00edfico.<\/p>\n<p>&nbsp;<\/p>\n<p><iframe loading=\"lazy\" title=\"INBRACE - Smartwire [IN]Motion\" width=\"640\" height=\"360\" src=\"https:\/\/www.youtube.com\/embed\/53Zq6zRH4JM?feature=oembed\" frameborder=\"0\" allow=\"accelerometer; autoplay; clipboard-write; encrypted-media; gyroscope; picture-in-picture; web-share\" referrerpolicy=\"strict-origin-when-cross-origin\" allowfullscreen><\/iframe><\/p>\n<h2>5. InBrace<\/h2>\n<p class=\"p1\">InBrace es un nuevo estilo de aparatos\u00a0 de ortodoncia que se esconde detr\u00e1s de los dientes y utiliza un alambre de alta tecnolog\u00eda que posee memoria para perfeccionar la sonrisa del paciente. El producto tambi\u00e9n reduce significativamente el tiempo de tratamiento y las visitas al m\u00e9dico de los pacientes, estableciendo esta nueva tecnolog\u00eda, estos aparatos de ortodoncia son los m\u00e1s avanzados y eficientes en el mercado actual. InBrace tiene el beneficio adicional de permitirle cepillarse y usar hilo dental normalmente, por lo que no debe preocuparse por olvidar volver a pon\u00e9rselos despu\u00e9s de comer. Perfecto para el profesional ocupado que quiere una soluci\u00f3n r\u00e1pida y discreta para enderezar los dientes.<\/p>\n<p>InBrace est\u00e1 discretamente escondido detr\u00e1s de sus dientes; solo usted y su m\u00e9dico saben que est\u00e1 all\u00ed.<\/p>\n<p><img loading=\"lazy\" decoding=\"async\" class=\"alignnone size-full wp-image-3866\" src=\"https:\/\/orthogogo.com\/es\/wp-content\/uploads\/2020\/11\/Invisalign-scaled-e1605472057787.jpg\" alt=\"Invisalign\" width=\"1024\" height=\"684\" \/><\/p>\n<\/div>\n<\/div>\n<div dir=\"ltr\">\n<div dir=\"ltr\">\n<h2>6. Invisalign<\/h2>\n<div class=\"wp-block-image\">\n<figure class=\"alignright size-large animate from-bottom from-right lazyloaded\" data-expand=\"-100\"><picture class=\"wp-image-6154 sp-no-webp\"><source srcset=\"https:\/\/4ozimy8usb-flywheel.netdna-ssl.com\/wp-content\/uploads\/2020\/01\/invisalign-clear-braces.webp 400w,https:\/\/4ozimy8usb-flywheel.netdna-ssl.com\/wp-content\/uploads\/2020\/01\/invisalign-clear-braces-300x225.webp 300w\" type=\"image\/webp\" sizes=\"(max-width: 400px) 100vw, 400px\" \/><source srcset=\"https:\/\/4ozimy8usb-flywheel.netdna-ssl.com\/wp-content\/uploads\/2020\/01\/invisalign-clear-braces.jpg 400w, https:\/\/4ozimy8usb-flywheel.netdna-ssl.com\/wp-content\/uploads\/2020\/01\/invisalign-clear-braces-300x225.jpg 300w\" type=\"image\/jpeg\" sizes=\"(max-width: 400px) 100vw, 400px\" \/><\/picture><\/figure>\n<\/div>\n<p>La tecnolog\u00eda m\u00e1s reciente y tremendamente popular en el mundo de los frenillos o brackets, no se parece en nada a los frenillos tradicionales. En los \u00faltimos quince a\u00f1os, Invisalign ha acaparado el mercado de la ortodoncia al ofrecer retenedores transparentes y emergentes que enderezan los dientes sin brackets, bandas o alambres. Invisalign utiliza una serie (de 18 a 50) de bandejas exclusivamente de pl\u00e1stico para guiar los dientes desalineados hacia la posici\u00f3n adecuada.<\/p>\n<p>Los pacientes que eligen Invisalign deben usar las bandejas con la mayor frecuencia posible para lograr los mejores resultados, pero afortunadamente para las bandejas son transparentes y bastante c\u00f3modas, por lo que no es una tarea excesivamente dif\u00edcil. Tienes que sacarlos al comer o beber l\u00edquidos oscuros para evitar posibles manchas.<\/p>\n<p><img loading=\"lazy\" decoding=\"async\" class=\"alignnone wp-image-3868 size-full\" src=\"https:\/\/orthogogo.com\/es\/wp-content\/uploads\/2020\/11\/Palette-Expander-scaled-e1605472551174.jpg\" alt=\"Palette Expander\" width=\"1024\" height=\"807\" \/><\/p>\n<h2>7. Expansores de paladar<\/h2>\n<p>Un expansor de paladar es un aparato de ortodoncia que se utiliza para corregir un problema de ancho o una discrepancia entre los maxilares superior e inferior. En los t\u00e9rminos m\u00e1s simples, se usa para ensanchar la mand\u00edbula superior.<\/p>\n<p>Los expansores de paladar se utilizan cuando su ortodoncista detecta un problema de ancho en la mand\u00edbula superior. Esto generalmente se descubre en forma de mordida cruzada o api\u00f1amiento. Las mordidas cruzadas son una inrregularidad en la mordida que el ortodoncista siempre trata de corregir lo antes posible. Los expansores palatinos se usan t\u00edpicamente en ni\u00f1os m\u00e1s peque\u00f1os que a\u00fan tienen potencial de crecimiento. Sin embargo, ocasionalmente se utilizan en pacientes adultos en casos puntuales.<\/p>\n<\/div>\n<\/div>\n<div dir=\"ltr\">\n<div dir=\"ltr\">\n<p>&nbsp;<\/p>\n<\/div>\n<\/div>\n","protected":false},"excerpt":{"rendered":"<p>Cuando se trata de tipos de aparatos de ortodoncia, hay muchas opciones. Desde los de metal tradicional hasta los invisibles (Invisalign), la Dra. Larson o el Dr. Fitzgerald pueden ayudarlo y asesorarlo para determinar cual funcionar\u00e1 mejor para que logre una hermosa sonrisa. Y, si su tratamiento lo permite, \u00a1divi\u00e9rtase un poco en el proceso! [&hellip;]<\/p>\n","protected":false},"author":3,"featured_media":0,"parent":0,"menu_order":0,"comment_status":"closed","ping_status":"closed","template":"tpls\/template-about.php","meta":{"footnotes":""},"class_list":["post-3757","page","type-page","status-publish","hentry"],"yoast_head":"<!-- This site is optimized with the Yoast SEO plugin v27.3 - https:\/\/yoast.com\/product\/yoast-seo-wordpress\/ -->\n<title>Tipos de Brackets - Nuestros doctores te ayudar\u00e1n a elegir.<\/title>\n<meta name=\"description\" content=\"There are so many different options when it comes to dental braces. From traditional braces to Invisalign, Sky Ortho can help.\" \/>\n<meta name=\"robots\" content=\"index, follow, max-snippet:-1, max-image-preview:large, max-video-preview:-1\" \/>\n<link rel=\"canonical\" href=\"https:\/\/orthogogo.com\/es\/tipos-de-brackets\/\" \/>\n<meta property=\"og:locale\" content=\"es_ES\" \/>\n<meta property=\"og:type\" content=\"article\" \/>\n<meta property=\"og:title\" content=\"Tipos de Brackets - Nuestros doctores te ayudar\u00e1n a elegir.\" \/>\n<meta property=\"og:description\" content=\"There are so many different options when it comes to dental braces. From traditional braces to Invisalign, Sky Ortho can help.\" \/>\n<meta property=\"og:url\" content=\"https:\/\/orthogogo.com\/es\/tipos-de-brackets\/\" \/>\n<meta property=\"og:site_name\" content=\"Sky Ortho\" \/>\n<meta property=\"article:modified_time\" content=\"2022-08-04T22:00:02+00:00\" \/>\n<meta property=\"og:image\" content=\"https:\/\/orthogogo.com\/es\/wp-content\/uploads\/2020\/11\/beautiful-young-woman-with-teeth-braces-7PF5YKS-scaled-e1605303240369.jpg\" \/>\n<meta name=\"twitter:card\" content=\"summary_large_image\" \/>\n<meta name=\"twitter:label1\" content=\"Tiempo de lectura\" \/>\n\t<meta name=\"twitter:data1\" content=\"5 minutos\" \/>\n<script type=\"application\/ld+json\" class=\"yoast-schema-graph\">{\"@context\":\"https:\\\/\\\/schema.org\",\"@graph\":[{\"@type\":\"WebPage\",\"@id\":\"https:\\\/\\\/orthogogo.com\\\/es\\\/tipos-de-brackets\\\/\",\"url\":\"https:\\\/\\\/orthogogo.com\\\/es\\\/tipos-de-brackets\\\/\",\"name\":\"Tipos de Brackets - Nuestros doctores te ayudar\u00e1n a elegir.\",\"isPartOf\":{\"@id\":\"https:\\\/\\\/orthogogo.com\\\/es\\\/#website\"},\"primaryImageOfPage\":{\"@id\":\"https:\\\/\\\/orthogogo.com\\\/es\\\/tipos-de-brackets\\\/#primaryimage\"},\"image\":{\"@id\":\"https:\\\/\\\/orthogogo.com\\\/es\\\/tipos-de-brackets\\\/#primaryimage\"},\"thumbnailUrl\":\"https:\\\/\\\/orthogogo.com\\\/es\\\/wp-content\\\/uploads\\\/2020\\\/11\\\/beautiful-young-woman-with-teeth-braces-7PF5YKS-scaled-e1605303240369.jpg\",\"datePublished\":\"2020-11-15T20:39:10+00:00\",\"dateModified\":\"2022-08-04T22:00:02+00:00\",\"description\":\"There are so many different options when it comes to dental braces. From traditional braces to Invisalign, Sky Ortho can help.\",\"breadcrumb\":{\"@id\":\"https:\\\/\\\/orthogogo.com\\\/es\\\/tipos-de-brackets\\\/#breadcrumb\"},\"inLanguage\":\"es\",\"potentialAction\":[{\"@type\":\"ReadAction\",\"target\":[\"https:\\\/\\\/orthogogo.com\\\/es\\\/tipos-de-brackets\\\/\"]}]},{\"@type\":\"ImageObject\",\"inLanguage\":\"es\",\"@id\":\"https:\\\/\\\/orthogogo.com\\\/es\\\/tipos-de-brackets\\\/#primaryimage\",\"url\":\"https:\\\/\\\/orthogogo.com\\\/es\\\/wp-content\\\/uploads\\\/2020\\\/11\\\/beautiful-young-woman-with-teeth-braces-7PF5YKS-scaled-e1605303240369.jpg\",\"contentUrl\":\"https:\\\/\\\/orthogogo.com\\\/es\\\/wp-content\\\/uploads\\\/2020\\\/11\\\/beautiful-young-woman-with-teeth-braces-7PF5YKS-scaled-e1605303240369.jpg\",\"width\":1024,\"height\":683,\"caption\":\"Types of Braces\"},{\"@type\":\"BreadcrumbList\",\"@id\":\"https:\\\/\\\/orthogogo.com\\\/es\\\/tipos-de-brackets\\\/#breadcrumb\",\"itemListElement\":[{\"@type\":\"ListItem\",\"position\":1,\"name\":\"Home\",\"item\":\"https:\\\/\\\/orthogogo.com\\\/es\\\/\"},{\"@type\":\"ListItem\",\"position\":2,\"name\":\"Tipos de frenillos: Su ortodoncista lo ayudar\u00e1 a elegir la mejor opci\u00f3n\"}]},{\"@type\":\"WebSite\",\"@id\":\"https:\\\/\\\/orthogogo.com\\\/es\\\/#website\",\"url\":\"https:\\\/\\\/orthogogo.com\\\/es\\\/\",\"name\":\"Sky Ortho\",\"description\":\"Ortodoncistas en OKC, Moore, Shawnee &amp; Norman\",\"publisher\":{\"@id\":\"https:\\\/\\\/orthogogo.com\\\/es\\\/#organization\"},\"potentialAction\":[{\"@type\":\"SearchAction\",\"target\":{\"@type\":\"EntryPoint\",\"urlTemplate\":\"https:\\\/\\\/orthogogo.com\\\/es\\\/?s={search_term_string}\"},\"query-input\":{\"@type\":\"PropertyValueSpecification\",\"valueRequired\":true,\"valueName\":\"search_term_string\"}}],\"inLanguage\":\"es\"},{\"@type\":\"Organization\",\"@id\":\"https:\\\/\\\/orthogogo.com\\\/es\\\/#organization\",\"name\":\"Sky Ortho\",\"url\":\"https:\\\/\\\/orthogogo.com\\\/es\\\/\",\"logo\":{\"@type\":\"ImageObject\",\"inLanguage\":\"es\",\"@id\":\"https:\\\/\\\/orthogogo.com\\\/es\\\/#\\\/schema\\\/logo\\\/image\\\/\",\"url\":\"https:\\\/\\\/orthogogo.com\\\/es\\\/wp-content\\\/uploads\\\/2020\\\/09\\\/head-logo.png\",\"contentUrl\":\"https:\\\/\\\/orthogogo.com\\\/es\\\/wp-content\\\/uploads\\\/2020\\\/09\\\/head-logo.png\",\"width\":128,\"height\":128,\"caption\":\"Sky Ortho\"},\"image\":{\"@id\":\"https:\\\/\\\/orthogogo.com\\\/es\\\/#\\\/schema\\\/logo\\\/image\\\/\"}}]}<\/script>\n<!-- \/ Yoast SEO plugin. -->","yoast_head_json":{"title":"Tipos de Brackets - Nuestros doctores te ayudar\u00e1n a elegir.","description":"There are so many different options when it comes to dental braces. From traditional braces to Invisalign, Sky Ortho can help.","robots":{"index":"index","follow":"follow","max-snippet":"max-snippet:-1","max-image-preview":"max-image-preview:large","max-video-preview":"max-video-preview:-1"},"canonical":"https:\/\/orthogogo.com\/es\/tipos-de-brackets\/","og_locale":"es_ES","og_type":"article","og_title":"Tipos de Brackets - Nuestros doctores te ayudar\u00e1n a elegir.","og_description":"There are so many different options when it comes to dental braces. From traditional braces to Invisalign, Sky Ortho can help.","og_url":"https:\/\/orthogogo.com\/es\/tipos-de-brackets\/","og_site_name":"Sky Ortho","article_modified_time":"2022-08-04T22:00:02+00:00","og_image":[{"url":"https:\/\/orthogogo.com\/es\/wp-content\/uploads\/2020\/11\/beautiful-young-woman-with-teeth-braces-7PF5YKS-scaled-e1605303240369.jpg","type":"","width":"","height":""}],"twitter_card":"summary_large_image","twitter_misc":{"Tiempo de lectura":"5 minutos"},"schema":{"@context":"https:\/\/schema.org","@graph":[{"@type":"WebPage","@id":"https:\/\/orthogogo.com\/es\/tipos-de-brackets\/","url":"https:\/\/orthogogo.com\/es\/tipos-de-brackets\/","name":"Tipos de Brackets - Nuestros doctores te ayudar\u00e1n a elegir.","isPartOf":{"@id":"https:\/\/orthogogo.com\/es\/#website"},"primaryImageOfPage":{"@id":"https:\/\/orthogogo.com\/es\/tipos-de-brackets\/#primaryimage"},"image":{"@id":"https:\/\/orthogogo.com\/es\/tipos-de-brackets\/#primaryimage"},"thumbnailUrl":"https:\/\/orthogogo.com\/es\/wp-content\/uploads\/2020\/11\/beautiful-young-woman-with-teeth-braces-7PF5YKS-scaled-e1605303240369.jpg","datePublished":"2020-11-15T20:39:10+00:00","dateModified":"2022-08-04T22:00:02+00:00","description":"There are so many different options when it comes to dental braces. From traditional braces to Invisalign, Sky Ortho can help.","breadcrumb":{"@id":"https:\/\/orthogogo.com\/es\/tipos-de-brackets\/#breadcrumb"},"inLanguage":"es","potentialAction":[{"@type":"ReadAction","target":["https:\/\/orthogogo.com\/es\/tipos-de-brackets\/"]}]},{"@type":"ImageObject","inLanguage":"es","@id":"https:\/\/orthogogo.com\/es\/tipos-de-brackets\/#primaryimage","url":"https:\/\/orthogogo.com\/es\/wp-content\/uploads\/2020\/11\/beautiful-young-woman-with-teeth-braces-7PF5YKS-scaled-e1605303240369.jpg","contentUrl":"https:\/\/orthogogo.com\/es\/wp-content\/uploads\/2020\/11\/beautiful-young-woman-with-teeth-braces-7PF5YKS-scaled-e1605303240369.jpg","width":1024,"height":683,"caption":"Types of Braces"},{"@type":"BreadcrumbList","@id":"https:\/\/orthogogo.com\/es\/tipos-de-brackets\/#breadcrumb","itemListElement":[{"@type":"ListItem","position":1,"name":"Home","item":"https:\/\/orthogogo.com\/es\/"},{"@type":"ListItem","position":2,"name":"Tipos de frenillos: Su ortodoncista lo ayudar\u00e1 a elegir la mejor opci\u00f3n"}]},{"@type":"WebSite","@id":"https:\/\/orthogogo.com\/es\/#website","url":"https:\/\/orthogogo.com\/es\/","name":"Sky Ortho","description":"Ortodoncistas en OKC, Moore, Shawnee &amp; Norman","publisher":{"@id":"https:\/\/orthogogo.com\/es\/#organization"},"potentialAction":[{"@type":"SearchAction","target":{"@type":"EntryPoint","urlTemplate":"https:\/\/orthogogo.com\/es\/?s={search_term_string}"},"query-input":{"@type":"PropertyValueSpecification","valueRequired":true,"valueName":"search_term_string"}}],"inLanguage":"es"},{"@type":"Organization","@id":"https:\/\/orthogogo.com\/es\/#organization","name":"Sky Ortho","url":"https:\/\/orthogogo.com\/es\/","logo":{"@type":"ImageObject","inLanguage":"es","@id":"https:\/\/orthogogo.com\/es\/#\/schema\/logo\/image\/","url":"https:\/\/orthogogo.com\/es\/wp-content\/uploads\/2020\/09\/head-logo.png","contentUrl":"https:\/\/orthogogo.com\/es\/wp-content\/uploads\/2020\/09\/head-logo.png","width":128,"height":128,"caption":"Sky Ortho"},"image":{"@id":"https:\/\/orthogogo.com\/es\/#\/schema\/logo\/image\/"}}]}},"_links":{"self":[{"href":"https:\/\/orthogogo.com\/es\/wp-json\/wp\/v2\/pages\/3757","targetHints":{"allow":["GET"]}}],"collection":[{"href":"https:\/\/orthogogo.com\/es\/wp-json\/wp\/v2\/pages"}],"about":[{"href":"https:\/\/orthogogo.com\/es\/wp-json\/wp\/v2\/types\/page"}],"author":[{"embeddable":true,"href":"https:\/\/orthogogo.com\/es\/wp-json\/wp\/v2\/users\/3"}],"replies":[{"embeddable":true,"href":"https:\/\/orthogogo.com\/es\/wp-json\/wp\/v2\/comments?post=3757"}],"version-history":[{"count":19,"href":"https:\/\/orthogogo.com\/es\/wp-json\/wp\/v2\/pages\/3757\/revisions"}],"predecessor-version":[{"id":4039,"href":"https:\/\/orthogogo.com\/es\/wp-json\/wp\/v2\/pages\/3757\/revisions\/4039"}],"wp:attachment":[{"href":"https:\/\/orthogogo.com\/es\/wp-json\/wp\/v2\/media?parent=3757"}],"curies":[{"name":"wp","href":"https:\/\/api.w.org\/{rel}","templated":true}]}}