{"id":3755,"date":"2020-11-10T20:05:53","date_gmt":"2020-11-10T20:05:53","guid":{"rendered":"https:\/\/orthogogo.com\/es\/?page_id=3755"},"modified":"2021-09-09T22:22:48","modified_gmt":"2021-09-09T22:22:48","slug":"razones-para-usar-brackets","status":"publish","type":"page","link":"https:\/\/orthogogo.com\/es\/razones-para-usar-brackets\/","title":{"rendered":"Razones para usar Brackets, las razones pueden variar, pero por lo general involucran la alineaci\u00f3n de los dientes o la mand\u00edbula"},"content":{"rendered":"<p><img loading=\"lazy\" decoding=\"async\" class=\"alignnone size-full wp-image-3831\" src=\"https:\/\/orthogogo.com\/es\/wp-content\/uploads\/2020\/11\/Reasons-to-Get-Braces-4.png\" alt=\"Reasons to Get Braces\" width=\"1024\" height=\"691\" srcset=\"https:\/\/orthogogo.com\/es\/wp-content\/uploads\/2020\/11\/Reasons-to-Get-Braces-4.png 1024w, https:\/\/orthogogo.com\/es\/wp-content\/uploads\/2020\/11\/Reasons-to-Get-Braces-4-300x202.png 300w, https:\/\/orthogogo.com\/es\/wp-content\/uploads\/2020\/11\/Reasons-to-Get-Braces-4-768x518.png 768w\" sizes=\"auto, (max-width: 1024px) 100vw, 1024px\" \/><\/p>\n<p>Las razones para usar brackets a menudo var\u00edan porque hay muchos problemas diferentes que pueden afectar los dientes y la mand\u00edbula. De hecho, los aparatos de ortodoncia y otros aparatos y tratamientos casi siempre se prescriben para corregir una desalineaci\u00f3n asociada con los dientes o la mand\u00edbula. A veces, sin embargo, tambi\u00e9n puede ser cosm\u00e9tico.<\/p>\n<p>Desafortunadamente, los problemas de alineaci\u00f3n de dientes y mand\u00edbula pueden provocar dolor, problemas del habla, digesti\u00f3n y problemas de salud. Por esta raz\u00f3n, siempre deben abordarse lo antes posible. Esas son algunas de las condiciones que su ortodoncista o dentista puede encontrar durante un chequeo. Por lo general, si su dentista observa alguna de estas condiciones, lo derivar\u00e1 a un ortodoncista.<\/p>\n<h3>Aglomeraci\u00f3n o Api\u00f1amiento<\/h3>\n<p>El api\u00f1amiento de dientes o los dientes aglomerados son razones frecuentes para obtener aparatos de ortodoncia. Esto ocurre cuando sus dientes se han quedado sin espacio en la boca. Cuando esto ocurre, los dientes se presionan entre ellos pero no alineadamente. Esto puede hacer que algunos dientes queden m\u00e1s altos que otros. Tambi\u00e9n puede resultar en que algunos dientes se empujen hacia atr\u00e1s o adelante de otros dientes.<\/p>\n<p>Una sonrisa abarrotada es dif\u00edcil de cepillar y usar hilo dental. Esto significa que las part\u00edculas de alimentos y las bacterias pueden acumularse f\u00e1cilmente en los rincones y grietas de su sonrisa, especialmente en la l\u00ednea de las enc\u00edas. En \u00faltima instancia, esta acumulaci\u00f3n puede causar placa y sarro, lo que puede provocar enfermedad de las enc\u00edas.<\/p>\n<p><img loading=\"lazy\" decoding=\"async\" class=\"alignnone size-full wp-image-3832\" src=\"https:\/\/orthogogo.com\/es\/wp-content\/uploads\/2020\/11\/Reasons-to-Get-Braces-3.png\" alt=\"Reasons to Get Braces\" width=\"1024\" height=\"683\" srcset=\"https:\/\/orthogogo.com\/es\/wp-content\/uploads\/2020\/11\/Reasons-to-Get-Braces-3.png 1024w, https:\/\/orthogogo.com\/es\/wp-content\/uploads\/2020\/11\/Reasons-to-Get-Braces-3-300x200.png 300w, https:\/\/orthogogo.com\/es\/wp-content\/uploads\/2020\/11\/Reasons-to-Get-Braces-3-768x512.png 768w\" sizes=\"auto, (max-width: 1024px) 100vw, 1024px\" \/><\/p>\n<h3>Dientes torcidos<\/h3>\n<p>Los dientes desalineados, los dientes torcidos o los dientes api\u00f1ados se ven com\u00fanmente en personas de todas las edades. Cuando los dientes erupcionan y crecen de manera que se superponen, se retuercen, se inclinan o giran, se api\u00f1an, se tuercen o se desalinean. Por supuesto, esto dificulta la limpieza de los dientes y los da\u00f1a.<\/p>\n<h3>Exceso de espacio entre los dientes<\/h3>\n<p>El exceso de espacio entre los dientes, conocido como diastema, es en realidad una de las razones m\u00e1s comunes para usar frenillos. El espaciado (lo opuesto al api\u00f1amiento) es un exceso de espacio para los dientes que da como resultado espacios muy pronunciados entre los dientes. Esto generalmente ocurre cuando los dientes son m\u00e1s peque\u00f1os que el espacio disponible. El espaciamiento tambi\u00e9n puede ser causado por dientes protrusivos, dientes faltantes, dientes impactados o adherencias anormales de tejido a las enc\u00edas. Los espacios entre los dientes tambi\u00e9n pueden ser causados por dientes que no crecen adecuadamente, por el tama\u00f1o de la mand\u00edbula e incluso por reflejos incorrectos al tragar. Una causa com\u00fan de diastema entre los dos dientes frontales es causada por un crecimiento excesivo del tejido de las enc\u00edas que bordea estos dientes. Los frenillos cambian su sonrisa para cerrar los espacios entre los dientes.<\/p>\n<p><iframe loading=\"lazy\" title=\"Sky Ortho -- Malocclusion With Overbite\" width=\"640\" height=\"360\" src=\"https:\/\/www.youtube.com\/embed\/Y_3iFdSeCBU?feature=oembed\" frameborder=\"0\" allow=\"accelerometer; autoplay; clipboard-write; encrypted-media; gyroscope; picture-in-picture; web-share\" referrerpolicy=\"strict-origin-when-cross-origin\" allowfullscreen><\/iframe><\/p>\n<h3>Sobremordida<\/h3>\n<p>Una sobremordida es cuando la mand\u00edbula superior se superpone a la mand\u00edbula inferior. Es com\u00fan que algunos pacientes tengan una sobremordida leve de solo uno o dos mil\u00edmetros, pero algunos tienen problemas de mordida m\u00e1s graves. Una maloclusi\u00f3n es una sobremordida profunda donde la superposici\u00f3n es m\u00e1s pronunciada. Puede provocar dolores de cabeza y dolor en la ATM, ya que tienden a apretar la mand\u00edbula y rechinar mucho los dientes. La gen\u00e9tica a menudo se asocia con una sobremordida, pero la succi\u00f3n cr\u00f3nica del dedo (chupar el dedo) tambi\u00e9n puede contribuir.<\/p>\n<p>Las sobremordidas pueden afectar el habla. Cuando tiene una sobremordida, tiende a hablar m\u00e1s con la lengua, lo que puede afectar la claridad de sus palabras e incluso cecear (Pronunciar la S<span class=\"i\">\u00a0<\/span>con sonido de Z).<\/p>\n<p><iframe loading=\"lazy\" title=\"Sky Ortho -- Malocclusion With Underbite\" width=\"640\" height=\"360\" src=\"https:\/\/www.youtube.com\/embed\/lUMo3BhItVQ?feature=oembed\" frameborder=\"0\" allow=\"accelerometer; autoplay; clipboard-write; encrypted-media; gyroscope; picture-in-picture; web-share\" referrerpolicy=\"strict-origin-when-cross-origin\" allowfullscreen><\/iframe><\/p>\n<h3>Submordida<\/h3>\n<p>Si sus dientes inferiores est\u00e1n demasiado hacia adelante o los dientes superiores est\u00e1n demasiado hacia atr\u00e1s, es probable que sufra una mordida inferior. Una submordida es cuando cierra la boca y sus dientes frontales inferiores est\u00e1n frente a sus dientes superiores. En muchos casos, esto es en realidad un problema con la mand\u00edbula inferior demasiado adelantada. Una mordida puede causar una apariencia facial desequilibrada y acelerar el envejecimiento. Los frenillos mueven los dientes superiores o inferiores, o tanto los dientes superiores como los inferiores, para corregir la mordida inferior. En casos severos, puede ser necesaria una cirug\u00eda de mand\u00edbula junto con aparatos de ortodoncia para corregir la mordida inferior.<\/p>\n<h3>Mordida cruzada<\/h3>\n<p>Una mordida cruzada ocurre cuando solo algunos de sus dientes superiores no bajan sobre los dientes inferiores al morder. Cuando cierra la boca y algunos de sus dientes superiores se asientan dentro de sus dientes inferiores, en lugar de afuera, como lo har\u00eda normalmente, su ortodoncista llama a esto una mordida cruzada.<\/p>\n<p>Cuando no se trata, una mordida cruzada conduce a fracturas dentales, enc\u00edas retra\u00eddas y crecimiento asim\u00e9trico de la mand\u00edbula en los ni\u00f1os. Dependiendo del alcance de la mordida cruzada, el tratamiento puede implicar el uso de un expansor palatino, un aparato de ortodoncia fijo o removible que se usa para ensanchar la mand\u00edbula superior. Esto se usar\u00eda junto con un aparato dise\u00f1ado para mover los dientes, como aparatos de ortodoncia o alineadores transparentes.<\/p>\n<p><img loading=\"lazy\" decoding=\"async\" class=\"alignnone size-full wp-image-3833\" src=\"https:\/\/orthogogo.com\/es\/wp-content\/uploads\/2020\/11\/Reasons-to-Get-Braces-8.png\" alt=\"Reasons to Get Braces\" width=\"1024\" height=\"680\" srcset=\"https:\/\/orthogogo.com\/es\/wp-content\/uploads\/2020\/11\/Reasons-to-Get-Braces-8.png 1024w, https:\/\/orthogogo.com\/es\/wp-content\/uploads\/2020\/11\/Reasons-to-Get-Braces-8-300x199.png 300w, https:\/\/orthogogo.com\/es\/wp-content\/uploads\/2020\/11\/Reasons-to-Get-Braces-8-768x510.png 768w\" sizes=\"auto, (max-width: 1024px) 100vw, 1024px\" \/><\/p>\n<h3>Mand\u00edbula desalineada<\/h3>\n<p>Una mand\u00edbula desalineada es una maloclusi\u00f3n, la mejor descripci\u00f3n es decir que es cuando los dientes superiores e inferiores no se unen c\u00f3modamente. Debe acudir a chequeo si tiene dificultades para usar la mand\u00edbula. Adem\u00e1s, si tiene un chasquido, chasquido o chirrido en la mand\u00edbula. Otro s\u00edntoma es el dolor al abrir y cerrar la boca, o dolores de cabeza cr\u00f3nicos o migra\u00f1as.<\/p>\n<p>La presi\u00f3n de una mordida anormal puede desgastar el esmalte de los dientes, lo que puede provocar el adelgazamiento y el astillado de las superficies del esmalte. Los frenillos pueden mover la mand\u00edbula superior hacia adelante o hacia atr\u00e1s para ayudar a que los dientes se unan. En casos graves, es posible que se requiera una cirug\u00eda de mand\u00edbula seg\u00fan la recomendaci\u00f3n de su ortodoncista.<\/p>\n<h3>Mordida Abierta<\/h3>\n<p>Una mordida abierta es una maloclusi\u00f3n rara. Ocurre debido a un defecto cong\u00e9nito, a la gen\u00e9tica y\u00a0 con demasiada frecuencia es resultado de chuparse el dedo de forma prolongada o del uso del chupete. El resultado es que los dientes frontales superiores e inferiores se inclinan hacia afuera para que no se toquen cuando el paciente muerda. Las mordidas abiertas pueden causar dificultades para morder, ceceo y otros problemas del habla. Una de las causas de una mordida abierta es chuparse el dedo o usar un chupete. Los aparatos de ortodoncia funcionan para alinear correctamente los dientes superiores e inferiores en casos de mordida abierta.<\/p>\n<h3>Exceso de sobremordida horizontal<\/h3>\n<p>El resalte es la extensi\u00f3n de la distancia horizontal entre los dientes frontales superiores e inferiores. Un exceso de resalte es una maloclusi\u00f3n que ocurre cuando hay una superposici\u00f3n horizontal de los incisivos centrales superiores sobre los incisivos centrales mandibulares. No debe confundirse con una sobremordida, los que tienen una sobremordida horizontal tienen dientes frontales que sobresalen, com\u00fanmente conocidos como dientes salientes.<\/p>\n<p><img loading=\"lazy\" decoding=\"async\" class=\"alignnone size-full wp-image-3834\" src=\"https:\/\/orthogogo.com\/es\/wp-content\/uploads\/2020\/11\/Reasons-to-Get-Braces-9.png\" alt=\"Reasons to Get Braces\" width=\"1024\" height=\"680\" srcset=\"https:\/\/orthogogo.com\/es\/wp-content\/uploads\/2020\/11\/Reasons-to-Get-Braces-9.png 1024w, https:\/\/orthogogo.com\/es\/wp-content\/uploads\/2020\/11\/Reasons-to-Get-Braces-9-300x199.png 300w, https:\/\/orthogogo.com\/es\/wp-content\/uploads\/2020\/11\/Reasons-to-Get-Braces-9-768x510.png 768w\" sizes=\"auto, (max-width: 1024px) 100vw, 1024px\" \/><\/p>\n<h3><strong>TMD<\/strong><\/h3>\n<p>El Trastorno TemporoMandibular (TMD) es una afecci\u00f3n que afecta la articulaci\u00f3n temporomandibular que conecta la mand\u00edbula con el cr\u00e1neo. En algunos casos, la desalineaci\u00f3n entre los dientes superiores e inferiores donde se encuentran los dientes puede causar presi\u00f3n sobre la articulaci\u00f3n temporomandibular (ATM). En estos casos de TMD, los aparatos de ortodoncia pueden ofrecer una soluci\u00f3n para alinear correctamente los dientes superiores e inferiores para evitar una presi\u00f3n irregular sobre la articulaci\u00f3n temporomandibular.<\/p>\n<p>Los aparatos de ortodoncia pueden resolver una serie de problemas. Por supuesto, la duraci\u00f3n de su tratamiento depende de la gravedad de su condici\u00f3n. Nuestro objetivo es tener una excelente relaci\u00f3n con usted durante todo su tratamiento. Parte de esa relaci\u00f3n requiere que usted asuma un papel activo cuidando bien sus frenillos, comiendo bien y manteniendo una buena salud bucal.<\/p>\n<p>&nbsp;<\/p>\n","protected":false},"excerpt":{"rendered":"<p>Las razones para usar brackets a menudo var\u00edan porque hay muchos problemas diferentes que pueden afectar los dientes y la mand\u00edbula. De hecho, los aparatos de ortodoncia y otros aparatos y tratamientos casi siempre se prescriben para corregir una desalineaci\u00f3n asociada con los dientes o la mand\u00edbula. A veces, sin embargo, tambi\u00e9n puede ser cosm\u00e9tico. [&hellip;]<\/p>\n","protected":false},"author":3,"featured_media":3831,"parent":0,"menu_order":0,"comment_status":"closed","ping_status":"closed","template":"tpls\/template-about.php","meta":{"footnotes":""},"class_list":["post-3755","page","type-page","status-publish","has-post-thumbnail","hentry"],"yoast_head":"<!-- This site is optimized with the Yoast SEO plugin v27.3 - https:\/\/yoast.com\/product\/yoast-seo-wordpress\/ -->\n<title>Razones para usar Brackets<\/title>\n<meta name=\"description\" content=\"Razones para usar Brackets a menudo var\u00edan porque hay muchos problemas diferentes que pueden afectar los dientes y la mand\u00edbula.\" \/>\n<meta name=\"robots\" content=\"index, follow, max-snippet:-1, max-image-preview:large, max-video-preview:-1\" \/>\n<link rel=\"canonical\" href=\"https:\/\/orthogogo.com\/es\/razones-para-usar-brackets\/\" \/>\n<meta property=\"og:locale\" content=\"es_ES\" \/>\n<meta property=\"og:type\" content=\"article\" \/>\n<meta property=\"og:title\" content=\"Razones para usar Brackets\" \/>\n<meta property=\"og:description\" content=\"Razones para usar Brackets a menudo var\u00edan porque hay muchos problemas diferentes que pueden afectar los dientes y la mand\u00edbula.\" \/>\n<meta property=\"og:url\" content=\"https:\/\/orthogogo.com\/es\/razones-para-usar-brackets\/\" \/>\n<meta property=\"og:site_name\" content=\"Sky Ortho\" \/>\n<meta property=\"article:modified_time\" content=\"2021-09-09T22:22:48+00:00\" \/>\n<meta property=\"og:image\" content=\"https:\/\/orthogogo.com\/es\/wp-content\/uploads\/2020\/11\/Reasons-to-Get-Braces-4.png\" \/>\n\t<meta property=\"og:image:width\" content=\"1024\" \/>\n\t<meta property=\"og:image:height\" content=\"691\" \/>\n\t<meta property=\"og:image:type\" content=\"image\/png\" \/>\n<meta name=\"twitter:card\" content=\"summary_large_image\" \/>\n<meta name=\"twitter:label1\" content=\"Tiempo de lectura\" \/>\n\t<meta name=\"twitter:data1\" content=\"7 minutos\" \/>\n<script type=\"application\/ld+json\" class=\"yoast-schema-graph\">{\"@context\":\"https:\\\/\\\/schema.org\",\"@graph\":[{\"@type\":\"WebPage\",\"@id\":\"https:\\\/\\\/orthogogo.com\\\/es\\\/razones-para-usar-brackets\\\/\",\"url\":\"https:\\\/\\\/orthogogo.com\\\/es\\\/razones-para-usar-brackets\\\/\",\"name\":\"Razones para usar Brackets\",\"isPartOf\":{\"@id\":\"https:\\\/\\\/orthogogo.com\\\/es\\\/#website\"},\"primaryImageOfPage\":{\"@id\":\"https:\\\/\\\/orthogogo.com\\\/es\\\/razones-para-usar-brackets\\\/#primaryimage\"},\"image\":{\"@id\":\"https:\\\/\\\/orthogogo.com\\\/es\\\/razones-para-usar-brackets\\\/#primaryimage\"},\"thumbnailUrl\":\"https:\\\/\\\/orthogogo.com\\\/es\\\/wp-content\\\/uploads\\\/2020\\\/11\\\/Reasons-to-Get-Braces-4.png\",\"datePublished\":\"2020-11-10T20:05:53+00:00\",\"dateModified\":\"2021-09-09T22:22:48+00:00\",\"description\":\"Razones para usar Brackets a menudo var\u00edan porque hay muchos problemas diferentes que pueden afectar los dientes y la mand\u00edbula.\",\"breadcrumb\":{\"@id\":\"https:\\\/\\\/orthogogo.com\\\/es\\\/razones-para-usar-brackets\\\/#breadcrumb\"},\"inLanguage\":\"es\",\"potentialAction\":[{\"@type\":\"ReadAction\",\"target\":[\"https:\\\/\\\/orthogogo.com\\\/es\\\/razones-para-usar-brackets\\\/\"]}]},{\"@type\":\"ImageObject\",\"inLanguage\":\"es\",\"@id\":\"https:\\\/\\\/orthogogo.com\\\/es\\\/razones-para-usar-brackets\\\/#primaryimage\",\"url\":\"https:\\\/\\\/orthogogo.com\\\/es\\\/wp-content\\\/uploads\\\/2020\\\/11\\\/Reasons-to-Get-Braces-4.png\",\"contentUrl\":\"https:\\\/\\\/orthogogo.com\\\/es\\\/wp-content\\\/uploads\\\/2020\\\/11\\\/Reasons-to-Get-Braces-4.png\",\"width\":1024,\"height\":691,\"caption\":\"Reasons to Get Braces\"},{\"@type\":\"BreadcrumbList\",\"@id\":\"https:\\\/\\\/orthogogo.com\\\/es\\\/razones-para-usar-brackets\\\/#breadcrumb\",\"itemListElement\":[{\"@type\":\"ListItem\",\"position\":1,\"name\":\"Home\",\"item\":\"https:\\\/\\\/orthogogo.com\\\/es\\\/\"},{\"@type\":\"ListItem\",\"position\":2,\"name\":\"Razones para usar Brackets, las razones pueden variar, pero por lo general involucran la alineaci\u00f3n de los dientes o la mand\u00edbula\"}]},{\"@type\":\"WebSite\",\"@id\":\"https:\\\/\\\/orthogogo.com\\\/es\\\/#website\",\"url\":\"https:\\\/\\\/orthogogo.com\\\/es\\\/\",\"name\":\"Sky Ortho\",\"description\":\"Ortodoncistas en OKC, Moore, Shawnee &amp; Norman\",\"publisher\":{\"@id\":\"https:\\\/\\\/orthogogo.com\\\/es\\\/#organization\"},\"potentialAction\":[{\"@type\":\"SearchAction\",\"target\":{\"@type\":\"EntryPoint\",\"urlTemplate\":\"https:\\\/\\\/orthogogo.com\\\/es\\\/?s={search_term_string}\"},\"query-input\":{\"@type\":\"PropertyValueSpecification\",\"valueRequired\":true,\"valueName\":\"search_term_string\"}}],\"inLanguage\":\"es\"},{\"@type\":\"Organization\",\"@id\":\"https:\\\/\\\/orthogogo.com\\\/es\\\/#organization\",\"name\":\"Sky Ortho\",\"url\":\"https:\\\/\\\/orthogogo.com\\\/es\\\/\",\"logo\":{\"@type\":\"ImageObject\",\"inLanguage\":\"es\",\"@id\":\"https:\\\/\\\/orthogogo.com\\\/es\\\/#\\\/schema\\\/logo\\\/image\\\/\",\"url\":\"https:\\\/\\\/orthogogo.com\\\/es\\\/wp-content\\\/uploads\\\/2020\\\/09\\\/head-logo.png\",\"contentUrl\":\"https:\\\/\\\/orthogogo.com\\\/es\\\/wp-content\\\/uploads\\\/2020\\\/09\\\/head-logo.png\",\"width\":128,\"height\":128,\"caption\":\"Sky Ortho\"},\"image\":{\"@id\":\"https:\\\/\\\/orthogogo.com\\\/es\\\/#\\\/schema\\\/logo\\\/image\\\/\"}}]}<\/script>\n<!-- \/ Yoast SEO plugin. -->","yoast_head_json":{"title":"Razones para usar Brackets","description":"Razones para usar Brackets a menudo var\u00edan porque hay muchos problemas diferentes que pueden afectar los dientes y la mand\u00edbula.","robots":{"index":"index","follow":"follow","max-snippet":"max-snippet:-1","max-image-preview":"max-image-preview:large","max-video-preview":"max-video-preview:-1"},"canonical":"https:\/\/orthogogo.com\/es\/razones-para-usar-brackets\/","og_locale":"es_ES","og_type":"article","og_title":"Razones para usar Brackets","og_description":"Razones para usar Brackets a menudo var\u00edan porque hay muchos problemas diferentes que pueden afectar los dientes y la mand\u00edbula.","og_url":"https:\/\/orthogogo.com\/es\/razones-para-usar-brackets\/","og_site_name":"Sky Ortho","article_modified_time":"2021-09-09T22:22:48+00:00","og_image":[{"width":1024,"height":691,"url":"https:\/\/orthogogo.com\/es\/wp-content\/uploads\/2020\/11\/Reasons-to-Get-Braces-4.png","type":"image\/png"}],"twitter_card":"summary_large_image","twitter_misc":{"Tiempo de lectura":"7 minutos"},"schema":{"@context":"https:\/\/schema.org","@graph":[{"@type":"WebPage","@id":"https:\/\/orthogogo.com\/es\/razones-para-usar-brackets\/","url":"https:\/\/orthogogo.com\/es\/razones-para-usar-brackets\/","name":"Razones para usar Brackets","isPartOf":{"@id":"https:\/\/orthogogo.com\/es\/#website"},"primaryImageOfPage":{"@id":"https:\/\/orthogogo.com\/es\/razones-para-usar-brackets\/#primaryimage"},"image":{"@id":"https:\/\/orthogogo.com\/es\/razones-para-usar-brackets\/#primaryimage"},"thumbnailUrl":"https:\/\/orthogogo.com\/es\/wp-content\/uploads\/2020\/11\/Reasons-to-Get-Braces-4.png","datePublished":"2020-11-10T20:05:53+00:00","dateModified":"2021-09-09T22:22:48+00:00","description":"Razones para usar Brackets a menudo var\u00edan porque hay muchos problemas diferentes que pueden afectar los dientes y la mand\u00edbula.","breadcrumb":{"@id":"https:\/\/orthogogo.com\/es\/razones-para-usar-brackets\/#breadcrumb"},"inLanguage":"es","potentialAction":[{"@type":"ReadAction","target":["https:\/\/orthogogo.com\/es\/razones-para-usar-brackets\/"]}]},{"@type":"ImageObject","inLanguage":"es","@id":"https:\/\/orthogogo.com\/es\/razones-para-usar-brackets\/#primaryimage","url":"https:\/\/orthogogo.com\/es\/wp-content\/uploads\/2020\/11\/Reasons-to-Get-Braces-4.png","contentUrl":"https:\/\/orthogogo.com\/es\/wp-content\/uploads\/2020\/11\/Reasons-to-Get-Braces-4.png","width":1024,"height":691,"caption":"Reasons to Get Braces"},{"@type":"BreadcrumbList","@id":"https:\/\/orthogogo.com\/es\/razones-para-usar-brackets\/#breadcrumb","itemListElement":[{"@type":"ListItem","position":1,"name":"Home","item":"https:\/\/orthogogo.com\/es\/"},{"@type":"ListItem","position":2,"name":"Razones para usar Brackets, las razones pueden variar, pero por lo general involucran la alineaci\u00f3n de los dientes o la mand\u00edbula"}]},{"@type":"WebSite","@id":"https:\/\/orthogogo.com\/es\/#website","url":"https:\/\/orthogogo.com\/es\/","name":"Sky Ortho","description":"Ortodoncistas en OKC, Moore, Shawnee &amp; Norman","publisher":{"@id":"https:\/\/orthogogo.com\/es\/#organization"},"potentialAction":[{"@type":"SearchAction","target":{"@type":"EntryPoint","urlTemplate":"https:\/\/orthogogo.com\/es\/?s={search_term_string}"},"query-input":{"@type":"PropertyValueSpecification","valueRequired":true,"valueName":"search_term_string"}}],"inLanguage":"es"},{"@type":"Organization","@id":"https:\/\/orthogogo.com\/es\/#organization","name":"Sky Ortho","url":"https:\/\/orthogogo.com\/es\/","logo":{"@type":"ImageObject","inLanguage":"es","@id":"https:\/\/orthogogo.com\/es\/#\/schema\/logo\/image\/","url":"https:\/\/orthogogo.com\/es\/wp-content\/uploads\/2020\/09\/head-logo.png","contentUrl":"https:\/\/orthogogo.com\/es\/wp-content\/uploads\/2020\/09\/head-logo.png","width":128,"height":128,"caption":"Sky Ortho"},"image":{"@id":"https:\/\/orthogogo.com\/es\/#\/schema\/logo\/image\/"}}]}},"_links":{"self":[{"href":"https:\/\/orthogogo.com\/es\/wp-json\/wp\/v2\/pages\/3755","targetHints":{"allow":["GET"]}}],"collection":[{"href":"https:\/\/orthogogo.com\/es\/wp-json\/wp\/v2\/pages"}],"about":[{"href":"https:\/\/orthogogo.com\/es\/wp-json\/wp\/v2\/types\/page"}],"author":[{"embeddable":true,"href":"https:\/\/orthogogo.com\/es\/wp-json\/wp\/v2\/users\/3"}],"replies":[{"embeddable":true,"href":"https:\/\/orthogogo.com\/es\/wp-json\/wp\/v2\/comments?post=3755"}],"version-history":[{"count":28,"href":"https:\/\/orthogogo.com\/es\/wp-json\/wp\/v2\/pages\/3755\/revisions"}],"predecessor-version":[{"id":4135,"href":"https:\/\/orthogogo.com\/es\/wp-json\/wp\/v2\/pages\/3755\/revisions\/4135"}],"wp:featuredmedia":[{"embeddable":true,"href":"https:\/\/orthogogo.com\/es\/wp-json\/wp\/v2\/media\/3831"}],"wp:attachment":[{"href":"https:\/\/orthogogo.com\/es\/wp-json\/wp\/v2\/media?parent=3755"}],"curies":[{"name":"wp","href":"https:\/\/api.w.org\/{rel}","templated":true}]}}