{"id":3753,"date":"2020-11-06T19:02:10","date_gmt":"2020-11-06T19:02:10","guid":{"rendered":"https:\/\/orthogogo.com\/es\/?page_id=3753"},"modified":"2021-09-09T22:22:59","modified_gmt":"2021-09-09T22:22:59","slug":"que-son-los-brackets","status":"publish","type":"page","link":"https:\/\/orthogogo.com\/es\/que-son-los-brackets\/","title":{"rendered":"\u00bfQu\u00e9 son los frenillos y c\u00f3mo ayudan a sus dientes?"},"content":{"rendered":"<p><img loading=\"lazy\" decoding=\"async\" class=\"alignnone wp-image-3776 size-large\" src=\"https:\/\/orthogogo.com\/es\/wp-content\/uploads\/2020\/11\/Depositphotos_30018749_xl-2015-1024x683.jpg\" alt=\"What are braces\" width=\"1024\" height=\"683\" \/><\/p>\n<h2>Que son los Brackets? Como hacen tus dientes m\u00e1s saludables<\/h2>\n<p>No muchos tienen que preguntarse qu\u00e9 son los Brackets \u00f3\u00a0<a href=\"https:\/\/es.wikipedia.org\/wiki\/Aparatolog%C3%ADa_fija\" target=\"_blank\" rel=\"noopener\">frenillos<\/a>. Eso se debe a que seg\u00fan la Asociaci\u00f3n Estadounidense de Ortodoncia se estima que 4.5 millones de ni\u00f1os y adolescentes estadounidenses los usan. De hecho, el 80% de los que se someten a un tratamiento de ortodoncia tienen entre 6 y 18 a\u00f1os, por lo tanto, crecen con aparatos de ortodoncia. Se estima que hasta el 50% de los j\u00f3venes en los EE. UU.\u00a0 requieren de ortodoncia.<\/p>\n<p>Por supuesto, los frenillos son un aparato dental que utilizan los ortodoncistas para enderezar o mover los dientes. El prop\u00f3sito es mejorar la alineaci\u00f3n de la mand\u00edbula, el funcionamiento de la mordida y la apariencia de su sonrisa. Adem\u00e1s, ayudan a prevenir problemas de salud a largo plazo que podr\u00edan afectar los dientes y enc\u00edas api\u00f1ados o da\u00f1ados. En el resultado final, tambi\u00e9n deber\u00edan hacer que comer sea m\u00e1s c\u00f3modo al distribuir la presi\u00f3n de la mordida en todos los dientes.<\/p>\n<p><img loading=\"lazy\" decoding=\"async\" class=\"alignnone wp-image-3780 size-full\" src=\"https:\/\/orthogogo.com\/es\/wp-content\/uploads\/2020\/11\/What-are-braces.png\" alt=\"what are braces\" width=\"1024\" height=\"683\" srcset=\"https:\/\/orthogogo.com\/es\/wp-content\/uploads\/2020\/11\/What-are-braces.png 1024w, https:\/\/orthogogo.com\/es\/wp-content\/uploads\/2020\/11\/What-are-braces-300x200.png 300w, https:\/\/orthogogo.com\/es\/wp-content\/uploads\/2020\/11\/What-are-braces-768x512.png 768w\" sizes=\"auto, (max-width: 1024px) 100vw, 1024px\" \/><\/p>\n<h2>C\u00f3mo la ortodoncia ayuda a sus dientes<\/h2>\n<p>Los frenillos funcionan ejerciendo presi\u00f3n sobre los dientes para desplazarlos lentamente en la direcci\u00f3n correcta. A medida que la presi\u00f3n hace efecto, el hueso de la mand\u00edbula cambia, lo que permite que los dientes y las ra\u00edces se muevan. Los frenillos tradicionales son aparatos fijos a base de alambre que los ortodoncistas utilizan para corregir dientes o mand\u00edbulas api\u00f1ados y desalineados. Muchas personas los usan en la adolescencia, pero los adultos tambi\u00e9n se benefician de los frenillos. El objetivo es alinear correctamente los dientes y la mand\u00edbula para producir una mordida uniforme y una sonrisa agradable.<\/p>\n<p>Cuando se trata de corregir peque\u00f1as imperfecciones, existe un tratamiento opcional: una serie de aparatos extra\u00edbles personalizados. Estos son alineadores transparentes (que no deben confundirse con aparatos invisibles que son fijos). Estos pueden tener una apariencia m\u00e1s aceptable para algunas personas. Su ortodoncista puede informarle si esta soluci\u00f3n es una buena opci\u00f3n para usted. Si est\u00e1 considerando los alineadores transparentes, pregunte sobre el costo, as\u00ed como los pros y los contras.<\/p>\n<p>Para muchas personas, un aparato fijo es la \u00fanica opci\u00f3n para corregir correctamente los problemas de alineaci\u00f3n. La buena noticia es que hoy los materiales y tecnolog\u00edas modernos hacen que la experiencia de usar aparatos sea m\u00e1s c\u00f3moda que nunca.<\/p>\n<p>Conoce los<a href=\"https:\/\/orthogogo.com\/es\/tipos-de-brackets\/\"> tipos de Brackets<\/a> que te ofrecemos en Sky Orto.<\/p>\n<p>&nbsp;<\/p>\n","protected":false},"excerpt":{"rendered":"<p>Que son los Brackets? Como hacen tus dientes m\u00e1s saludables No muchos tienen que preguntarse qu\u00e9 son los Brackets \u00f3\u00a0frenillos. Eso se debe a que seg\u00fan la Asociaci\u00f3n Estadounidense de Ortodoncia se estima que 4.5 millones de ni\u00f1os y adolescentes estadounidenses los usan. De hecho, el 80% de los que se someten a un tratamiento [&hellip;]<\/p>\n","protected":false},"author":3,"featured_media":3776,"parent":0,"menu_order":0,"comment_status":"closed","ping_status":"closed","template":"tpls\/template-about.php","meta":{"footnotes":""},"class_list":["post-3753","page","type-page","status-publish","has-post-thumbnail","hentry"],"yoast_head":"<!-- This site is optimized with the Yoast SEO plugin v27.3 - https:\/\/yoast.com\/product\/yoast-seo-wordpress\/ -->\n<title>Que son los Brackets? Como hacen tus dientes m\u00e1s saludables<\/title>\n<meta name=\"description\" content=\"Que son los Brackets? Son aparatos de ortodoncia, utilizados por los ortodoncistas para mover los dientes y ayudar ha alinear la mordida.\" \/>\n<meta name=\"robots\" content=\"index, follow, max-snippet:-1, max-image-preview:large, max-video-preview:-1\" \/>\n<link rel=\"canonical\" href=\"https:\/\/orthogogo.com\/es\/que-son-los-brackets\/\" \/>\n<meta property=\"og:locale\" content=\"es_ES\" \/>\n<meta property=\"og:type\" content=\"article\" \/>\n<meta property=\"og:title\" content=\"Que son los Brackets? Como hacen tus dientes m\u00e1s saludables\" \/>\n<meta property=\"og:description\" content=\"Que son los Brackets? Son aparatos de ortodoncia, utilizados por los ortodoncistas para mover los dientes y ayudar ha alinear la mordida.\" \/>\n<meta property=\"og:url\" content=\"https:\/\/orthogogo.com\/es\/que-son-los-brackets\/\" \/>\n<meta property=\"og:site_name\" content=\"Sky Ortho\" \/>\n<meta property=\"article:modified_time\" content=\"2021-09-09T22:22:59+00:00\" \/>\n<meta property=\"og:image\" content=\"https:\/\/orthogogo.com\/es\/wp-content\/uploads\/2020\/11\/Depositphotos_30018749_xl-2015-scaled-e1604430727356.jpg\" \/>\n\t<meta property=\"og:image:width\" content=\"1024\" \/>\n\t<meta property=\"og:image:height\" content=\"683\" \/>\n\t<meta property=\"og:image:type\" content=\"image\/jpeg\" \/>\n<meta name=\"twitter:card\" content=\"summary_large_image\" \/>\n<meta name=\"twitter:label1\" content=\"Tiempo de lectura\" \/>\n\t<meta name=\"twitter:data1\" content=\"3 minutos\" \/>\n<script type=\"application\/ld+json\" class=\"yoast-schema-graph\">{\"@context\":\"https:\\\/\\\/schema.org\",\"@graph\":[{\"@type\":\"WebPage\",\"@id\":\"https:\\\/\\\/orthogogo.com\\\/es\\\/que-son-los-brackets\\\/\",\"url\":\"https:\\\/\\\/orthogogo.com\\\/es\\\/que-son-los-brackets\\\/\",\"name\":\"Que son los Brackets? Como hacen tus dientes m\u00e1s saludables\",\"isPartOf\":{\"@id\":\"https:\\\/\\\/orthogogo.com\\\/es\\\/#website\"},\"primaryImageOfPage\":{\"@id\":\"https:\\\/\\\/orthogogo.com\\\/es\\\/que-son-los-brackets\\\/#primaryimage\"},\"image\":{\"@id\":\"https:\\\/\\\/orthogogo.com\\\/es\\\/que-son-los-brackets\\\/#primaryimage\"},\"thumbnailUrl\":\"https:\\\/\\\/orthogogo.com\\\/es\\\/wp-content\\\/uploads\\\/2020\\\/11\\\/Depositphotos_30018749_xl-2015-scaled-e1604430727356.jpg\",\"datePublished\":\"2020-11-06T19:02:10+00:00\",\"dateModified\":\"2021-09-09T22:22:59+00:00\",\"description\":\"Que son los Brackets? Son aparatos de ortodoncia, utilizados por los ortodoncistas para mover los dientes y ayudar ha alinear la mordida.\",\"breadcrumb\":{\"@id\":\"https:\\\/\\\/orthogogo.com\\\/es\\\/que-son-los-brackets\\\/#breadcrumb\"},\"inLanguage\":\"es\",\"potentialAction\":[{\"@type\":\"ReadAction\",\"target\":[\"https:\\\/\\\/orthogogo.com\\\/es\\\/que-son-los-brackets\\\/\"]}]},{\"@type\":\"ImageObject\",\"inLanguage\":\"es\",\"@id\":\"https:\\\/\\\/orthogogo.com\\\/es\\\/que-son-los-brackets\\\/#primaryimage\",\"url\":\"https:\\\/\\\/orthogogo.com\\\/es\\\/wp-content\\\/uploads\\\/2020\\\/11\\\/Depositphotos_30018749_xl-2015-scaled-e1604430727356.jpg\",\"contentUrl\":\"https:\\\/\\\/orthogogo.com\\\/es\\\/wp-content\\\/uploads\\\/2020\\\/11\\\/Depositphotos_30018749_xl-2015-scaled-e1604430727356.jpg\",\"width\":1024,\"height\":683,\"caption\":\"Que son los Brackets\"},{\"@type\":\"BreadcrumbList\",\"@id\":\"https:\\\/\\\/orthogogo.com\\\/es\\\/que-son-los-brackets\\\/#breadcrumb\",\"itemListElement\":[{\"@type\":\"ListItem\",\"position\":1,\"name\":\"Home\",\"item\":\"https:\\\/\\\/orthogogo.com\\\/es\\\/\"},{\"@type\":\"ListItem\",\"position\":2,\"name\":\"\u00bfQu\u00e9 son los frenillos y c\u00f3mo ayudan a sus dientes?\"}]},{\"@type\":\"WebSite\",\"@id\":\"https:\\\/\\\/orthogogo.com\\\/es\\\/#website\",\"url\":\"https:\\\/\\\/orthogogo.com\\\/es\\\/\",\"name\":\"Sky Ortho\",\"description\":\"Ortodoncistas en OKC, Moore, Shawnee &amp; Norman\",\"publisher\":{\"@id\":\"https:\\\/\\\/orthogogo.com\\\/es\\\/#organization\"},\"potentialAction\":[{\"@type\":\"SearchAction\",\"target\":{\"@type\":\"EntryPoint\",\"urlTemplate\":\"https:\\\/\\\/orthogogo.com\\\/es\\\/?s={search_term_string}\"},\"query-input\":{\"@type\":\"PropertyValueSpecification\",\"valueRequired\":true,\"valueName\":\"search_term_string\"}}],\"inLanguage\":\"es\"},{\"@type\":\"Organization\",\"@id\":\"https:\\\/\\\/orthogogo.com\\\/es\\\/#organization\",\"name\":\"Sky Ortho\",\"url\":\"https:\\\/\\\/orthogogo.com\\\/es\\\/\",\"logo\":{\"@type\":\"ImageObject\",\"inLanguage\":\"es\",\"@id\":\"https:\\\/\\\/orthogogo.com\\\/es\\\/#\\\/schema\\\/logo\\\/image\\\/\",\"url\":\"https:\\\/\\\/orthogogo.com\\\/es\\\/wp-content\\\/uploads\\\/2020\\\/09\\\/head-logo.png\",\"contentUrl\":\"https:\\\/\\\/orthogogo.com\\\/es\\\/wp-content\\\/uploads\\\/2020\\\/09\\\/head-logo.png\",\"width\":128,\"height\":128,\"caption\":\"Sky Ortho\"},\"image\":{\"@id\":\"https:\\\/\\\/orthogogo.com\\\/es\\\/#\\\/schema\\\/logo\\\/image\\\/\"}}]}<\/script>\n<!-- \/ Yoast SEO plugin. -->","yoast_head_json":{"title":"Que son los Brackets? Como hacen tus dientes m\u00e1s saludables","description":"Que son los Brackets? Son aparatos de ortodoncia, utilizados por los ortodoncistas para mover los dientes y ayudar ha alinear la mordida.","robots":{"index":"index","follow":"follow","max-snippet":"max-snippet:-1","max-image-preview":"max-image-preview:large","max-video-preview":"max-video-preview:-1"},"canonical":"https:\/\/orthogogo.com\/es\/que-son-los-brackets\/","og_locale":"es_ES","og_type":"article","og_title":"Que son los Brackets? Como hacen tus dientes m\u00e1s saludables","og_description":"Que son los Brackets? Son aparatos de ortodoncia, utilizados por los ortodoncistas para mover los dientes y ayudar ha alinear la mordida.","og_url":"https:\/\/orthogogo.com\/es\/que-son-los-brackets\/","og_site_name":"Sky Ortho","article_modified_time":"2021-09-09T22:22:59+00:00","og_image":[{"width":1024,"height":683,"url":"https:\/\/orthogogo.com\/es\/wp-content\/uploads\/2020\/11\/Depositphotos_30018749_xl-2015-scaled-e1604430727356.jpg","type":"image\/jpeg"}],"twitter_card":"summary_large_image","twitter_misc":{"Tiempo de lectura":"3 minutos"},"schema":{"@context":"https:\/\/schema.org","@graph":[{"@type":"WebPage","@id":"https:\/\/orthogogo.com\/es\/que-son-los-brackets\/","url":"https:\/\/orthogogo.com\/es\/que-son-los-brackets\/","name":"Que son los Brackets? Como hacen tus dientes m\u00e1s saludables","isPartOf":{"@id":"https:\/\/orthogogo.com\/es\/#website"},"primaryImageOfPage":{"@id":"https:\/\/orthogogo.com\/es\/que-son-los-brackets\/#primaryimage"},"image":{"@id":"https:\/\/orthogogo.com\/es\/que-son-los-brackets\/#primaryimage"},"thumbnailUrl":"https:\/\/orthogogo.com\/es\/wp-content\/uploads\/2020\/11\/Depositphotos_30018749_xl-2015-scaled-e1604430727356.jpg","datePublished":"2020-11-06T19:02:10+00:00","dateModified":"2021-09-09T22:22:59+00:00","description":"Que son los Brackets? Son aparatos de ortodoncia, utilizados por los ortodoncistas para mover los dientes y ayudar ha alinear la mordida.","breadcrumb":{"@id":"https:\/\/orthogogo.com\/es\/que-son-los-brackets\/#breadcrumb"},"inLanguage":"es","potentialAction":[{"@type":"ReadAction","target":["https:\/\/orthogogo.com\/es\/que-son-los-brackets\/"]}]},{"@type":"ImageObject","inLanguage":"es","@id":"https:\/\/orthogogo.com\/es\/que-son-los-brackets\/#primaryimage","url":"https:\/\/orthogogo.com\/es\/wp-content\/uploads\/2020\/11\/Depositphotos_30018749_xl-2015-scaled-e1604430727356.jpg","contentUrl":"https:\/\/orthogogo.com\/es\/wp-content\/uploads\/2020\/11\/Depositphotos_30018749_xl-2015-scaled-e1604430727356.jpg","width":1024,"height":683,"caption":"Que son los Brackets"},{"@type":"BreadcrumbList","@id":"https:\/\/orthogogo.com\/es\/que-son-los-brackets\/#breadcrumb","itemListElement":[{"@type":"ListItem","position":1,"name":"Home","item":"https:\/\/orthogogo.com\/es\/"},{"@type":"ListItem","position":2,"name":"\u00bfQu\u00e9 son los frenillos y c\u00f3mo ayudan a sus dientes?"}]},{"@type":"WebSite","@id":"https:\/\/orthogogo.com\/es\/#website","url":"https:\/\/orthogogo.com\/es\/","name":"Sky Ortho","description":"Ortodoncistas en OKC, Moore, Shawnee &amp; Norman","publisher":{"@id":"https:\/\/orthogogo.com\/es\/#organization"},"potentialAction":[{"@type":"SearchAction","target":{"@type":"EntryPoint","urlTemplate":"https:\/\/orthogogo.com\/es\/?s={search_term_string}"},"query-input":{"@type":"PropertyValueSpecification","valueRequired":true,"valueName":"search_term_string"}}],"inLanguage":"es"},{"@type":"Organization","@id":"https:\/\/orthogogo.com\/es\/#organization","name":"Sky Ortho","url":"https:\/\/orthogogo.com\/es\/","logo":{"@type":"ImageObject","inLanguage":"es","@id":"https:\/\/orthogogo.com\/es\/#\/schema\/logo\/image\/","url":"https:\/\/orthogogo.com\/es\/wp-content\/uploads\/2020\/09\/head-logo.png","contentUrl":"https:\/\/orthogogo.com\/es\/wp-content\/uploads\/2020\/09\/head-logo.png","width":128,"height":128,"caption":"Sky Ortho"},"image":{"@id":"https:\/\/orthogogo.com\/es\/#\/schema\/logo\/image\/"}}]}},"_links":{"self":[{"href":"https:\/\/orthogogo.com\/es\/wp-json\/wp\/v2\/pages\/3753","targetHints":{"allow":["GET"]}}],"collection":[{"href":"https:\/\/orthogogo.com\/es\/wp-json\/wp\/v2\/pages"}],"about":[{"href":"https:\/\/orthogogo.com\/es\/wp-json\/wp\/v2\/types\/page"}],"author":[{"embeddable":true,"href":"https:\/\/orthogogo.com\/es\/wp-json\/wp\/v2\/users\/3"}],"replies":[{"embeddable":true,"href":"https:\/\/orthogogo.com\/es\/wp-json\/wp\/v2\/comments?post=3753"}],"version-history":[{"count":18,"href":"https:\/\/orthogogo.com\/es\/wp-json\/wp\/v2\/pages\/3753\/revisions"}],"predecessor-version":[{"id":4112,"href":"https:\/\/orthogogo.com\/es\/wp-json\/wp\/v2\/pages\/3753\/revisions\/4112"}],"wp:featuredmedia":[{"embeddable":true,"href":"https:\/\/orthogogo.com\/es\/wp-json\/wp\/v2\/media\/3776"}],"wp:attachment":[{"href":"https:\/\/orthogogo.com\/es\/wp-json\/wp\/v2\/media?parent=3753"}],"curies":[{"name":"wp","href":"https:\/\/api.w.org\/{rel}","templated":true}]}}