{"id":3575,"date":"2020-09-20T05:35:00","date_gmt":"2020-09-20T05:35:00","guid":{"rendered":"http:\/\/192.168.71.150:8082\/?page_id=3575"},"modified":"2021-09-09T22:20:39","modified_gmt":"2021-09-09T22:20:39","slug":"dr-ryan-fitzgerald","status":"publish","type":"page","link":"https:\/\/orthogogo.com\/es\/dr-ryan-fitzgerald\/","title":{"rendered":"Dr. Ryan Fitzgerald, DDS, MS"},"content":{"rendered":"<p>El Dr. Ryan Fitzgerald, nacido y criado en Norman, OK, tiene una larga historia personal y familiar en el campo de la ortodoncia. Mientras estudiaba en la <a href=\"http:\/\/www.ou.edu\/\" target=\"_blank\" rel=\"noopener\">Universidad de Oklahoma<\/a>, trabaj\u00f3 para la el consultorio de ortodoncia de su t\u00edo en Norman. El asisti\u00f3 a la <a href=\"http:\/\/www.ou.edu\/\" target=\"_blank\" rel=\"noopener\">Universidad de Oklahoma<\/a>, donde se gradu\u00f3 con Distinci\u00f3n Especial en Microbiolog\u00eda. Luego fue a la Facultad de Odontolog\u00eda de la Universidad de Oklahoma, donde se gradu\u00f3 con distinci\u00f3n. Posteriormente, se especializ\u00f3 en Ortodoncia en<a href=\"https:\/\/www.nova.edu\/\" target=\"_blank\" rel=\"noopener\"> NOVA Southeastern University<\/a> en Ft. Lauderdale, Florida, donde lleg\u00f3 a amar la pesca, la navegaci\u00f3n y la cocina latina.<\/p>\n<p>El Dr. Ryan Fitzgerald ha acumulado una gran e importante experiencia profesional durante sus trabajos como\u00a0 voluntario y participaci\u00f3n de investigaciones, que incluyen cl\u00ednicas dentales para personas sin seguro, ex\u00e1menes de ortodoncia para ni\u00f1os, trabajo voluntario para ancianos y mucho m\u00e1s. Finalmente, ha contribuido en la investigaci\u00f3n en curso de las tribus nativas americanas locales con su Maestr\u00eda en investigaci\u00f3n, al igual que ha trabajado en estudios cient\u00edficos importantes y ha realizado innumerables ex\u00e1menes, diagn\u00f3sticos y tratamientos a lo largo de su carrera. El Dr. Ryan Fitzgerald se uni\u00f3 a <a href=\"https:\/\/orthogogo.com\/es\">Sky Ortho<\/a> en 2019 y se convirti\u00f3 oficialmente en socio de la firma en 2021.<\/p>\n<p>&nbsp;<\/p>\n","protected":false},"excerpt":{"rendered":"<p>El Dr. Ryan Fitzgerald, nacido y criado en Norman, OK, tiene una larga historia personal y familiar en el campo de la ortodoncia. Mientras estudiaba en la Universidad de Oklahoma, trabaj\u00f3 para la el consultorio de ortodoncia de su t\u00edo en Norman. El asisti\u00f3 a la Universidad de Oklahoma, donde se gradu\u00f3 con Distinci\u00f3n Especial [&hellip;]<\/p>\n","protected":false},"author":1,"featured_media":2938,"parent":0,"menu_order":0,"comment_status":"closed","ping_status":"closed","template":"tpls\/template-about.php","meta":{"footnotes":""},"class_list":["post-3575","page","type-page","status-publish","has-post-thumbnail","hentry"],"yoast_head":"<!-- This site is optimized with the Yoast SEO plugin v27.3 - https:\/\/yoast.com\/product\/yoast-seo-wordpress\/ -->\n<title>Dr. Ryan Fitzgerald, DDS, MS | Sky Ortho | OKC, Moore.<\/title>\n<meta name=\"description\" content=\"Dr. Ryan Fitzgerald tiene una larga trayectoria en el campo de la ortodoncia. Se a dedicado al estudio cient\u00edfico de la ortodoncia.\" \/>\n<meta name=\"robots\" content=\"index, follow, max-snippet:-1, max-image-preview:large, max-video-preview:-1\" \/>\n<link rel=\"canonical\" href=\"https:\/\/orthogogo.com\/es\/dr-ryan-fitzgerald\/\" \/>\n<meta property=\"og:locale\" content=\"es_ES\" \/>\n<meta property=\"og:type\" content=\"article\" \/>\n<meta property=\"og:title\" content=\"Dr. Ryan Fitzgerald, DDS, MS | Sky Ortho | OKC, Moore.\" \/>\n<meta property=\"og:description\" content=\"Dr. Ryan Fitzgerald tiene una larga trayectoria en el campo de la ortodoncia. Se a dedicado al estudio cient\u00edfico de la ortodoncia.\" \/>\n<meta property=\"og:url\" content=\"https:\/\/orthogogo.com\/es\/dr-ryan-fitzgerald\/\" \/>\n<meta property=\"og:site_name\" content=\"Sky Ortho\" \/>\n<meta property=\"article:modified_time\" content=\"2021-09-09T22:20:39+00:00\" \/>\n<meta property=\"og:image\" content=\"https:\/\/orthogogo.com\/es\/wp-content\/uploads\/2020\/03\/Dr.Ryan-Fitzgerald-2122-scaled-1.jpg\" \/>\n\t<meta property=\"og:image:width\" content=\"1978\" \/>\n\t<meta property=\"og:image:height\" content=\"2560\" \/>\n\t<meta property=\"og:image:type\" content=\"image\/jpeg\" \/>\n<meta name=\"twitter:card\" content=\"summary_large_image\" \/>\n<meta name=\"twitter:label1\" content=\"Tiempo de lectura\" \/>\n\t<meta name=\"twitter:data1\" content=\"1 minuto\" \/>\n<script type=\"application\/ld+json\" class=\"yoast-schema-graph\">{\"@context\":\"https:\\\/\\\/schema.org\",\"@graph\":[{\"@type\":\"WebPage\",\"@id\":\"https:\\\/\\\/orthogogo.com\\\/es\\\/dr-ryan-fitzgerald\\\/\",\"url\":\"https:\\\/\\\/orthogogo.com\\\/es\\\/dr-ryan-fitzgerald\\\/\",\"name\":\"Dr. Ryan Fitzgerald, DDS, MS | Sky Ortho | OKC, Moore.\",\"isPartOf\":{\"@id\":\"https:\\\/\\\/orthogogo.com\\\/es\\\/#website\"},\"primaryImageOfPage\":{\"@id\":\"https:\\\/\\\/orthogogo.com\\\/es\\\/dr-ryan-fitzgerald\\\/#primaryimage\"},\"image\":{\"@id\":\"https:\\\/\\\/orthogogo.com\\\/es\\\/dr-ryan-fitzgerald\\\/#primaryimage\"},\"thumbnailUrl\":\"https:\\\/\\\/orthogogo.com\\\/es\\\/wp-content\\\/uploads\\\/2020\\\/03\\\/Dr.Ryan-Fitzgerald-2122-scaled-1.jpg\",\"datePublished\":\"2020-09-20T05:35:00+00:00\",\"dateModified\":\"2021-09-09T22:20:39+00:00\",\"description\":\"Dr. Ryan Fitzgerald tiene una larga trayectoria en el campo de la ortodoncia. Se a dedicado al estudio cient\u00edfico de la ortodoncia.\",\"breadcrumb\":{\"@id\":\"https:\\\/\\\/orthogogo.com\\\/es\\\/dr-ryan-fitzgerald\\\/#breadcrumb\"},\"inLanguage\":\"es\",\"potentialAction\":[{\"@type\":\"ReadAction\",\"target\":[\"https:\\\/\\\/orthogogo.com\\\/es\\\/dr-ryan-fitzgerald\\\/\"]}]},{\"@type\":\"ImageObject\",\"inLanguage\":\"es\",\"@id\":\"https:\\\/\\\/orthogogo.com\\\/es\\\/dr-ryan-fitzgerald\\\/#primaryimage\",\"url\":\"https:\\\/\\\/orthogogo.com\\\/es\\\/wp-content\\\/uploads\\\/2020\\\/03\\\/Dr.Ryan-Fitzgerald-2122-scaled-1.jpg\",\"contentUrl\":\"https:\\\/\\\/orthogogo.com\\\/es\\\/wp-content\\\/uploads\\\/2020\\\/03\\\/Dr.Ryan-Fitzgerald-2122-scaled-1.jpg\",\"width\":1978,\"height\":2560,\"caption\":\"Dr. Ryan Fitzgerald, DDS, MS | Sky Ortho | OKC, Moore.\"},{\"@type\":\"BreadcrumbList\",\"@id\":\"https:\\\/\\\/orthogogo.com\\\/es\\\/dr-ryan-fitzgerald\\\/#breadcrumb\",\"itemListElement\":[{\"@type\":\"ListItem\",\"position\":1,\"name\":\"Home\",\"item\":\"https:\\\/\\\/orthogogo.com\\\/es\\\/\"},{\"@type\":\"ListItem\",\"position\":2,\"name\":\"Dr. Ryan Fitzgerald, DDS, MS\"}]},{\"@type\":\"WebSite\",\"@id\":\"https:\\\/\\\/orthogogo.com\\\/es\\\/#website\",\"url\":\"https:\\\/\\\/orthogogo.com\\\/es\\\/\",\"name\":\"Sky Ortho\",\"description\":\"Ortodoncistas en OKC, Moore, Shawnee &amp; Norman\",\"publisher\":{\"@id\":\"https:\\\/\\\/orthogogo.com\\\/es\\\/#organization\"},\"potentialAction\":[{\"@type\":\"SearchAction\",\"target\":{\"@type\":\"EntryPoint\",\"urlTemplate\":\"https:\\\/\\\/orthogogo.com\\\/es\\\/?s={search_term_string}\"},\"query-input\":{\"@type\":\"PropertyValueSpecification\",\"valueRequired\":true,\"valueName\":\"search_term_string\"}}],\"inLanguage\":\"es\"},{\"@type\":\"Organization\",\"@id\":\"https:\\\/\\\/orthogogo.com\\\/es\\\/#organization\",\"name\":\"Sky Ortho\",\"url\":\"https:\\\/\\\/orthogogo.com\\\/es\\\/\",\"logo\":{\"@type\":\"ImageObject\",\"inLanguage\":\"es\",\"@id\":\"https:\\\/\\\/orthogogo.com\\\/es\\\/#\\\/schema\\\/logo\\\/image\\\/\",\"url\":\"https:\\\/\\\/orthogogo.com\\\/es\\\/wp-content\\\/uploads\\\/2020\\\/09\\\/head-logo.png\",\"contentUrl\":\"https:\\\/\\\/orthogogo.com\\\/es\\\/wp-content\\\/uploads\\\/2020\\\/09\\\/head-logo.png\",\"width\":128,\"height\":128,\"caption\":\"Sky Ortho\"},\"image\":{\"@id\":\"https:\\\/\\\/orthogogo.com\\\/es\\\/#\\\/schema\\\/logo\\\/image\\\/\"}}]}<\/script>\n<!-- \/ Yoast SEO plugin. -->","yoast_head_json":{"title":"Dr. Ryan Fitzgerald, DDS, MS | Sky Ortho | OKC, Moore.","description":"Dr. Ryan Fitzgerald tiene una larga trayectoria en el campo de la ortodoncia. Se a dedicado al estudio cient\u00edfico de la ortodoncia.","robots":{"index":"index","follow":"follow","max-snippet":"max-snippet:-1","max-image-preview":"max-image-preview:large","max-video-preview":"max-video-preview:-1"},"canonical":"https:\/\/orthogogo.com\/es\/dr-ryan-fitzgerald\/","og_locale":"es_ES","og_type":"article","og_title":"Dr. Ryan Fitzgerald, DDS, MS | Sky Ortho | OKC, Moore.","og_description":"Dr. Ryan Fitzgerald tiene una larga trayectoria en el campo de la ortodoncia. Se a dedicado al estudio cient\u00edfico de la ortodoncia.","og_url":"https:\/\/orthogogo.com\/es\/dr-ryan-fitzgerald\/","og_site_name":"Sky Ortho","article_modified_time":"2021-09-09T22:20:39+00:00","og_image":[{"width":1978,"height":2560,"url":"https:\/\/orthogogo.com\/es\/wp-content\/uploads\/2020\/03\/Dr.Ryan-Fitzgerald-2122-scaled-1.jpg","type":"image\/jpeg"}],"twitter_card":"summary_large_image","twitter_misc":{"Tiempo de lectura":"1 minuto"},"schema":{"@context":"https:\/\/schema.org","@graph":[{"@type":"WebPage","@id":"https:\/\/orthogogo.com\/es\/dr-ryan-fitzgerald\/","url":"https:\/\/orthogogo.com\/es\/dr-ryan-fitzgerald\/","name":"Dr. Ryan Fitzgerald, DDS, MS | Sky Ortho | OKC, Moore.","isPartOf":{"@id":"https:\/\/orthogogo.com\/es\/#website"},"primaryImageOfPage":{"@id":"https:\/\/orthogogo.com\/es\/dr-ryan-fitzgerald\/#primaryimage"},"image":{"@id":"https:\/\/orthogogo.com\/es\/dr-ryan-fitzgerald\/#primaryimage"},"thumbnailUrl":"https:\/\/orthogogo.com\/es\/wp-content\/uploads\/2020\/03\/Dr.Ryan-Fitzgerald-2122-scaled-1.jpg","datePublished":"2020-09-20T05:35:00+00:00","dateModified":"2021-09-09T22:20:39+00:00","description":"Dr. Ryan Fitzgerald tiene una larga trayectoria en el campo de la ortodoncia. Se a dedicado al estudio cient\u00edfico de la ortodoncia.","breadcrumb":{"@id":"https:\/\/orthogogo.com\/es\/dr-ryan-fitzgerald\/#breadcrumb"},"inLanguage":"es","potentialAction":[{"@type":"ReadAction","target":["https:\/\/orthogogo.com\/es\/dr-ryan-fitzgerald\/"]}]},{"@type":"ImageObject","inLanguage":"es","@id":"https:\/\/orthogogo.com\/es\/dr-ryan-fitzgerald\/#primaryimage","url":"https:\/\/orthogogo.com\/es\/wp-content\/uploads\/2020\/03\/Dr.Ryan-Fitzgerald-2122-scaled-1.jpg","contentUrl":"https:\/\/orthogogo.com\/es\/wp-content\/uploads\/2020\/03\/Dr.Ryan-Fitzgerald-2122-scaled-1.jpg","width":1978,"height":2560,"caption":"Dr. Ryan Fitzgerald, DDS, MS | Sky Ortho | OKC, Moore."},{"@type":"BreadcrumbList","@id":"https:\/\/orthogogo.com\/es\/dr-ryan-fitzgerald\/#breadcrumb","itemListElement":[{"@type":"ListItem","position":1,"name":"Home","item":"https:\/\/orthogogo.com\/es\/"},{"@type":"ListItem","position":2,"name":"Dr. Ryan Fitzgerald, DDS, MS"}]},{"@type":"WebSite","@id":"https:\/\/orthogogo.com\/es\/#website","url":"https:\/\/orthogogo.com\/es\/","name":"Sky Ortho","description":"Ortodoncistas en OKC, Moore, Shawnee &amp; Norman","publisher":{"@id":"https:\/\/orthogogo.com\/es\/#organization"},"potentialAction":[{"@type":"SearchAction","target":{"@type":"EntryPoint","urlTemplate":"https:\/\/orthogogo.com\/es\/?s={search_term_string}"},"query-input":{"@type":"PropertyValueSpecification","valueRequired":true,"valueName":"search_term_string"}}],"inLanguage":"es"},{"@type":"Organization","@id":"https:\/\/orthogogo.com\/es\/#organization","name":"Sky Ortho","url":"https:\/\/orthogogo.com\/es\/","logo":{"@type":"ImageObject","inLanguage":"es","@id":"https:\/\/orthogogo.com\/es\/#\/schema\/logo\/image\/","url":"https:\/\/orthogogo.com\/es\/wp-content\/uploads\/2020\/09\/head-logo.png","contentUrl":"https:\/\/orthogogo.com\/es\/wp-content\/uploads\/2020\/09\/head-logo.png","width":128,"height":128,"caption":"Sky Ortho"},"image":{"@id":"https:\/\/orthogogo.com\/es\/#\/schema\/logo\/image\/"}}]}},"_links":{"self":[{"href":"https:\/\/orthogogo.com\/es\/wp-json\/wp\/v2\/pages\/3575","targetHints":{"allow":["GET"]}}],"collection":[{"href":"https:\/\/orthogogo.com\/es\/wp-json\/wp\/v2\/pages"}],"about":[{"href":"https:\/\/orthogogo.com\/es\/wp-json\/wp\/v2\/types\/page"}],"author":[{"embeddable":true,"href":"https:\/\/orthogogo.com\/es\/wp-json\/wp\/v2\/users\/1"}],"replies":[{"embeddable":true,"href":"https:\/\/orthogogo.com\/es\/wp-json\/wp\/v2\/comments?post=3575"}],"version-history":[{"count":12,"href":"https:\/\/orthogogo.com\/es\/wp-json\/wp\/v2\/pages\/3575\/revisions"}],"predecessor-version":[{"id":4132,"href":"https:\/\/orthogogo.com\/es\/wp-json\/wp\/v2\/pages\/3575\/revisions\/4132"}],"wp:featuredmedia":[{"embeddable":true,"href":"https:\/\/orthogogo.com\/es\/wp-json\/wp\/v2\/media\/2938"}],"wp:attachment":[{"href":"https:\/\/orthogogo.com\/es\/wp-json\/wp\/v2\/media?parent=3575"}],"curies":[{"name":"wp","href":"https:\/\/api.w.org\/{rel}","templated":true}]}}