{"id":3572,"date":"2020-09-20T05:16:32","date_gmt":"2020-09-20T05:16:32","guid":{"rendered":"http:\/\/192.168.71.150:8082\/?page_id=3572"},"modified":"2021-09-17T17:19:50","modified_gmt":"2021-09-17T17:19:50","slug":"dra-priscilla-larson","status":"publish","type":"page","link":"https:\/\/orthogogo.com\/es\/dra-priscilla-larson\/","title":{"rendered":"Dr. Priscilla Larson, DMD"},"content":{"rendered":"<p>Nuestra fundadora, la Dra. Priscilla Larson,\u00a0 piensa que es una bendici\u00f3n ayudar a pacientes de todas las edades a sentirse bien con sus sonrisas y es por eso se interes\u00f3 en la ortodoncia. Ser ortodoncista es un gran equilibrio entre la ciencia y el arte, dos temas que el Dr. Larson siempre ha amado y le han apasionado. La Dra. Larson curso sus estudios en la <a href=\"https:\/\/duke.edu\/\" target=\"_blank\" rel=\"noopener\">Universidad de Duke en Carolina del Norte<\/a> y se gradu\u00f3 magna cum laude con un t\u00edtulo en qu\u00edmica y un certificado en educaci\u00f3n secundaria. Posteriormente, asisti\u00f3 a la Escuela de Medicina Dental de la <a href=\"http:\/\/uconn.edu\/\" target=\"_blank\" rel=\"noopener\">Universidad de Connecticut<\/a>, completando sus estudios de Doctorado en Medicina Dental. Finalmente, la Dra. Larson complet\u00f3 una residencia de tres a\u00f1os en <a href=\"https:\/\/orthogogo.com\/es\/por-que-un-ortodoncista\/\">Ortodoncia<\/a> y Ortopedia dentofacial en la <a href=\"http:\/\/pitt.edu\/\" target=\"_blank\" rel=\"noopener\">Universidad de Pittsburgh.<\/a><\/p>\n<p>Ha estado practicando ortodoncia exclusivamente en Texas y Oklahoma desde 2010. La Dra. Priscilla Pickens Larson dice que es muy gratificante poder servir a sus vecinos en el \u00e1rea de Moore, OK, as\u00ed como a pacientes de Oklahoma City, Chickasha, Norman y m\u00e1s all\u00e1.\u00a0 La Dra. Larson, adem\u00e1s estar comprometida con su carrera de ortodoncista, Es una ocupada amada de casa y madre de cinco hijos que aman las manualidades, correr y llevar un estilo de vida saludable.<\/p>\n","protected":false},"excerpt":{"rendered":"<p>Nuestra fundadora, la Dra. Priscilla Larson,\u00a0 piensa que es una bendici\u00f3n ayudar a pacientes de todas las edades a sentirse bien con sus sonrisas y es por eso se interes\u00f3 en la ortodoncia. Ser ortodoncista es un gran equilibrio entre la ciencia y el arte, dos temas que el Dr. Larson siempre ha amado y [&hellip;]<\/p>\n","protected":false},"author":1,"featured_media":2895,"parent":0,"menu_order":0,"comment_status":"closed","ping_status":"closed","template":"tpls\/template-about.php","meta":{"footnotes":""},"class_list":["post-3572","page","type-page","status-publish","has-post-thumbnail","hentry"],"yoast_head":"<!-- This site is optimized with the Yoast SEO plugin v27.3 - https:\/\/yoast.com\/product\/yoast-seo-wordpress\/ -->\n<title>Dra. Priscilla Larson, DMD. Co-fundadora de Sky Ortho<\/title>\n<meta name=\"description\" content=\"Dra. Priscilla Larson, DMD. , piensa que es una bendici\u00f3n ayudar a pacientes de todas las edades a sentirse bien con sus sonrisas\" \/>\n<meta name=\"robots\" content=\"index, follow, max-snippet:-1, max-image-preview:large, max-video-preview:-1\" \/>\n<link rel=\"canonical\" href=\"https:\/\/orthogogo.com\/es\/dra-priscilla-larson\/\" \/>\n<meta property=\"og:locale\" content=\"es_ES\" \/>\n<meta property=\"og:type\" content=\"article\" \/>\n<meta property=\"og:title\" content=\"Dra. Priscilla Larson, DMD. Co-fundadora de Sky Ortho\" \/>\n<meta property=\"og:description\" content=\"Dra. Priscilla Larson, DMD. , piensa que es una bendici\u00f3n ayudar a pacientes de todas las edades a sentirse bien con sus sonrisas\" \/>\n<meta property=\"og:url\" content=\"https:\/\/orthogogo.com\/es\/dra-priscilla-larson\/\" \/>\n<meta property=\"og:site_name\" content=\"Sky Ortho\" \/>\n<meta property=\"article:modified_time\" content=\"2021-09-17T17:19:50+00:00\" \/>\n<meta property=\"og:image\" content=\"https:\/\/orthogogo.com\/es\/wp-content\/uploads\/2019\/08\/Dr-Priscilla-Larson-Ortho-OKC-scaled-1.jpg\" \/>\n\t<meta property=\"og:image:width\" content=\"1707\" \/>\n\t<meta property=\"og:image:height\" content=\"2560\" \/>\n\t<meta property=\"og:image:type\" content=\"image\/jpeg\" \/>\n<meta name=\"twitter:card\" content=\"summary_large_image\" \/>\n<meta name=\"twitter:label1\" content=\"Tiempo de lectura\" \/>\n\t<meta name=\"twitter:data1\" content=\"1 minuto\" \/>\n<script type=\"application\/ld+json\" class=\"yoast-schema-graph\">{\"@context\":\"https:\\\/\\\/schema.org\",\"@graph\":[{\"@type\":\"WebPage\",\"@id\":\"https:\\\/\\\/orthogogo.com\\\/es\\\/dra-priscilla-larson\\\/\",\"url\":\"https:\\\/\\\/orthogogo.com\\\/es\\\/dra-priscilla-larson\\\/\",\"name\":\"Dra. Priscilla Larson, DMD. Co-fundadora de Sky Ortho\",\"isPartOf\":{\"@id\":\"https:\\\/\\\/orthogogo.com\\\/es\\\/#website\"},\"primaryImageOfPage\":{\"@id\":\"https:\\\/\\\/orthogogo.com\\\/es\\\/dra-priscilla-larson\\\/#primaryimage\"},\"image\":{\"@id\":\"https:\\\/\\\/orthogogo.com\\\/es\\\/dra-priscilla-larson\\\/#primaryimage\"},\"thumbnailUrl\":\"https:\\\/\\\/orthogogo.com\\\/es\\\/wp-content\\\/uploads\\\/2019\\\/08\\\/Dr-Priscilla-Larson-Ortho-OKC-scaled-1.jpg\",\"datePublished\":\"2020-09-20T05:16:32+00:00\",\"dateModified\":\"2021-09-17T17:19:50+00:00\",\"description\":\"Dra. Priscilla Larson, DMD. , piensa que es una bendici\u00f3n ayudar a pacientes de todas las edades a sentirse bien con sus sonrisas\",\"breadcrumb\":{\"@id\":\"https:\\\/\\\/orthogogo.com\\\/es\\\/dra-priscilla-larson\\\/#breadcrumb\"},\"inLanguage\":\"es\",\"potentialAction\":[{\"@type\":\"ReadAction\",\"target\":[\"https:\\\/\\\/orthogogo.com\\\/es\\\/dra-priscilla-larson\\\/\"]}]},{\"@type\":\"ImageObject\",\"inLanguage\":\"es\",\"@id\":\"https:\\\/\\\/orthogogo.com\\\/es\\\/dra-priscilla-larson\\\/#primaryimage\",\"url\":\"https:\\\/\\\/orthogogo.com\\\/es\\\/wp-content\\\/uploads\\\/2019\\\/08\\\/Dr-Priscilla-Larson-Ortho-OKC-scaled-1.jpg\",\"contentUrl\":\"https:\\\/\\\/orthogogo.com\\\/es\\\/wp-content\\\/uploads\\\/2019\\\/08\\\/Dr-Priscilla-Larson-Ortho-OKC-scaled-1.jpg\",\"width\":1707,\"height\":2560,\"caption\":\"Doctor Priscilla Larson OKC\"},{\"@type\":\"BreadcrumbList\",\"@id\":\"https:\\\/\\\/orthogogo.com\\\/es\\\/dra-priscilla-larson\\\/#breadcrumb\",\"itemListElement\":[{\"@type\":\"ListItem\",\"position\":1,\"name\":\"Home\",\"item\":\"https:\\\/\\\/orthogogo.com\\\/es\\\/\"},{\"@type\":\"ListItem\",\"position\":2,\"name\":\"Dr. Priscilla Larson, DMD\"}]},{\"@type\":\"WebSite\",\"@id\":\"https:\\\/\\\/orthogogo.com\\\/es\\\/#website\",\"url\":\"https:\\\/\\\/orthogogo.com\\\/es\\\/\",\"name\":\"Sky Ortho\",\"description\":\"Ortodoncistas en OKC, Moore, Shawnee &amp; Norman\",\"publisher\":{\"@id\":\"https:\\\/\\\/orthogogo.com\\\/es\\\/#organization\"},\"potentialAction\":[{\"@type\":\"SearchAction\",\"target\":{\"@type\":\"EntryPoint\",\"urlTemplate\":\"https:\\\/\\\/orthogogo.com\\\/es\\\/?s={search_term_string}\"},\"query-input\":{\"@type\":\"PropertyValueSpecification\",\"valueRequired\":true,\"valueName\":\"search_term_string\"}}],\"inLanguage\":\"es\"},{\"@type\":\"Organization\",\"@id\":\"https:\\\/\\\/orthogogo.com\\\/es\\\/#organization\",\"name\":\"Sky Ortho\",\"url\":\"https:\\\/\\\/orthogogo.com\\\/es\\\/\",\"logo\":{\"@type\":\"ImageObject\",\"inLanguage\":\"es\",\"@id\":\"https:\\\/\\\/orthogogo.com\\\/es\\\/#\\\/schema\\\/logo\\\/image\\\/\",\"url\":\"https:\\\/\\\/orthogogo.com\\\/es\\\/wp-content\\\/uploads\\\/2020\\\/09\\\/head-logo.png\",\"contentUrl\":\"https:\\\/\\\/orthogogo.com\\\/es\\\/wp-content\\\/uploads\\\/2020\\\/09\\\/head-logo.png\",\"width\":128,\"height\":128,\"caption\":\"Sky Ortho\"},\"image\":{\"@id\":\"https:\\\/\\\/orthogogo.com\\\/es\\\/#\\\/schema\\\/logo\\\/image\\\/\"}}]}<\/script>\n<!-- \/ Yoast SEO plugin. -->","yoast_head_json":{"title":"Dra. Priscilla Larson, DMD. Co-fundadora de Sky Ortho","description":"Dra. Priscilla Larson, DMD. , piensa que es una bendici\u00f3n ayudar a pacientes de todas las edades a sentirse bien con sus sonrisas","robots":{"index":"index","follow":"follow","max-snippet":"max-snippet:-1","max-image-preview":"max-image-preview:large","max-video-preview":"max-video-preview:-1"},"canonical":"https:\/\/orthogogo.com\/es\/dra-priscilla-larson\/","og_locale":"es_ES","og_type":"article","og_title":"Dra. Priscilla Larson, DMD. Co-fundadora de Sky Ortho","og_description":"Dra. Priscilla Larson, DMD. , piensa que es una bendici\u00f3n ayudar a pacientes de todas las edades a sentirse bien con sus sonrisas","og_url":"https:\/\/orthogogo.com\/es\/dra-priscilla-larson\/","og_site_name":"Sky Ortho","article_modified_time":"2021-09-17T17:19:50+00:00","og_image":[{"width":1707,"height":2560,"url":"https:\/\/orthogogo.com\/es\/wp-content\/uploads\/2019\/08\/Dr-Priscilla-Larson-Ortho-OKC-scaled-1.jpg","type":"image\/jpeg"}],"twitter_card":"summary_large_image","twitter_misc":{"Tiempo de lectura":"1 minuto"},"schema":{"@context":"https:\/\/schema.org","@graph":[{"@type":"WebPage","@id":"https:\/\/orthogogo.com\/es\/dra-priscilla-larson\/","url":"https:\/\/orthogogo.com\/es\/dra-priscilla-larson\/","name":"Dra. Priscilla Larson, DMD. Co-fundadora de Sky Ortho","isPartOf":{"@id":"https:\/\/orthogogo.com\/es\/#website"},"primaryImageOfPage":{"@id":"https:\/\/orthogogo.com\/es\/dra-priscilla-larson\/#primaryimage"},"image":{"@id":"https:\/\/orthogogo.com\/es\/dra-priscilla-larson\/#primaryimage"},"thumbnailUrl":"https:\/\/orthogogo.com\/es\/wp-content\/uploads\/2019\/08\/Dr-Priscilla-Larson-Ortho-OKC-scaled-1.jpg","datePublished":"2020-09-20T05:16:32+00:00","dateModified":"2021-09-17T17:19:50+00:00","description":"Dra. Priscilla Larson, DMD. , piensa que es una bendici\u00f3n ayudar a pacientes de todas las edades a sentirse bien con sus sonrisas","breadcrumb":{"@id":"https:\/\/orthogogo.com\/es\/dra-priscilla-larson\/#breadcrumb"},"inLanguage":"es","potentialAction":[{"@type":"ReadAction","target":["https:\/\/orthogogo.com\/es\/dra-priscilla-larson\/"]}]},{"@type":"ImageObject","inLanguage":"es","@id":"https:\/\/orthogogo.com\/es\/dra-priscilla-larson\/#primaryimage","url":"https:\/\/orthogogo.com\/es\/wp-content\/uploads\/2019\/08\/Dr-Priscilla-Larson-Ortho-OKC-scaled-1.jpg","contentUrl":"https:\/\/orthogogo.com\/es\/wp-content\/uploads\/2019\/08\/Dr-Priscilla-Larson-Ortho-OKC-scaled-1.jpg","width":1707,"height":2560,"caption":"Doctor Priscilla Larson OKC"},{"@type":"BreadcrumbList","@id":"https:\/\/orthogogo.com\/es\/dra-priscilla-larson\/#breadcrumb","itemListElement":[{"@type":"ListItem","position":1,"name":"Home","item":"https:\/\/orthogogo.com\/es\/"},{"@type":"ListItem","position":2,"name":"Dr. Priscilla Larson, DMD"}]},{"@type":"WebSite","@id":"https:\/\/orthogogo.com\/es\/#website","url":"https:\/\/orthogogo.com\/es\/","name":"Sky Ortho","description":"Ortodoncistas en OKC, Moore, Shawnee &amp; Norman","publisher":{"@id":"https:\/\/orthogogo.com\/es\/#organization"},"potentialAction":[{"@type":"SearchAction","target":{"@type":"EntryPoint","urlTemplate":"https:\/\/orthogogo.com\/es\/?s={search_term_string}"},"query-input":{"@type":"PropertyValueSpecification","valueRequired":true,"valueName":"search_term_string"}}],"inLanguage":"es"},{"@type":"Organization","@id":"https:\/\/orthogogo.com\/es\/#organization","name":"Sky Ortho","url":"https:\/\/orthogogo.com\/es\/","logo":{"@type":"ImageObject","inLanguage":"es","@id":"https:\/\/orthogogo.com\/es\/#\/schema\/logo\/image\/","url":"https:\/\/orthogogo.com\/es\/wp-content\/uploads\/2020\/09\/head-logo.png","contentUrl":"https:\/\/orthogogo.com\/es\/wp-content\/uploads\/2020\/09\/head-logo.png","width":128,"height":128,"caption":"Sky Ortho"},"image":{"@id":"https:\/\/orthogogo.com\/es\/#\/schema\/logo\/image\/"}}]}},"_links":{"self":[{"href":"https:\/\/orthogogo.com\/es\/wp-json\/wp\/v2\/pages\/3572","targetHints":{"allow":["GET"]}}],"collection":[{"href":"https:\/\/orthogogo.com\/es\/wp-json\/wp\/v2\/pages"}],"about":[{"href":"https:\/\/orthogogo.com\/es\/wp-json\/wp\/v2\/types\/page"}],"author":[{"embeddable":true,"href":"https:\/\/orthogogo.com\/es\/wp-json\/wp\/v2\/users\/1"}],"replies":[{"embeddable":true,"href":"https:\/\/orthogogo.com\/es\/wp-json\/wp\/v2\/comments?post=3572"}],"version-history":[{"count":8,"href":"https:\/\/orthogogo.com\/es\/wp-json\/wp\/v2\/pages\/3572\/revisions"}],"predecessor-version":[{"id":4004,"href":"https:\/\/orthogogo.com\/es\/wp-json\/wp\/v2\/pages\/3572\/revisions\/4004"}],"wp:featuredmedia":[{"embeddable":true,"href":"https:\/\/orthogogo.com\/es\/wp-json\/wp\/v2\/media\/2895"}],"wp:attachment":[{"href":"https:\/\/orthogogo.com\/es\/wp-json\/wp\/v2\/media?parent=3572"}],"curies":[{"name":"wp","href":"https:\/\/api.w.org\/{rel}","templated":true}]}}