{"id":34,"date":"2020-06-09T19:54:58","date_gmt":"2020-06-09T19:54:58","guid":{"rendered":"http:\/\/demosbyphil.com\/orthogogo\/?page_id=22"},"modified":"2020-09-16T00:13:54","modified_gmt":"2020-09-16T00:13:54","slug":"sky-ortho-blog","status":"publish","type":"page","link":"https:\/\/orthogogo.com\/es\/conoce-sky-ortho\/sky-ortho-blog\/","title":{"rendered":"Sky Ortho Blog. Get the Latest and Best Information for OKC, Shawnee, Norman, and Moore"},"content":{"rendered":"","protected":false},"excerpt":{"rendered":"","protected":false},"author":1,"featured_media":3052,"parent":29,"menu_order":0,"comment_status":"closed","ping_status":"closed","template":"tpls\/template-blog.php","meta":{"footnotes":""},"class_list":["post-34","page","type-page","status-publish","has-post-thumbnail","hentry"],"yoast_head":"<!-- This site is optimized with the Yoast SEO plugin v27.2 - https:\/\/yoast.com\/product\/yoast-seo-wordpress\/ -->\n<title>Sky Ortho Blog | Read Our Latest Orthodontic Blog<\/title>\n<meta name=\"description\" content=\"Sky Ortho Blog. Check out our latest blog for tips and news to help get the best orthodontic results for you and your family. | OKC, Shawnee, Moore, Norman\" \/>\n<meta name=\"robots\" content=\"index, follow, max-snippet:-1, max-image-preview:large, max-video-preview:-1\" \/>\n<link rel=\"canonical\" href=\"https:\/\/orthogogo.com\/es\/conoce-sky-ortho\/sky-ortho-blog\/\" \/>\n<meta property=\"og:locale\" content=\"es_ES\" \/>\n<meta property=\"og:type\" content=\"article\" \/>\n<meta property=\"og:title\" content=\"Sky Ortho Blog | Read Our Latest Orthodontic Blog\" \/>\n<meta property=\"og:description\" content=\"Sky Ortho Blog. Check out our latest blog for tips and news to help get the best orthodontic results for you and your family. | OKC, Shawnee, Moore, Norman\" \/>\n<meta property=\"og:url\" content=\"https:\/\/orthogogo.com\/es\/conoce-sky-ortho\/sky-ortho-blog\/\" \/>\n<meta property=\"og:site_name\" content=\"Sky Ortho\" \/>\n<meta property=\"article:modified_time\" content=\"2020-09-16T00:13:54+00:00\" \/>\n<meta property=\"og:image\" content=\"https:\/\/orthogogo.com\/es\/wp-content\/uploads\/2020\/03\/dentist-showing-digital-tablet-to-young-patient-6NQPF9B-scaled-1.jpg\" \/>\n\t<meta property=\"og:image:width\" content=\"2560\" \/>\n\t<meta property=\"og:image:height\" content=\"1707\" \/>\n\t<meta property=\"og:image:type\" content=\"image\/jpeg\" \/>\n<meta name=\"twitter:card\" content=\"summary_large_image\" \/>\n<script type=\"application\/ld+json\" class=\"yoast-schema-graph\">{\"@context\":\"https:\/\/schema.org\",\"@graph\":[{\"@type\":\"WebPage\",\"@id\":\"https:\/\/orthogogo.com\/es\/conoce-sky-ortho\/sky-ortho-blog\/\",\"url\":\"https:\/\/orthogogo.com\/es\/conoce-sky-ortho\/sky-ortho-blog\/\",\"name\":\"Sky Ortho Blog | Read Our Latest Orthodontic Blog\",\"isPartOf\":{\"@id\":\"https:\/\/orthogogo.com\/es\/#website\"},\"primaryImageOfPage\":{\"@id\":\"https:\/\/orthogogo.com\/es\/conoce-sky-ortho\/sky-ortho-blog\/#primaryimage\"},\"image\":{\"@id\":\"https:\/\/orthogogo.com\/es\/conoce-sky-ortho\/sky-ortho-blog\/#primaryimage\"},\"thumbnailUrl\":\"https:\/\/orthogogo.com\/es\/wp-content\/uploads\/2020\/03\/dentist-showing-digital-tablet-to-young-patient-6NQPF9B-scaled-1.jpg\",\"datePublished\":\"2020-06-09T19:54:58+00:00\",\"dateModified\":\"2020-09-16T00:13:54+00:00\",\"description\":\"Sky Ortho Blog. Check out our latest blog for tips and news to help get the best orthodontic results for you and your family. | OKC, Shawnee, Moore, Norman\",\"breadcrumb\":{\"@id\":\"https:\/\/orthogogo.com\/es\/conoce-sky-ortho\/sky-ortho-blog\/#breadcrumb\"},\"inLanguage\":\"es\",\"potentialAction\":[{\"@type\":\"ReadAction\",\"target\":[\"https:\/\/orthogogo.com\/es\/conoce-sky-ortho\/sky-ortho-blog\/\"]}]},{\"@type\":\"ImageObject\",\"inLanguage\":\"es\",\"@id\":\"https:\/\/orthogogo.com\/es\/conoce-sky-ortho\/sky-ortho-blog\/#primaryimage\",\"url\":\"https:\/\/orthogogo.com\/es\/wp-content\/uploads\/2020\/03\/dentist-showing-digital-tablet-to-young-patient-6NQPF9B-scaled-1.jpg\",\"contentUrl\":\"https:\/\/orthogogo.com\/es\/wp-content\/uploads\/2020\/03\/dentist-showing-digital-tablet-to-young-patient-6NQPF9B-scaled-1.jpg\",\"width\":2560,\"height\":1707,\"caption\":\"Dentist showing digital tablet to young patient in dental clinic\"},{\"@type\":\"BreadcrumbList\",\"@id\":\"https:\/\/orthogogo.com\/es\/conoce-sky-ortho\/sky-ortho-blog\/#breadcrumb\",\"itemListElement\":[{\"@type\":\"ListItem\",\"position\":1,\"name\":\"Home\",\"item\":\"https:\/\/orthogogo.com\/es\/\"},{\"@type\":\"ListItem\",\"position\":2,\"name\":\"Conoce m\u00e1s de Sky Ortho, s\u00f3lo rel\u00e1jese que nosotros cubrimos todas sus necesidades en las diferentes \u00e1reas de la ortodoncia\",\"item\":\"https:\/\/orthogogo.com\/es\/conoce-sky-ortho\/\"},{\"@type\":\"ListItem\",\"position\":3,\"name\":\"Sky Ortho Blog. Get the Latest and Best Information for OKC, Shawnee, Norman, and Moore\"}]},{\"@type\":\"WebSite\",\"@id\":\"https:\/\/orthogogo.com\/es\/#website\",\"url\":\"https:\/\/orthogogo.com\/es\/\",\"name\":\"Sky Ortho\",\"description\":\"Ortodoncistas en OKC, Moore, Shawnee &amp; Norman\",\"publisher\":{\"@id\":\"https:\/\/orthogogo.com\/es\/#organization\"},\"potentialAction\":[{\"@type\":\"SearchAction\",\"target\":{\"@type\":\"EntryPoint\",\"urlTemplate\":\"https:\/\/orthogogo.com\/es\/?s={search_term_string}\"},\"query-input\":{\"@type\":\"PropertyValueSpecification\",\"valueRequired\":true,\"valueName\":\"search_term_string\"}}],\"inLanguage\":\"es\"},{\"@type\":\"Organization\",\"@id\":\"https:\/\/orthogogo.com\/es\/#organization\",\"name\":\"Sky Ortho\",\"url\":\"https:\/\/orthogogo.com\/es\/\",\"logo\":{\"@type\":\"ImageObject\",\"inLanguage\":\"es\",\"@id\":\"https:\/\/orthogogo.com\/es\/#\/schema\/logo\/image\/\",\"url\":\"https:\/\/orthogogo.com\/es\/wp-content\/uploads\/2020\/09\/head-logo.png\",\"contentUrl\":\"https:\/\/orthogogo.com\/es\/wp-content\/uploads\/2020\/09\/head-logo.png\",\"width\":128,\"height\":128,\"caption\":\"Sky Ortho\"},\"image\":{\"@id\":\"https:\/\/orthogogo.com\/es\/#\/schema\/logo\/image\/\"}}]}<\/script>\n<!-- \/ Yoast SEO plugin. -->","yoast_head_json":{"title":"Sky Ortho Blog | Read Our Latest Orthodontic Blog","description":"Sky Ortho Blog. Check out our latest blog for tips and news to help get the best orthodontic results for you and your family. | OKC, Shawnee, Moore, Norman","robots":{"index":"index","follow":"follow","max-snippet":"max-snippet:-1","max-image-preview":"max-image-preview:large","max-video-preview":"max-video-preview:-1"},"canonical":"https:\/\/orthogogo.com\/es\/conoce-sky-ortho\/sky-ortho-blog\/","og_locale":"es_ES","og_type":"article","og_title":"Sky Ortho Blog | Read Our Latest Orthodontic Blog","og_description":"Sky Ortho Blog. Check out our latest blog for tips and news to help get the best orthodontic results for you and your family. | OKC, Shawnee, Moore, Norman","og_url":"https:\/\/orthogogo.com\/es\/conoce-sky-ortho\/sky-ortho-blog\/","og_site_name":"Sky Ortho","article_modified_time":"2020-09-16T00:13:54+00:00","og_image":[{"width":2560,"height":1707,"url":"https:\/\/orthogogo.com\/es\/wp-content\/uploads\/2020\/03\/dentist-showing-digital-tablet-to-young-patient-6NQPF9B-scaled-1.jpg","type":"image\/jpeg"}],"twitter_card":"summary_large_image","schema":{"@context":"https:\/\/schema.org","@graph":[{"@type":"WebPage","@id":"https:\/\/orthogogo.com\/es\/conoce-sky-ortho\/sky-ortho-blog\/","url":"https:\/\/orthogogo.com\/es\/conoce-sky-ortho\/sky-ortho-blog\/","name":"Sky Ortho Blog | Read Our Latest Orthodontic Blog","isPartOf":{"@id":"https:\/\/orthogogo.com\/es\/#website"},"primaryImageOfPage":{"@id":"https:\/\/orthogogo.com\/es\/conoce-sky-ortho\/sky-ortho-blog\/#primaryimage"},"image":{"@id":"https:\/\/orthogogo.com\/es\/conoce-sky-ortho\/sky-ortho-blog\/#primaryimage"},"thumbnailUrl":"https:\/\/orthogogo.com\/es\/wp-content\/uploads\/2020\/03\/dentist-showing-digital-tablet-to-young-patient-6NQPF9B-scaled-1.jpg","datePublished":"2020-06-09T19:54:58+00:00","dateModified":"2020-09-16T00:13:54+00:00","description":"Sky Ortho Blog. Check out our latest blog for tips and news to help get the best orthodontic results for you and your family. | OKC, Shawnee, Moore, Norman","breadcrumb":{"@id":"https:\/\/orthogogo.com\/es\/conoce-sky-ortho\/sky-ortho-blog\/#breadcrumb"},"inLanguage":"es","potentialAction":[{"@type":"ReadAction","target":["https:\/\/orthogogo.com\/es\/conoce-sky-ortho\/sky-ortho-blog\/"]}]},{"@type":"ImageObject","inLanguage":"es","@id":"https:\/\/orthogogo.com\/es\/conoce-sky-ortho\/sky-ortho-blog\/#primaryimage","url":"https:\/\/orthogogo.com\/es\/wp-content\/uploads\/2020\/03\/dentist-showing-digital-tablet-to-young-patient-6NQPF9B-scaled-1.jpg","contentUrl":"https:\/\/orthogogo.com\/es\/wp-content\/uploads\/2020\/03\/dentist-showing-digital-tablet-to-young-patient-6NQPF9B-scaled-1.jpg","width":2560,"height":1707,"caption":"Dentist showing digital tablet to young patient in dental clinic"},{"@type":"BreadcrumbList","@id":"https:\/\/orthogogo.com\/es\/conoce-sky-ortho\/sky-ortho-blog\/#breadcrumb","itemListElement":[{"@type":"ListItem","position":1,"name":"Home","item":"https:\/\/orthogogo.com\/es\/"},{"@type":"ListItem","position":2,"name":"Conoce m\u00e1s de Sky Ortho, s\u00f3lo rel\u00e1jese que nosotros cubrimos todas sus necesidades en las diferentes \u00e1reas de la ortodoncia","item":"https:\/\/orthogogo.com\/es\/conoce-sky-ortho\/"},{"@type":"ListItem","position":3,"name":"Sky Ortho Blog. Get the Latest and Best Information for OKC, Shawnee, Norman, and Moore"}]},{"@type":"WebSite","@id":"https:\/\/orthogogo.com\/es\/#website","url":"https:\/\/orthogogo.com\/es\/","name":"Sky Ortho","description":"Ortodoncistas en OKC, Moore, Shawnee &amp; Norman","publisher":{"@id":"https:\/\/orthogogo.com\/es\/#organization"},"potentialAction":[{"@type":"SearchAction","target":{"@type":"EntryPoint","urlTemplate":"https:\/\/orthogogo.com\/es\/?s={search_term_string}"},"query-input":{"@type":"PropertyValueSpecification","valueRequired":true,"valueName":"search_term_string"}}],"inLanguage":"es"},{"@type":"Organization","@id":"https:\/\/orthogogo.com\/es\/#organization","name":"Sky Ortho","url":"https:\/\/orthogogo.com\/es\/","logo":{"@type":"ImageObject","inLanguage":"es","@id":"https:\/\/orthogogo.com\/es\/#\/schema\/logo\/image\/","url":"https:\/\/orthogogo.com\/es\/wp-content\/uploads\/2020\/09\/head-logo.png","contentUrl":"https:\/\/orthogogo.com\/es\/wp-content\/uploads\/2020\/09\/head-logo.png","width":128,"height":128,"caption":"Sky Ortho"},"image":{"@id":"https:\/\/orthogogo.com\/es\/#\/schema\/logo\/image\/"}}]}},"_links":{"self":[{"href":"https:\/\/orthogogo.com\/es\/wp-json\/wp\/v2\/pages\/34","targetHints":{"allow":["GET"]}}],"collection":[{"href":"https:\/\/orthogogo.com\/es\/wp-json\/wp\/v2\/pages"}],"about":[{"href":"https:\/\/orthogogo.com\/es\/wp-json\/wp\/v2\/types\/page"}],"author":[{"embeddable":true,"href":"https:\/\/orthogogo.com\/es\/wp-json\/wp\/v2\/users\/1"}],"replies":[{"embeddable":true,"href":"https:\/\/orthogogo.com\/es\/wp-json\/wp\/v2\/comments?post=34"}],"version-history":[{"count":1,"href":"https:\/\/orthogogo.com\/es\/wp-json\/wp\/v2\/pages\/34\/revisions"}],"predecessor-version":[{"id":3524,"href":"https:\/\/orthogogo.com\/es\/wp-json\/wp\/v2\/pages\/34\/revisions\/3524"}],"up":[{"embeddable":true,"href":"https:\/\/orthogogo.com\/es\/wp-json\/wp\/v2\/pages\/29"}],"wp:featuredmedia":[{"embeddable":true,"href":"https:\/\/orthogogo.com\/es\/wp-json\/wp\/v2\/media\/3052"}],"wp:attachment":[{"href":"https:\/\/orthogogo.com\/es\/wp-json\/wp\/v2\/media?parent=34"}],"curies":[{"name":"wp","href":"https:\/\/api.w.org\/{rel}","templated":true}]}}