{"id":3326,"date":"2020-07-11T17:12:46","date_gmt":"2020-07-11T17:12:46","guid":{"rendered":"https:\/\/orthogogo.com\/es\/?page_id=3326"},"modified":"2024-10-08T20:03:03","modified_gmt":"2024-10-08T20:03:03","slug":"critical-referral-form","status":"publish","type":"page","link":"https:\/\/orthogogo.com\/es\/patients\/critical-referral-form\/","title":{"rendered":"Referidos por otros Doctores"},"content":{"rendered":"<p>Si es referido por otro Doctor, le agredecemos rellener este formulario.<\/p>\n<p><a href=\"\/wp-content\/uploads\/2020\/07\/critical-form.pdf\" download=\"critical-form.pdf\">Si desea enviarlo por correo o traerlo personalmente, puede descargarlo en formanto PDF haciendo Click aqu\u00ed.<\/a><br \/>\n<div class=\"forminator-ui forminator-custom-form forminator-custom-form-4367 forminator-design--flat  forminator_ajax\" data-forminator-render=\"0\" data-form=\"forminator-module-4367\" data-uid=\"69e945c43da68\"><br\/><\/div><form\n\t\t\t\tid=\"forminator-module-4367\"\n\t\t\t\tclass=\"forminator-ui forminator-custom-form forminator-custom-form-4367 forminator-design--flat  forminator_ajax\"\n\t\t\t\tmethod=\"post\"\n\t\t\t\tdata-forminator-render=\"0\"\n\t\t\t\tdata-form-id=\"4367\"\n\t\t\t\t data-color-option=\"default\" data-design=\"flat\" data-grid=\"open\" style=\"display: none;\"\n\t\t\t\tdata-uid=\"69e945c43da68\"\n\t\t\t><div role=\"alert\" aria-live=\"polite\" class=\"forminator-response-message forminator-error\" aria-hidden=\"true\"><\/div><div class=\"forminator-row\"><div id=\"section-2\" class=\"forminator-field-section forminator-col forminator-col-12 \"><div class=\"forminator-field\"><h3 class=\"forminator-subtitle\">Nombre del Paciente<\/h3><\/div><\/div><\/div><div class=\"forminator-row\"><div id=\"name-1\" class=\"forminator-field-name forminator-col forminator-col-12 \"><div class=\"forminator-row forminator-no-margin\" data-multiple=\"true\"><div class=\"forminator-col forminator-col-md-6\"><div class=\"forminator-field\"><label for=\"forminator-field-first-name-1_69e945c43da68\" id=\"forminator-field-first-name-1_69e945c43da68-label\" class=\"forminator-label\">Nombre<\/label><input type=\"text\" name=\"name-1-first-name\" placeholder=\"\" id=\"forminator-field-first-name-1_69e945c43da68\" class=\"forminator-input\" aria-required=\"false\" data-multi=\"1\" autocomplete=\"given-name\" value=\"\" \/><\/div><\/div><div class=\"forminator-col forminator-col-md-6\"><div class=\"forminator-field\"><label for=\"forminator-field-last-name-1_69e945c43da68\" id=\"forminator-field-last-name-1_69e945c43da68-label\" class=\"forminator-label\">Apellido<\/label><input type=\"text\" name=\"name-1-last-name\" placeholder=\"\" id=\"forminator-field-last-name-1_69e945c43da68\" class=\"forminator-input\" aria-required=\"false\" data-multi=\"1\" autocomplete=\"family-name\" value=\"\" \/><\/div><\/div><\/div><\/div><\/div><div class=\"forminator-row\"><div id=\"section-3\" class=\"forminator-field-section forminator-col forminator-col-12 \"><div class=\"forminator-field\"><h3 class=\"forminator-subtitle\">Referido por<\/h3><\/div><\/div><\/div><div class=\"forminator-row\"><div id=\"name-2\" class=\"forminator-field-name forminator-col forminator-col-12 \"><div class=\"forminator-row forminator-no-margin\" data-multiple=\"true\"><div class=\"forminator-col forminator-col-md-6\"><div class=\"forminator-field\"><label for=\"forminator-field-first-name-2_69e945c43da68\" id=\"forminator-field-first-name-2_69e945c43da68-label\" class=\"forminator-label\">Nombre <span class=\"forminator-required\">*<\/span><\/label><input type=\"text\" name=\"name-2-first-name\" placeholder=\"\" id=\"forminator-field-first-name-2_69e945c43da68\" class=\"forminator-input\" aria-required=\"true\" data-multi=\"1\" autocomplete=\"given-name\" value=\"\" \/><\/div><\/div><div class=\"forminator-col forminator-col-md-6\"><div class=\"forminator-field\"><label for=\"forminator-field-last-name-2_69e945c43da68\" id=\"forminator-field-last-name-2_69e945c43da68-label\" class=\"forminator-label\">Apellido<\/label><input type=\"text\" name=\"name-2-last-name\" placeholder=\"\" id=\"forminator-field-last-name-2_69e945c43da68\" class=\"forminator-input\" aria-required=\"false\" data-multi=\"1\" autocomplete=\"family-name\" value=\"\" \/><\/div><\/div><\/div><\/div><\/div><div class=\"forminator-row\"><div id=\"checkbox-1\" class=\"forminator-field-checkbox forminator-col forminator-col-12 \"><div role=\"group\" class=\"forminator-field required\" aria-labelledby=\"forminator-checkbox-group-forminator-field-checkbox-1-69e945c43da68-label\"><span id=\"forminator-checkbox-group-forminator-field-checkbox-1-69e945c43da68-label\" class=\"forminator-label\">Tratamientos <span class=\"forminator-required\">*<\/span><\/span><label id=\"forminator-field-checkbox-1-1-69e945c43da68-label\" for=\"forminator-field-checkbox-1-1-69e945c43da68\" class=\"forminator-checkbox\" title=\"Evaluaci\u00f3n de tratamiento temprano\/interceptivo\"><input type=\"checkbox\" name=\"checkbox-1[]\" value=\"one\" id=\"forminator-field-checkbox-1-1-69e945c43da68\" aria-labelledby=\"forminator-field-checkbox-1-1-69e945c43da68-label\" data-calculation=\"0\"   data-hidden-behavior=\"zero\"\/><span class=\"forminator-checkbox-box\" aria-hidden=\"true\"><\/span><span class=\"forminator-checkbox-label\">Evaluaci\u00f3n de tratamiento temprano\/interceptivo<\/span><\/label><label id=\"forminator-field-checkbox-1-2-69e945c43da68-label\" for=\"forminator-field-checkbox-1-2-69e945c43da68\" class=\"forminator-checkbox\" title=\"Evaluaci\u00f3n del tratamiento quir\u00fargico ortogn\u00e1tico\"><input type=\"checkbox\" name=\"checkbox-1[]\" value=\"two\" id=\"forminator-field-checkbox-1-2-69e945c43da68\" aria-labelledby=\"forminator-field-checkbox-1-2-69e945c43da68-label\" data-calculation=\"0\"   data-hidden-behavior=\"zero\"\/><span class=\"forminator-checkbox-box\" aria-hidden=\"true\"><\/span><span class=\"forminator-checkbox-label\">Evaluaci\u00f3n del tratamiento quir\u00fargico ortogn\u00e1tico<\/span><\/label><label id=\"forminator-field-checkbox-1-3-69e945c43da68-label\" for=\"forminator-field-checkbox-1-3-69e945c43da68\" class=\"forminator-checkbox\" title=\"Evaluaci\u00f3n integral del tratamiento\"><input type=\"checkbox\" name=\"checkbox-1[]\" value=\"Comprehensive-Treatment-Evaluation\" id=\"forminator-field-checkbox-1-3-69e945c43da68\" aria-labelledby=\"forminator-field-checkbox-1-3-69e945c43da68-label\" data-calculation=\"0\"   data-hidden-behavior=\"zero\"\/><span class=\"forminator-checkbox-box\" aria-hidden=\"true\"><\/span><span class=\"forminator-checkbox-label\">Evaluaci\u00f3n integral del tratamiento<\/span><\/label><label id=\"forminator-field-checkbox-1-4-69e945c43da68-label\" for=\"forminator-field-checkbox-1-4-69e945c43da68\" class=\"forminator-checkbox\" title=\"Otro\"><input type=\"checkbox\" name=\"checkbox-1[]\" value=\"Other:\" id=\"forminator-field-checkbox-1-4-69e945c43da68\" aria-labelledby=\"forminator-field-checkbox-1-4-69e945c43da68-label\" data-calculation=\"0\"   data-hidden-behavior=\"zero\"\/><span class=\"forminator-checkbox-box\" aria-hidden=\"true\"><\/span><span class=\"forminator-checkbox-label\">Otro<\/span><\/label><\/div><\/div><\/div><div class=\"forminator-row\"><div id=\"text-1\" class=\"forminator-field-text forminator-col forminator-col-12 \"><div class=\"forminator-field\"><label for=\"forminator-field-text-1_69e945c43da68\" id=\"forminator-field-text-1_69e945c43da68-label\" class=\"forminator-label\">Explique<\/label><input type=\"text\" name=\"text-1\" value=\"\" placeholder=\"\" id=\"forminator-field-text-1_69e945c43da68\" class=\"forminator-input forminator-name--field\" data-required=\"\" \/><\/div><\/div><\/div><div class=\"forminator-row\"><div id=\"textarea-1\" class=\"forminator-field-textarea forminator-col forminator-col-12 \"><div class=\"forminator-field\"><label for=\"forminator-field-textarea-1_69e945c43da68\" id=\"forminator-field-textarea-1_69e945c43da68-label\" class=\"forminator-label\">Comentarios adicionales<\/label><textarea name=\"textarea-1\" placeholder=\"\" id=\"forminator-field-textarea-1_69e945c43da68\" class=\"forminator-textarea\" rows=\"6\" style=\"min-height:140px;\" ><\/textarea><\/div><\/div><\/div><div class=\"forminator-row\"><div id=\"section-1\" class=\"forminator-field-section forminator-col forminator-col-12 \"><div class=\"forminator-field\"><h3 class=\"forminator-subtitle\">Referido por el Doctor<\/h3><\/div><\/div><\/div><div class=\"forminator-row\"><div id=\"name-3\" class=\"forminator-field-name forminator-col forminator-col-12 \"><div class=\"forminator-row forminator-no-margin\" data-multiple=\"true\"><div class=\"forminator-col forminator-col-md-6\"><div class=\"forminator-field\"><label for=\"forminator-field-first-name-3_69e945c43da68\" id=\"forminator-field-first-name-3_69e945c43da68-label\" class=\"forminator-label\">Nombre <span class=\"forminator-required\">*<\/span><\/label><input type=\"text\" name=\"name-3-first-name\" placeholder=\"\" id=\"forminator-field-first-name-3_69e945c43da68\" class=\"forminator-input\" aria-required=\"true\" data-multi=\"1\" autocomplete=\"given-name\" value=\"\" \/><\/div><\/div><div class=\"forminator-col forminator-col-md-6\"><div class=\"forminator-field\"><label for=\"forminator-field-last-name-3_69e945c43da68\" id=\"forminator-field-last-name-3_69e945c43da68-label\" class=\"forminator-label\">Apellido<\/label><input type=\"text\" name=\"name-3-last-name\" placeholder=\"\" id=\"forminator-field-last-name-3_69e945c43da68\" class=\"forminator-input\" aria-required=\"false\" data-multi=\"1\" autocomplete=\"family-name\" value=\"\" \/><\/div><\/div><\/div><\/div><\/div><div class=\"forminator-row\"><div id=\"phone-1\" class=\"forminator-field-phone forminator-col forminator-col-6 \"><div class=\"forminator-field\"><label for=\"forminator-field-phone-1_69e945c43da68\" id=\"forminator-field-phone-1_69e945c43da68-label\" class=\"forminator-label\">Tel\u00e9fono<\/label><input type=\"text\" name=\"phone-1\" value=\"\" placeholder=\"\" id=\"forminator-field-phone-1_69e945c43da68\" class=\"forminator-input forminator-field--phone\" data-required=\"\" aria-required=\"false\" autocomplete=\"off\" data-national_mode=\"enabled\" data-country=\"us\" data-validation=\"standard\" \/><\/div><\/div><div id=\"checkbox-2\" class=\"forminator-field-checkbox forminator-col forminator-col-6 \"><div role=\"group\" class=\"forminator-field\" aria-labelledby=\"forminator-checkbox-group-forminator-field-checkbox-2-69e945c43da68-label\"><span id=\"forminator-checkbox-group-forminator-field-checkbox-2-69e945c43da68-label\" class=\"forminator-label\">Otros<\/span><label id=\"forminator-field-checkbox-2-1-69e945c43da68-label\" for=\"forminator-field-checkbox-2-1-69e945c43da68\" class=\"forminator-checkbox\" title=\"Radiograf\u00edas incluidas\"><input type=\"checkbox\" name=\"checkbox-2[]\" value=\"one\" id=\"forminator-field-checkbox-2-1-69e945c43da68\" aria-labelledby=\"forminator-field-checkbox-2-1-69e945c43da68-label\" data-calculation=\"0\"   data-hidden-behavior=\"zero\"\/><span class=\"forminator-checkbox-box\" aria-hidden=\"true\"><\/span><span class=\"forminator-checkbox-label\">Radiograf\u00edas incluidas<\/span><\/label><label id=\"forminator-field-checkbox-2-2-69e945c43da68-label\" for=\"forminator-field-checkbox-2-2-69e945c43da68\" class=\"forminator-checkbox\" title=\"Por favor ll\u00e1mame\"><input type=\"checkbox\" name=\"checkbox-2[]\" value=\"two\" id=\"forminator-field-checkbox-2-2-69e945c43da68\" aria-labelledby=\"forminator-field-checkbox-2-2-69e945c43da68-label\" data-calculation=\"0\"   data-hidden-behavior=\"zero\"\/><span class=\"forminator-checkbox-box\" aria-hidden=\"true\"><\/span><span class=\"forminator-checkbox-label\">Por favor ll\u00e1mame<\/span><\/label><\/div><\/div><\/div><div class=\"forminator-row\"><div id=\"captcha-1\" class=\"forminator-field-captcha forminator-col forminator-col-12 \"><div class=\"forminator-captcha-left forminator-g-recaptcha\" data-theme=\"light\"  data-sitekey=\"6Lf0OlYqAAAAAEkPrpDJFH0WkT43vzggpbGn3Tqi\" data-size=\"normal\"><\/div> <\/div><\/div><input type=\"hidden\" name=\"referer_url\" value=\"\" \/><div class=\"forminator-row forminator-row-last\"><div class=\"forminator-col\"><div class=\"forminator-field\"><button class=\"forminator-button forminator-button-submit\">Submit<\/button><\/div><\/div><\/div><input type=\"hidden\" id=\"forminator_nonce\" name=\"forminator_nonce\" value=\"790bec0c35\" \/><input type=\"hidden\" name=\"_wp_http_referer\" value=\"\/es\/wp-json\/wp\/v2\/pages\/3326\" \/><input type=\"hidden\" name=\"form_id\" value=\"4367\"><input type=\"hidden\" name=\"page_id\" value=\"3326\"><input type=\"hidden\" name=\"form_type\" value=\"default\"><input type=\"hidden\" name=\"current_url\" value=\"https:\/\/orthogogo.com\/es\/patients\/critical-referral-form\/\"><input type=\"hidden\" name=\"render_id\" value=\"0\"><input type=\"hidden\" name=\"action\" value=\"forminator_submit_form_custom-forms\"><\/form><\/p>\n","protected":false},"excerpt":{"rendered":"<p>Si es referido por otro Doctor, le agredecemos rellener este formulario. Si desea enviarlo por correo o traerlo personalmente, puede descargarlo en formanto PDF haciendo Click aqu\u00ed.<\/p>\n","protected":false},"author":1,"featured_media":0,"parent":3671,"menu_order":0,"comment_status":"closed","ping_status":"closed","template":"tpls\/template-patients.php","meta":{"footnotes":""},"class_list":["post-3326","page","type-page","status-publish","hentry"],"yoast_head":"<!-- This site is optimized with the Yoast SEO plugin v27.3 - https:\/\/yoast.com\/product\/yoast-seo-wordpress\/ -->\n<title>Referidos por otros Doctores - Sky Ortho<\/title>\n<meta name=\"robots\" content=\"index, follow, max-snippet:-1, max-image-preview:large, max-video-preview:-1\" \/>\n<link rel=\"canonical\" href=\"https:\/\/orthogogo.com\/es\/patients\/critical-referral-form\/\" \/>\n<meta property=\"og:locale\" content=\"es_ES\" \/>\n<meta property=\"og:type\" content=\"article\" \/>\n<meta property=\"og:title\" content=\"Referidos por otros Doctores - Sky Ortho\" \/>\n<meta property=\"og:description\" content=\"Si es referido por otro Doctor, le agredecemos rellener este formulario. Si desea enviarlo por correo o traerlo personalmente, puede descargarlo en formanto PDF haciendo Click aqu\u00ed.\" \/>\n<meta property=\"og:url\" content=\"https:\/\/orthogogo.com\/es\/patients\/critical-referral-form\/\" \/>\n<meta property=\"og:site_name\" content=\"Sky Ortho\" \/>\n<meta property=\"article:modified_time\" content=\"2024-10-08T20:03:03+00:00\" \/>\n<meta name=\"twitter:card\" content=\"summary_large_image\" \/>\n<meta name=\"twitter:label1\" content=\"Tiempo de lectura\" \/>\n\t<meta name=\"twitter:data1\" content=\"1 minuto\" \/>\n<script type=\"application\/ld+json\" class=\"yoast-schema-graph\">{\"@context\":\"https:\\\/\\\/schema.org\",\"@graph\":[{\"@type\":\"WebPage\",\"@id\":\"https:\\\/\\\/orthogogo.com\\\/es\\\/patients\\\/critical-referral-form\\\/\",\"url\":\"https:\\\/\\\/orthogogo.com\\\/es\\\/patients\\\/critical-referral-form\\\/\",\"name\":\"Referidos por otros Doctores - Sky Ortho\",\"isPartOf\":{\"@id\":\"https:\\\/\\\/orthogogo.com\\\/es\\\/#website\"},\"datePublished\":\"2020-07-11T17:12:46+00:00\",\"dateModified\":\"2024-10-08T20:03:03+00:00\",\"breadcrumb\":{\"@id\":\"https:\\\/\\\/orthogogo.com\\\/es\\\/patients\\\/critical-referral-form\\\/#breadcrumb\"},\"inLanguage\":\"es\",\"potentialAction\":[{\"@type\":\"ReadAction\",\"target\":[\"https:\\\/\\\/orthogogo.com\\\/es\\\/patients\\\/critical-referral-form\\\/\"]}]},{\"@type\":\"BreadcrumbList\",\"@id\":\"https:\\\/\\\/orthogogo.com\\\/es\\\/patients\\\/critical-referral-form\\\/#breadcrumb\",\"itemListElement\":[{\"@type\":\"ListItem\",\"position\":1,\"name\":\"Home\",\"item\":\"https:\\\/\\\/orthogogo.com\\\/es\\\/\"},{\"@type\":\"ListItem\",\"position\":2,\"name\":\"Patients\",\"item\":\"https:\\\/\\\/orthogogo.com\\\/es\\\/patients\\\/\"},{\"@type\":\"ListItem\",\"position\":3,\"name\":\"Referidos por otros Doctores\"}]},{\"@type\":\"WebSite\",\"@id\":\"https:\\\/\\\/orthogogo.com\\\/es\\\/#website\",\"url\":\"https:\\\/\\\/orthogogo.com\\\/es\\\/\",\"name\":\"Sky Ortho\",\"description\":\"Ortodoncistas en OKC, Moore, Shawnee &amp; Norman\",\"publisher\":{\"@id\":\"https:\\\/\\\/orthogogo.com\\\/es\\\/#organization\"},\"potentialAction\":[{\"@type\":\"SearchAction\",\"target\":{\"@type\":\"EntryPoint\",\"urlTemplate\":\"https:\\\/\\\/orthogogo.com\\\/es\\\/?s={search_term_string}\"},\"query-input\":{\"@type\":\"PropertyValueSpecification\",\"valueRequired\":true,\"valueName\":\"search_term_string\"}}],\"inLanguage\":\"es\"},{\"@type\":\"Organization\",\"@id\":\"https:\\\/\\\/orthogogo.com\\\/es\\\/#organization\",\"name\":\"Sky Ortho\",\"url\":\"https:\\\/\\\/orthogogo.com\\\/es\\\/\",\"logo\":{\"@type\":\"ImageObject\",\"inLanguage\":\"es\",\"@id\":\"https:\\\/\\\/orthogogo.com\\\/es\\\/#\\\/schema\\\/logo\\\/image\\\/\",\"url\":\"https:\\\/\\\/orthogogo.com\\\/es\\\/wp-content\\\/uploads\\\/2020\\\/09\\\/head-logo.png\",\"contentUrl\":\"https:\\\/\\\/orthogogo.com\\\/es\\\/wp-content\\\/uploads\\\/2020\\\/09\\\/head-logo.png\",\"width\":128,\"height\":128,\"caption\":\"Sky Ortho\"},\"image\":{\"@id\":\"https:\\\/\\\/orthogogo.com\\\/es\\\/#\\\/schema\\\/logo\\\/image\\\/\"}}]}<\/script>\n<!-- \/ Yoast SEO plugin. -->","yoast_head_json":{"title":"Referidos por otros Doctores - Sky Ortho","robots":{"index":"index","follow":"follow","max-snippet":"max-snippet:-1","max-image-preview":"max-image-preview:large","max-video-preview":"max-video-preview:-1"},"canonical":"https:\/\/orthogogo.com\/es\/patients\/critical-referral-form\/","og_locale":"es_ES","og_type":"article","og_title":"Referidos por otros Doctores - Sky Ortho","og_description":"Si es referido por otro Doctor, le agredecemos rellener este formulario. Si desea enviarlo por correo o traerlo personalmente, puede descargarlo en formanto PDF haciendo Click aqu\u00ed.","og_url":"https:\/\/orthogogo.com\/es\/patients\/critical-referral-form\/","og_site_name":"Sky Ortho","article_modified_time":"2024-10-08T20:03:03+00:00","twitter_card":"summary_large_image","twitter_misc":{"Tiempo de lectura":"1 minuto"},"schema":{"@context":"https:\/\/schema.org","@graph":[{"@type":"WebPage","@id":"https:\/\/orthogogo.com\/es\/patients\/critical-referral-form\/","url":"https:\/\/orthogogo.com\/es\/patients\/critical-referral-form\/","name":"Referidos por otros Doctores - Sky Ortho","isPartOf":{"@id":"https:\/\/orthogogo.com\/es\/#website"},"datePublished":"2020-07-11T17:12:46+00:00","dateModified":"2024-10-08T20:03:03+00:00","breadcrumb":{"@id":"https:\/\/orthogogo.com\/es\/patients\/critical-referral-form\/#breadcrumb"},"inLanguage":"es","potentialAction":[{"@type":"ReadAction","target":["https:\/\/orthogogo.com\/es\/patients\/critical-referral-form\/"]}]},{"@type":"BreadcrumbList","@id":"https:\/\/orthogogo.com\/es\/patients\/critical-referral-form\/#breadcrumb","itemListElement":[{"@type":"ListItem","position":1,"name":"Home","item":"https:\/\/orthogogo.com\/es\/"},{"@type":"ListItem","position":2,"name":"Patients","item":"https:\/\/orthogogo.com\/es\/patients\/"},{"@type":"ListItem","position":3,"name":"Referidos por otros Doctores"}]},{"@type":"WebSite","@id":"https:\/\/orthogogo.com\/es\/#website","url":"https:\/\/orthogogo.com\/es\/","name":"Sky Ortho","description":"Ortodoncistas en OKC, Moore, Shawnee &amp; Norman","publisher":{"@id":"https:\/\/orthogogo.com\/es\/#organization"},"potentialAction":[{"@type":"SearchAction","target":{"@type":"EntryPoint","urlTemplate":"https:\/\/orthogogo.com\/es\/?s={search_term_string}"},"query-input":{"@type":"PropertyValueSpecification","valueRequired":true,"valueName":"search_term_string"}}],"inLanguage":"es"},{"@type":"Organization","@id":"https:\/\/orthogogo.com\/es\/#organization","name":"Sky Ortho","url":"https:\/\/orthogogo.com\/es\/","logo":{"@type":"ImageObject","inLanguage":"es","@id":"https:\/\/orthogogo.com\/es\/#\/schema\/logo\/image\/","url":"https:\/\/orthogogo.com\/es\/wp-content\/uploads\/2020\/09\/head-logo.png","contentUrl":"https:\/\/orthogogo.com\/es\/wp-content\/uploads\/2020\/09\/head-logo.png","width":128,"height":128,"caption":"Sky Ortho"},"image":{"@id":"https:\/\/orthogogo.com\/es\/#\/schema\/logo\/image\/"}}]}},"_links":{"self":[{"href":"https:\/\/orthogogo.com\/es\/wp-json\/wp\/v2\/pages\/3326","targetHints":{"allow":["GET"]}}],"collection":[{"href":"https:\/\/orthogogo.com\/es\/wp-json\/wp\/v2\/pages"}],"about":[{"href":"https:\/\/orthogogo.com\/es\/wp-json\/wp\/v2\/types\/page"}],"author":[{"embeddable":true,"href":"https:\/\/orthogogo.com\/es\/wp-json\/wp\/v2\/users\/1"}],"replies":[{"embeddable":true,"href":"https:\/\/orthogogo.com\/es\/wp-json\/wp\/v2\/comments?post=3326"}],"version-history":[{"count":18,"href":"https:\/\/orthogogo.com\/es\/wp-json\/wp\/v2\/pages\/3326\/revisions"}],"predecessor-version":[{"id":4368,"href":"https:\/\/orthogogo.com\/es\/wp-json\/wp\/v2\/pages\/3326\/revisions\/4368"}],"up":[{"embeddable":true,"href":"https:\/\/orthogogo.com\/es\/wp-json\/wp\/v2\/pages\/3671"}],"wp:attachment":[{"href":"https:\/\/orthogogo.com\/es\/wp-json\/wp\/v2\/media?parent=3326"}],"curies":[{"name":"wp","href":"https:\/\/api.w.org\/{rel}","templated":true}]}}