{"id":32,"date":"2020-06-07T19:53:35","date_gmt":"2020-06-07T19:53:35","guid":{"rendered":"http:\/\/demosbyphil.com\/orthogogo\/?page_id=18"},"modified":"2021-09-09T22:17:04","modified_gmt":"2021-09-09T22:17:04","slug":"informacion-financiera","status":"publish","type":"page","link":"https:\/\/orthogogo.com\/es\/informacion-financiera\/","title":{"rendered":"Informaci\u00f3n Financiera &#8211; Le quitamos las preocupaciones por el financiamiento"},"content":{"rendered":"<p><img loading=\"lazy\" decoding=\"async\" class=\"alignnone wp-image-2465 size-full\" src=\"https:\/\/orthogogo.com\/es\/\/wp-content\/uploads\/2015\/08\/orthodontics-financing-e1584976913216.png\" alt=\"orthodontics-financing\" width=\"900\" height=\"453\" srcset=\"https:\/\/orthogogo.com\/es\/wp-content\/uploads\/2015\/08\/orthodontics-financing-e1584976913216.png 900w, https:\/\/orthogogo.com\/es\/wp-content\/uploads\/2015\/08\/orthodontics-financing-e1584976913216-300x151.png 300w, https:\/\/orthogogo.com\/es\/wp-content\/uploads\/2015\/08\/orthodontics-financing-e1584976913216-768x387.png 768w\" sizes=\"auto, (max-width: 900px) 100vw, 900px\" \/><\/p>\n<h2>La Informaci\u00f3n Financiera<\/h2>\n<p>Conocer los costos al final de una cita, suele ser una gran preocupaci\u00f3n, \u00a1Pero en <a href=\"https:\/\/orthogogo.com\/es\/\">Sky Ortho<\/a>! Estamos revolucionando la industria al hacer que sea f\u00e1cil y asequible completar su trabajo de ortodoncia, sin preocuparse por la informaci\u00f3n financiera.<\/p>\n<p>La sola idea de tener que comprometerse con tratamientos de ortodoncia para uno o m\u00e1s de sus hijos es suficiente para que mam\u00e1 y pap\u00e1 entren en p\u00e1nico. Abra bien y diga \u00abaahhh\u00bb porque en Sky Ortho realmente queremos que se relaje . Trabajamos duro para que todo lo relacionado con la ortodoncia sea lo menos doloroso posible, incluso la parte financiera.<\/p>\n<p><img loading=\"lazy\" decoding=\"async\" class=\"alignnone wp-image-3040 size-full\" src=\"https:\/\/orthogogo.com\/es\/\/wp-content\/uploads\/2020\/03\/dentist-showing-x-ray-on-computer-to-young-6BXRSY2-scaled-e1584977659219.jpg\" alt=\"financial information\" width=\"900\" height=\"600\" srcset=\"https:\/\/orthogogo.com\/es\/wp-content\/uploads\/2020\/03\/dentist-showing-x-ray-on-computer-to-young-6BXRSY2-scaled-e1584977659219.jpg 900w, https:\/\/orthogogo.com\/es\/wp-content\/uploads\/2020\/03\/dentist-showing-x-ray-on-computer-to-young-6BXRSY2-scaled-e1584977659219-300x200.jpg 300w, https:\/\/orthogogo.com\/es\/wp-content\/uploads\/2020\/03\/dentist-showing-x-ray-on-computer-to-young-6BXRSY2-scaled-e1584977659219-768x512.jpg 768w\" sizes=\"auto, (max-width: 900px) 100vw, 900px\" \/><\/p>\n<h2>Brindarle la mejor experiencia en ortodoncia es nuestro compromiso, incluso en lo que respecta a su econom\u00eda<\/h2>\n<p>En Sky Ortho estamos comprometidos a trabajar con usted y su familia para que la atenci\u00f3n necesaria est\u00e9 a su alcance. No queremos que las finanzas se interpongan en el camino para lograr una gran sonrisa. Por esa raz\u00f3n, tenemos varias opciones de pago disponibles para usted.<\/p>\n<ul>\n<li>Le ofrecemos nuestro plan de financiamiento, la opci\u00f3n m\u00e1s popular en nuestros pacientes. Este plan le permite a nuestros pacientes comenzar con un pago inicial. Luego distribuir el saldo restante a lo largo de su tratamiento sin intereses.<\/li>\n<li>Para los pacientes a los que les gusta ahorrar dinero, en Sky Ortho le ofrecemos nuestro descuento de pronto pago, si paga su tratamiento sin financiamiento en su totalidad.<\/li>\n<li>Tambi\u00e9n le ofrecemos planes de financiamiento externo a trav\u00e9s de<a href=\"https:\/\/www.carecredit.com\/\" target=\"_blank\" rel=\"noopener\"> CareCredit<\/a>, para los pacientes que desean comenzar su tratamiento sin pago inicial y cuotas de pago bajas\u00a0 mensuales extendidas m\u00e1s all\u00e1 del tiempo de finalizaci\u00f3n del tratamiento.<\/li>\n<\/ul>\n<p>Nuestro equipo esta bien capacitado y experimentado para ayudarlo\u00a0 ha aprovechar el m\u00e1ximo de los beneficios de su seguro. Adem\u00e1s, pueden ayudarlo a utilizar cuentas de ahorro para gastos m\u00e9dicos y gastos flexibles. Participamos con la mayor\u00eda de las principales compa\u00f1\u00edas de seguros. Adem\u00e1s, ofrecemos descuentos para cada miembro de la familia en tratamiento. \u00a1Tambi\u00e9n puede aprovechar nuestros descuentos militares que son nuestra forma de decirle \u00abGracias\u00bb por su servicio a la patria!<\/p>\n","protected":false},"excerpt":{"rendered":"<p>La Informaci\u00f3n Financiera Conocer los costos al final de una cita, suele ser una gran preocupaci\u00f3n, \u00a1Pero en Sky Ortho! Estamos revolucionando la industria al hacer que sea f\u00e1cil y asequible completar su trabajo de ortodoncia, sin preocuparse por la informaci\u00f3n financiera. La sola idea de tener que comprometerse con tratamientos de ortodoncia para uno [&hellip;]<\/p>\n","protected":false},"author":1,"featured_media":3040,"parent":0,"menu_order":0,"comment_status":"closed","ping_status":"closed","template":"tpls\/template-about.php","meta":{"footnotes":""},"class_list":["post-32","page","type-page","status-publish","has-post-thumbnail","hentry"],"yoast_head":"<!-- This site is optimized with the Yoast SEO plugin v27.3 - https:\/\/yoast.com\/product\/yoast-seo-wordpress\/ -->\n<title>Informaci\u00f3n Financiera | Sky Ortho elimina el dolor de las finanzas<\/title>\n<meta name=\"description\" content=\"En Sky Ortho no permitimos que informaci\u00f3n financiera se interpongan en su camino para lograr su sonrisa. Tenemos varias opciones de pago.\" \/>\n<meta name=\"robots\" content=\"index, follow, max-snippet:-1, max-image-preview:large, max-video-preview:-1\" \/>\n<link rel=\"canonical\" href=\"https:\/\/orthogogo.com\/es\/informacion-financiera\/\" \/>\n<meta property=\"og:locale\" content=\"es_ES\" \/>\n<meta property=\"og:type\" content=\"article\" \/>\n<meta property=\"og:title\" content=\"Informaci\u00f3n Financiera | Sky Ortho elimina el dolor de las finanzas\" \/>\n<meta property=\"og:description\" content=\"En Sky Ortho no permitimos que informaci\u00f3n financiera se interpongan en su camino para lograr su sonrisa. Tenemos varias opciones de pago.\" \/>\n<meta property=\"og:url\" content=\"https:\/\/orthogogo.com\/es\/informacion-financiera\/\" \/>\n<meta property=\"og:site_name\" content=\"Sky Ortho\" \/>\n<meta property=\"article:modified_time\" content=\"2021-09-09T22:17:04+00:00\" \/>\n<meta property=\"og:image\" content=\"https:\/\/orthogogo.com\/es\/wp-content\/uploads\/2020\/03\/dentist-showing-x-ray-on-computer-to-young-6BXRSY2-scaled-e1584977659219.jpg\" \/>\n\t<meta property=\"og:image:width\" content=\"900\" \/>\n\t<meta property=\"og:image:height\" content=\"600\" \/>\n\t<meta property=\"og:image:type\" content=\"image\/jpeg\" \/>\n<meta name=\"twitter:card\" content=\"summary_large_image\" \/>\n<meta name=\"twitter:label1\" content=\"Tiempo de lectura\" \/>\n\t<meta name=\"twitter:data1\" content=\"2 minutos\" \/>\n<script type=\"application\/ld+json\" class=\"yoast-schema-graph\">{\"@context\":\"https:\\\/\\\/schema.org\",\"@graph\":[{\"@type\":\"WebPage\",\"@id\":\"https:\\\/\\\/orthogogo.com\\\/es\\\/informacion-financiera\\\/\",\"url\":\"https:\\\/\\\/orthogogo.com\\\/es\\\/informacion-financiera\\\/\",\"name\":\"Informaci\u00f3n Financiera | Sky Ortho elimina el dolor de las finanzas\",\"isPartOf\":{\"@id\":\"https:\\\/\\\/orthogogo.com\\\/es\\\/#website\"},\"primaryImageOfPage\":{\"@id\":\"https:\\\/\\\/orthogogo.com\\\/es\\\/informacion-financiera\\\/#primaryimage\"},\"image\":{\"@id\":\"https:\\\/\\\/orthogogo.com\\\/es\\\/informacion-financiera\\\/#primaryimage\"},\"thumbnailUrl\":\"https:\\\/\\\/orthogogo.com\\\/es\\\/wp-content\\\/uploads\\\/2020\\\/03\\\/dentist-showing-x-ray-on-computer-to-young-6BXRSY2-scaled-e1584977659219.jpg\",\"datePublished\":\"2020-06-07T19:53:35+00:00\",\"dateModified\":\"2021-09-09T22:17:04+00:00\",\"description\":\"En Sky Ortho no permitimos que informaci\u00f3n financiera se interpongan en su camino para lograr su sonrisa. Tenemos varias opciones de pago.\",\"breadcrumb\":{\"@id\":\"https:\\\/\\\/orthogogo.com\\\/es\\\/informacion-financiera\\\/#breadcrumb\"},\"inLanguage\":\"es\",\"potentialAction\":[{\"@type\":\"ReadAction\",\"target\":[\"https:\\\/\\\/orthogogo.com\\\/es\\\/informacion-financiera\\\/\"]}]},{\"@type\":\"ImageObject\",\"inLanguage\":\"es\",\"@id\":\"https:\\\/\\\/orthogogo.com\\\/es\\\/informacion-financiera\\\/#primaryimage\",\"url\":\"https:\\\/\\\/orthogogo.com\\\/es\\\/wp-content\\\/uploads\\\/2020\\\/03\\\/dentist-showing-x-ray-on-computer-to-young-6BXRSY2-scaled-e1584977659219.jpg\",\"contentUrl\":\"https:\\\/\\\/orthogogo.com\\\/es\\\/wp-content\\\/uploads\\\/2020\\\/03\\\/dentist-showing-x-ray-on-computer-to-young-6BXRSY2-scaled-e1584977659219.jpg\",\"width\":900,\"height\":600,\"caption\":\"Informaci\u00f3n Financiera | Sky Ortho elimina el dolor de las finanzas\"},{\"@type\":\"BreadcrumbList\",\"@id\":\"https:\\\/\\\/orthogogo.com\\\/es\\\/informacion-financiera\\\/#breadcrumb\",\"itemListElement\":[{\"@type\":\"ListItem\",\"position\":1,\"name\":\"Home\",\"item\":\"https:\\\/\\\/orthogogo.com\\\/es\\\/\"},{\"@type\":\"ListItem\",\"position\":2,\"name\":\"Informaci\u00f3n Financiera &#8211; Le quitamos las preocupaciones por el financiamiento\"}]},{\"@type\":\"WebSite\",\"@id\":\"https:\\\/\\\/orthogogo.com\\\/es\\\/#website\",\"url\":\"https:\\\/\\\/orthogogo.com\\\/es\\\/\",\"name\":\"Sky Ortho\",\"description\":\"Ortodoncistas en OKC, Moore, Shawnee &amp; Norman\",\"publisher\":{\"@id\":\"https:\\\/\\\/orthogogo.com\\\/es\\\/#organization\"},\"potentialAction\":[{\"@type\":\"SearchAction\",\"target\":{\"@type\":\"EntryPoint\",\"urlTemplate\":\"https:\\\/\\\/orthogogo.com\\\/es\\\/?s={search_term_string}\"},\"query-input\":{\"@type\":\"PropertyValueSpecification\",\"valueRequired\":true,\"valueName\":\"search_term_string\"}}],\"inLanguage\":\"es\"},{\"@type\":\"Organization\",\"@id\":\"https:\\\/\\\/orthogogo.com\\\/es\\\/#organization\",\"name\":\"Sky Ortho\",\"url\":\"https:\\\/\\\/orthogogo.com\\\/es\\\/\",\"logo\":{\"@type\":\"ImageObject\",\"inLanguage\":\"es\",\"@id\":\"https:\\\/\\\/orthogogo.com\\\/es\\\/#\\\/schema\\\/logo\\\/image\\\/\",\"url\":\"https:\\\/\\\/orthogogo.com\\\/es\\\/wp-content\\\/uploads\\\/2020\\\/09\\\/head-logo.png\",\"contentUrl\":\"https:\\\/\\\/orthogogo.com\\\/es\\\/wp-content\\\/uploads\\\/2020\\\/09\\\/head-logo.png\",\"width\":128,\"height\":128,\"caption\":\"Sky Ortho\"},\"image\":{\"@id\":\"https:\\\/\\\/orthogogo.com\\\/es\\\/#\\\/schema\\\/logo\\\/image\\\/\"}}]}<\/script>\n<!-- \/ Yoast SEO plugin. -->","yoast_head_json":{"title":"Informaci\u00f3n Financiera | Sky Ortho elimina el dolor de las finanzas","description":"En Sky Ortho no permitimos que informaci\u00f3n financiera se interpongan en su camino para lograr su sonrisa. Tenemos varias opciones de pago.","robots":{"index":"index","follow":"follow","max-snippet":"max-snippet:-1","max-image-preview":"max-image-preview:large","max-video-preview":"max-video-preview:-1"},"canonical":"https:\/\/orthogogo.com\/es\/informacion-financiera\/","og_locale":"es_ES","og_type":"article","og_title":"Informaci\u00f3n Financiera | Sky Ortho elimina el dolor de las finanzas","og_description":"En Sky Ortho no permitimos que informaci\u00f3n financiera se interpongan en su camino para lograr su sonrisa. Tenemos varias opciones de pago.","og_url":"https:\/\/orthogogo.com\/es\/informacion-financiera\/","og_site_name":"Sky Ortho","article_modified_time":"2021-09-09T22:17:04+00:00","og_image":[{"width":900,"height":600,"url":"https:\/\/orthogogo.com\/es\/wp-content\/uploads\/2020\/03\/dentist-showing-x-ray-on-computer-to-young-6BXRSY2-scaled-e1584977659219.jpg","type":"image\/jpeg"}],"twitter_card":"summary_large_image","twitter_misc":{"Tiempo de lectura":"2 minutos"},"schema":{"@context":"https:\/\/schema.org","@graph":[{"@type":"WebPage","@id":"https:\/\/orthogogo.com\/es\/informacion-financiera\/","url":"https:\/\/orthogogo.com\/es\/informacion-financiera\/","name":"Informaci\u00f3n Financiera | Sky Ortho elimina el dolor de las finanzas","isPartOf":{"@id":"https:\/\/orthogogo.com\/es\/#website"},"primaryImageOfPage":{"@id":"https:\/\/orthogogo.com\/es\/informacion-financiera\/#primaryimage"},"image":{"@id":"https:\/\/orthogogo.com\/es\/informacion-financiera\/#primaryimage"},"thumbnailUrl":"https:\/\/orthogogo.com\/es\/wp-content\/uploads\/2020\/03\/dentist-showing-x-ray-on-computer-to-young-6BXRSY2-scaled-e1584977659219.jpg","datePublished":"2020-06-07T19:53:35+00:00","dateModified":"2021-09-09T22:17:04+00:00","description":"En Sky Ortho no permitimos que informaci\u00f3n financiera se interpongan en su camino para lograr su sonrisa. Tenemos varias opciones de pago.","breadcrumb":{"@id":"https:\/\/orthogogo.com\/es\/informacion-financiera\/#breadcrumb"},"inLanguage":"es","potentialAction":[{"@type":"ReadAction","target":["https:\/\/orthogogo.com\/es\/informacion-financiera\/"]}]},{"@type":"ImageObject","inLanguage":"es","@id":"https:\/\/orthogogo.com\/es\/informacion-financiera\/#primaryimage","url":"https:\/\/orthogogo.com\/es\/wp-content\/uploads\/2020\/03\/dentist-showing-x-ray-on-computer-to-young-6BXRSY2-scaled-e1584977659219.jpg","contentUrl":"https:\/\/orthogogo.com\/es\/wp-content\/uploads\/2020\/03\/dentist-showing-x-ray-on-computer-to-young-6BXRSY2-scaled-e1584977659219.jpg","width":900,"height":600,"caption":"Informaci\u00f3n Financiera | Sky Ortho elimina el dolor de las finanzas"},{"@type":"BreadcrumbList","@id":"https:\/\/orthogogo.com\/es\/informacion-financiera\/#breadcrumb","itemListElement":[{"@type":"ListItem","position":1,"name":"Home","item":"https:\/\/orthogogo.com\/es\/"},{"@type":"ListItem","position":2,"name":"Informaci\u00f3n Financiera &#8211; Le quitamos las preocupaciones por el financiamiento"}]},{"@type":"WebSite","@id":"https:\/\/orthogogo.com\/es\/#website","url":"https:\/\/orthogogo.com\/es\/","name":"Sky Ortho","description":"Ortodoncistas en OKC, Moore, Shawnee &amp; Norman","publisher":{"@id":"https:\/\/orthogogo.com\/es\/#organization"},"potentialAction":[{"@type":"SearchAction","target":{"@type":"EntryPoint","urlTemplate":"https:\/\/orthogogo.com\/es\/?s={search_term_string}"},"query-input":{"@type":"PropertyValueSpecification","valueRequired":true,"valueName":"search_term_string"}}],"inLanguage":"es"},{"@type":"Organization","@id":"https:\/\/orthogogo.com\/es\/#organization","name":"Sky Ortho","url":"https:\/\/orthogogo.com\/es\/","logo":{"@type":"ImageObject","inLanguage":"es","@id":"https:\/\/orthogogo.com\/es\/#\/schema\/logo\/image\/","url":"https:\/\/orthogogo.com\/es\/wp-content\/uploads\/2020\/09\/head-logo.png","contentUrl":"https:\/\/orthogogo.com\/es\/wp-content\/uploads\/2020\/09\/head-logo.png","width":128,"height":128,"caption":"Sky Ortho"},"image":{"@id":"https:\/\/orthogogo.com\/es\/#\/schema\/logo\/image\/"}}]}},"_links":{"self":[{"href":"https:\/\/orthogogo.com\/es\/wp-json\/wp\/v2\/pages\/32","targetHints":{"allow":["GET"]}}],"collection":[{"href":"https:\/\/orthogogo.com\/es\/wp-json\/wp\/v2\/pages"}],"about":[{"href":"https:\/\/orthogogo.com\/es\/wp-json\/wp\/v2\/types\/page"}],"author":[{"embeddable":true,"href":"https:\/\/orthogogo.com\/es\/wp-json\/wp\/v2\/users\/1"}],"replies":[{"embeddable":true,"href":"https:\/\/orthogogo.com\/es\/wp-json\/wp\/v2\/comments?post=32"}],"version-history":[{"count":7,"href":"https:\/\/orthogogo.com\/es\/wp-json\/wp\/v2\/pages\/32\/revisions"}],"predecessor-version":[{"id":4104,"href":"https:\/\/orthogogo.com\/es\/wp-json\/wp\/v2\/pages\/32\/revisions\/4104"}],"wp:featuredmedia":[{"embeddable":true,"href":"https:\/\/orthogogo.com\/es\/wp-json\/wp\/v2\/media\/3040"}],"wp:attachment":[{"href":"https:\/\/orthogogo.com\/es\/wp-json\/wp\/v2\/media?parent=32"}],"curies":[{"name":"wp","href":"https:\/\/api.w.org\/{rel}","templated":true}]}}