{"id":31,"date":"2020-06-01T19:48:35","date_gmt":"2020-06-01T19:48:35","guid":{"rendered":"http:\/\/demosbyphil.com\/orthogogo\/?page_id=11"},"modified":"2022-08-04T21:59:14","modified_gmt":"2022-08-04T21:59:14","slug":"por-que-un-ortodoncista","status":"publish","type":"page","link":"https:\/\/orthogogo.com\/es\/por-que-un-ortodoncista\/","title":{"rendered":"Por qu\u00e9 un Ortodoncista? Puede ser una Importante Ayuda con sus Problemas Dentales"},"content":{"rendered":"<p>Ya sea que est\u00e9 buscando un ortodoncista para evaluar las opciones de tratamientos para alinear o enderezar sus dientes o que se haya mudado recientemente a esta \u00e1rea y necesite continuar con alg\u00fan tratamiento ya iniciado, <a href=\"https:\/\/orthogogo.com\/es\">Sky Ortho<\/a> puede satisfacer todas sus necesidades y\u00a0 tambi\u00e9n le ofrecemos el blanqueamiento de sus dientes.<\/p>\n<h2>Por qu\u00e9 visitar un Ortodoncista?<\/h2>\n<p>A continuaci\u00f3n puede ver un video de la <a href=\"https:\/\/www.aaoinfo.org\/\" target=\"_blank\" rel=\"noopener\">Asociaci\u00f3n Estadounidense de Ortodoncistas<\/a> que muestra c\u00f3mo un ortodoncista de Shawnee puede ayudar a erradicar problemas futuros causados\u00a0 por un espacio deficiente en los dientes, lograr una reducci\u00f3n de la acumulaci\u00f3n de placa con una alineaci\u00f3n adecuada y aumentar su autoestima al tener una hermosa sonrisa.<\/p>\n<p>** Este video esta en Ingl\u00e9s, puede activar los Subt\u00edtulos de auto-traducci\u00f3n al espa\u00f1ol.<\/p>\n<p><iframe loading=\"lazy\" title=\"Why an Orthodontist - AAO\" width=\"640\" height=\"360\" src=\"https:\/\/www.youtube.com\/embed\/SHcrLu5u8to?feature=oembed\" frameborder=\"0\" allow=\"accelerometer; autoplay; clipboard-write; encrypted-media; gyroscope; picture-in-picture; web-share\" referrerpolicy=\"strict-origin-when-cross-origin\" allowfullscreen><\/iframe><\/p>\n<p>Le invitamos a que se asombre viendo nuestra secci\u00f3n Antes y Despu\u00e9s, donde se muestran los resultados obtenidos por algunos de nuestros pacientes en Sky Ortho.<\/p>\n<p><img loading=\"lazy\" decoding=\"async\" class=\"alignnone wp-image-3034 size-full\" src=\"https:\/\/orthogogo.com\/es\/\/wp-content\/uploads\/2020\/03\/Depositphotos_115991414_xl-2015-scaled-e1584975570656.jpg\" alt=\"why an orthodontist\" width=\"900\" height=\"601\" srcset=\"https:\/\/orthogogo.com\/es\/wp-content\/uploads\/2020\/03\/Depositphotos_115991414_xl-2015-scaled-e1584975570656.jpg 900w, https:\/\/orthogogo.com\/es\/wp-content\/uploads\/2020\/03\/Depositphotos_115991414_xl-2015-scaled-e1584975570656-300x200.jpg 300w, https:\/\/orthogogo.com\/es\/wp-content\/uploads\/2020\/03\/Depositphotos_115991414_xl-2015-scaled-e1584975570656-768x513.jpg 768w\" sizes=\"auto, (max-width: 900px) 100vw, 900px\" \/><\/p>\n<h2>Se\u00f1ales de que Necesita un Ortodoncista<\/h2>\n<ul>\n<li><strong>Te rechinan o aprietan los dientes, o las mand\u00edbulas que hacen clic o estallan.<\/strong> Tiene dificultad para hablar o problemas para masticar y morder. Todas estas son condiciones que un ortodoncista puede ayudar a resolver.<\/li>\n<li><strong>Dientes apretados.<\/strong> Cuando salen demasiados dientes sin suficiente espacio en la mand\u00edbula, algunos dientes se empujan hacia atr\u00e1s, hacia adelante o hacia un lado. Los dientes api\u00f1ados se ven mal. Pueden ser dif\u00edciles de limpiar y es m\u00e1s probable que se deterioren y se da\u00f1en.<\/li>\n<li><strong>Dientes salientes.<\/strong> Esto ocurre cuando los dientes frontales superiores crecen hacia adelante y hacia abajo. Es m\u00e1s probable que se da\u00f1en y tambi\u00e9n pueden permitir que los dientes inferiores crezcan mal y se da\u00f1en.<\/li>\n<li><strong>Submordida.<\/strong> Una submordida ocurre cuando los dientes frontales inferiores sobresalen m\u00e1s adelante que los dientes superiores. Esta condici\u00f3n puede ser poco atractiva y causar desgaste en los dientes frontales.<\/li>\n<li><strong>Mordida abierta.<\/strong> Si algunos de sus dientes no se juntan cuando cierra la mand\u00edbula, tiene una mordida abierta. Esto puede dificultar la alimentaci\u00f3n. Causa un desgaste adicional en los dientes que se unen y tambi\u00e9n puede causar dificultades en el habla.<\/li>\n<li><strong>Mordida cruzada.<\/strong> Es similar a la tapa de una caja, los dientes superiores deben encajar justo fuera de los dientes inferiores. Si la mand\u00edbula superior es demasiado estrecha, la mand\u00edbula inferior puede oscilar hacia un lado y provocar una mordida cruzada. Esto puede causar una variedad de problemas.<\/li>\n<\/ul>\n<p><img loading=\"lazy\" decoding=\"async\" class=\"alignnone wp-image-2463 size-full\" src=\"https:\/\/orthogogo.com\/es\/\/wp-content\/uploads\/2015\/08\/why-orthodontist-oklahoma-city-e1584975301996.jpg\" alt=\"why orthodontist oklahoma city\" width=\"640\" height=\"425\" srcset=\"https:\/\/orthogogo.com\/es\/wp-content\/uploads\/2015\/08\/why-orthodontist-oklahoma-city-e1584975301996.jpg 640w, https:\/\/orthogogo.com\/es\/wp-content\/uploads\/2015\/08\/why-orthodontist-oklahoma-city-e1584975301996-300x199.jpg 300w\" sizes=\"auto, (max-width: 640px) 100vw, 640px\" \/><\/p>\n<ul>\n<li><strong>Dientes faltantes.<\/strong> Cuando faltan dientes, el tratamiento de ortodoncia OKC puede mover los dientes restantes a la posici\u00f3n correcta.<\/li>\n<li><strong>Gaps between teeth. <\/strong>Everybody has small gaps between their teeth. Problems occur when there is an excessive amount of space between teeth. Gaps between teeth can bad, may be tricky to clean, and are prone to decay or damage. Speech problems might also occur.<\/li>\n<li>\n<div class=\"FFpbKc\"><span class=\"JLqJ4b ChMk0b\" data-language-for-alternatives=\"es\" data-language-to-translate-into=\"en\" data-phrase-index=\"0\"><strong>Separaci\u00f3n entre dientes<\/strong>.<\/span> <span class=\"JLqJ4b ChMk0b\" data-language-for-alternatives=\"es\" data-language-to-translate-into=\"en\" data-phrase-index=\"1\">Todo el mundo tiene peque\u00f1os espacios entre los dientes.<\/span> <span class=\"JLqJ4b ChMk0b\" data-language-for-alternatives=\"es\" data-language-to-translate-into=\"en\" data-phrase-index=\"2\">Los problemas ocurren cuando hay una cantidad excesiva de espacio entre los dientes.<\/span> <span class=\"JLqJ4b ChMk0b\" data-language-for-alternatives=\"es\" data-language-to-translate-into=\"en\" data-phrase-index=\"3\">Los espacios entre los dientes pueden ser da\u00f1inos, pueden ser dif\u00edciles de limpiar y son propensos a sufrir caries o da\u00f1os.<\/span> <span class=\"JLqJ4b ChMk0b\" data-language-for-alternatives=\"es\" data-language-to-translate-into=\"en\" data-phrase-index=\"4\">Tambi\u00e9n pueden ocurrir problemas del habla.<\/span><\/div>\n<\/li>\n<li><strong>Chuparse el dedo.<\/strong> Chuparse el dedo con regularidad cuando es ni\u00f1o puede mover los dientes y el hueso de soporte fuera de su lugar apropiado. El tratamiento de ortodoncia puede ayudar a resolver este problema.<\/li>\n<\/ul>\n","protected":false},"excerpt":{"rendered":"<p>Ya sea que est\u00e9 buscando un ortodoncista para evaluar las opciones de tratamientos para alinear o enderezar sus dientes o que se haya mudado recientemente a esta \u00e1rea y necesite continuar con alg\u00fan tratamiento ya iniciado, Sky Ortho puede satisfacer todas sus necesidades y\u00a0 tambi\u00e9n le ofrecemos el blanqueamiento de sus dientes. Por qu\u00e9 visitar [&hellip;]<\/p>\n","protected":false},"author":1,"featured_media":3036,"parent":0,"menu_order":0,"comment_status":"closed","ping_status":"closed","template":"tpls\/template-about.php","meta":{"footnotes":""},"class_list":["post-31","page","type-page","status-publish","has-post-thumbnail","hentry"],"yoast_head":"<!-- This site is optimized with the Yoast SEO plugin v27.3 - https:\/\/yoast.com\/product\/yoast-seo-wordpress\/ -->\n<title>Por qu\u00e9 un ortodoncista? | Sky Ortho | OKC | Moore | Shawnee<\/title>\n<meta name=\"description\" content=\"Si busca un ortodoncista en Oklahoma para evaluar opciones y tratamientos para sus dientes, En Sky Ortho satisfacemos todas sus necesidades.\" \/>\n<meta name=\"robots\" content=\"index, follow, max-snippet:-1, max-image-preview:large, max-video-preview:-1\" \/>\n<link rel=\"canonical\" href=\"https:\/\/orthogogo.com\/es\/por-que-un-ortodoncista\/\" \/>\n<meta property=\"og:locale\" content=\"es_ES\" \/>\n<meta property=\"og:type\" content=\"article\" \/>\n<meta property=\"og:title\" content=\"Por qu\u00e9 un ortodoncista? | Sky Ortho | OKC | Moore | Shawnee\" \/>\n<meta property=\"og:description\" content=\"Si busca un ortodoncista en Oklahoma para evaluar opciones y tratamientos para sus dientes, En Sky Ortho satisfacemos todas sus necesidades.\" \/>\n<meta property=\"og:url\" content=\"https:\/\/orthogogo.com\/es\/por-que-un-ortodoncista\/\" \/>\n<meta property=\"og:site_name\" content=\"Sky Ortho\" \/>\n<meta property=\"article:modified_time\" content=\"2022-08-04T21:59:14+00:00\" \/>\n<meta property=\"og:image\" content=\"https:\/\/orthogogo.com\/es\/wp-content\/uploads\/2020\/03\/qmD58r_t20_LQ7Pdz-e1584976329125.jpg\" \/>\n\t<meta property=\"og:image:width\" content=\"900\" \/>\n\t<meta property=\"og:image:height\" content=\"900\" \/>\n\t<meta property=\"og:image:type\" content=\"image\/jpeg\" \/>\n<meta name=\"twitter:card\" content=\"summary_large_image\" \/>\n<meta name=\"twitter:label1\" content=\"Tiempo de lectura\" \/>\n\t<meta name=\"twitter:data1\" content=\"3 minutos\" \/>\n<script type=\"application\/ld+json\" class=\"yoast-schema-graph\">{\"@context\":\"https:\\\/\\\/schema.org\",\"@graph\":[{\"@type\":\"WebPage\",\"@id\":\"https:\\\/\\\/orthogogo.com\\\/es\\\/por-que-un-ortodoncista\\\/\",\"url\":\"https:\\\/\\\/orthogogo.com\\\/es\\\/por-que-un-ortodoncista\\\/\",\"name\":\"Por qu\u00e9 un ortodoncista? | Sky Ortho | OKC | Moore | Shawnee\",\"isPartOf\":{\"@id\":\"https:\\\/\\\/orthogogo.com\\\/es\\\/#website\"},\"primaryImageOfPage\":{\"@id\":\"https:\\\/\\\/orthogogo.com\\\/es\\\/por-que-un-ortodoncista\\\/#primaryimage\"},\"image\":{\"@id\":\"https:\\\/\\\/orthogogo.com\\\/es\\\/por-que-un-ortodoncista\\\/#primaryimage\"},\"thumbnailUrl\":\"https:\\\/\\\/orthogogo.com\\\/es\\\/wp-content\\\/uploads\\\/2020\\\/03\\\/qmD58r_t20_LQ7Pdz-e1584976329125.jpg\",\"datePublished\":\"2020-06-01T19:48:35+00:00\",\"dateModified\":\"2022-08-04T21:59:14+00:00\",\"description\":\"Si busca un ortodoncista en Oklahoma para evaluar opciones y tratamientos para sus dientes, En Sky Ortho satisfacemos todas sus necesidades.\",\"breadcrumb\":{\"@id\":\"https:\\\/\\\/orthogogo.com\\\/es\\\/por-que-un-ortodoncista\\\/#breadcrumb\"},\"inLanguage\":\"es\",\"potentialAction\":[{\"@type\":\"ReadAction\",\"target\":[\"https:\\\/\\\/orthogogo.com\\\/es\\\/por-que-un-ortodoncista\\\/\"]}]},{\"@type\":\"ImageObject\",\"inLanguage\":\"es\",\"@id\":\"https:\\\/\\\/orthogogo.com\\\/es\\\/por-que-un-ortodoncista\\\/#primaryimage\",\"url\":\"https:\\\/\\\/orthogogo.com\\\/es\\\/wp-content\\\/uploads\\\/2020\\\/03\\\/qmD58r_t20_LQ7Pdz-e1584976329125.jpg\",\"contentUrl\":\"https:\\\/\\\/orthogogo.com\\\/es\\\/wp-content\\\/uploads\\\/2020\\\/03\\\/qmD58r_t20_LQ7Pdz-e1584976329125.jpg\",\"width\":900,\"height\":900,\"caption\":\"Si busca un ortodoncista en Oklahoma para evaluar opciones y tratamientos para sus dientes, En Sky Ortho satisfacemos todas sus necesidades.\"},{\"@type\":\"BreadcrumbList\",\"@id\":\"https:\\\/\\\/orthogogo.com\\\/es\\\/por-que-un-ortodoncista\\\/#breadcrumb\",\"itemListElement\":[{\"@type\":\"ListItem\",\"position\":1,\"name\":\"Home\",\"item\":\"https:\\\/\\\/orthogogo.com\\\/es\\\/\"},{\"@type\":\"ListItem\",\"position\":2,\"name\":\"Por qu\u00e9 un Ortodoncista? Puede ser una Importante Ayuda con sus Problemas Dentales\"}]},{\"@type\":\"WebSite\",\"@id\":\"https:\\\/\\\/orthogogo.com\\\/es\\\/#website\",\"url\":\"https:\\\/\\\/orthogogo.com\\\/es\\\/\",\"name\":\"Sky Ortho\",\"description\":\"Ortodoncistas en OKC, Moore, Shawnee &amp; Norman\",\"publisher\":{\"@id\":\"https:\\\/\\\/orthogogo.com\\\/es\\\/#organization\"},\"potentialAction\":[{\"@type\":\"SearchAction\",\"target\":{\"@type\":\"EntryPoint\",\"urlTemplate\":\"https:\\\/\\\/orthogogo.com\\\/es\\\/?s={search_term_string}\"},\"query-input\":{\"@type\":\"PropertyValueSpecification\",\"valueRequired\":true,\"valueName\":\"search_term_string\"}}],\"inLanguage\":\"es\"},{\"@type\":\"Organization\",\"@id\":\"https:\\\/\\\/orthogogo.com\\\/es\\\/#organization\",\"name\":\"Sky Ortho\",\"url\":\"https:\\\/\\\/orthogogo.com\\\/es\\\/\",\"logo\":{\"@type\":\"ImageObject\",\"inLanguage\":\"es\",\"@id\":\"https:\\\/\\\/orthogogo.com\\\/es\\\/#\\\/schema\\\/logo\\\/image\\\/\",\"url\":\"https:\\\/\\\/orthogogo.com\\\/es\\\/wp-content\\\/uploads\\\/2020\\\/09\\\/head-logo.png\",\"contentUrl\":\"https:\\\/\\\/orthogogo.com\\\/es\\\/wp-content\\\/uploads\\\/2020\\\/09\\\/head-logo.png\",\"width\":128,\"height\":128,\"caption\":\"Sky Ortho\"},\"image\":{\"@id\":\"https:\\\/\\\/orthogogo.com\\\/es\\\/#\\\/schema\\\/logo\\\/image\\\/\"}}]}<\/script>\n<!-- \/ Yoast SEO plugin. -->","yoast_head_json":{"title":"Por qu\u00e9 un ortodoncista? | Sky Ortho | OKC | Moore | Shawnee","description":"Si busca un ortodoncista en Oklahoma para evaluar opciones y tratamientos para sus dientes, En Sky Ortho satisfacemos todas sus necesidades.","robots":{"index":"index","follow":"follow","max-snippet":"max-snippet:-1","max-image-preview":"max-image-preview:large","max-video-preview":"max-video-preview:-1"},"canonical":"https:\/\/orthogogo.com\/es\/por-que-un-ortodoncista\/","og_locale":"es_ES","og_type":"article","og_title":"Por qu\u00e9 un ortodoncista? | Sky Ortho | OKC | Moore | Shawnee","og_description":"Si busca un ortodoncista en Oklahoma para evaluar opciones y tratamientos para sus dientes, En Sky Ortho satisfacemos todas sus necesidades.","og_url":"https:\/\/orthogogo.com\/es\/por-que-un-ortodoncista\/","og_site_name":"Sky Ortho","article_modified_time":"2022-08-04T21:59:14+00:00","og_image":[{"width":900,"height":900,"url":"https:\/\/orthogogo.com\/es\/wp-content\/uploads\/2020\/03\/qmD58r_t20_LQ7Pdz-e1584976329125.jpg","type":"image\/jpeg"}],"twitter_card":"summary_large_image","twitter_misc":{"Tiempo de lectura":"3 minutos"},"schema":{"@context":"https:\/\/schema.org","@graph":[{"@type":"WebPage","@id":"https:\/\/orthogogo.com\/es\/por-que-un-ortodoncista\/","url":"https:\/\/orthogogo.com\/es\/por-que-un-ortodoncista\/","name":"Por qu\u00e9 un ortodoncista? | Sky Ortho | OKC | Moore | Shawnee","isPartOf":{"@id":"https:\/\/orthogogo.com\/es\/#website"},"primaryImageOfPage":{"@id":"https:\/\/orthogogo.com\/es\/por-que-un-ortodoncista\/#primaryimage"},"image":{"@id":"https:\/\/orthogogo.com\/es\/por-que-un-ortodoncista\/#primaryimage"},"thumbnailUrl":"https:\/\/orthogogo.com\/es\/wp-content\/uploads\/2020\/03\/qmD58r_t20_LQ7Pdz-e1584976329125.jpg","datePublished":"2020-06-01T19:48:35+00:00","dateModified":"2022-08-04T21:59:14+00:00","description":"Si busca un ortodoncista en Oklahoma para evaluar opciones y tratamientos para sus dientes, En Sky Ortho satisfacemos todas sus necesidades.","breadcrumb":{"@id":"https:\/\/orthogogo.com\/es\/por-que-un-ortodoncista\/#breadcrumb"},"inLanguage":"es","potentialAction":[{"@type":"ReadAction","target":["https:\/\/orthogogo.com\/es\/por-que-un-ortodoncista\/"]}]},{"@type":"ImageObject","inLanguage":"es","@id":"https:\/\/orthogogo.com\/es\/por-que-un-ortodoncista\/#primaryimage","url":"https:\/\/orthogogo.com\/es\/wp-content\/uploads\/2020\/03\/qmD58r_t20_LQ7Pdz-e1584976329125.jpg","contentUrl":"https:\/\/orthogogo.com\/es\/wp-content\/uploads\/2020\/03\/qmD58r_t20_LQ7Pdz-e1584976329125.jpg","width":900,"height":900,"caption":"Si busca un ortodoncista en Oklahoma para evaluar opciones y tratamientos para sus dientes, En Sky Ortho satisfacemos todas sus necesidades."},{"@type":"BreadcrumbList","@id":"https:\/\/orthogogo.com\/es\/por-que-un-ortodoncista\/#breadcrumb","itemListElement":[{"@type":"ListItem","position":1,"name":"Home","item":"https:\/\/orthogogo.com\/es\/"},{"@type":"ListItem","position":2,"name":"Por qu\u00e9 un Ortodoncista? Puede ser una Importante Ayuda con sus Problemas Dentales"}]},{"@type":"WebSite","@id":"https:\/\/orthogogo.com\/es\/#website","url":"https:\/\/orthogogo.com\/es\/","name":"Sky Ortho","description":"Ortodoncistas en OKC, Moore, Shawnee &amp; Norman","publisher":{"@id":"https:\/\/orthogogo.com\/es\/#organization"},"potentialAction":[{"@type":"SearchAction","target":{"@type":"EntryPoint","urlTemplate":"https:\/\/orthogogo.com\/es\/?s={search_term_string}"},"query-input":{"@type":"PropertyValueSpecification","valueRequired":true,"valueName":"search_term_string"}}],"inLanguage":"es"},{"@type":"Organization","@id":"https:\/\/orthogogo.com\/es\/#organization","name":"Sky Ortho","url":"https:\/\/orthogogo.com\/es\/","logo":{"@type":"ImageObject","inLanguage":"es","@id":"https:\/\/orthogogo.com\/es\/#\/schema\/logo\/image\/","url":"https:\/\/orthogogo.com\/es\/wp-content\/uploads\/2020\/09\/head-logo.png","contentUrl":"https:\/\/orthogogo.com\/es\/wp-content\/uploads\/2020\/09\/head-logo.png","width":128,"height":128,"caption":"Sky Ortho"},"image":{"@id":"https:\/\/orthogogo.com\/es\/#\/schema\/logo\/image\/"}}]}},"_links":{"self":[{"href":"https:\/\/orthogogo.com\/es\/wp-json\/wp\/v2\/pages\/31","targetHints":{"allow":["GET"]}}],"collection":[{"href":"https:\/\/orthogogo.com\/es\/wp-json\/wp\/v2\/pages"}],"about":[{"href":"https:\/\/orthogogo.com\/es\/wp-json\/wp\/v2\/types\/page"}],"author":[{"embeddable":true,"href":"https:\/\/orthogogo.com\/es\/wp-json\/wp\/v2\/users\/1"}],"replies":[{"embeddable":true,"href":"https:\/\/orthogogo.com\/es\/wp-json\/wp\/v2\/comments?post=31"}],"version-history":[{"count":12,"href":"https:\/\/orthogogo.com\/es\/wp-json\/wp\/v2\/pages\/31\/revisions"}],"predecessor-version":[{"id":4264,"href":"https:\/\/orthogogo.com\/es\/wp-json\/wp\/v2\/pages\/31\/revisions\/4264"}],"wp:featuredmedia":[{"embeddable":true,"href":"https:\/\/orthogogo.com\/es\/wp-json\/wp\/v2\/media\/3036"}],"wp:attachment":[{"href":"https:\/\/orthogogo.com\/es\/wp-json\/wp\/v2\/media?parent=31"}],"curies":[{"name":"wp","href":"https:\/\/api.w.org\/{rel}","templated":true}]}}