{"id":30,"date":"2020-05-29T19:46:53","date_gmt":"2020-05-29T19:46:53","guid":{"rendered":"http:\/\/demosbyphil.com\/orthogogo\/?page_id=9"},"modified":"2022-08-04T21:49:38","modified_gmt":"2022-08-04T21:49:38","slug":"nuestros-doctores","status":"publish","type":"page","link":"https:\/\/orthogogo.com\/es\/nuestros-doctores\/","title":{"rendered":"Nuestros Doctores los Creadores de Bellas Sonrisas"},"content":{"rendered":"<h2>Nuestros doctores y su gran pasi\u00f3n por la ortodoncia<\/h2>\n<p>En Sky Ortho nuestros doctores tienen una gran pasi\u00f3n y dedicaci\u00f3n por la pr\u00e1ctica de la ortodoncia, ellos ponen ponen todo su empe\u00f1o por ayudar a sus pacientes a tener su mejor sonrisa. Ambos, la <a href=\"https:\/\/orthogogo.com\/es\/dra-priscilla-larson\/\">Dra. Larson<\/a> y el <a href=\"https:\/\/orthogogo.com\/es\/nuestros-doctores\/dr-ryan-fitzgerald\/\">Dr. Fitzgerald<\/a>, han pasado a\u00f1os sirviendo la comunidad y trabajando para crear conciencia sobre los problemas de ortodoncia.<\/p>\n<p>Nuestros doctores est\u00e1n igualmente entusiasmados y comprometidos en ayudar a las comunidades de <a href=\"https:\/\/www.cityofmoore.com\/\" target=\"_blank\" rel=\"noopener\">Moore<\/a> y <a href=\"https:\/\/es.wikipedia.org\/wiki\/Shawnee_(Oklahoma)\">Shawnee<\/a>. Ellos se esfuerzan en ayudar a todos sus pacientes con sus problemas de ortodoncia de manera satisfactoria, brind\u00e1ndoles la mejor experiencia posible en cada una de sus visitas y en sus tratamientos.<\/p>\n<h2>Dra. Larson<\/h2>\n<p>Nuestra fundadora, la Dra. Larson, piensa que es una bendici\u00f3n ayudar a pacientes de todas las edades a sentirse bien con sus sonrisas y es por eso se interes\u00f3 en la ortodoncia. Ella dice que es muy gratificante poder servir a sus vecinos en el \u00e1rea de Moore, OK, as\u00ed como a pacientes de Oklahoma City, Chickasha, Norman y m\u00e1s all\u00e1.\u00a0La Dra. Larson, adem\u00e1s estar comprometida con su carrera de ortodoncista, Es una ocupada amada de casa y madre de cinco hijos que aman las manualidades, correr y llevar un estilo de vida saludable.<\/p>\n<h2>Dr. Fitzgerald<\/h2>\n<p>El Dr. Fitzgerald ha acumulado una gran e importante experiencia profesional durante sus trabajos como\u00a0 voluntario y participaci\u00f3n de investigaciones, que incluyen cl\u00ednicas dentales para personas sin seguro, ex\u00e1menes de ortodoncia para ni\u00f1os, trabajo voluntario para ancianos y mucho m\u00e1s.\u00a0Finalmente, ha contribuido en la investigaci\u00f3n en curso de las tribus nativas americanas locales con su Maestr\u00eda en investigaci\u00f3n, al igual que ha trabajado en estudios cient\u00edficos importantes y ha realizado innumerables ex\u00e1menes, diagn\u00f3sticos y tratamientos a lo largo de su carrera. El Dr. Fitzgerald se uni\u00f3 a Sky Ortho en 2019 y se convirti\u00f3 oficialmente en socio de la firma en 2021.<\/p>\n","protected":false},"excerpt":{"rendered":"<p>Nuestros doctores y su gran pasi\u00f3n por la ortodoncia En Sky Ortho nuestros doctores tienen una gran pasi\u00f3n y dedicaci\u00f3n por la pr\u00e1ctica de la ortodoncia, ellos ponen ponen todo su empe\u00f1o por ayudar a sus pacientes a tener su mejor sonrisa. Ambos, la Dra. Larson y el Dr. Fitzgerald, han pasado a\u00f1os sirviendo la [&hellip;]<\/p>\n","protected":false},"author":1,"featured_media":3427,"parent":0,"menu_order":0,"comment_status":"closed","ping_status":"closed","template":"tpls\/template-about.php","meta":{"footnotes":""},"class_list":["post-30","page","type-page","status-publish","has-post-thumbnail","hentry"],"yoast_head":"<!-- This site is optimized with the Yoast SEO plugin v27.3 - https:\/\/yoast.com\/product\/yoast-seo-wordpress\/ -->\n<title>Nuestros doctores | Brindan atencion a ni\u00f1os, j\u00f3venes y adultos<\/title>\n<meta name=\"description\" content=\"Nuestros doctores en Sky Ortho, son expertos en sonrisas, la Dra Larson y el Dr. Fitzgerald adoran atender a ni\u00f1os, j\u00f3venes y adultos\" \/>\n<meta name=\"robots\" content=\"index, follow, max-snippet:-1, max-image-preview:large, max-video-preview:-1\" \/>\n<link rel=\"canonical\" href=\"https:\/\/orthogogo.com\/es\/nuestros-doctores\/\" \/>\n<meta property=\"og:locale\" content=\"es_ES\" \/>\n<meta property=\"og:type\" content=\"article\" \/>\n<meta property=\"og:title\" content=\"Nuestros doctores | Brindan atencion a ni\u00f1os, j\u00f3venes y adultos\" \/>\n<meta property=\"og:description\" content=\"Nuestros doctores en Sky Ortho, son expertos en sonrisas, la Dra Larson y el Dr. Fitzgerald adoran atender a ni\u00f1os, j\u00f3venes y adultos\" \/>\n<meta property=\"og:url\" content=\"https:\/\/orthogogo.com\/es\/nuestros-doctores\/\" \/>\n<meta property=\"og:site_name\" content=\"Sky Ortho\" \/>\n<meta property=\"article:modified_time\" content=\"2022-08-04T21:49:38+00:00\" \/>\n<meta property=\"og:image\" content=\"https:\/\/orthogogo.com\/es\/wp-content\/uploads\/2017\/07\/Better-Orthodontist.png\" \/>\n\t<meta property=\"og:image:width\" content=\"900\" \/>\n\t<meta property=\"og:image:height\" content=\"601\" \/>\n\t<meta property=\"og:image:type\" content=\"image\/png\" \/>\n<meta name=\"twitter:card\" content=\"summary_large_image\" \/>\n<meta name=\"twitter:label1\" content=\"Tiempo de lectura\" \/>\n\t<meta name=\"twitter:data1\" content=\"2 minutos\" \/>\n<script type=\"application\/ld+json\" class=\"yoast-schema-graph\">{\"@context\":\"https:\\\/\\\/schema.org\",\"@graph\":[{\"@type\":\"WebPage\",\"@id\":\"https:\\\/\\\/orthogogo.com\\\/es\\\/nuestros-doctores\\\/\",\"url\":\"https:\\\/\\\/orthogogo.com\\\/es\\\/nuestros-doctores\\\/\",\"name\":\"Nuestros doctores | Brindan atencion a ni\u00f1os, j\u00f3venes y adultos\",\"isPartOf\":{\"@id\":\"https:\\\/\\\/orthogogo.com\\\/es\\\/#website\"},\"primaryImageOfPage\":{\"@id\":\"https:\\\/\\\/orthogogo.com\\\/es\\\/nuestros-doctores\\\/#primaryimage\"},\"image\":{\"@id\":\"https:\\\/\\\/orthogogo.com\\\/es\\\/nuestros-doctores\\\/#primaryimage\"},\"thumbnailUrl\":\"https:\\\/\\\/orthogogo.com\\\/es\\\/wp-content\\\/uploads\\\/2017\\\/07\\\/Better-Orthodontist.png\",\"datePublished\":\"2020-05-29T19:46:53+00:00\",\"dateModified\":\"2022-08-04T21:49:38+00:00\",\"description\":\"Nuestros doctores en Sky Ortho, son expertos en sonrisas, la Dra Larson y el Dr. Fitzgerald adoran atender a ni\u00f1os, j\u00f3venes y adultos\",\"breadcrumb\":{\"@id\":\"https:\\\/\\\/orthogogo.com\\\/es\\\/nuestros-doctores\\\/#breadcrumb\"},\"inLanguage\":\"es\",\"potentialAction\":[{\"@type\":\"ReadAction\",\"target\":[\"https:\\\/\\\/orthogogo.com\\\/es\\\/nuestros-doctores\\\/\"]}]},{\"@type\":\"ImageObject\",\"inLanguage\":\"es\",\"@id\":\"https:\\\/\\\/orthogogo.com\\\/es\\\/nuestros-doctores\\\/#primaryimage\",\"url\":\"https:\\\/\\\/orthogogo.com\\\/es\\\/wp-content\\\/uploads\\\/2017\\\/07\\\/Better-Orthodontist.png\",\"contentUrl\":\"https:\\\/\\\/orthogogo.com\\\/es\\\/wp-content\\\/uploads\\\/2017\\\/07\\\/Better-Orthodontist.png\",\"width\":900,\"height\":601,\"caption\":\"Nuestros doctores en Sky Ortho | Ellos atienden a ni\u00f1os, j\u00f3venes y adultos\"},{\"@type\":\"BreadcrumbList\",\"@id\":\"https:\\\/\\\/orthogogo.com\\\/es\\\/nuestros-doctores\\\/#breadcrumb\",\"itemListElement\":[{\"@type\":\"ListItem\",\"position\":1,\"name\":\"Home\",\"item\":\"https:\\\/\\\/orthogogo.com\\\/es\\\/\"},{\"@type\":\"ListItem\",\"position\":2,\"name\":\"Nuestros Doctores los Creadores de Bellas Sonrisas\"}]},{\"@type\":\"WebSite\",\"@id\":\"https:\\\/\\\/orthogogo.com\\\/es\\\/#website\",\"url\":\"https:\\\/\\\/orthogogo.com\\\/es\\\/\",\"name\":\"Sky Ortho\",\"description\":\"Ortodoncistas en OKC, Moore, Shawnee &amp; Norman\",\"publisher\":{\"@id\":\"https:\\\/\\\/orthogogo.com\\\/es\\\/#organization\"},\"potentialAction\":[{\"@type\":\"SearchAction\",\"target\":{\"@type\":\"EntryPoint\",\"urlTemplate\":\"https:\\\/\\\/orthogogo.com\\\/es\\\/?s={search_term_string}\"},\"query-input\":{\"@type\":\"PropertyValueSpecification\",\"valueRequired\":true,\"valueName\":\"search_term_string\"}}],\"inLanguage\":\"es\"},{\"@type\":\"Organization\",\"@id\":\"https:\\\/\\\/orthogogo.com\\\/es\\\/#organization\",\"name\":\"Sky Ortho\",\"url\":\"https:\\\/\\\/orthogogo.com\\\/es\\\/\",\"logo\":{\"@type\":\"ImageObject\",\"inLanguage\":\"es\",\"@id\":\"https:\\\/\\\/orthogogo.com\\\/es\\\/#\\\/schema\\\/logo\\\/image\\\/\",\"url\":\"https:\\\/\\\/orthogogo.com\\\/es\\\/wp-content\\\/uploads\\\/2020\\\/09\\\/head-logo.png\",\"contentUrl\":\"https:\\\/\\\/orthogogo.com\\\/es\\\/wp-content\\\/uploads\\\/2020\\\/09\\\/head-logo.png\",\"width\":128,\"height\":128,\"caption\":\"Sky Ortho\"},\"image\":{\"@id\":\"https:\\\/\\\/orthogogo.com\\\/es\\\/#\\\/schema\\\/logo\\\/image\\\/\"}}]}<\/script>\n<!-- \/ Yoast SEO plugin. -->","yoast_head_json":{"title":"Nuestros doctores | Brindan atencion a ni\u00f1os, j\u00f3venes y adultos","description":"Nuestros doctores en Sky Ortho, son expertos en sonrisas, la Dra Larson y el Dr. Fitzgerald adoran atender a ni\u00f1os, j\u00f3venes y adultos","robots":{"index":"index","follow":"follow","max-snippet":"max-snippet:-1","max-image-preview":"max-image-preview:large","max-video-preview":"max-video-preview:-1"},"canonical":"https:\/\/orthogogo.com\/es\/nuestros-doctores\/","og_locale":"es_ES","og_type":"article","og_title":"Nuestros doctores | Brindan atencion a ni\u00f1os, j\u00f3venes y adultos","og_description":"Nuestros doctores en Sky Ortho, son expertos en sonrisas, la Dra Larson y el Dr. Fitzgerald adoran atender a ni\u00f1os, j\u00f3venes y adultos","og_url":"https:\/\/orthogogo.com\/es\/nuestros-doctores\/","og_site_name":"Sky Ortho","article_modified_time":"2022-08-04T21:49:38+00:00","og_image":[{"width":900,"height":601,"url":"https:\/\/orthogogo.com\/es\/wp-content\/uploads\/2017\/07\/Better-Orthodontist.png","type":"image\/png"}],"twitter_card":"summary_large_image","twitter_misc":{"Tiempo de lectura":"2 minutos"},"schema":{"@context":"https:\/\/schema.org","@graph":[{"@type":"WebPage","@id":"https:\/\/orthogogo.com\/es\/nuestros-doctores\/","url":"https:\/\/orthogogo.com\/es\/nuestros-doctores\/","name":"Nuestros doctores | Brindan atencion a ni\u00f1os, j\u00f3venes y adultos","isPartOf":{"@id":"https:\/\/orthogogo.com\/es\/#website"},"primaryImageOfPage":{"@id":"https:\/\/orthogogo.com\/es\/nuestros-doctores\/#primaryimage"},"image":{"@id":"https:\/\/orthogogo.com\/es\/nuestros-doctores\/#primaryimage"},"thumbnailUrl":"https:\/\/orthogogo.com\/es\/wp-content\/uploads\/2017\/07\/Better-Orthodontist.png","datePublished":"2020-05-29T19:46:53+00:00","dateModified":"2022-08-04T21:49:38+00:00","description":"Nuestros doctores en Sky Ortho, son expertos en sonrisas, la Dra Larson y el Dr. Fitzgerald adoran atender a ni\u00f1os, j\u00f3venes y adultos","breadcrumb":{"@id":"https:\/\/orthogogo.com\/es\/nuestros-doctores\/#breadcrumb"},"inLanguage":"es","potentialAction":[{"@type":"ReadAction","target":["https:\/\/orthogogo.com\/es\/nuestros-doctores\/"]}]},{"@type":"ImageObject","inLanguage":"es","@id":"https:\/\/orthogogo.com\/es\/nuestros-doctores\/#primaryimage","url":"https:\/\/orthogogo.com\/es\/wp-content\/uploads\/2017\/07\/Better-Orthodontist.png","contentUrl":"https:\/\/orthogogo.com\/es\/wp-content\/uploads\/2017\/07\/Better-Orthodontist.png","width":900,"height":601,"caption":"Nuestros doctores en Sky Ortho | Ellos atienden a ni\u00f1os, j\u00f3venes y adultos"},{"@type":"BreadcrumbList","@id":"https:\/\/orthogogo.com\/es\/nuestros-doctores\/#breadcrumb","itemListElement":[{"@type":"ListItem","position":1,"name":"Home","item":"https:\/\/orthogogo.com\/es\/"},{"@type":"ListItem","position":2,"name":"Nuestros Doctores los Creadores de Bellas Sonrisas"}]},{"@type":"WebSite","@id":"https:\/\/orthogogo.com\/es\/#website","url":"https:\/\/orthogogo.com\/es\/","name":"Sky Ortho","description":"Ortodoncistas en OKC, Moore, Shawnee &amp; Norman","publisher":{"@id":"https:\/\/orthogogo.com\/es\/#organization"},"potentialAction":[{"@type":"SearchAction","target":{"@type":"EntryPoint","urlTemplate":"https:\/\/orthogogo.com\/es\/?s={search_term_string}"},"query-input":{"@type":"PropertyValueSpecification","valueRequired":true,"valueName":"search_term_string"}}],"inLanguage":"es"},{"@type":"Organization","@id":"https:\/\/orthogogo.com\/es\/#organization","name":"Sky Ortho","url":"https:\/\/orthogogo.com\/es\/","logo":{"@type":"ImageObject","inLanguage":"es","@id":"https:\/\/orthogogo.com\/es\/#\/schema\/logo\/image\/","url":"https:\/\/orthogogo.com\/es\/wp-content\/uploads\/2020\/09\/head-logo.png","contentUrl":"https:\/\/orthogogo.com\/es\/wp-content\/uploads\/2020\/09\/head-logo.png","width":128,"height":128,"caption":"Sky Ortho"},"image":{"@id":"https:\/\/orthogogo.com\/es\/#\/schema\/logo\/image\/"}}]}},"_links":{"self":[{"href":"https:\/\/orthogogo.com\/es\/wp-json\/wp\/v2\/pages\/30","targetHints":{"allow":["GET"]}}],"collection":[{"href":"https:\/\/orthogogo.com\/es\/wp-json\/wp\/v2\/pages"}],"about":[{"href":"https:\/\/orthogogo.com\/es\/wp-json\/wp\/v2\/types\/page"}],"author":[{"embeddable":true,"href":"https:\/\/orthogogo.com\/es\/wp-json\/wp\/v2\/users\/1"}],"replies":[{"embeddable":true,"href":"https:\/\/orthogogo.com\/es\/wp-json\/wp\/v2\/comments?post=30"}],"version-history":[{"count":30,"href":"https:\/\/orthogogo.com\/es\/wp-json\/wp\/v2\/pages\/30\/revisions"}],"predecessor-version":[{"id":4176,"href":"https:\/\/orthogogo.com\/es\/wp-json\/wp\/v2\/pages\/30\/revisions\/4176"}],"wp:featuredmedia":[{"embeddable":true,"href":"https:\/\/orthogogo.com\/es\/wp-json\/wp\/v2\/media\/3427"}],"wp:attachment":[{"href":"https:\/\/orthogogo.com\/es\/wp-json\/wp\/v2\/media?parent=30"}],"curies":[{"name":"wp","href":"https:\/\/api.w.org\/{rel}","templated":true}]}}