{"id":29,"date":"2020-06-03T19:46:17","date_gmt":"2020-06-03T19:46:17","guid":{"rendered":"http:\/\/demosbyphil.com\/orthogogo\/?page_id=7"},"modified":"2022-08-04T22:03:53","modified_gmt":"2022-08-04T22:03:53","slug":"conoce-sky-ortho","status":"publish","type":"page","link":"https:\/\/orthogogo.com\/es\/conoce-sky-ortho\/","title":{"rendered":"Conoce m\u00e1s de Sky Ortho,  s\u00f3lo rel\u00e1jese que nosotros cubrimos todas sus necesidades en las diferentes \u00e1reas de la ortodoncia"},"content":{"rendered":"<h2>Sky Ortho | OKC | Moore | Shawnee<\/h2>\n<p><img loading=\"lazy\" decoding=\"async\" class=\"alignnone wp-image-3044 size-full\" src=\"https:\/\/orthogogo.com\/es\/\/wp-content\/uploads\/2020\/03\/close-up-of-pre-teen-friends-in-a-park-smiling-to-PWH6KRG-scaled-e1584979973117.jpg\" alt=\"About Sky Ortho\" width=\"900\" height=\"600\" srcset=\"https:\/\/orthogogo.com\/es\/wp-content\/uploads\/2020\/03\/close-up-of-pre-teen-friends-in-a-park-smiling-to-PWH6KRG-scaled-e1584979973117.jpg 900w, https:\/\/orthogogo.com\/es\/wp-content\/uploads\/2020\/03\/close-up-of-pre-teen-friends-in-a-park-smiling-to-PWH6KRG-scaled-e1584979973117-300x200.jpg 300w, https:\/\/orthogogo.com\/es\/wp-content\/uploads\/2020\/03\/close-up-of-pre-teen-friends-in-a-park-smiling-to-PWH6KRG-scaled-e1584979973117-768x512.jpg 768w\" sizes=\"auto, (max-width: 900px) 100vw, 900px\" \/><\/p>\n<p>Conoce Sky Ortho, uno de los principales proveedores de ortodoncia con horarios muy flexibles en las tardes, ma\u00f1anas y fines de semana. En Sky Ortho nos esforzamos para ofrecerle a todos nuestros pacientes la m\u00e1s relajante experiencia en ortodoncia de la ciudad de Oklahoma. Abre bien y di \u00ab\u00a1ahhhh!\u00bb Ese suspiro de relajaci\u00f3n es el que proviene de encontrar su Zen y su hermosa y saludable sonrisa en Sky Ortho.<\/p>\n<p>Nuestra pr\u00e1ctica est\u00e1 dise\u00f1ada para ayudarlo a lograr la belleza y la salud dental de la manera m\u00e1s indolora posible. Entonces, cuando visite a la\u00a0 Dra. Priscilla Larson y\/o al Dr. Ryan Fitzgerald, le podemos garantizar que junto a su equipo altamente calificado, puede estar seguro que cada una de sus visitas estar\u00e1 en las mejores manos, sabiendo que tienen la capacitaci\u00f3n, la experiencia y el coraz\u00f3n para hacer cada visita simple, exitosa y satisfactoria.<\/p>\n<p>Saldr\u00e1 de nuestras oficinas con una sensaci\u00f3n de logro, sabiendo que ha hecho una inversi\u00f3n inteligente en usted y su familia que le devolver\u00e1 el dinero d\u00eda tras d\u00eda.<\/p>\n<figure id=\"attachment_3003\" aria-describedby=\"caption-attachment-3003\" style=\"width: 900px\" class=\"wp-caption alignnone\"><img loading=\"lazy\" decoding=\"async\" class=\"wp-image-3003 size-full\" src=\"https:\/\/orthogogo.com\/es\/\/wp-content\/uploads\/2020\/03\/Kids-5-e1584979738485.png\" alt=\"About Sky Ortho\" width=\"900\" height=\"675\" srcset=\"https:\/\/orthogogo.com\/es\/wp-content\/uploads\/2020\/03\/Kids-5-e1584979738485.png 900w, https:\/\/orthogogo.com\/es\/wp-content\/uploads\/2020\/03\/Kids-5-e1584979738485-300x225.png 300w, https:\/\/orthogogo.com\/es\/wp-content\/uploads\/2020\/03\/Kids-5-e1584979738485-768x576.png 768w\" sizes=\"auto, (max-width: 900px) 100vw, 900px\" \/><figcaption id=\"caption-attachment-3003\" class=\"wp-caption-text\">\u00a1Hacemos que las primeras visitas y todas las visitas con el Dr. Larson y el Dr. Fitzgerald sean divertidas!<\/figcaption><\/figure>\n<h2>Dise\u00f1amos cada aspecto de nuestra pr\u00e1ctica pensando en usted.<\/h2>\n<p><strong>1. Respetamos su conveniencia<\/strong><\/p>\n<div style=\"clear: both;\">\n<ul>\n<li style=\"text-align: left;\">\n<div class=\"FFpbKc\">\n<div class=\"ZTPlmc\">Le ofrecemos horarios flexibles que incluyen noches, madrugadas e incluso fines de semana para reducir el tiempo que se ausenta de la escuela y\/o trabajo.<\/div>\n<\/div>\n<\/li>\n<li>Estamos ubicados en el coraz\u00f3n de Moore, justo a la salida de la I-35, frente al Warren Theatre, a s\u00f3lo unos minutos de varios lugares favoritos para ir de compras, cenar y divertirse.<\/li>\n<\/ul>\n<p><strong>2. Respetamos su tiempo y su disponibilidad<\/strong><\/p>\n<ul>\n<li>Ofrecemos productos y tecnolog\u00eda de vanguardia para minimizar el tiempo que invierte en su tratamiento.<\/li>\n<\/ul>\n<p><iframe loading=\"lazy\" title=\"Orthodontist OKC | Braces &amp; Invisalign | Oklahoma City Orthodontist\" width=\"640\" height=\"360\" src=\"https:\/\/www.youtube.com\/embed\/NrjjMgAWL9c?feature=oembed\" frameborder=\"0\" allow=\"accelerometer; autoplay; clipboard-write; encrypted-media; gyroscope; picture-in-picture; web-share\" referrerpolicy=\"strict-origin-when-cross-origin\" allowfullscreen><\/iframe><\/p>\n<p><strong>3. Respectamos su comodidad<\/strong><\/p>\n<ul>\n<li>Utilizamos un esc\u00e1ner intraoral que acaba con las molestias o incomodidades que produce la toma impresiones o moldes de sus dientes y boca.<\/li>\n<li>Nuestras oficinas son divertidas, educativas y c\u00f3modas. <a href=\"https:\/\/www.google.com\/maps\/uv?hl=en&amp;pb=!1s0x87b26b2d7433af37%3A0x57097318760202b!2m14!16m13!1b1!2m2!1m1!1e1!2m2!1m1!1e3!2m2!1m1!1e4!2m2!1m1!1e5!3m1!7e115!4shttps%3A%2F%2Forthogogo.com%2Fes%2F&amp;imagekey=!1e2!2sAv6OZPJFj4YAAAQz8kO0xQ&amp;sa=X&amp;ved=0ahUKEwi9rMTF8dHTAhXJdSYKHTlSA6IQoioIfjAK&amp;activetab=main\" target=\"_blank\" rel=\"noopener\">Haga clic aqu\u00ed para echar un vistazo al interior.<\/a><\/li>\n<\/ul>\n<p><strong>4. Respetamos sus finanzas<\/strong><\/p>\n<ul>\n<li>Las finanzas nunca deben ser un obst\u00e1culo en el camino para tener una sonrisa saludable. Es por eso que aceptamos la mayor\u00eda de los principales planes de seguro y tambi\u00e9n le ofrecemos un plan de financiamiento asequible.<\/li>\n<\/ul>\n<p>Estamos seguros de que usted y su familia encontrar\u00e1n nuestras oficinas divertidas, hermosas y c\u00f3modas. Visite a los mejores ortodoncistas de la ciudad de Oklahoma, la Dra. Priscilla Larson y el Dr. Ryan Fitzgerald, y su brillante equipo. H\u00e1ganos saber lo que piensa, nos encantar\u00eda conocer su opini\u00f3n sobre nuestro enfoque para un cuidado dental saludable.<\/p>\n<\/div>\n<h2 style=\"text-align: left;\">Qu\u00e9 puede esperar de Sky Ortho en su primera visita<\/h2>\n<p><img loading=\"lazy\" decoding=\"async\" class=\"alignnone wp-image-1486 size-full\" src=\"https:\/\/orthogogo.com\/es\/\/wp-content\/uploads\/2015\/08\/orthodontist-okc-e1584980476361.jpg\" alt=\"orthodontist-okc\" width=\"900\" height=\"596\" srcset=\"https:\/\/orthogogo.com\/es\/wp-content\/uploads\/2015\/08\/orthodontist-okc-e1584980476361.jpg 900w, https:\/\/orthogogo.com\/es\/wp-content\/uploads\/2015\/08\/orthodontist-okc-e1584980476361-300x199.jpg 300w, https:\/\/orthogogo.com\/es\/wp-content\/uploads\/2015\/08\/orthodontist-okc-e1584980476361-768x509.jpg 768w\" sizes=\"auto, (max-width: 900px) 100vw, 900px\" \/><\/p>\n<p>Estamos muy emocionados con su primera visita a <a href=\"https:\/\/orthogogo.com\/es\/\" target=\"_blank\" rel=\"noopener\">Sky Ortho<\/a>. \u00a1Estamos ansiosos por conocerte! Nuestro objetivo es hacer que cada una de sus visitas a nuestra oficina sea divertida, c\u00f3moda e informativa. El equipo de Sky Ortho siempre est\u00e1 enfocado en brindar a cada paciente la mejor experiencia y los mejores resultados posibles.<\/p>\n<p>Su primera visita comenzar\u00e1 con una charla amistosa con nuestro coordinador de tratamiento, quien le mostrar\u00e1 parte de la tecnolog\u00eda que usamos durante nuestros tratamientos para ayudar a que sus futuras visitas sean lo m\u00e1s c\u00f3modas y eficientes posible.<\/p>\n<p>Luego le tomaremos radiograf\u00edas digitales y\/o\u00a0 fotograf\u00edas que ayudar\u00e1n a la Dra. Larson y\/o\u00a0 al Dr. Fitzgerald en su examen cl\u00ednico, diagn\u00f3stico y planificaci\u00f3n de futuros requerimientos para usted o su hijo.<\/p>\n<p>La Dra. Larson, el Dr. Fitzgerald y el coordinador de tratamiento le explicar\u00e1n los hallazgos y las opciones de tratamiento para que pueda sentirse c\u00f3modo con la atenci\u00f3n que usted y su familia recibir\u00e1n.<\/p>\n<p>Si despu\u00e9s se necesita un tratamiento, le explicaremos nuestras muchas opciones financieras que hacen que cualquier tratamiento sea asequible y manejable en casi cualquier presupuesto. \u00a1Eso es algo que lo har\u00e1 sonre\u00edr!<\/p>\n<p>Conoce Sky Ortho, vis\u00edtenos y disfrute la experiencia que le ofrecemos.<\/p>\n<p>&nbsp;<\/p>\n","protected":false},"excerpt":{"rendered":"<p>Sky Ortho | OKC | Moore | Shawnee Conoce Sky Ortho, uno de los principales proveedores de ortodoncia con horarios muy flexibles en las tardes, ma\u00f1anas y fines de semana. En Sky Ortho nos esforzamos para ofrecerle a todos nuestros pacientes la m\u00e1s relajante experiencia en ortodoncia de la ciudad de Oklahoma. Abre bien y [&hellip;]<\/p>\n","protected":false},"author":1,"featured_media":3044,"parent":0,"menu_order":0,"comment_status":"closed","ping_status":"closed","template":"tpls\/template-about.php","meta":{"footnotes":""},"class_list":["post-29","page","type-page","status-publish","has-post-thumbnail","hentry"],"yoast_head":"<!-- This site is optimized with the Yoast SEO plugin v27.3 - https:\/\/yoast.com\/product\/yoast-seo-wordpress\/ -->\n<title>Conoce Sky Ortho | OKC | Moore | Shawnee<\/title>\n<meta name=\"description\" content=\"Conoce Sky Ortho, uno de los principales proveedores de ortodoncia con horarios muy flexibles en las tardes, ma\u00f1anas y fines de semana.\" \/>\n<meta name=\"robots\" content=\"index, follow, max-snippet:-1, max-image-preview:large, max-video-preview:-1\" \/>\n<link rel=\"canonical\" href=\"https:\/\/orthogogo.com\/es\/conoce-sky-ortho\/\" \/>\n<meta property=\"og:locale\" content=\"es_ES\" \/>\n<meta property=\"og:type\" content=\"article\" \/>\n<meta property=\"og:title\" content=\"Conoce Sky Ortho | OKC | Moore | Shawnee\" \/>\n<meta property=\"og:description\" content=\"Conoce Sky Ortho, uno de los principales proveedores de ortodoncia con horarios muy flexibles en las tardes, ma\u00f1anas y fines de semana.\" \/>\n<meta property=\"og:url\" content=\"https:\/\/orthogogo.com\/es\/conoce-sky-ortho\/\" \/>\n<meta property=\"og:site_name\" content=\"Sky Ortho\" \/>\n<meta property=\"article:modified_time\" content=\"2022-08-04T22:03:53+00:00\" \/>\n<meta property=\"og:image\" content=\"https:\/\/orthogogo.com\/es\/wp-content\/uploads\/2020\/03\/close-up-of-pre-teen-friends-in-a-park-smiling-to-PWH6KRG-scaled-e1584979973117.jpg\" \/>\n\t<meta property=\"og:image:width\" content=\"900\" \/>\n\t<meta property=\"og:image:height\" content=\"600\" \/>\n\t<meta property=\"og:image:type\" content=\"image\/jpeg\" \/>\n<meta name=\"twitter:card\" content=\"summary_large_image\" \/>\n<meta name=\"twitter:label1\" content=\"Tiempo de lectura\" \/>\n\t<meta name=\"twitter:data1\" content=\"4 minutos\" \/>\n<script type=\"application\/ld+json\" class=\"yoast-schema-graph\">{\"@context\":\"https:\\\/\\\/schema.org\",\"@graph\":[{\"@type\":\"WebPage\",\"@id\":\"https:\\\/\\\/orthogogo.com\\\/es\\\/conoce-sky-ortho\\\/\",\"url\":\"https:\\\/\\\/orthogogo.com\\\/es\\\/conoce-sky-ortho\\\/\",\"name\":\"Conoce Sky Ortho | OKC | Moore | Shawnee\",\"isPartOf\":{\"@id\":\"https:\\\/\\\/orthogogo.com\\\/es\\\/#website\"},\"primaryImageOfPage\":{\"@id\":\"https:\\\/\\\/orthogogo.com\\\/es\\\/conoce-sky-ortho\\\/#primaryimage\"},\"image\":{\"@id\":\"https:\\\/\\\/orthogogo.com\\\/es\\\/conoce-sky-ortho\\\/#primaryimage\"},\"thumbnailUrl\":\"https:\\\/\\\/orthogogo.com\\\/es\\\/wp-content\\\/uploads\\\/2020\\\/03\\\/close-up-of-pre-teen-friends-in-a-park-smiling-to-PWH6KRG-scaled-e1584979973117.jpg\",\"datePublished\":\"2020-06-03T19:46:17+00:00\",\"dateModified\":\"2022-08-04T22:03:53+00:00\",\"description\":\"Conoce Sky Ortho, uno de los principales proveedores de ortodoncia con horarios muy flexibles en las tardes, ma\u00f1anas y fines de semana.\",\"breadcrumb\":{\"@id\":\"https:\\\/\\\/orthogogo.com\\\/es\\\/conoce-sky-ortho\\\/#breadcrumb\"},\"inLanguage\":\"es\",\"potentialAction\":[{\"@type\":\"ReadAction\",\"target\":[\"https:\\\/\\\/orthogogo.com\\\/es\\\/conoce-sky-ortho\\\/\"]}]},{\"@type\":\"ImageObject\",\"inLanguage\":\"es\",\"@id\":\"https:\\\/\\\/orthogogo.com\\\/es\\\/conoce-sky-ortho\\\/#primaryimage\",\"url\":\"https:\\\/\\\/orthogogo.com\\\/es\\\/wp-content\\\/uploads\\\/2020\\\/03\\\/close-up-of-pre-teen-friends-in-a-park-smiling-to-PWH6KRG-scaled-e1584979973117.jpg\",\"contentUrl\":\"https:\\\/\\\/orthogogo.com\\\/es\\\/wp-content\\\/uploads\\\/2020\\\/03\\\/close-up-of-pre-teen-friends-in-a-park-smiling-to-PWH6KRG-scaled-e1584979973117.jpg\",\"width\":900,\"height\":600,\"caption\":\"Conoce Sky Ortho | OKC | Moore | Shawnee | Norman\"},{\"@type\":\"BreadcrumbList\",\"@id\":\"https:\\\/\\\/orthogogo.com\\\/es\\\/conoce-sky-ortho\\\/#breadcrumb\",\"itemListElement\":[{\"@type\":\"ListItem\",\"position\":1,\"name\":\"Home\",\"item\":\"https:\\\/\\\/orthogogo.com\\\/es\\\/\"},{\"@type\":\"ListItem\",\"position\":2,\"name\":\"Conoce m\u00e1s de Sky Ortho, s\u00f3lo rel\u00e1jese que nosotros cubrimos todas sus necesidades en las diferentes \u00e1reas de la ortodoncia\"}]},{\"@type\":\"WebSite\",\"@id\":\"https:\\\/\\\/orthogogo.com\\\/es\\\/#website\",\"url\":\"https:\\\/\\\/orthogogo.com\\\/es\\\/\",\"name\":\"Sky Ortho\",\"description\":\"Ortodoncistas en OKC, Moore, Shawnee &amp; Norman\",\"publisher\":{\"@id\":\"https:\\\/\\\/orthogogo.com\\\/es\\\/#organization\"},\"potentialAction\":[{\"@type\":\"SearchAction\",\"target\":{\"@type\":\"EntryPoint\",\"urlTemplate\":\"https:\\\/\\\/orthogogo.com\\\/es\\\/?s={search_term_string}\"},\"query-input\":{\"@type\":\"PropertyValueSpecification\",\"valueRequired\":true,\"valueName\":\"search_term_string\"}}],\"inLanguage\":\"es\"},{\"@type\":\"Organization\",\"@id\":\"https:\\\/\\\/orthogogo.com\\\/es\\\/#organization\",\"name\":\"Sky Ortho\",\"url\":\"https:\\\/\\\/orthogogo.com\\\/es\\\/\",\"logo\":{\"@type\":\"ImageObject\",\"inLanguage\":\"es\",\"@id\":\"https:\\\/\\\/orthogogo.com\\\/es\\\/#\\\/schema\\\/logo\\\/image\\\/\",\"url\":\"https:\\\/\\\/orthogogo.com\\\/es\\\/wp-content\\\/uploads\\\/2020\\\/09\\\/head-logo.png\",\"contentUrl\":\"https:\\\/\\\/orthogogo.com\\\/es\\\/wp-content\\\/uploads\\\/2020\\\/09\\\/head-logo.png\",\"width\":128,\"height\":128,\"caption\":\"Sky Ortho\"},\"image\":{\"@id\":\"https:\\\/\\\/orthogogo.com\\\/es\\\/#\\\/schema\\\/logo\\\/image\\\/\"}}]}<\/script>\n<!-- \/ Yoast SEO plugin. -->","yoast_head_json":{"title":"Conoce Sky Ortho | OKC | Moore | Shawnee","description":"Conoce Sky Ortho, uno de los principales proveedores de ortodoncia con horarios muy flexibles en las tardes, ma\u00f1anas y fines de semana.","robots":{"index":"index","follow":"follow","max-snippet":"max-snippet:-1","max-image-preview":"max-image-preview:large","max-video-preview":"max-video-preview:-1"},"canonical":"https:\/\/orthogogo.com\/es\/conoce-sky-ortho\/","og_locale":"es_ES","og_type":"article","og_title":"Conoce Sky Ortho | OKC | Moore | Shawnee","og_description":"Conoce Sky Ortho, uno de los principales proveedores de ortodoncia con horarios muy flexibles en las tardes, ma\u00f1anas y fines de semana.","og_url":"https:\/\/orthogogo.com\/es\/conoce-sky-ortho\/","og_site_name":"Sky Ortho","article_modified_time":"2022-08-04T22:03:53+00:00","og_image":[{"width":900,"height":600,"url":"https:\/\/orthogogo.com\/es\/wp-content\/uploads\/2020\/03\/close-up-of-pre-teen-friends-in-a-park-smiling-to-PWH6KRG-scaled-e1584979973117.jpg","type":"image\/jpeg"}],"twitter_card":"summary_large_image","twitter_misc":{"Tiempo de lectura":"4 minutos"},"schema":{"@context":"https:\/\/schema.org","@graph":[{"@type":"WebPage","@id":"https:\/\/orthogogo.com\/es\/conoce-sky-ortho\/","url":"https:\/\/orthogogo.com\/es\/conoce-sky-ortho\/","name":"Conoce Sky Ortho | OKC | Moore | Shawnee","isPartOf":{"@id":"https:\/\/orthogogo.com\/es\/#website"},"primaryImageOfPage":{"@id":"https:\/\/orthogogo.com\/es\/conoce-sky-ortho\/#primaryimage"},"image":{"@id":"https:\/\/orthogogo.com\/es\/conoce-sky-ortho\/#primaryimage"},"thumbnailUrl":"https:\/\/orthogogo.com\/es\/wp-content\/uploads\/2020\/03\/close-up-of-pre-teen-friends-in-a-park-smiling-to-PWH6KRG-scaled-e1584979973117.jpg","datePublished":"2020-06-03T19:46:17+00:00","dateModified":"2022-08-04T22:03:53+00:00","description":"Conoce Sky Ortho, uno de los principales proveedores de ortodoncia con horarios muy flexibles en las tardes, ma\u00f1anas y fines de semana.","breadcrumb":{"@id":"https:\/\/orthogogo.com\/es\/conoce-sky-ortho\/#breadcrumb"},"inLanguage":"es","potentialAction":[{"@type":"ReadAction","target":["https:\/\/orthogogo.com\/es\/conoce-sky-ortho\/"]}]},{"@type":"ImageObject","inLanguage":"es","@id":"https:\/\/orthogogo.com\/es\/conoce-sky-ortho\/#primaryimage","url":"https:\/\/orthogogo.com\/es\/wp-content\/uploads\/2020\/03\/close-up-of-pre-teen-friends-in-a-park-smiling-to-PWH6KRG-scaled-e1584979973117.jpg","contentUrl":"https:\/\/orthogogo.com\/es\/wp-content\/uploads\/2020\/03\/close-up-of-pre-teen-friends-in-a-park-smiling-to-PWH6KRG-scaled-e1584979973117.jpg","width":900,"height":600,"caption":"Conoce Sky Ortho | OKC | Moore | Shawnee | Norman"},{"@type":"BreadcrumbList","@id":"https:\/\/orthogogo.com\/es\/conoce-sky-ortho\/#breadcrumb","itemListElement":[{"@type":"ListItem","position":1,"name":"Home","item":"https:\/\/orthogogo.com\/es\/"},{"@type":"ListItem","position":2,"name":"Conoce m\u00e1s de Sky Ortho, s\u00f3lo rel\u00e1jese que nosotros cubrimos todas sus necesidades en las diferentes \u00e1reas de la ortodoncia"}]},{"@type":"WebSite","@id":"https:\/\/orthogogo.com\/es\/#website","url":"https:\/\/orthogogo.com\/es\/","name":"Sky Ortho","description":"Ortodoncistas en OKC, Moore, Shawnee &amp; Norman","publisher":{"@id":"https:\/\/orthogogo.com\/es\/#organization"},"potentialAction":[{"@type":"SearchAction","target":{"@type":"EntryPoint","urlTemplate":"https:\/\/orthogogo.com\/es\/?s={search_term_string}"},"query-input":{"@type":"PropertyValueSpecification","valueRequired":true,"valueName":"search_term_string"}}],"inLanguage":"es"},{"@type":"Organization","@id":"https:\/\/orthogogo.com\/es\/#organization","name":"Sky Ortho","url":"https:\/\/orthogogo.com\/es\/","logo":{"@type":"ImageObject","inLanguage":"es","@id":"https:\/\/orthogogo.com\/es\/#\/schema\/logo\/image\/","url":"https:\/\/orthogogo.com\/es\/wp-content\/uploads\/2020\/09\/head-logo.png","contentUrl":"https:\/\/orthogogo.com\/es\/wp-content\/uploads\/2020\/09\/head-logo.png","width":128,"height":128,"caption":"Sky Ortho"},"image":{"@id":"https:\/\/orthogogo.com\/es\/#\/schema\/logo\/image\/"}}]}},"_links":{"self":[{"href":"https:\/\/orthogogo.com\/es\/wp-json\/wp\/v2\/pages\/29","targetHints":{"allow":["GET"]}}],"collection":[{"href":"https:\/\/orthogogo.com\/es\/wp-json\/wp\/v2\/pages"}],"about":[{"href":"https:\/\/orthogogo.com\/es\/wp-json\/wp\/v2\/types\/page"}],"author":[{"embeddable":true,"href":"https:\/\/orthogogo.com\/es\/wp-json\/wp\/v2\/users\/1"}],"replies":[{"embeddable":true,"href":"https:\/\/orthogogo.com\/es\/wp-json\/wp\/v2\/comments?post=29"}],"version-history":[{"count":22,"href":"https:\/\/orthogogo.com\/es\/wp-json\/wp\/v2\/pages\/29\/revisions"}],"predecessor-version":[{"id":4265,"href":"https:\/\/orthogogo.com\/es\/wp-json\/wp\/v2\/pages\/29\/revisions\/4265"}],"wp:featuredmedia":[{"embeddable":true,"href":"https:\/\/orthogogo.com\/es\/wp-json\/wp\/v2\/media\/3044"}],"wp:attachment":[{"href":"https:\/\/orthogogo.com\/es\/wp-json\/wp\/v2\/media?parent=29"}],"curies":[{"name":"wp","href":"https:\/\/api.w.org\/{rel}","templated":true}]}}