{"id":2725,"date":"2020-06-03T15:30:07","date_gmt":"2020-06-03T15:30:07","guid":{"rendered":"https:\/\/orthogogo.com\/es\/?page_id=2725"},"modified":"2022-08-05T17:15:10","modified_gmt":"2022-08-05T17:15:10","slug":"ortodoncistas-en-okc","status":"publish","type":"page","link":"https:\/\/orthogogo.com\/es\/ortodoncistas-en-okc\/","title":{"rendered":"Ortodoncistas en OKC &#8211; Dra. Larson &#038; Dr. Fitzgerald en Sky Ortho"},"content":{"rendered":"<figure id=\"attachment_3172\" aria-describedby=\"caption-attachment-3172\" style=\"width: 900px\" class=\"wp-caption alignnone\"><img loading=\"lazy\" decoding=\"async\" class=\"wp-image-3172 size-full\" src=\"https:\/\/orthogogo.com\/es\/\/wp-content\/uploads\/2020\/05\/handsome-smiling-man-in-truck-1024-e1590093404986.png\" alt=\"orthodontist Norman Oklahoma\" width=\"900\" height=\"582\" srcset=\"https:\/\/orthogogo.com\/es\/wp-content\/uploads\/2020\/05\/handsome-smiling-man-in-truck-1024-e1590093404986.png 900w, https:\/\/orthogogo.com\/es\/wp-content\/uploads\/2020\/05\/handsome-smiling-man-in-truck-1024-e1590093404986-300x194.png 300w, https:\/\/orthogogo.com\/es\/wp-content\/uploads\/2020\/05\/handsome-smiling-man-in-truck-1024-e1590093404986-768x497.png 768w\" sizes=\"auto, (max-width: 900px) 100vw, 900px\" \/><figcaption id=\"caption-attachment-3172\" class=\"wp-caption-text\">Ortodoncistas en Norman, Oklahoma &#8211; \u00a1Visitenos en\u00a0 Sky Ortho para conocer a nuestro equipo ganador!<\/figcaption><\/figure>\n<p>\u00bfA d\u00f3nde vas para conseguir una gran sonrisa en Norman? En Sky Ortho, \u00a1por supuesto! Sky Ortho es conocida como l\u00edder en Ortodoncia en Norman Oklahoma, desde simples transformaciones de sonrisas hasta complejas transformaciones de sonrisas. La Dra. Priscilla Larson, el Dr. Ryan Fitzgerald y su talentoso personal crean sonrisas fabulosas en todo Oklahoma utilizando las \u00faltimas tecnolog\u00edas y t\u00e9cnicas. \u00a1Lo invitamos a visitar una de nuestras oficinas de ortodoncista para aprender m\u00e1s sobre Sky Ortho y la incre\u00edble sonrisa que le espera!<\/p>\n<p>&nbsp;<\/p>\n<figure id=\"attachment_3175\" aria-describedby=\"caption-attachment-3175\" style=\"width: 900px\" class=\"wp-caption alignnone\"><img loading=\"lazy\" decoding=\"async\" class=\"wp-image-3175 size-full\" src=\"https:\/\/orthogogo.com\/es\/\/wp-content\/uploads\/2020\/05\/middle-aged-parents-sitting-at-home-with-their-P4SCZG8-scaled-e1590094306225.jpg\" alt=\"orthodontist Norman Oklahoma\" width=\"900\" height=\"600\" srcset=\"https:\/\/orthogogo.com\/es\/wp-content\/uploads\/2020\/05\/middle-aged-parents-sitting-at-home-with-their-P4SCZG8-scaled-e1590094306225.jpg 900w, https:\/\/orthogogo.com\/es\/wp-content\/uploads\/2020\/05\/middle-aged-parents-sitting-at-home-with-their-P4SCZG8-scaled-e1590094306225-300x200.jpg 300w, https:\/\/orthogogo.com\/es\/wp-content\/uploads\/2020\/05\/middle-aged-parents-sitting-at-home-with-their-P4SCZG8-scaled-e1590094306225-768x512.jpg 768w\" sizes=\"auto, (max-width: 900px) 100vw, 900px\" \/><figcaption id=\"caption-attachment-3175\" class=\"wp-caption-text\">Padres adultos sentados en su casa con sus hijos jovenes y adolescentes, sonriendo sin miedo a la c\u00e1mara<\/figcaption><\/figure>\n<h2>Ortodoncia para todas las edades en Norman, Oklahoma<\/h2>\n<p>At Sky Ortho, we proudly treat patients of all ages &#8212; children, teens, and even adults! Our goal is to make you look good and feel great about your smile. Dr. Larson, Dr. Fitzgerald, and the Sky Ortho team believe in building relationships with our patients. Our goal is to ensure your overall comfort and trust in the process.<\/p>\n<p><img loading=\"lazy\" decoding=\"async\" class=\"alignnone wp-image-3178 size-full\" src=\"https:\/\/orthogogo.com\/es\/\/wp-content\/uploads\/2020\/05\/norman-braces-900.png\" alt=\"orthodontist Norman Oklahoma\" width=\"900\" height=\"598\" srcset=\"https:\/\/orthogogo.com\/es\/wp-content\/uploads\/2020\/05\/norman-braces-900.png 900w, https:\/\/orthogogo.com\/es\/wp-content\/uploads\/2020\/05\/norman-braces-900-300x199.png 300w, https:\/\/orthogogo.com\/es\/wp-content\/uploads\/2020\/05\/norman-braces-900-768x510.png 768w\" sizes=\"auto, (max-width: 900px) 100vw, 900px\" \/><\/p>\n<p>Deje que nuestros m\u00e9dicos utilicen sus a\u00f1os de experiencia para ayudar a fusionar el arte y la ciencia para crear una hermosa sonrisa nueva, \u00a1s\u00f3lo para usted! Ya sea que experimente s\u00edntomas de ATM u otros problemas relacionados con la mand\u00edbula, o simplemente desee cambiar la apariencia de su sonrisa, Sky Ortho, la mejor cl\u00ednica de ortodoncista de Norman, en Sky Ortho le brindamos la orientaci\u00f3n y la experiencia para manejar cada problema..<\/p>\n<h2>Opciones financieras para hacer realidad su sonrisa perfecta en Norman, Oklahoma<\/h2>\n<p><img loading=\"lazy\" decoding=\"async\" class=\"alignnone wp-image-3179 size-full\" src=\"https:\/\/orthogogo.com\/es\/\/wp-content\/uploads\/2020\/05\/close-up-young-indian-woman-smiling-1024-e1590099950479.png\" alt=\"orthodontist Norman Oklahoma\" width=\"900\" height=\"600\" srcset=\"https:\/\/orthogogo.com\/es\/wp-content\/uploads\/2020\/05\/close-up-young-indian-woman-smiling-1024-e1590099950479.png 900w, https:\/\/orthogogo.com\/es\/wp-content\/uploads\/2020\/05\/close-up-young-indian-woman-smiling-1024-e1590099950479-300x200.png 300w, https:\/\/orthogogo.com\/es\/wp-content\/uploads\/2020\/05\/close-up-young-indian-woman-smiling-1024-e1590099950479-768x512.png 768w\" sizes=\"auto, (max-width: 900px) 100vw, 900px\" \/><\/p>\n<p>No dejes que las finanzas te impidan logra tu sonrisa perfecta. \u00a1En Sky Ortho, ofrecemos opciones de financiamiento para hacer realidad su sonrisa perfecta! Ofrecemos pagos internos sin intereses durante la duraci\u00f3n de su tratamiento o el de su hijo para que los aparatos de ortodoncia sean asequibles en Norman, OK. Le ofrecemos\u00a0 descuentos por pronto pago, cuando se paga la totalidad del tratamiento y para los clientes que califiquen les ofrecemos <a href=\"https:\/\/orthogogo.com\/es\/informacion-financiera\/\">CareCredit<\/a>.<\/p>\n<p>\u00bfVarios miembros de la familia necesitan frenillos? \u00bfHay un militar en la familia? \u00a1Si la respuesta es si,\u00a0 tenemos disponibles m\u00e1s descuentos para ti! Nuestro equipo de ortodoncistas en Norman tambi\u00e9n te ayuda con los planes de seguro y ahorro de salud. No permitas que las finanzas sean un obst\u00e1culo para lograr su mejor sonrisa. En Sky Ortho, trabajamos en las mejores soluciones a la medida de sus necesidades.<\/p>\n<p><img loading=\"lazy\" decoding=\"async\" class=\"alignnone wp-image-3181 size-full\" src=\"https:\/\/orthogogo.com\/es\/\/wp-content\/uploads\/2020\/05\/Norman-Teens-1024-e1590100785261.jpg\" alt=\"Teens in Braces\" width=\"900\" height=\"600\" srcset=\"https:\/\/orthogogo.com\/es\/wp-content\/uploads\/2020\/05\/Norman-Teens-1024-e1590100785261.jpg 900w, https:\/\/orthogogo.com\/es\/wp-content\/uploads\/2020\/05\/Norman-Teens-1024-e1590100785261-300x200.jpg 300w, https:\/\/orthogogo.com\/es\/wp-content\/uploads\/2020\/05\/Norman-Teens-1024-e1590100785261-768x512.jpg 768w\" sizes=\"auto, (max-width: 900px) 100vw, 900px\" \/><\/p>\n<h2>Invisalign y brackets en Norman, OK<\/h2>\n<p>Los ni\u00f1os y adolescentes a veces se sienten cohibidos de usar sus aparatos correctivos en frente de sus compa\u00f1eros. Sin embargo, en Sky Ortho, hacemos que el uso de aparatos\u00a0 correctivos en Norman sea una excelente manera de expresar su individualidad. Ofrecemos brackets met\u00e1licos tradicionales en Norman, as\u00ed como brackets transparente y brackets con formas divertidas, como estrellas, pelotas de b\u00e9isbol, flores y corazones. Adem\u00e1s, los pacientes pueden optar por brackets de oro, alineadores de resorte extra\u00edbles o de pl\u00e1stico transparente como los Invisalign.<\/p>\n<p>Para una mejor experiencia con el uso de frenillos casi invisibles, los frenillos Invisalign son una de las mejores opciones, elaborados de pl\u00e1stico transparente moldean los dientes y son f\u00e1cil de remover para comer. \u00a1Son una gran opci\u00f3n para cualquiera que quiera dientes rectos sin los llamativos brackets met\u00e1licos! La Dra. Larson o el Dr. Fitzgerald pueden analizar el tiempo requerido y el costo de cada una de estas opciones para determinar la mejor opci\u00f3n para usted o su(s) hijo(s).<\/p>\n<p><img loading=\"lazy\" decoding=\"async\" class=\"alignnone wp-image-3182 size-full\" src=\"https:\/\/orthogogo.com\/es\/\/wp-content\/uploads\/2020\/05\/Sky-rtho-on-Social-Media-e1590101347323.png\" alt=\"Sky Ortho\" width=\"900\" height=\"527\" srcset=\"https:\/\/orthogogo.com\/es\/wp-content\/uploads\/2020\/05\/Sky-rtho-on-Social-Media-e1590101347323.png 900w, https:\/\/orthogogo.com\/es\/wp-content\/uploads\/2020\/05\/Sky-rtho-on-Social-Media-e1590101347323-300x176.png 300w, https:\/\/orthogogo.com\/es\/wp-content\/uploads\/2020\/05\/Sky-rtho-on-Social-Media-e1590101347323-768x450.png 768w\" sizes=\"auto, (max-width: 900px) 100vw, 900px\" \/><\/p>\n<h2>Conoce m\u00e1s sobre nosotros, S\u00edguenos en tu Red Favorita<\/h2>\n<p>\u00bfTe gustan las redes sociales? \u00a1A nosotros tambi\u00e9n! Puedes encontrar Sky Ortho, la mejor cl\u00ednica de Norman en <a href=\"https:\/\/facebook.com\" target=\"_blank\" rel=\"noopener\">Facebook,<\/a> <a href=\"https:\/\/twitter.com\" target=\"_blank\" rel=\"noopener\">Twitter<\/a>, y ver nuestras rese\u00f1as destacadas en <a href=\"https:\/\/yelp.com\" target=\"_blank\" rel=\"noopener\">Yelp<\/a>. Estamos orgullosos de servir a los residentes de Norman, Moore, Shawnee, OKC y las \u00e1reas circundantes. Visite una de nuestras oficinas de vanguardia en una de nuestras dos ubicaciones en Moore y Shawnee. \u00a1Venga vis\u00edtenos y compruebe por qu\u00e9 Sky Ortho es el mejor lugar para mejorar su sonrisa en\u00a0Oklahoma !<\/p>\n<p>&nbsp;<\/p>\n","protected":false},"excerpt":{"rendered":"<p>\u00bfA d\u00f3nde vas para conseguir una gran sonrisa en Norman? En Sky Ortho, \u00a1por supuesto! Sky Ortho es conocida como l\u00edder en Ortodoncia en Norman Oklahoma, desde simples transformaciones de sonrisas hasta complejas transformaciones de sonrisas. La Dra. Priscilla Larson, el Dr. Ryan Fitzgerald y su talentoso personal crean sonrisas fabulosas en todo Oklahoma utilizando [&hellip;]<\/p>\n","protected":false},"author":1,"featured_media":3172,"parent":0,"menu_order":0,"comment_status":"closed","ping_status":"closed","template":"","meta":{"footnotes":""},"class_list":["post-2725","page","type-page","status-publish","has-post-thumbnail","hentry"],"yoast_head":"<!-- This site is optimized with the Yoast SEO plugin v27.5 - https:\/\/yoast.com\/product\/yoast-seo-wordpress\/ -->\n<title>Ortodoncistas en OKC - Dra. Larson &amp; Dr. Fitzgerald en Sky Ortho<\/title>\n<meta name=\"description\" content=\"Ortodoncia en Norman Oklahoma - En Sky Ortho fabricamos bellas sonrisas. Vis\u00edtenos y obtenga una sonrisa de la que se sienta orgulloso.\" \/>\n<meta name=\"robots\" content=\"index, follow, max-snippet:-1, max-image-preview:large, max-video-preview:-1\" \/>\n<link rel=\"canonical\" href=\"https:\/\/orthogogo.com\/es\/ortodoncistas-en-okc\/\" \/>\n<meta property=\"og:locale\" content=\"es_ES\" \/>\n<meta property=\"og:type\" content=\"article\" \/>\n<meta property=\"og:title\" content=\"Ortodoncistas en OKC - Dra. Larson &amp; Dr. Fitzgerald en Sky Ortho\" \/>\n<meta property=\"og:description\" content=\"Ortodoncia en Norman Oklahoma - En Sky Ortho fabricamos bellas sonrisas. Vis\u00edtenos y obtenga una sonrisa de la que se sienta orgulloso.\" \/>\n<meta property=\"og:url\" content=\"https:\/\/orthogogo.com\/es\/ortodoncistas-en-okc\/\" \/>\n<meta property=\"og:site_name\" content=\"Sky Ortho\" \/>\n<meta property=\"article:modified_time\" content=\"2022-08-05T17:15:10+00:00\" \/>\n<meta property=\"og:image\" content=\"https:\/\/orthogogo.com\/es\/wp-content\/uploads\/2020\/05\/handsome-smiling-man-in-truck-1024-e1590093404986.png\" \/>\n\t<meta property=\"og:image:width\" content=\"900\" \/>\n\t<meta property=\"og:image:height\" content=\"582\" \/>\n\t<meta property=\"og:image:type\" content=\"image\/png\" \/>\n<meta name=\"twitter:card\" content=\"summary_large_image\" \/>\n<meta name=\"twitter:label1\" content=\"Tiempo de lectura\" \/>\n\t<meta name=\"twitter:data1\" content=\"5 minutos\" \/>\n<script type=\"application\/ld+json\" class=\"yoast-schema-graph\">{\"@context\":\"https:\\\/\\\/schema.org\",\"@graph\":[{\"@type\":\"WebPage\",\"@id\":\"https:\\\/\\\/orthogogo.com\\\/es\\\/ortodoncistas-en-okc\\\/\",\"url\":\"https:\\\/\\\/orthogogo.com\\\/es\\\/ortodoncistas-en-okc\\\/\",\"name\":\"Ortodoncistas en OKC - Dra. Larson & Dr. Fitzgerald en Sky Ortho\",\"isPartOf\":{\"@id\":\"https:\\\/\\\/orthogogo.com\\\/es\\\/#website\"},\"primaryImageOfPage\":{\"@id\":\"https:\\\/\\\/orthogogo.com\\\/es\\\/ortodoncistas-en-okc\\\/#primaryimage\"},\"image\":{\"@id\":\"https:\\\/\\\/orthogogo.com\\\/es\\\/ortodoncistas-en-okc\\\/#primaryimage\"},\"thumbnailUrl\":\"https:\\\/\\\/orthogogo.com\\\/es\\\/wp-content\\\/uploads\\\/2020\\\/05\\\/handsome-smiling-man-in-truck-1024-e1590093404986.png\",\"datePublished\":\"2020-06-03T15:30:07+00:00\",\"dateModified\":\"2022-08-05T17:15:10+00:00\",\"description\":\"Ortodoncia en Norman Oklahoma - En Sky Ortho fabricamos bellas sonrisas. Vis\u00edtenos y obtenga una sonrisa de la que se sienta orgulloso.\",\"breadcrumb\":{\"@id\":\"https:\\\/\\\/orthogogo.com\\\/es\\\/ortodoncistas-en-okc\\\/#breadcrumb\"},\"inLanguage\":\"es\",\"potentialAction\":[{\"@type\":\"ReadAction\",\"target\":[\"https:\\\/\\\/orthogogo.com\\\/es\\\/ortodoncistas-en-okc\\\/\"]}]},{\"@type\":\"ImageObject\",\"inLanguage\":\"es\",\"@id\":\"https:\\\/\\\/orthogogo.com\\\/es\\\/ortodoncistas-en-okc\\\/#primaryimage\",\"url\":\"https:\\\/\\\/orthogogo.com\\\/es\\\/wp-content\\\/uploads\\\/2020\\\/05\\\/handsome-smiling-man-in-truck-1024-e1590093404986.png\",\"contentUrl\":\"https:\\\/\\\/orthogogo.com\\\/es\\\/wp-content\\\/uploads\\\/2020\\\/05\\\/handsome-smiling-man-in-truck-1024-e1590093404986.png\",\"width\":900,\"height\":582,\"caption\":\"Ortodoncia en Norman Oklahoma - Los mejores Brackets y mucho m\u00e1s...\"},{\"@type\":\"BreadcrumbList\",\"@id\":\"https:\\\/\\\/orthogogo.com\\\/es\\\/ortodoncistas-en-okc\\\/#breadcrumb\",\"itemListElement\":[{\"@type\":\"ListItem\",\"position\":1,\"name\":\"Home\",\"item\":\"https:\\\/\\\/orthogogo.com\\\/es\\\/\"},{\"@type\":\"ListItem\",\"position\":2,\"name\":\"Ortodoncistas en OKC &#8211; Dra. Larson &#038; Dr. Fitzgerald en Sky Ortho\"}]},{\"@type\":\"WebSite\",\"@id\":\"https:\\\/\\\/orthogogo.com\\\/es\\\/#website\",\"url\":\"https:\\\/\\\/orthogogo.com\\\/es\\\/\",\"name\":\"Sky Ortho\",\"description\":\"Ortodoncistas en OKC, Moore, Shawnee &amp; Norman\",\"publisher\":{\"@id\":\"https:\\\/\\\/orthogogo.com\\\/es\\\/#organization\"},\"potentialAction\":[{\"@type\":\"SearchAction\",\"target\":{\"@type\":\"EntryPoint\",\"urlTemplate\":\"https:\\\/\\\/orthogogo.com\\\/es\\\/?s={search_term_string}\"},\"query-input\":{\"@type\":\"PropertyValueSpecification\",\"valueRequired\":true,\"valueName\":\"search_term_string\"}}],\"inLanguage\":\"es\"},{\"@type\":\"Organization\",\"@id\":\"https:\\\/\\\/orthogogo.com\\\/es\\\/#organization\",\"name\":\"Sky Ortho\",\"url\":\"https:\\\/\\\/orthogogo.com\\\/es\\\/\",\"logo\":{\"@type\":\"ImageObject\",\"inLanguage\":\"es\",\"@id\":\"https:\\\/\\\/orthogogo.com\\\/es\\\/#\\\/schema\\\/logo\\\/image\\\/\",\"url\":\"https:\\\/\\\/orthogogo.com\\\/es\\\/wp-content\\\/uploads\\\/2020\\\/09\\\/head-logo.png\",\"contentUrl\":\"https:\\\/\\\/orthogogo.com\\\/es\\\/wp-content\\\/uploads\\\/2020\\\/09\\\/head-logo.png\",\"width\":128,\"height\":128,\"caption\":\"Sky Ortho\"},\"image\":{\"@id\":\"https:\\\/\\\/orthogogo.com\\\/es\\\/#\\\/schema\\\/logo\\\/image\\\/\"}}]}<\/script>\n<!-- \/ Yoast SEO plugin. -->","yoast_head_json":{"title":"Ortodoncistas en OKC - Dra. Larson & Dr. Fitzgerald en Sky Ortho","description":"Ortodoncia en Norman Oklahoma - En Sky Ortho fabricamos bellas sonrisas. Vis\u00edtenos y obtenga una sonrisa de la que se sienta orgulloso.","robots":{"index":"index","follow":"follow","max-snippet":"max-snippet:-1","max-image-preview":"max-image-preview:large","max-video-preview":"max-video-preview:-1"},"canonical":"https:\/\/orthogogo.com\/es\/ortodoncistas-en-okc\/","og_locale":"es_ES","og_type":"article","og_title":"Ortodoncistas en OKC - Dra. Larson & Dr. Fitzgerald en Sky Ortho","og_description":"Ortodoncia en Norman Oklahoma - En Sky Ortho fabricamos bellas sonrisas. Vis\u00edtenos y obtenga una sonrisa de la que se sienta orgulloso.","og_url":"https:\/\/orthogogo.com\/es\/ortodoncistas-en-okc\/","og_site_name":"Sky Ortho","article_modified_time":"2022-08-05T17:15:10+00:00","og_image":[{"width":900,"height":582,"url":"https:\/\/orthogogo.com\/es\/wp-content\/uploads\/2020\/05\/handsome-smiling-man-in-truck-1024-e1590093404986.png","type":"image\/png"}],"twitter_card":"summary_large_image","twitter_misc":{"Tiempo de lectura":"5 minutos"},"schema":{"@context":"https:\/\/schema.org","@graph":[{"@type":"WebPage","@id":"https:\/\/orthogogo.com\/es\/ortodoncistas-en-okc\/","url":"https:\/\/orthogogo.com\/es\/ortodoncistas-en-okc\/","name":"Ortodoncistas en OKC - Dra. Larson & Dr. Fitzgerald en Sky Ortho","isPartOf":{"@id":"https:\/\/orthogogo.com\/es\/#website"},"primaryImageOfPage":{"@id":"https:\/\/orthogogo.com\/es\/ortodoncistas-en-okc\/#primaryimage"},"image":{"@id":"https:\/\/orthogogo.com\/es\/ortodoncistas-en-okc\/#primaryimage"},"thumbnailUrl":"https:\/\/orthogogo.com\/es\/wp-content\/uploads\/2020\/05\/handsome-smiling-man-in-truck-1024-e1590093404986.png","datePublished":"2020-06-03T15:30:07+00:00","dateModified":"2022-08-05T17:15:10+00:00","description":"Ortodoncia en Norman Oklahoma - En Sky Ortho fabricamos bellas sonrisas. Vis\u00edtenos y obtenga una sonrisa de la que se sienta orgulloso.","breadcrumb":{"@id":"https:\/\/orthogogo.com\/es\/ortodoncistas-en-okc\/#breadcrumb"},"inLanguage":"es","potentialAction":[{"@type":"ReadAction","target":["https:\/\/orthogogo.com\/es\/ortodoncistas-en-okc\/"]}]},{"@type":"ImageObject","inLanguage":"es","@id":"https:\/\/orthogogo.com\/es\/ortodoncistas-en-okc\/#primaryimage","url":"https:\/\/orthogogo.com\/es\/wp-content\/uploads\/2020\/05\/handsome-smiling-man-in-truck-1024-e1590093404986.png","contentUrl":"https:\/\/orthogogo.com\/es\/wp-content\/uploads\/2020\/05\/handsome-smiling-man-in-truck-1024-e1590093404986.png","width":900,"height":582,"caption":"Ortodoncia en Norman Oklahoma - Los mejores Brackets y mucho m\u00e1s..."},{"@type":"BreadcrumbList","@id":"https:\/\/orthogogo.com\/es\/ortodoncistas-en-okc\/#breadcrumb","itemListElement":[{"@type":"ListItem","position":1,"name":"Home","item":"https:\/\/orthogogo.com\/es\/"},{"@type":"ListItem","position":2,"name":"Ortodoncistas en OKC &#8211; Dra. Larson &#038; Dr. Fitzgerald en Sky Ortho"}]},{"@type":"WebSite","@id":"https:\/\/orthogogo.com\/es\/#website","url":"https:\/\/orthogogo.com\/es\/","name":"Sky Ortho","description":"Ortodoncistas en OKC, Moore, Shawnee &amp; Norman","publisher":{"@id":"https:\/\/orthogogo.com\/es\/#organization"},"potentialAction":[{"@type":"SearchAction","target":{"@type":"EntryPoint","urlTemplate":"https:\/\/orthogogo.com\/es\/?s={search_term_string}"},"query-input":{"@type":"PropertyValueSpecification","valueRequired":true,"valueName":"search_term_string"}}],"inLanguage":"es"},{"@type":"Organization","@id":"https:\/\/orthogogo.com\/es\/#organization","name":"Sky Ortho","url":"https:\/\/orthogogo.com\/es\/","logo":{"@type":"ImageObject","inLanguage":"es","@id":"https:\/\/orthogogo.com\/es\/#\/schema\/logo\/image\/","url":"https:\/\/orthogogo.com\/es\/wp-content\/uploads\/2020\/09\/head-logo.png","contentUrl":"https:\/\/orthogogo.com\/es\/wp-content\/uploads\/2020\/09\/head-logo.png","width":128,"height":128,"caption":"Sky Ortho"},"image":{"@id":"https:\/\/orthogogo.com\/es\/#\/schema\/logo\/image\/"}}]}},"_links":{"self":[{"href":"https:\/\/orthogogo.com\/es\/wp-json\/wp\/v2\/pages\/2725","targetHints":{"allow":["GET"]}}],"collection":[{"href":"https:\/\/orthogogo.com\/es\/wp-json\/wp\/v2\/pages"}],"about":[{"href":"https:\/\/orthogogo.com\/es\/wp-json\/wp\/v2\/types\/page"}],"author":[{"embeddable":true,"href":"https:\/\/orthogogo.com\/es\/wp-json\/wp\/v2\/users\/1"}],"replies":[{"embeddable":true,"href":"https:\/\/orthogogo.com\/es\/wp-json\/wp\/v2\/comments?post=2725"}],"version-history":[{"count":17,"href":"https:\/\/orthogogo.com\/es\/wp-json\/wp\/v2\/pages\/2725\/revisions"}],"predecessor-version":[{"id":4266,"href":"https:\/\/orthogogo.com\/es\/wp-json\/wp\/v2\/pages\/2725\/revisions\/4266"}],"wp:featuredmedia":[{"embeddable":true,"href":"https:\/\/orthogogo.com\/es\/wp-json\/wp\/v2\/media\/3172"}],"wp:attachment":[{"href":"https:\/\/orthogogo.com\/es\/wp-json\/wp\/v2\/media?parent=2725"}],"curies":[{"name":"wp","href":"https:\/\/api.w.org\/{rel}","templated":true}]}}