{"id":2106,"date":"2017-01-23T19:45:26","date_gmt":"2017-01-23T19:45:26","guid":{"rendered":"http:\/\/ortho.moderninfluence.com\/?page_id=2106"},"modified":"2021-09-28T16:16:54","modified_gmt":"2021-09-28T16:16:54","slug":"ortodoncistas-en-shawnee-ok","status":"publish","type":"page","link":"https:\/\/orthogogo.com\/es\/ortodoncistas-en-shawnee-ok\/","title":{"rendered":"Visite Sky Ortho en Shawnee OK &#8212; donde hacemos bellas sonrisas"},"content":{"rendered":"<figure id=\"attachment_2773\" aria-describedby=\"caption-attachment-2773\" style=\"width: 900px\" class=\"wp-caption alignnone\"><a style=\"font-size: 16px;\" href=\"https:\/\/orthogogo.com\/es\/\/wp-content\/uploads\/2020\/09\/sky-orthodontics-shawnee.jpg\" target=\"_blank\" rel=\"noopener noreferrer\"><img loading=\"lazy\" decoding=\"async\" class=\"wp-image-2773 size-full\" src=\"https:\/\/orthogogo.com\/es\/\/wp-content\/uploads\/2020\/09\/sky-orthodontics-shawnee.jpg\" alt=\"sky-ortho\" width=\"900\" height=\"600\" \/><\/a><figcaption id=\"caption-attachment-2773\" class=\"wp-caption-text\"><span style=\"color: #ff6600;\">Shawnee OK &#8212; \u00a1Bienvenido a Sky Ortho Shawnee! Esperamos que disfrute de su visita.<\/span><\/figcaption><\/figure>\n<h2><strong>Shawnee OK &#8212; Sky Ortho le invita a visitar su hermosa oficina ubicada en Union Avenue\u00a0<\/strong><\/h2>\n<figure id=\"attachment_2778\" aria-describedby=\"caption-attachment-2778\" style=\"width: 900px\" class=\"wp-caption alignnone\"><a href=\"https:\/\/orthogogo.com\/es\/\/wp-content\/uploads\/2020\/09\/shawnee-orthodontist-office.jpg\" target=\"_blank\" rel=\"noopener noreferrer\"><img loading=\"lazy\" decoding=\"async\" class=\"wp-image-2778 size-full\" src=\"https:\/\/orthogogo.com\/es\/\/wp-content\/uploads\/2020\/09\/shawnee-orthodontist-office.jpg\" alt=\"Orthodontist Shawnee OK\" width=\"900\" height=\"600\" \/><\/a><figcaption id=\"caption-attachment-2778\" class=\"wp-caption-text\">Nuestros sillones dentales son c\u00f3modos y tan bellos como una obra de arte.<\/figcaption><\/figure>\n<p>En Sky Ortho un gran equipo de ortodoncistas lo est\u00e1 esperando, cuando nos visite podr\u00e1 conocer a la Dra. Priscilla Pickens-Larson, DMD y el Dr. Ryan Fitzgerald, DDS, MS, as\u00ed como a su excelente equipo de trabajo. Nos complace invitarlo a visitar nuestra hermosa oficina de Shawnee. Nuestra oficina Sky Ortho Shawnee est\u00e1 convenientemente ubicada en la esquina de 45th y Union Avenue. De hecho, estamos seguros de que nuestro ambiente tipo spa ayudar\u00e1 a que disfrute a\u00fan m\u00e1s de la experiencia.<\/p>\n<p>Sky Ortho abri\u00f3 su primera oficina en Shawnee en el a\u00f1o 2017.\u00a0 En 2018, comenzamos la construcci\u00f3n de nuestra actual oficina en Shawnee. Estamos muy entusiasmados con Shawnee y la maravillosa comunidad a la que servimos. Para mostrar nuestro agradecimiento, hemos trabajado arduamente para que nuestra oficina sea lo m\u00e1s c\u00f3moda\u00a0 y acogedora posible para todos los pacientes.<\/p>\n<p><center><iframe loading=\"lazy\" src=\"https:\/\/www.youtube.com\/embed\/xrckwaybKw4\" width=\"560\" height=\"315\" frameborder=\"0\" allowfullscreen=\"allowfullscreen\"><\/iframe><\/center><\/p>\n<hr \/>\n<h2>Pase a saludarnos y eche un vistazo a nuestra oficina en Shawnee OK<\/h2>\n<figure id=\"attachment_2776\" aria-describedby=\"caption-attachment-2776\" style=\"width: 900px\" class=\"wp-caption alignnone\"><img loading=\"lazy\" decoding=\"async\" class=\"wp-image-2776 size-full\" src=\"https:\/\/orthogogo.com\/es\/\/wp-content\/uploads\/2019\/03\/Sky-ortho-shawnee-ok-e1590082830345.jpg\" alt=\"Sky Ortho Office\" width=\"900\" height=\"600\" srcset=\"https:\/\/orthogogo.com\/es\/wp-content\/uploads\/2019\/03\/Sky-ortho-shawnee-ok-e1590082830345.jpg 900w, https:\/\/orthogogo.com\/es\/wp-content\/uploads\/2019\/03\/Sky-ortho-shawnee-ok-e1590082830345-300x200.jpg 300w, https:\/\/orthogogo.com\/es\/wp-content\/uploads\/2019\/03\/Sky-ortho-shawnee-ok-e1590082830345-768x512.jpg 768w\" sizes=\"auto, (max-width: 900px) 100vw, 900px\" \/><figcaption id=\"caption-attachment-2776\" class=\"wp-caption-text\">Le encantar\u00e1 nuestro ambiente confortable y acogedor.<\/figcaption><\/figure>\n<p>\u201cEstamos absolutamente encantados de invertir en la comunidad de Shawnee y en esta ubicaci\u00f3n especial,\u00a0 poniendo a disposici\u00f3n de la comunidad los \u00faltimos procedimientos en ortodoncia y la m\u00e1s avanzada tecnolog\u00eda en el \u00e1rea.\u201d, &#8212; Dra. Larson y su socio el Dr. Fitzgerald.<\/p>\n<figure id=\"attachment_2774\" aria-describedby=\"caption-attachment-2774\" style=\"width: 900px\" class=\"wp-caption alignnone\"><img loading=\"lazy\" decoding=\"async\" class=\"wp-image-2774 size-full\" src=\"https:\/\/orthogogo.com\/es\/\/wp-content\/uploads\/2019\/03\/orthodontist-office-e1590083040805.jpg\" alt=\"Sky Ortho Office\" width=\"900\" height=\"600\" srcset=\"https:\/\/orthogogo.com\/es\/wp-content\/uploads\/2019\/03\/orthodontist-office-e1590083040805.jpg 900w, https:\/\/orthogogo.com\/es\/wp-content\/uploads\/2019\/03\/orthodontist-office-e1590083040805-300x200.jpg 300w, https:\/\/orthogogo.com\/es\/wp-content\/uploads\/2019\/03\/orthodontist-office-e1590083040805-768x512.jpg 768w\" sizes=\"auto, (max-width: 900px) 100vw, 900px\" \/><figcaption id=\"caption-attachment-2774\" class=\"wp-caption-text\">Nuestras salas de examenes son muy c\u00f3modas y acogedoras. Adem\u00e1s, mam\u00e1 y pap\u00e1 pueden acompa\u00f1ar a los ni\u00f1os si quieren.<\/figcaption><\/figure>\n<p><a href=\"https:\/\/www.google.com\/maps\/place\/Sky+Ortho\/@35.3831052,-96.9264984,17z\/data=!3m1!4b1!4m5!3m4!1s0x87b3c8096fd2c7fb:0xdf241318b5f8c73c!8m2!3d35.3831008!4d-96.9243044\"><strong>Sky Ortho \u2013 Shawnee<\/strong><br \/>\n4392 N Union Ave #100,<\/a><br \/>\n<a href=\"https:\/\/www.google.com\/maps\/place\/Sky+Ortho\/@35.3831052,-96.9264984,17z\/data=!3m1!4b1!4m5!3m4!1s0x87b3c8096fd2c7fb:0xdf241318b5f8c73c!8m2!3d35.3831008!4d-96.9243044\">Shawnee, OK 74804<br \/>\n<\/a><a href=\"tel:(405) 275-3800\">(405) 275-3800<\/a><\/p>\n<hr \/>\n<h2><strong>Horario extendido para estudiantes y trabajadores<\/strong><\/h2>\n<figure id=\"attachment_2777\" aria-describedby=\"caption-attachment-2777\" style=\"width: 900px\" class=\"wp-caption alignnone\"><img loading=\"lazy\" decoding=\"async\" class=\"wp-image-2777 size-full\" src=\"https:\/\/orthogogo.com\/es\/\/wp-content\/uploads\/2019\/03\/orthodontics-office-shawnee-e1590083476566.jpg\" alt=\"Sky Ortho Interoffice\" width=\"900\" height=\"600\" srcset=\"https:\/\/orthogogo.com\/es\/wp-content\/uploads\/2019\/03\/orthodontics-office-shawnee-e1590083476566.jpg 900w, https:\/\/orthogogo.com\/es\/wp-content\/uploads\/2019\/03\/orthodontics-office-shawnee-e1590083476566-300x200.jpg 300w, https:\/\/orthogogo.com\/es\/wp-content\/uploads\/2019\/03\/orthodontics-office-shawnee-e1590083476566-768x512.jpg 768w\" sizes=\"auto, (max-width: 900px) 100vw, 900px\" \/><figcaption id=\"caption-attachment-2777\" class=\"wp-caption-text\">Trabajamos arduamente para adaptarnos a los apretados horarios de nuestros pacientes en todas las edades y etapas de la vida.<\/figcaption><\/figure>\n<p>Como siempre, la expansi\u00f3n de Sky Ortho permite d\u00edas m\u00e9dicos adicionales en Shawnee y tambi\u00e9n permite que nuestros pacientes de ortodoncia en Shawnee acudan a la cl\u00ednica de Moore para emergencias y programaci\u00f3n. Adem\u00e1s, el Dr. Larson programa cada dos s\u00e1bados en la ubicaci\u00f3n de Shawnee. Consulte nuestro calendario para obtener m\u00e1s informaci\u00f3n.<\/p>\n<hr \/>\n<h2>M\u00e1s sobre nuestra filosof\u00eda de sonrisas y la tecnolog\u00eda en Ortodoncia en Shawnee OK<\/h2>\n<figure id=\"attachment_2775\" aria-describedby=\"caption-attachment-2775\" style=\"width: 200px\" class=\"wp-caption alignleft\"><img loading=\"lazy\" decoding=\"async\" class=\"wp-image-2775 size-medium\" src=\"https:\/\/orthogogo.com\/es\/\/wp-content\/uploads\/2019\/03\/Sky-Ortho-Shawnee-Inside-200x300.jpg\" alt=\"Sky Ortho Inside\" width=\"200\" height=\"300\" srcset=\"https:\/\/orthogogo.com\/es\/wp-content\/uploads\/2019\/03\/Sky-Ortho-Shawnee-Inside-200x300.jpg 200w, https:\/\/orthogogo.com\/es\/wp-content\/uploads\/2019\/03\/Sky-Ortho-Shawnee-Inside-682x1024.jpg 682w, https:\/\/orthogogo.com\/es\/wp-content\/uploads\/2019\/03\/Sky-Ortho-Shawnee-Inside-768x1153.jpg 768w, https:\/\/orthogogo.com\/es\/wp-content\/uploads\/2019\/03\/Sky-Ortho-Shawnee-Inside-1024x1536.jpg 1024w, https:\/\/orthogogo.com\/es\/wp-content\/uploads\/2019\/03\/Sky-Ortho-Shawnee-Inside-1365x2048.jpg 1365w, https:\/\/orthogogo.com\/es\/wp-content\/uploads\/2019\/03\/Sky-Ortho-Shawnee-Inside.jpg 1382w\" sizes=\"auto, (max-width: 200px) 100vw, 200px\" \/><figcaption id=\"caption-attachment-2775\" class=\"wp-caption-text\">Excelente ambiente para el aprendizaje sobre el cuidado dental y mantenimiento adecuado de sus aparatos ortop\u00e9dicos.<\/figcaption><\/figure>\n<p>Empiece hoy mismo en Sky Ortho y disfrute de la \u00faltima tecnolog\u00eda disponible en odontolog\u00eda.<\/p>\n<p>Salude a la Dra. Larson o s\u00edgala en Twitter, a\u00fan si ya tiene una gran sonrisa. Y si es miembro de una organizaci\u00f3n local que esta interesada en conocer m\u00e1s sobre nuestra filosof\u00eda de la sonrisa o de las nuevas tecnolog\u00edas en odontolog\u00eda que Sky Ortho le ofrece, consulte con la Dra, Larson para agendar en su pr\u00f3xima reuni\u00f3n mensual.<\/p>\n<p>S\u00edganos en Facebook para informarse de las \u00faltimas noticias. Consulte las calificaciones y los comentarios de nuestros pacientes \u00f3 calif\u00edquenos y comparta sus comentarios en Yelp.com<\/p>\n<p><center><iframe loading=\"lazy\" style=\"border: 0;\" src=\"https:\/\/www.google.com\/maps\/embed?pb=!1m14!1m8!1m3!1d13012.73705528877!2d-96.9215772!3d35.3758856!3m2!1i1024!2i768!4f13.1!3m3!1m2!1s0x0%3A0xdf241318b5f8c73c!2sSky%20Ortho%20-%20Shawnee!5e0!3m2!1sen!2sus!4v1578590371793!5m2!1sen!2sus\" width=\"600\" height=\"450\" frameborder=\"0\" allowfullscreen=\"allowfullscreen\"><\/iframe><\/center><\/p>\n","protected":false},"excerpt":{"rendered":"<p>Shawnee OK &#8212; Sky Ortho le invita a visitar su hermosa oficina ubicada en Union Avenue\u00a0 En Sky Ortho un gran equipo de ortodoncistas lo est\u00e1 esperando, cuando nos visite podr\u00e1 conocer a la Dra. Priscilla Pickens-Larson, DMD y el Dr. Ryan Fitzgerald, DDS, MS, as\u00ed como a su excelente equipo de trabajo. Nos complace [&hellip;]<\/p>\n","protected":false},"author":1,"featured_media":2778,"parent":0,"menu_order":0,"comment_status":"closed","ping_status":"closed","template":"tpls\/template-about.php","meta":{"footnotes":""},"class_list":["post-2106","page","type-page","status-publish","has-post-thumbnail","hentry"],"yoast_head":"<!-- This site is optimized with the Yoast SEO plugin v27.3 - https:\/\/yoast.com\/product\/yoast-seo-wordpress\/ -->\n<title>Ortodoncistas en Shawnee Ok - Brackets and Invisalign<\/title>\n<meta name=\"description\" content=\"Ortodoncistas en Shawnee Ok - Dr. Priscilla Larson and skilled staff at Sky Ortho craft a smile you are proud to show off. Braces and Invisalign.\" \/>\n<meta name=\"robots\" content=\"index, follow, max-snippet:-1, max-image-preview:large, max-video-preview:-1\" \/>\n<link rel=\"canonical\" href=\"https:\/\/orthogogo.com\/es\/ortodoncistas-en-shawnee-ok\/\" \/>\n<meta property=\"og:locale\" content=\"es_ES\" \/>\n<meta property=\"og:type\" content=\"article\" \/>\n<meta property=\"og:title\" content=\"Ortodoncistas en Shawnee Ok - Brackets and Invisalign\" \/>\n<meta property=\"og:description\" content=\"Ortodoncistas en Shawnee Ok - Dr. Priscilla Larson and skilled staff at Sky Ortho craft a smile you are proud to show off. Braces and Invisalign.\" \/>\n<meta property=\"og:url\" content=\"https:\/\/orthogogo.com\/es\/ortodoncistas-en-shawnee-ok\/\" \/>\n<meta property=\"og:site_name\" content=\"Sky Ortho\" \/>\n<meta property=\"article:modified_time\" content=\"2021-09-28T16:16:54+00:00\" \/>\n<meta property=\"og:image\" content=\"https:\/\/orthogogo.com\/es\/wp-content\/uploads\/2019\/03\/shawnee-orthodontist-office-e1590082426281.jpg\" \/>\n\t<meta property=\"og:image:width\" content=\"900\" \/>\n\t<meta property=\"og:image:height\" content=\"600\" \/>\n\t<meta property=\"og:image:type\" content=\"image\/jpeg\" \/>\n<meta name=\"twitter:card\" content=\"summary_large_image\" \/>\n<meta name=\"twitter:label1\" content=\"Tiempo de lectura\" \/>\n\t<meta name=\"twitter:data1\" content=\"4 minutos\" \/>\n<script type=\"application\/ld+json\" class=\"yoast-schema-graph\">{\"@context\":\"https:\\\/\\\/schema.org\",\"@graph\":[{\"@type\":\"WebPage\",\"@id\":\"https:\\\/\\\/orthogogo.com\\\/es\\\/ortodoncistas-en-shawnee-ok\\\/\",\"url\":\"https:\\\/\\\/orthogogo.com\\\/es\\\/ortodoncistas-en-shawnee-ok\\\/\",\"name\":\"Ortodoncistas en Shawnee Ok - Brackets and Invisalign\",\"isPartOf\":{\"@id\":\"https:\\\/\\\/orthogogo.com\\\/es\\\/#website\"},\"primaryImageOfPage\":{\"@id\":\"https:\\\/\\\/orthogogo.com\\\/es\\\/ortodoncistas-en-shawnee-ok\\\/#primaryimage\"},\"image\":{\"@id\":\"https:\\\/\\\/orthogogo.com\\\/es\\\/ortodoncistas-en-shawnee-ok\\\/#primaryimage\"},\"thumbnailUrl\":\"https:\\\/\\\/orthogogo.com\\\/es\\\/wp-content\\\/uploads\\\/2019\\\/03\\\/shawnee-orthodontist-office-e1590082426281.jpg\",\"datePublished\":\"2017-01-23T19:45:26+00:00\",\"dateModified\":\"2021-09-28T16:16:54+00:00\",\"description\":\"Ortodoncistas en Shawnee Ok - Dr. Priscilla Larson and skilled staff at Sky Ortho craft a smile you are proud to show off. Braces and Invisalign.\",\"breadcrumb\":{\"@id\":\"https:\\\/\\\/orthogogo.com\\\/es\\\/ortodoncistas-en-shawnee-ok\\\/#breadcrumb\"},\"inLanguage\":\"es\",\"potentialAction\":[{\"@type\":\"ReadAction\",\"target\":[\"https:\\\/\\\/orthogogo.com\\\/es\\\/ortodoncistas-en-shawnee-ok\\\/\"]}]},{\"@type\":\"ImageObject\",\"inLanguage\":\"es\",\"@id\":\"https:\\\/\\\/orthogogo.com\\\/es\\\/ortodoncistas-en-shawnee-ok\\\/#primaryimage\",\"url\":\"https:\\\/\\\/orthogogo.com\\\/es\\\/wp-content\\\/uploads\\\/2019\\\/03\\\/shawnee-orthodontist-office-e1590082426281.jpg\",\"contentUrl\":\"https:\\\/\\\/orthogogo.com\\\/es\\\/wp-content\\\/uploads\\\/2019\\\/03\\\/shawnee-orthodontist-office-e1590082426281.jpg\",\"width\":900,\"height\":600,\"caption\":\"Shawnee Orthodontist Office\"},{\"@type\":\"BreadcrumbList\",\"@id\":\"https:\\\/\\\/orthogogo.com\\\/es\\\/ortodoncistas-en-shawnee-ok\\\/#breadcrumb\",\"itemListElement\":[{\"@type\":\"ListItem\",\"position\":1,\"name\":\"Home\",\"item\":\"https:\\\/\\\/orthogogo.com\\\/es\\\/\"},{\"@type\":\"ListItem\",\"position\":2,\"name\":\"Visite Sky Ortho en Shawnee OK &#8212; donde hacemos bellas sonrisas\"}]},{\"@type\":\"WebSite\",\"@id\":\"https:\\\/\\\/orthogogo.com\\\/es\\\/#website\",\"url\":\"https:\\\/\\\/orthogogo.com\\\/es\\\/\",\"name\":\"Sky Ortho\",\"description\":\"Ortodoncistas en OKC, Moore, Shawnee &amp; Norman\",\"publisher\":{\"@id\":\"https:\\\/\\\/orthogogo.com\\\/es\\\/#organization\"},\"potentialAction\":[{\"@type\":\"SearchAction\",\"target\":{\"@type\":\"EntryPoint\",\"urlTemplate\":\"https:\\\/\\\/orthogogo.com\\\/es\\\/?s={search_term_string}\"},\"query-input\":{\"@type\":\"PropertyValueSpecification\",\"valueRequired\":true,\"valueName\":\"search_term_string\"}}],\"inLanguage\":\"es\"},{\"@type\":\"Organization\",\"@id\":\"https:\\\/\\\/orthogogo.com\\\/es\\\/#organization\",\"name\":\"Sky Ortho\",\"url\":\"https:\\\/\\\/orthogogo.com\\\/es\\\/\",\"logo\":{\"@type\":\"ImageObject\",\"inLanguage\":\"es\",\"@id\":\"https:\\\/\\\/orthogogo.com\\\/es\\\/#\\\/schema\\\/logo\\\/image\\\/\",\"url\":\"https:\\\/\\\/orthogogo.com\\\/es\\\/wp-content\\\/uploads\\\/2020\\\/09\\\/head-logo.png\",\"contentUrl\":\"https:\\\/\\\/orthogogo.com\\\/es\\\/wp-content\\\/uploads\\\/2020\\\/09\\\/head-logo.png\",\"width\":128,\"height\":128,\"caption\":\"Sky Ortho\"},\"image\":{\"@id\":\"https:\\\/\\\/orthogogo.com\\\/es\\\/#\\\/schema\\\/logo\\\/image\\\/\"}}]}<\/script>\n<!-- \/ Yoast SEO plugin. -->","yoast_head_json":{"title":"Ortodoncistas en Shawnee Ok - Brackets and Invisalign","description":"Ortodoncistas en Shawnee Ok - Dr. Priscilla Larson and skilled staff at Sky Ortho craft a smile you are proud to show off. Braces and Invisalign.","robots":{"index":"index","follow":"follow","max-snippet":"max-snippet:-1","max-image-preview":"max-image-preview:large","max-video-preview":"max-video-preview:-1"},"canonical":"https:\/\/orthogogo.com\/es\/ortodoncistas-en-shawnee-ok\/","og_locale":"es_ES","og_type":"article","og_title":"Ortodoncistas en Shawnee Ok - Brackets and Invisalign","og_description":"Ortodoncistas en Shawnee Ok - Dr. Priscilla Larson and skilled staff at Sky Ortho craft a smile you are proud to show off. Braces and Invisalign.","og_url":"https:\/\/orthogogo.com\/es\/ortodoncistas-en-shawnee-ok\/","og_site_name":"Sky Ortho","article_modified_time":"2021-09-28T16:16:54+00:00","og_image":[{"width":900,"height":600,"url":"https:\/\/orthogogo.com\/es\/wp-content\/uploads\/2019\/03\/shawnee-orthodontist-office-e1590082426281.jpg","type":"image\/jpeg"}],"twitter_card":"summary_large_image","twitter_misc":{"Tiempo de lectura":"4 minutos"},"schema":{"@context":"https:\/\/schema.org","@graph":[{"@type":"WebPage","@id":"https:\/\/orthogogo.com\/es\/ortodoncistas-en-shawnee-ok\/","url":"https:\/\/orthogogo.com\/es\/ortodoncistas-en-shawnee-ok\/","name":"Ortodoncistas en Shawnee Ok - Brackets and Invisalign","isPartOf":{"@id":"https:\/\/orthogogo.com\/es\/#website"},"primaryImageOfPage":{"@id":"https:\/\/orthogogo.com\/es\/ortodoncistas-en-shawnee-ok\/#primaryimage"},"image":{"@id":"https:\/\/orthogogo.com\/es\/ortodoncistas-en-shawnee-ok\/#primaryimage"},"thumbnailUrl":"https:\/\/orthogogo.com\/es\/wp-content\/uploads\/2019\/03\/shawnee-orthodontist-office-e1590082426281.jpg","datePublished":"2017-01-23T19:45:26+00:00","dateModified":"2021-09-28T16:16:54+00:00","description":"Ortodoncistas en Shawnee Ok - Dr. Priscilla Larson and skilled staff at Sky Ortho craft a smile you are proud to show off. Braces and Invisalign.","breadcrumb":{"@id":"https:\/\/orthogogo.com\/es\/ortodoncistas-en-shawnee-ok\/#breadcrumb"},"inLanguage":"es","potentialAction":[{"@type":"ReadAction","target":["https:\/\/orthogogo.com\/es\/ortodoncistas-en-shawnee-ok\/"]}]},{"@type":"ImageObject","inLanguage":"es","@id":"https:\/\/orthogogo.com\/es\/ortodoncistas-en-shawnee-ok\/#primaryimage","url":"https:\/\/orthogogo.com\/es\/wp-content\/uploads\/2019\/03\/shawnee-orthodontist-office-e1590082426281.jpg","contentUrl":"https:\/\/orthogogo.com\/es\/wp-content\/uploads\/2019\/03\/shawnee-orthodontist-office-e1590082426281.jpg","width":900,"height":600,"caption":"Shawnee Orthodontist Office"},{"@type":"BreadcrumbList","@id":"https:\/\/orthogogo.com\/es\/ortodoncistas-en-shawnee-ok\/#breadcrumb","itemListElement":[{"@type":"ListItem","position":1,"name":"Home","item":"https:\/\/orthogogo.com\/es\/"},{"@type":"ListItem","position":2,"name":"Visite Sky Ortho en Shawnee OK &#8212; donde hacemos bellas sonrisas"}]},{"@type":"WebSite","@id":"https:\/\/orthogogo.com\/es\/#website","url":"https:\/\/orthogogo.com\/es\/","name":"Sky Ortho","description":"Ortodoncistas en OKC, Moore, Shawnee &amp; Norman","publisher":{"@id":"https:\/\/orthogogo.com\/es\/#organization"},"potentialAction":[{"@type":"SearchAction","target":{"@type":"EntryPoint","urlTemplate":"https:\/\/orthogogo.com\/es\/?s={search_term_string}"},"query-input":{"@type":"PropertyValueSpecification","valueRequired":true,"valueName":"search_term_string"}}],"inLanguage":"es"},{"@type":"Organization","@id":"https:\/\/orthogogo.com\/es\/#organization","name":"Sky Ortho","url":"https:\/\/orthogogo.com\/es\/","logo":{"@type":"ImageObject","inLanguage":"es","@id":"https:\/\/orthogogo.com\/es\/#\/schema\/logo\/image\/","url":"https:\/\/orthogogo.com\/es\/wp-content\/uploads\/2020\/09\/head-logo.png","contentUrl":"https:\/\/orthogogo.com\/es\/wp-content\/uploads\/2020\/09\/head-logo.png","width":128,"height":128,"caption":"Sky Ortho"},"image":{"@id":"https:\/\/orthogogo.com\/es\/#\/schema\/logo\/image\/"}}]}},"_links":{"self":[{"href":"https:\/\/orthogogo.com\/es\/wp-json\/wp\/v2\/pages\/2106","targetHints":{"allow":["GET"]}}],"collection":[{"href":"https:\/\/orthogogo.com\/es\/wp-json\/wp\/v2\/pages"}],"about":[{"href":"https:\/\/orthogogo.com\/es\/wp-json\/wp\/v2\/types\/page"}],"author":[{"embeddable":true,"href":"https:\/\/orthogogo.com\/es\/wp-json\/wp\/v2\/users\/1"}],"replies":[{"embeddable":true,"href":"https:\/\/orthogogo.com\/es\/wp-json\/wp\/v2\/comments?post=2106"}],"version-history":[{"count":14,"href":"https:\/\/orthogogo.com\/es\/wp-json\/wp\/v2\/pages\/2106\/revisions"}],"predecessor-version":[{"id":3975,"href":"https:\/\/orthogogo.com\/es\/wp-json\/wp\/v2\/pages\/2106\/revisions\/3975"}],"wp:featuredmedia":[{"embeddable":true,"href":"https:\/\/orthogogo.com\/es\/wp-json\/wp\/v2\/media\/2778"}],"wp:attachment":[{"href":"https:\/\/orthogogo.com\/es\/wp-json\/wp\/v2\/media?parent=2106"}],"curies":[{"name":"wp","href":"https:\/\/api.w.org\/{rel}","templated":true}]}}