{"id":2090,"date":"2016-12-02T15:17:38","date_gmt":"2016-12-02T15:17:38","guid":{"rendered":"https:\/\/orthogogo.com\/es\/?page_id=2090"},"modified":"2022-01-28T15:15:16","modified_gmt":"2022-01-28T15:15:16","slug":"patient-history","status":"publish","type":"page","link":"https:\/\/orthogogo.com\/es\/patients\/patient-history\/","title":{"rendered":"Formatos para Pacientes"},"content":{"rendered":"<p>Todos los pacientes nuevos deben completar un formulario HIPAA y un su historial de paciente ( en ingl\u00e9s o espa\u00f1ol).<\/p>\n<h5 style=\"text-align: left;\"><em>Muchas Gracias.<\/em><\/h5>\n<p><code><br \/>\n<a href=\"https:\/\/www.orthoii-forms.com\/custom\/3491\/healthhistory\/HIPAA.aspx?custid=3491\" target=\"_blank\" rel=\"noopener noreferrer\">Formulario HIPAA<br \/>\n(ingl\u00e9s)<\/a><\/p>\n<p><a href=\"https:\/\/orthoii-forms.com\/custom\/3491\/HealthHistory\/HealthHistoryV2.aspx?culture=es-PR&#038;custid=3491\" target=\"_blank\" rel=\"noopener noreferrer\">Historia<br \/>\nCl\u00ednica (incluye HIPAA)<\/a><\/p>\n<p><a href=\"https:\/\/orthogogo.com\/es\/\/critical-referral-form\/\">Formulario<br \/>\nReferido por Doctor<\/a><br \/>\n<\/code><\/p>\n<p>&nbsp;<\/p>\n","protected":false},"excerpt":{"rendered":"<p>Todos los pacientes nuevos deben completar un formulario HIPAA y un su historial de paciente ( en ingl\u00e9s o espa\u00f1ol). Muchas Gracias. Formulario HIPAA (ingl\u00e9s) Historia Cl\u00ednica (incluye HIPAA) Formulario Referido por Doctor &nbsp;<\/p>\n","protected":false},"author":1,"featured_media":0,"parent":3671,"menu_order":0,"comment_status":"closed","ping_status":"closed","template":"tpls\/template-patients.php","meta":{"footnotes":""},"class_list":["post-2090","page","type-page","status-publish","hentry"],"yoast_head":"<!-- This site is optimized with the Yoast SEO plugin v27.3 - https:\/\/yoast.com\/product\/yoast-seo-wordpress\/ -->\n<title>patient history<\/title>\n<meta name=\"description\" content=\"All new patients must fill out a Hippa form and Patient History form (English or Spanish).\" \/>\n<meta name=\"robots\" content=\"noindex, follow\" \/>\n<meta property=\"og:locale\" content=\"es_ES\" \/>\n<meta property=\"og:type\" content=\"article\" \/>\n<meta property=\"og:title\" content=\"patient history\" \/>\n<meta property=\"og:description\" content=\"All new patients must fill out a Hippa form and Patient History form (English or Spanish).\" \/>\n<meta property=\"og:url\" content=\"https:\/\/orthogogo.com\/es\/patients\/patient-history\/\" \/>\n<meta property=\"og:site_name\" content=\"Sky Ortho\" \/>\n<meta property=\"article:modified_time\" content=\"2022-01-28T15:15:16+00:00\" \/>\n<meta name=\"twitter:card\" content=\"summary_large_image\" \/>\n<meta name=\"twitter:label1\" content=\"Tiempo de lectura\" \/>\n\t<meta name=\"twitter:data1\" content=\"1 minuto\" \/>\n<script type=\"application\/ld+json\" class=\"yoast-schema-graph\">{\"@context\":\"https:\\\/\\\/schema.org\",\"@graph\":[{\"@type\":\"WebPage\",\"@id\":\"https:\\\/\\\/orthogogo.com\\\/es\\\/patients\\\/patient-history\\\/\",\"url\":\"https:\\\/\\\/orthogogo.com\\\/es\\\/patients\\\/patient-history\\\/\",\"name\":\"patient history\",\"isPartOf\":{\"@id\":\"https:\\\/\\\/orthogogo.com\\\/es\\\/#website\"},\"datePublished\":\"2016-12-02T15:17:38+00:00\",\"dateModified\":\"2022-01-28T15:15:16+00:00\",\"description\":\"All new patients must fill out a Hippa form and Patient History form (English or Spanish).\",\"breadcrumb\":{\"@id\":\"https:\\\/\\\/orthogogo.com\\\/es\\\/patients\\\/patient-history\\\/#breadcrumb\"},\"inLanguage\":\"es\",\"potentialAction\":[{\"@type\":\"ReadAction\",\"target\":[\"https:\\\/\\\/orthogogo.com\\\/es\\\/patients\\\/patient-history\\\/\"]}]},{\"@type\":\"BreadcrumbList\",\"@id\":\"https:\\\/\\\/orthogogo.com\\\/es\\\/patients\\\/patient-history\\\/#breadcrumb\",\"itemListElement\":[{\"@type\":\"ListItem\",\"position\":1,\"name\":\"Home\",\"item\":\"https:\\\/\\\/orthogogo.com\\\/es\\\/\"},{\"@type\":\"ListItem\",\"position\":2,\"name\":\"Patients\",\"item\":\"https:\\\/\\\/orthogogo.com\\\/es\\\/patients\\\/\"},{\"@type\":\"ListItem\",\"position\":3,\"name\":\"Formatos para Pacientes\"}]},{\"@type\":\"WebSite\",\"@id\":\"https:\\\/\\\/orthogogo.com\\\/es\\\/#website\",\"url\":\"https:\\\/\\\/orthogogo.com\\\/es\\\/\",\"name\":\"Sky Ortho\",\"description\":\"Ortodoncistas en OKC, Moore, Shawnee &amp; Norman\",\"publisher\":{\"@id\":\"https:\\\/\\\/orthogogo.com\\\/es\\\/#organization\"},\"potentialAction\":[{\"@type\":\"SearchAction\",\"target\":{\"@type\":\"EntryPoint\",\"urlTemplate\":\"https:\\\/\\\/orthogogo.com\\\/es\\\/?s={search_term_string}\"},\"query-input\":{\"@type\":\"PropertyValueSpecification\",\"valueRequired\":true,\"valueName\":\"search_term_string\"}}],\"inLanguage\":\"es\"},{\"@type\":\"Organization\",\"@id\":\"https:\\\/\\\/orthogogo.com\\\/es\\\/#organization\",\"name\":\"Sky Ortho\",\"url\":\"https:\\\/\\\/orthogogo.com\\\/es\\\/\",\"logo\":{\"@type\":\"ImageObject\",\"inLanguage\":\"es\",\"@id\":\"https:\\\/\\\/orthogogo.com\\\/es\\\/#\\\/schema\\\/logo\\\/image\\\/\",\"url\":\"https:\\\/\\\/orthogogo.com\\\/es\\\/wp-content\\\/uploads\\\/2020\\\/09\\\/head-logo.png\",\"contentUrl\":\"https:\\\/\\\/orthogogo.com\\\/es\\\/wp-content\\\/uploads\\\/2020\\\/09\\\/head-logo.png\",\"width\":128,\"height\":128,\"caption\":\"Sky Ortho\"},\"image\":{\"@id\":\"https:\\\/\\\/orthogogo.com\\\/es\\\/#\\\/schema\\\/logo\\\/image\\\/\"}}]}<\/script>\n<!-- \/ Yoast SEO plugin. -->","yoast_head_json":{"title":"patient history","description":"All new patients must fill out a Hippa form and Patient History form (English or Spanish).","robots":{"index":"noindex","follow":"follow"},"og_locale":"es_ES","og_type":"article","og_title":"patient history","og_description":"All new patients must fill out a Hippa form and Patient History form (English or Spanish).","og_url":"https:\/\/orthogogo.com\/es\/patients\/patient-history\/","og_site_name":"Sky Ortho","article_modified_time":"2022-01-28T15:15:16+00:00","twitter_card":"summary_large_image","twitter_misc":{"Tiempo de lectura":"1 minuto"},"schema":{"@context":"https:\/\/schema.org","@graph":[{"@type":"WebPage","@id":"https:\/\/orthogogo.com\/es\/patients\/patient-history\/","url":"https:\/\/orthogogo.com\/es\/patients\/patient-history\/","name":"patient history","isPartOf":{"@id":"https:\/\/orthogogo.com\/es\/#website"},"datePublished":"2016-12-02T15:17:38+00:00","dateModified":"2022-01-28T15:15:16+00:00","description":"All new patients must fill out a Hippa form and Patient History form (English or Spanish).","breadcrumb":{"@id":"https:\/\/orthogogo.com\/es\/patients\/patient-history\/#breadcrumb"},"inLanguage":"es","potentialAction":[{"@type":"ReadAction","target":["https:\/\/orthogogo.com\/es\/patients\/patient-history\/"]}]},{"@type":"BreadcrumbList","@id":"https:\/\/orthogogo.com\/es\/patients\/patient-history\/#breadcrumb","itemListElement":[{"@type":"ListItem","position":1,"name":"Home","item":"https:\/\/orthogogo.com\/es\/"},{"@type":"ListItem","position":2,"name":"Patients","item":"https:\/\/orthogogo.com\/es\/patients\/"},{"@type":"ListItem","position":3,"name":"Formatos para Pacientes"}]},{"@type":"WebSite","@id":"https:\/\/orthogogo.com\/es\/#website","url":"https:\/\/orthogogo.com\/es\/","name":"Sky Ortho","description":"Ortodoncistas en OKC, Moore, Shawnee &amp; Norman","publisher":{"@id":"https:\/\/orthogogo.com\/es\/#organization"},"potentialAction":[{"@type":"SearchAction","target":{"@type":"EntryPoint","urlTemplate":"https:\/\/orthogogo.com\/es\/?s={search_term_string}"},"query-input":{"@type":"PropertyValueSpecification","valueRequired":true,"valueName":"search_term_string"}}],"inLanguage":"es"},{"@type":"Organization","@id":"https:\/\/orthogogo.com\/es\/#organization","name":"Sky Ortho","url":"https:\/\/orthogogo.com\/es\/","logo":{"@type":"ImageObject","inLanguage":"es","@id":"https:\/\/orthogogo.com\/es\/#\/schema\/logo\/image\/","url":"https:\/\/orthogogo.com\/es\/wp-content\/uploads\/2020\/09\/head-logo.png","contentUrl":"https:\/\/orthogogo.com\/es\/wp-content\/uploads\/2020\/09\/head-logo.png","width":128,"height":128,"caption":"Sky Ortho"},"image":{"@id":"https:\/\/orthogogo.com\/es\/#\/schema\/logo\/image\/"}}]}},"_links":{"self":[{"href":"https:\/\/orthogogo.com\/es\/wp-json\/wp\/v2\/pages\/2090","targetHints":{"allow":["GET"]}}],"collection":[{"href":"https:\/\/orthogogo.com\/es\/wp-json\/wp\/v2\/pages"}],"about":[{"href":"https:\/\/orthogogo.com\/es\/wp-json\/wp\/v2\/types\/page"}],"author":[{"embeddable":true,"href":"https:\/\/orthogogo.com\/es\/wp-json\/wp\/v2\/users\/1"}],"replies":[{"embeddable":true,"href":"https:\/\/orthogogo.com\/es\/wp-json\/wp\/v2\/comments?post=2090"}],"version-history":[{"count":36,"href":"https:\/\/orthogogo.com\/es\/wp-json\/wp\/v2\/pages\/2090\/revisions"}],"predecessor-version":[{"id":4238,"href":"https:\/\/orthogogo.com\/es\/wp-json\/wp\/v2\/pages\/2090\/revisions\/4238"}],"up":[{"embeddable":true,"href":"https:\/\/orthogogo.com\/es\/wp-json\/wp\/v2\/pages\/3671"}],"wp:attachment":[{"href":"https:\/\/orthogogo.com\/es\/wp-json\/wp\/v2\/media?parent=2090"}],"curies":[{"name":"wp","href":"https:\/\/api.w.org\/{rel}","templated":true}]}}