{"id":1984,"date":"2016-08-19T18:47:11","date_gmt":"2016-08-19T18:47:11","guid":{"rendered":"https:\/\/orthogogo.com\/es\/?page_id=1984"},"modified":"2021-09-09T22:19:04","modified_gmt":"2021-09-09T22:19:04","slug":"videos-de-ortodoncia","status":"publish","type":"page","link":"https:\/\/orthogogo.com\/es\/videos-de-ortodoncia\/","title":{"rendered":"Videos de Sky Ortho"},"content":{"rendered":"<p>En esta secci\u00f3n de nuestra web, ponemos a su disposici\u00f3n varios videos de nuestra familia <a href=\"https:\/\/orthogogo.com\/es\/\">Sky Ortho<\/a><\/p>\n<p>Estos videos est\u00e1n en idioma Ingl\u00e9s, pero puede activar los <a href=\"https:\/\/www.youtube.com\/watch?v=ODoLVKgt7RU\" target=\"_blank\" rel=\"noopener\">Subt\u00edtulos de auto-traducci\u00f3n al espa\u00f1ol.<\/a><\/p>\n<h2>Nuestros \u00faltimos videos<\/h2>\n","protected":false},"excerpt":{"rendered":"<p>En esta secci\u00f3n de nuestra web, ponemos a su disposici\u00f3n varios videos de nuestra familia Sky Ortho Estos videos est\u00e1n en idioma Ingl\u00e9s, pero puede activar los Subt\u00edtulos de auto-traducci\u00f3n al espa\u00f1ol. Nuestros \u00faltimos videos<\/p>\n","protected":false},"author":1,"featured_media":3915,"parent":0,"menu_order":0,"comment_status":"closed","ping_status":"closed","template":"tpls\/template-about.php","meta":{"footnotes":""},"class_list":["post-1984","page","type-page","status-publish","has-post-thumbnail","hentry"],"yoast_head":"<!-- This site is optimized with the Yoast SEO plugin v27.3 - https:\/\/yoast.com\/product\/yoast-seo-wordpress\/ -->\n<title>Nuestros \u00faltimos videos de nuestra familia Sky Ortho<\/title>\n<meta name=\"description\" content=\"En esta secci\u00f3n de nuestra web le brindamos la oportunidad de ver totalmente gratis algunos videos de ortodoncias en Sky Ortho\" \/>\n<meta name=\"robots\" content=\"index, follow, max-snippet:-1, max-image-preview:large, max-video-preview:-1\" \/>\n<link rel=\"canonical\" href=\"https:\/\/orthogogo.com\/es\/videos-de-ortodoncia\/\" \/>\n<meta property=\"og:locale\" content=\"es_ES\" \/>\n<meta property=\"og:type\" content=\"article\" \/>\n<meta property=\"og:title\" content=\"Nuestros \u00faltimos videos de nuestra familia Sky Ortho\" \/>\n<meta property=\"og:description\" content=\"En esta secci\u00f3n de nuestra web le brindamos la oportunidad de ver totalmente gratis algunos videos de ortodoncias en Sky Ortho\" \/>\n<meta property=\"og:url\" content=\"https:\/\/orthogogo.com\/es\/videos-de-ortodoncia\/\" \/>\n<meta property=\"og:site_name\" content=\"Sky Ortho\" \/>\n<meta property=\"article:modified_time\" content=\"2021-09-09T22:19:04+00:00\" \/>\n<meta property=\"og:image\" content=\"https:\/\/orthogogo.com\/es\/wp-content\/uploads\/2021\/01\/Best-Smile-2.png\" \/>\n\t<meta property=\"og:image:width\" content=\"1024\" \/>\n\t<meta property=\"og:image:height\" content=\"698\" \/>\n\t<meta property=\"og:image:type\" content=\"image\/png\" \/>\n<meta name=\"twitter:card\" content=\"summary_large_image\" \/>\n<meta name=\"twitter:label1\" content=\"Tiempo de lectura\" \/>\n\t<meta name=\"twitter:data1\" content=\"1 minuto\" \/>\n<script type=\"application\/ld+json\" class=\"yoast-schema-graph\">{\"@context\":\"https:\\\/\\\/schema.org\",\"@graph\":[{\"@type\":\"WebPage\",\"@id\":\"https:\\\/\\\/orthogogo.com\\\/es\\\/videos-de-ortodoncia\\\/\",\"url\":\"https:\\\/\\\/orthogogo.com\\\/es\\\/videos-de-ortodoncia\\\/\",\"name\":\"Nuestros \u00faltimos videos de nuestra familia Sky Ortho\",\"isPartOf\":{\"@id\":\"https:\\\/\\\/orthogogo.com\\\/es\\\/#website\"},\"primaryImageOfPage\":{\"@id\":\"https:\\\/\\\/orthogogo.com\\\/es\\\/videos-de-ortodoncia\\\/#primaryimage\"},\"image\":{\"@id\":\"https:\\\/\\\/orthogogo.com\\\/es\\\/videos-de-ortodoncia\\\/#primaryimage\"},\"thumbnailUrl\":\"https:\\\/\\\/orthogogo.com\\\/es\\\/wp-content\\\/uploads\\\/2021\\\/01\\\/Best-Smile-2.png\",\"datePublished\":\"2016-08-19T18:47:11+00:00\",\"dateModified\":\"2021-09-09T22:19:04+00:00\",\"description\":\"En esta secci\u00f3n de nuestra web le brindamos la oportunidad de ver totalmente gratis algunos videos de ortodoncias en Sky Ortho\",\"breadcrumb\":{\"@id\":\"https:\\\/\\\/orthogogo.com\\\/es\\\/videos-de-ortodoncia\\\/#breadcrumb\"},\"inLanguage\":\"es\",\"potentialAction\":[{\"@type\":\"ReadAction\",\"target\":[\"https:\\\/\\\/orthogogo.com\\\/es\\\/videos-de-ortodoncia\\\/\"]}]},{\"@type\":\"ImageObject\",\"inLanguage\":\"es\",\"@id\":\"https:\\\/\\\/orthogogo.com\\\/es\\\/videos-de-ortodoncia\\\/#primaryimage\",\"url\":\"https:\\\/\\\/orthogogo.com\\\/es\\\/wp-content\\\/uploads\\\/2021\\\/01\\\/Best-Smile-2.png\",\"contentUrl\":\"https:\\\/\\\/orthogogo.com\\\/es\\\/wp-content\\\/uploads\\\/2021\\\/01\\\/Best-Smile-2.png\",\"width\":1024,\"height\":698,\"caption\":\"videos\"},{\"@type\":\"BreadcrumbList\",\"@id\":\"https:\\\/\\\/orthogogo.com\\\/es\\\/videos-de-ortodoncia\\\/#breadcrumb\",\"itemListElement\":[{\"@type\":\"ListItem\",\"position\":1,\"name\":\"Home\",\"item\":\"https:\\\/\\\/orthogogo.com\\\/es\\\/\"},{\"@type\":\"ListItem\",\"position\":2,\"name\":\"Videos de Sky Ortho\"}]},{\"@type\":\"WebSite\",\"@id\":\"https:\\\/\\\/orthogogo.com\\\/es\\\/#website\",\"url\":\"https:\\\/\\\/orthogogo.com\\\/es\\\/\",\"name\":\"Sky Ortho\",\"description\":\"Ortodoncistas en OKC, Moore, Shawnee &amp; Norman\",\"publisher\":{\"@id\":\"https:\\\/\\\/orthogogo.com\\\/es\\\/#organization\"},\"potentialAction\":[{\"@type\":\"SearchAction\",\"target\":{\"@type\":\"EntryPoint\",\"urlTemplate\":\"https:\\\/\\\/orthogogo.com\\\/es\\\/?s={search_term_string}\"},\"query-input\":{\"@type\":\"PropertyValueSpecification\",\"valueRequired\":true,\"valueName\":\"search_term_string\"}}],\"inLanguage\":\"es\"},{\"@type\":\"Organization\",\"@id\":\"https:\\\/\\\/orthogogo.com\\\/es\\\/#organization\",\"name\":\"Sky Ortho\",\"url\":\"https:\\\/\\\/orthogogo.com\\\/es\\\/\",\"logo\":{\"@type\":\"ImageObject\",\"inLanguage\":\"es\",\"@id\":\"https:\\\/\\\/orthogogo.com\\\/es\\\/#\\\/schema\\\/logo\\\/image\\\/\",\"url\":\"https:\\\/\\\/orthogogo.com\\\/es\\\/wp-content\\\/uploads\\\/2020\\\/09\\\/head-logo.png\",\"contentUrl\":\"https:\\\/\\\/orthogogo.com\\\/es\\\/wp-content\\\/uploads\\\/2020\\\/09\\\/head-logo.png\",\"width\":128,\"height\":128,\"caption\":\"Sky Ortho\"},\"image\":{\"@id\":\"https:\\\/\\\/orthogogo.com\\\/es\\\/#\\\/schema\\\/logo\\\/image\\\/\"}}]}<\/script>\n<!-- \/ Yoast SEO plugin. -->","yoast_head_json":{"title":"Nuestros \u00faltimos videos de nuestra familia Sky Ortho","description":"En esta secci\u00f3n de nuestra web le brindamos la oportunidad de ver totalmente gratis algunos videos de ortodoncias en Sky Ortho","robots":{"index":"index","follow":"follow","max-snippet":"max-snippet:-1","max-image-preview":"max-image-preview:large","max-video-preview":"max-video-preview:-1"},"canonical":"https:\/\/orthogogo.com\/es\/videos-de-ortodoncia\/","og_locale":"es_ES","og_type":"article","og_title":"Nuestros \u00faltimos videos de nuestra familia Sky Ortho","og_description":"En esta secci\u00f3n de nuestra web le brindamos la oportunidad de ver totalmente gratis algunos videos de ortodoncias en Sky Ortho","og_url":"https:\/\/orthogogo.com\/es\/videos-de-ortodoncia\/","og_site_name":"Sky Ortho","article_modified_time":"2021-09-09T22:19:04+00:00","og_image":[{"width":1024,"height":698,"url":"https:\/\/orthogogo.com\/es\/wp-content\/uploads\/2021\/01\/Best-Smile-2.png","type":"image\/png"}],"twitter_card":"summary_large_image","twitter_misc":{"Tiempo de lectura":"1 minuto"},"schema":{"@context":"https:\/\/schema.org","@graph":[{"@type":"WebPage","@id":"https:\/\/orthogogo.com\/es\/videos-de-ortodoncia\/","url":"https:\/\/orthogogo.com\/es\/videos-de-ortodoncia\/","name":"Nuestros \u00faltimos videos de nuestra familia Sky Ortho","isPartOf":{"@id":"https:\/\/orthogogo.com\/es\/#website"},"primaryImageOfPage":{"@id":"https:\/\/orthogogo.com\/es\/videos-de-ortodoncia\/#primaryimage"},"image":{"@id":"https:\/\/orthogogo.com\/es\/videos-de-ortodoncia\/#primaryimage"},"thumbnailUrl":"https:\/\/orthogogo.com\/es\/wp-content\/uploads\/2021\/01\/Best-Smile-2.png","datePublished":"2016-08-19T18:47:11+00:00","dateModified":"2021-09-09T22:19:04+00:00","description":"En esta secci\u00f3n de nuestra web le brindamos la oportunidad de ver totalmente gratis algunos videos de ortodoncias en Sky Ortho","breadcrumb":{"@id":"https:\/\/orthogogo.com\/es\/videos-de-ortodoncia\/#breadcrumb"},"inLanguage":"es","potentialAction":[{"@type":"ReadAction","target":["https:\/\/orthogogo.com\/es\/videos-de-ortodoncia\/"]}]},{"@type":"ImageObject","inLanguage":"es","@id":"https:\/\/orthogogo.com\/es\/videos-de-ortodoncia\/#primaryimage","url":"https:\/\/orthogogo.com\/es\/wp-content\/uploads\/2021\/01\/Best-Smile-2.png","contentUrl":"https:\/\/orthogogo.com\/es\/wp-content\/uploads\/2021\/01\/Best-Smile-2.png","width":1024,"height":698,"caption":"videos"},{"@type":"BreadcrumbList","@id":"https:\/\/orthogogo.com\/es\/videos-de-ortodoncia\/#breadcrumb","itemListElement":[{"@type":"ListItem","position":1,"name":"Home","item":"https:\/\/orthogogo.com\/es\/"},{"@type":"ListItem","position":2,"name":"Videos de Sky Ortho"}]},{"@type":"WebSite","@id":"https:\/\/orthogogo.com\/es\/#website","url":"https:\/\/orthogogo.com\/es\/","name":"Sky Ortho","description":"Ortodoncistas en OKC, Moore, Shawnee &amp; Norman","publisher":{"@id":"https:\/\/orthogogo.com\/es\/#organization"},"potentialAction":[{"@type":"SearchAction","target":{"@type":"EntryPoint","urlTemplate":"https:\/\/orthogogo.com\/es\/?s={search_term_string}"},"query-input":{"@type":"PropertyValueSpecification","valueRequired":true,"valueName":"search_term_string"}}],"inLanguage":"es"},{"@type":"Organization","@id":"https:\/\/orthogogo.com\/es\/#organization","name":"Sky Ortho","url":"https:\/\/orthogogo.com\/es\/","logo":{"@type":"ImageObject","inLanguage":"es","@id":"https:\/\/orthogogo.com\/es\/#\/schema\/logo\/image\/","url":"https:\/\/orthogogo.com\/es\/wp-content\/uploads\/2020\/09\/head-logo.png","contentUrl":"https:\/\/orthogogo.com\/es\/wp-content\/uploads\/2020\/09\/head-logo.png","width":128,"height":128,"caption":"Sky Ortho"},"image":{"@id":"https:\/\/orthogogo.com\/es\/#\/schema\/logo\/image\/"}}]}},"_links":{"self":[{"href":"https:\/\/orthogogo.com\/es\/wp-json\/wp\/v2\/pages\/1984","targetHints":{"allow":["GET"]}}],"collection":[{"href":"https:\/\/orthogogo.com\/es\/wp-json\/wp\/v2\/pages"}],"about":[{"href":"https:\/\/orthogogo.com\/es\/wp-json\/wp\/v2\/types\/page"}],"author":[{"embeddable":true,"href":"https:\/\/orthogogo.com\/es\/wp-json\/wp\/v2\/users\/1"}],"replies":[{"embeddable":true,"href":"https:\/\/orthogogo.com\/es\/wp-json\/wp\/v2\/comments?post=1984"}],"version-history":[{"count":13,"href":"https:\/\/orthogogo.com\/es\/wp-json\/wp\/v2\/pages\/1984\/revisions"}],"predecessor-version":[{"id":4110,"href":"https:\/\/orthogogo.com\/es\/wp-json\/wp\/v2\/pages\/1984\/revisions\/4110"}],"wp:featuredmedia":[{"embeddable":true,"href":"https:\/\/orthogogo.com\/es\/wp-json\/wp\/v2\/media\/3915"}],"wp:attachment":[{"href":"https:\/\/orthogogo.com\/es\/wp-json\/wp\/v2\/media?parent=1984"}],"curies":[{"name":"wp","href":"https:\/\/api.w.org\/{rel}","templated":true}]}}