{"id":1723,"date":"2016-03-24T20:22:38","date_gmt":"2016-03-24T20:22:38","guid":{"rendered":"https:\/\/orthogogo.com\/es\/?page_id=1723"},"modified":"2021-09-09T22:18:29","modified_gmt":"2021-09-09T22:18:29","slug":"resultados-antes-y-despues","status":"publish","type":"page","link":"https:\/\/orthogogo.com\/es\/resultados-antes-y-despues\/","title":{"rendered":"Antes y Despu\u00e9s"},"content":{"rendered":"<p>Resultados antes y despu\u00e9s de los tratamiento en <a href=\"https:\/\/orthogogo.com\/es\">Sky Ortho<\/a>, que ofrece tratamientos de ortodoncia en la ciudad de <a href=\"https:\/\/en.wikipedia.org\/wiki\/Oklahoma\" target=\"_blank\" rel=\"noopener\">Oklahoma<\/a> y alrededores.<\/p>\n<p>Sky Ortho, uno de los principales proveedores de ortodoncia con horarios muy flexibles en las tardes, ma\u00f1anas y fines de semana. Lo primero\u00a0 es que en Sky Ortho nos esforzamos para ofrecerle a todos nuestros pacientes la m\u00e1s relajante experiencia en ortodoncia de la ciudad de Oklahoma. Abre bien y di \u00ab\u00a1ahhhh!\u00bb Ese suspiro de relajaci\u00f3n es el que proviene de encontrar su Zen y su hermosa y saludable sonrisa en Sky Ortho.<\/p>\n<p>Nuestra pr\u00e1ctica est\u00e1 dise\u00f1ada para ayudarlo a lograr la belleza y la salud dental de la manera m\u00e1s indolora posible. Entonces, cuando visite a la\u00a0 Dra. Priscilla Larson y\/o al Dr. Ryan Fitzgerald, le podemos garantizar que junto a su equipo altamente calificado, puede estar seguro que cada una de sus visitas estar\u00e1 en las mejores manos, sabiendo que tienen la capacitaci\u00f3n, la experiencia y el coraz\u00f3n para hacer cada visita simple, exitosa y satisfactoria.<\/p>\n<p>Y por \u00faltimo, estamos seguros de que usted y su familia encontrar\u00e1n nuestras oficinas divertidas, hermosas y c\u00f3modas. Visite a los mejores ortodoncistas de la ciudad de Oklahoma, la Dra. Priscilla Larson y el Dr. Ryan Fitzgerald, y su brillante equipo. H\u00e1ganos saber lo que piensa, nos encantar\u00eda conocer su opini\u00f3n sobre nuestro enfoque para un cuidado dental saludable.<\/p>\n<p>&nbsp;<\/p>\n<h3>Resultados antes y despu\u00e9s de los tratamiento en <a href=\"https:\/\/orthogogo.com\/es\">Sky Ortho<\/a><\/h3>\n","protected":false},"excerpt":{"rendered":"<p>Resultados antes y despu\u00e9s de los tratamiento en Sky Ortho, que ofrece tratamientos de ortodoncia en la ciudad de Oklahoma y alrededores. Sky Ortho, uno de los principales proveedores de ortodoncia con horarios muy flexibles en las tardes, ma\u00f1anas y fines de semana. Lo primero\u00a0 es que en Sky Ortho nos esforzamos para ofrecerle a [&hellip;]<\/p>\n","protected":false},"author":1,"featured_media":3812,"parent":0,"menu_order":0,"comment_status":"closed","ping_status":"closed","template":"tpls\/template-about.php","meta":{"footnotes":""},"class_list":["post-1723","page","type-page","status-publish","has-post-thumbnail","hentry"],"yoast_head":"<!-- This site is optimized with the Yoast SEO plugin v27.3 - https:\/\/yoast.com\/product\/yoast-seo-wordpress\/ -->\n<title>Resultados antes y despu\u00e9s de los tratamientos | Sky Ortho<\/title>\n<meta name=\"description\" content=\"Resultados antes y despu\u00e9s de los tratamiento en Sky Ortho, que ofrece tratamientos de ortodoncia en la ciudad de Oklahoma y alrededores\" \/>\n<meta name=\"robots\" content=\"index, follow, max-snippet:-1, max-image-preview:large, max-video-preview:-1\" \/>\n<link rel=\"canonical\" href=\"https:\/\/orthogogo.com\/es\/resultados-antes-y-despues\/\" \/>\n<meta property=\"og:locale\" content=\"es_ES\" \/>\n<meta property=\"og:type\" content=\"article\" \/>\n<meta property=\"og:title\" content=\"Resultados antes y despu\u00e9s de los tratamientos | Sky Ortho\" \/>\n<meta property=\"og:description\" content=\"Resultados antes y despu\u00e9s de los tratamiento en Sky Ortho, que ofrece tratamientos de ortodoncia en la ciudad de Oklahoma y alrededores\" \/>\n<meta property=\"og:url\" content=\"https:\/\/orthogogo.com\/es\/resultados-antes-y-despues\/\" \/>\n<meta property=\"og:site_name\" content=\"Sky Ortho\" \/>\n<meta property=\"article:modified_time\" content=\"2021-09-09T22:18:29+00:00\" \/>\n<meta property=\"og:image\" content=\"https:\/\/orthogogo.com\/es\/wp-content\/uploads\/2020\/11\/eating-with-braces-8-1024.png\" \/>\n\t<meta property=\"og:image:width\" content=\"1024\" \/>\n\t<meta property=\"og:image:height\" content=\"678\" \/>\n\t<meta property=\"og:image:type\" content=\"image\/png\" \/>\n<meta name=\"twitter:card\" content=\"summary_large_image\" \/>\n<meta name=\"twitter:label1\" content=\"Tiempo de lectura\" \/>\n\t<meta name=\"twitter:data1\" content=\"2 minutos\" \/>\n<script type=\"application\/ld+json\" class=\"yoast-schema-graph\">{\"@context\":\"https:\\\/\\\/schema.org\",\"@graph\":[{\"@type\":\"WebPage\",\"@id\":\"https:\\\/\\\/orthogogo.com\\\/es\\\/resultados-antes-y-despues\\\/\",\"url\":\"https:\\\/\\\/orthogogo.com\\\/es\\\/resultados-antes-y-despues\\\/\",\"name\":\"Resultados antes y despu\u00e9s de los tratamientos | Sky Ortho\",\"isPartOf\":{\"@id\":\"https:\\\/\\\/orthogogo.com\\\/es\\\/#website\"},\"primaryImageOfPage\":{\"@id\":\"https:\\\/\\\/orthogogo.com\\\/es\\\/resultados-antes-y-despues\\\/#primaryimage\"},\"image\":{\"@id\":\"https:\\\/\\\/orthogogo.com\\\/es\\\/resultados-antes-y-despues\\\/#primaryimage\"},\"thumbnailUrl\":\"https:\\\/\\\/orthogogo.com\\\/es\\\/wp-content\\\/uploads\\\/2020\\\/11\\\/eating-with-braces-8-1024.png\",\"datePublished\":\"2016-03-24T20:22:38+00:00\",\"dateModified\":\"2021-09-09T22:18:29+00:00\",\"description\":\"Resultados antes y despu\u00e9s de los tratamiento en Sky Ortho, que ofrece tratamientos de ortodoncia en la ciudad de Oklahoma y alrededores\",\"breadcrumb\":{\"@id\":\"https:\\\/\\\/orthogogo.com\\\/es\\\/resultados-antes-y-despues\\\/#breadcrumb\"},\"inLanguage\":\"es\",\"potentialAction\":[{\"@type\":\"ReadAction\",\"target\":[\"https:\\\/\\\/orthogogo.com\\\/es\\\/resultados-antes-y-despues\\\/\"]}]},{\"@type\":\"ImageObject\",\"inLanguage\":\"es\",\"@id\":\"https:\\\/\\\/orthogogo.com\\\/es\\\/resultados-antes-y-despues\\\/#primaryimage\",\"url\":\"https:\\\/\\\/orthogogo.com\\\/es\\\/wp-content\\\/uploads\\\/2020\\\/11\\\/eating-with-braces-8-1024.png\",\"contentUrl\":\"https:\\\/\\\/orthogogo.com\\\/es\\\/wp-content\\\/uploads\\\/2020\\\/11\\\/eating-with-braces-8-1024.png\",\"width\":1024,\"height\":678,\"caption\":\"Resultados, antes y despu\u00e9s de los tratamientos | Sky Ortho\"},{\"@type\":\"BreadcrumbList\",\"@id\":\"https:\\\/\\\/orthogogo.com\\\/es\\\/resultados-antes-y-despues\\\/#breadcrumb\",\"itemListElement\":[{\"@type\":\"ListItem\",\"position\":1,\"name\":\"Home\",\"item\":\"https:\\\/\\\/orthogogo.com\\\/es\\\/\"},{\"@type\":\"ListItem\",\"position\":2,\"name\":\"Antes y Despu\u00e9s\"}]},{\"@type\":\"WebSite\",\"@id\":\"https:\\\/\\\/orthogogo.com\\\/es\\\/#website\",\"url\":\"https:\\\/\\\/orthogogo.com\\\/es\\\/\",\"name\":\"Sky Ortho\",\"description\":\"Ortodoncistas en OKC, Moore, Shawnee &amp; Norman\",\"publisher\":{\"@id\":\"https:\\\/\\\/orthogogo.com\\\/es\\\/#organization\"},\"potentialAction\":[{\"@type\":\"SearchAction\",\"target\":{\"@type\":\"EntryPoint\",\"urlTemplate\":\"https:\\\/\\\/orthogogo.com\\\/es\\\/?s={search_term_string}\"},\"query-input\":{\"@type\":\"PropertyValueSpecification\",\"valueRequired\":true,\"valueName\":\"search_term_string\"}}],\"inLanguage\":\"es\"},{\"@type\":\"Organization\",\"@id\":\"https:\\\/\\\/orthogogo.com\\\/es\\\/#organization\",\"name\":\"Sky Ortho\",\"url\":\"https:\\\/\\\/orthogogo.com\\\/es\\\/\",\"logo\":{\"@type\":\"ImageObject\",\"inLanguage\":\"es\",\"@id\":\"https:\\\/\\\/orthogogo.com\\\/es\\\/#\\\/schema\\\/logo\\\/image\\\/\",\"url\":\"https:\\\/\\\/orthogogo.com\\\/es\\\/wp-content\\\/uploads\\\/2020\\\/09\\\/head-logo.png\",\"contentUrl\":\"https:\\\/\\\/orthogogo.com\\\/es\\\/wp-content\\\/uploads\\\/2020\\\/09\\\/head-logo.png\",\"width\":128,\"height\":128,\"caption\":\"Sky Ortho\"},\"image\":{\"@id\":\"https:\\\/\\\/orthogogo.com\\\/es\\\/#\\\/schema\\\/logo\\\/image\\\/\"}}]}<\/script>\n<!-- \/ Yoast SEO plugin. -->","yoast_head_json":{"title":"Resultados antes y despu\u00e9s de los tratamientos | Sky Ortho","description":"Resultados antes y despu\u00e9s de los tratamiento en Sky Ortho, que ofrece tratamientos de ortodoncia en la ciudad de Oklahoma y alrededores","robots":{"index":"index","follow":"follow","max-snippet":"max-snippet:-1","max-image-preview":"max-image-preview:large","max-video-preview":"max-video-preview:-1"},"canonical":"https:\/\/orthogogo.com\/es\/resultados-antes-y-despues\/","og_locale":"es_ES","og_type":"article","og_title":"Resultados antes y despu\u00e9s de los tratamientos | Sky Ortho","og_description":"Resultados antes y despu\u00e9s de los tratamiento en Sky Ortho, que ofrece tratamientos de ortodoncia en la ciudad de Oklahoma y alrededores","og_url":"https:\/\/orthogogo.com\/es\/resultados-antes-y-despues\/","og_site_name":"Sky Ortho","article_modified_time":"2021-09-09T22:18:29+00:00","og_image":[{"width":1024,"height":678,"url":"https:\/\/orthogogo.com\/es\/wp-content\/uploads\/2020\/11\/eating-with-braces-8-1024.png","type":"image\/png"}],"twitter_card":"summary_large_image","twitter_misc":{"Tiempo de lectura":"2 minutos"},"schema":{"@context":"https:\/\/schema.org","@graph":[{"@type":"WebPage","@id":"https:\/\/orthogogo.com\/es\/resultados-antes-y-despues\/","url":"https:\/\/orthogogo.com\/es\/resultados-antes-y-despues\/","name":"Resultados antes y despu\u00e9s de los tratamientos | Sky Ortho","isPartOf":{"@id":"https:\/\/orthogogo.com\/es\/#website"},"primaryImageOfPage":{"@id":"https:\/\/orthogogo.com\/es\/resultados-antes-y-despues\/#primaryimage"},"image":{"@id":"https:\/\/orthogogo.com\/es\/resultados-antes-y-despues\/#primaryimage"},"thumbnailUrl":"https:\/\/orthogogo.com\/es\/wp-content\/uploads\/2020\/11\/eating-with-braces-8-1024.png","datePublished":"2016-03-24T20:22:38+00:00","dateModified":"2021-09-09T22:18:29+00:00","description":"Resultados antes y despu\u00e9s de los tratamiento en Sky Ortho, que ofrece tratamientos de ortodoncia en la ciudad de Oklahoma y alrededores","breadcrumb":{"@id":"https:\/\/orthogogo.com\/es\/resultados-antes-y-despues\/#breadcrumb"},"inLanguage":"es","potentialAction":[{"@type":"ReadAction","target":["https:\/\/orthogogo.com\/es\/resultados-antes-y-despues\/"]}]},{"@type":"ImageObject","inLanguage":"es","@id":"https:\/\/orthogogo.com\/es\/resultados-antes-y-despues\/#primaryimage","url":"https:\/\/orthogogo.com\/es\/wp-content\/uploads\/2020\/11\/eating-with-braces-8-1024.png","contentUrl":"https:\/\/orthogogo.com\/es\/wp-content\/uploads\/2020\/11\/eating-with-braces-8-1024.png","width":1024,"height":678,"caption":"Resultados, antes y despu\u00e9s de los tratamientos | Sky Ortho"},{"@type":"BreadcrumbList","@id":"https:\/\/orthogogo.com\/es\/resultados-antes-y-despues\/#breadcrumb","itemListElement":[{"@type":"ListItem","position":1,"name":"Home","item":"https:\/\/orthogogo.com\/es\/"},{"@type":"ListItem","position":2,"name":"Antes y Despu\u00e9s"}]},{"@type":"WebSite","@id":"https:\/\/orthogogo.com\/es\/#website","url":"https:\/\/orthogogo.com\/es\/","name":"Sky Ortho","description":"Ortodoncistas en OKC, Moore, Shawnee &amp; Norman","publisher":{"@id":"https:\/\/orthogogo.com\/es\/#organization"},"potentialAction":[{"@type":"SearchAction","target":{"@type":"EntryPoint","urlTemplate":"https:\/\/orthogogo.com\/es\/?s={search_term_string}"},"query-input":{"@type":"PropertyValueSpecification","valueRequired":true,"valueName":"search_term_string"}}],"inLanguage":"es"},{"@type":"Organization","@id":"https:\/\/orthogogo.com\/es\/#organization","name":"Sky Ortho","url":"https:\/\/orthogogo.com\/es\/","logo":{"@type":"ImageObject","inLanguage":"es","@id":"https:\/\/orthogogo.com\/es\/#\/schema\/logo\/image\/","url":"https:\/\/orthogogo.com\/es\/wp-content\/uploads\/2020\/09\/head-logo.png","contentUrl":"https:\/\/orthogogo.com\/es\/wp-content\/uploads\/2020\/09\/head-logo.png","width":128,"height":128,"caption":"Sky Ortho"},"image":{"@id":"https:\/\/orthogogo.com\/es\/#\/schema\/logo\/image\/"}}]}},"_links":{"self":[{"href":"https:\/\/orthogogo.com\/es\/wp-json\/wp\/v2\/pages\/1723","targetHints":{"allow":["GET"]}}],"collection":[{"href":"https:\/\/orthogogo.com\/es\/wp-json\/wp\/v2\/pages"}],"about":[{"href":"https:\/\/orthogogo.com\/es\/wp-json\/wp\/v2\/types\/page"}],"author":[{"embeddable":true,"href":"https:\/\/orthogogo.com\/es\/wp-json\/wp\/v2\/users\/1"}],"replies":[{"embeddable":true,"href":"https:\/\/orthogogo.com\/es\/wp-json\/wp\/v2\/comments?post=1723"}],"version-history":[{"count":10,"href":"https:\/\/orthogogo.com\/es\/wp-json\/wp\/v2\/pages\/1723\/revisions"}],"predecessor-version":[{"id":4083,"href":"https:\/\/orthogogo.com\/es\/wp-json\/wp\/v2\/pages\/1723\/revisions\/4083"}],"wp:featuredmedia":[{"embeddable":true,"href":"https:\/\/orthogogo.com\/es\/wp-json\/wp\/v2\/media\/3812"}],"wp:attachment":[{"href":"https:\/\/orthogogo.com\/es\/wp-json\/wp\/v2\/media?parent=1723"}],"curies":[{"name":"wp","href":"https:\/\/api.w.org\/{rel}","templated":true}]}}