{"id":1469,"date":"2020-06-02T16:00:00","date_gmt":"2020-06-02T16:00:00","guid":{"rendered":"http:\/\/sky.demosbyphil.com\/?page_id=1469"},"modified":"2021-09-09T22:17:56","modified_gmt":"2021-09-09T22:17:56","slug":"opciones-para-su-sonrisa","status":"publish","type":"page","link":"https:\/\/orthogogo.com\/es\/opciones-para-su-sonrisa\/","title":{"rendered":"Opciones para su sonrisa en OKC | Moore | Shawnee | Norman &#8212; En Sky Ortho lo ayudamos a elegir la mejor soluci\u00f3n"},"content":{"rendered":"<p>En Sky Ortho tenemos una gran variedad de opciones para su sonrisa, no tome una decisi\u00f3n apresurada,\u00a0 la Drs. Larson y el Dr. Fitzgerald est\u00e1n aqu\u00ed para ayudarle a determinar cu\u00e1les son las mejores opciones para usted o su hijo seg\u00fan las necesidades f\u00edsicas y su presupuesto financiero.<\/p>\n<h2>\u00bfCu\u00e1les son las opciones para su sonrisa y problemas de ortodoncia?<\/h2>\n<div class=\"FFpbKc\"><span class=\"JLqJ4b ChMk0b\" data-language-for-alternatives=\"es\" data-language-to-translate-into=\"en\" data-phrase-index=\"0\">En Sky Ortho,\u00a0 contamos con una gran variedad en diferentes tipos de brackets para corregir la alineaci\u00f3n de sus dientes.<\/span> <span class=\"JLqJ4b ChMk0b\" data-language-for-alternatives=\"es\" data-language-to-translate-into=\"en\" data-phrase-index=\"1\">Todos los brackets, sin importar su apariencia, funcionan de la misma manera.<\/span> <span class=\"JLqJ4b ChMk0b\" data-language-for-alternatives=\"es\" data-language-to-translate-into=\"en\" data-phrase-index=\"2\">Nos permiten un punto de apoyo para aplicar las fuerzas necesarias para moverlos donde deber\u00edan estar.<\/span><\/div>\n<p><iframe loading=\"lazy\" title=\"Orthodontist Shawnee OK | Orthodontist in Shawnee Oklahoma | Braces &amp; Invisalign\" width=\"640\" height=\"360\" src=\"https:\/\/www.youtube.com\/embed\/xrckwaybKw4?feature=oembed\" frameborder=\"0\" allow=\"accelerometer; autoplay; clipboard-write; encrypted-media; gyroscope; picture-in-picture; web-share\" referrerpolicy=\"strict-origin-when-cross-origin\" allowfullscreen><\/iframe><\/p>\n<h2>\u00bfOpciones para lograr su sonrisa y corregir sus problemas de ortodoncia?<\/h2>\n<p>Los\u00a0 diferentes tipos de brackets y la gran variedad que tenemos en\u00a0 <a href=\"https:\/\/orthogogo.com\/es\/\">Sky Ortho<\/a> para corregir problemas de alineaci\u00f3n de sus dientes, le garantiza que podr\u00e1 encontrar el que m\u00e1s le agrade. Como ya mencionamos todos los soportes, sin importar su apariencia, funcionan de la misma manera.<\/p>\n<div>\n<p><img loading=\"lazy\" decoding=\"async\" class=\"alignnone wp-image-2464 size-full\" title=\"smile options\" src=\"https:\/\/orthogogo.com\/es\/wp-content\/uploads\/2015\/08\/wild-smile-okc.png\" alt=\"smile options\" width=\"252\" height=\"141\" \/><\/p>\n<p>Los diferentes tipos de brackets incluyen brackets cer\u00e1micos (transparentes), brackets met\u00e1licos tradicionales y brackets WildSmiles. Los Brackets WildSmiles por ejemplo poseen bases de soporte de diferentes formas, como balones de f\u00fatbol, estrellas, flores, pelotas de b\u00e9isbol, diamantes o corazones. Incluso tenemos disponibles soportes dorados.<\/p>\n<p>Para los pacientes que no deseen usar aparatos fijos (brackets adheridos a los dientes), tambi\u00e9n tenemos opciones removibles. Estos incluyen Invisalign, alineadores transparentes y alineadores de resorte extra\u00edbles.<\/p>\n<figure id=\"attachment_2657\" aria-describedby=\"caption-attachment-2657\" style=\"width: 700px\" class=\"wp-caption alignnone\"><img loading=\"lazy\" decoding=\"async\" class=\"wp-image-2657 size-full\" title=\"smile options\" src=\"https:\/\/orthogogo.com\/es\/wp-content\/uploads\/2018\/07\/Invisalign-1.jpg\" alt=\"smile options\" width=\"700\" height=\"563\" srcset=\"https:\/\/orthogogo.com\/es\/wp-content\/uploads\/2018\/07\/Invisalign-1.jpg 700w, https:\/\/orthogogo.com\/es\/wp-content\/uploads\/2018\/07\/Invisalign-1-300x241.jpg 300w\" sizes=\"auto, (max-width: 700px) 100vw, 700px\" \/><figcaption id=\"caption-attachment-2657\" class=\"wp-caption-text\">Ambas personas est\u00e1n alineando sus dientes.<\/figcaption><\/figure>\n<h2>Invisalign es una hermosa soluci\u00f3n y una gran opci\u00f3n para lograr su sonrisa.<\/h2>\n<\/div>\n<p>Expliquemos c\u00f3mo funciona Invisalign para responder a varias inquietudes, b\u00e1sicamente\u00a0 el pl\u00e1stico de la bandeja nos da un \u201capoyo\u201d en los dientes.\u00a0 Al contar con este se puede aplicar la presi\u00f3n necesaria para moverlos a la posici\u00f3n correcta y lograr su alineaci\u00f3n.<\/p>\n<p>Los alineadores de resorte son similares a los retenedores acr\u00edlicos y\u00a0 los de alambre tradicionales y pueden realizar movimientos dentales peque\u00f1os y simples. Estos tambi\u00e9n resultan m\u00e1s adecuados para corregir ciertos tipos de reca\u00eddas.<\/p>\n<p>Ocasionalmente necesitamos usar otros aparatos (adem\u00e1s de<a href=\"https:\/\/es.wikipedia.org\/wiki\/Aparatolog%C3%ADa_fija\" target=\"_blank\" rel=\"noopener\"> Brackets<\/a> o Invisalign) para\u00a0 modificaci\u00f3n en nuestra etapa de crecimiento, aplicando fuerzas que modifican la forma en que crece la cara y las mand\u00edbulas u que no solo afectan la alineaci\u00f3n de los dientes. Tambi\u00e9n aclararemos esto con m\u00e1s detalle en la respuesta a otras preguntas.<\/p>\n","protected":false},"excerpt":{"rendered":"<p>En Sky Ortho tenemos una gran variedad de opciones para su sonrisa, no tome una decisi\u00f3n apresurada,\u00a0 la Drs. Larson y el Dr. Fitzgerald est\u00e1n aqu\u00ed para ayudarle a determinar cu\u00e1les son las mejores opciones para usted o su hijo seg\u00fan las necesidades f\u00edsicas y su presupuesto financiero. \u00bfCu\u00e1les son las opciones para su sonrisa [&hellip;]<\/p>\n","protected":false},"author":1,"featured_media":2836,"parent":0,"menu_order":0,"comment_status":"closed","ping_status":"closed","template":"tpls\/template-about.php","meta":{"footnotes":""},"class_list":["post-1469","page","type-page","status-publish","has-post-thumbnail","hentry"],"yoast_head":"<!-- This site is optimized with the Yoast SEO plugin v27.3 - https:\/\/yoast.com\/product\/yoast-seo-wordpress\/ -->\n<title>Opciones para su sonrisa en OKC | Moore | Shawnee | Norman<\/title>\n<meta name=\"description\" content=\"Buscando Opciones para su sonrisa, Descubre las opciones que le ofrecemos en Sky Ortho en la ciudad Oklahoma, Moore, Shawnee y Norman.\" \/>\n<meta name=\"robots\" content=\"index, follow, max-snippet:-1, max-image-preview:large, max-video-preview:-1\" \/>\n<link rel=\"canonical\" href=\"https:\/\/orthogogo.com\/es\/opciones-para-su-sonrisa\/\" \/>\n<meta property=\"og:locale\" content=\"es_ES\" \/>\n<meta property=\"og:type\" content=\"article\" \/>\n<meta property=\"og:title\" content=\"Opciones para su sonrisa en OKC | Moore | Shawnee | Norman\" \/>\n<meta property=\"og:description\" content=\"Buscando Opciones para su sonrisa, Descubre las opciones que le ofrecemos en Sky Ortho en la ciudad Oklahoma, Moore, Shawnee y Norman.\" \/>\n<meta property=\"og:url\" content=\"https:\/\/orthogogo.com\/es\/opciones-para-su-sonrisa\/\" \/>\n<meta property=\"og:site_name\" content=\"Sky Ortho\" \/>\n<meta property=\"article:modified_time\" content=\"2021-09-09T22:17:56+00:00\" \/>\n<meta property=\"og:image\" content=\"https:\/\/orthogogo.com\/es\/wp-content\/uploads\/2019\/07\/Clear-Braces-versus-Clear-Trays-sm-1.png\" \/>\n\t<meta property=\"og:image:width\" content=\"1024\" \/>\n\t<meta property=\"og:image:height\" content=\"552\" \/>\n\t<meta property=\"og:image:type\" content=\"image\/png\" \/>\n<meta name=\"twitter:card\" content=\"summary_large_image\" \/>\n<meta name=\"twitter:label1\" content=\"Tiempo de lectura\" \/>\n\t<meta name=\"twitter:data1\" content=\"3 minutos\" \/>\n<script type=\"application\/ld+json\" class=\"yoast-schema-graph\">{\"@context\":\"https:\\\/\\\/schema.org\",\"@graph\":[{\"@type\":\"WebPage\",\"@id\":\"https:\\\/\\\/orthogogo.com\\\/es\\\/opciones-para-su-sonrisa\\\/\",\"url\":\"https:\\\/\\\/orthogogo.com\\\/es\\\/opciones-para-su-sonrisa\\\/\",\"name\":\"Opciones para su sonrisa en OKC | Moore | Shawnee | Norman\",\"isPartOf\":{\"@id\":\"https:\\\/\\\/orthogogo.com\\\/es\\\/#website\"},\"primaryImageOfPage\":{\"@id\":\"https:\\\/\\\/orthogogo.com\\\/es\\\/opciones-para-su-sonrisa\\\/#primaryimage\"},\"image\":{\"@id\":\"https:\\\/\\\/orthogogo.com\\\/es\\\/opciones-para-su-sonrisa\\\/#primaryimage\"},\"thumbnailUrl\":\"https:\\\/\\\/orthogogo.com\\\/es\\\/wp-content\\\/uploads\\\/2019\\\/07\\\/Clear-Braces-versus-Clear-Trays-sm-1.png\",\"datePublished\":\"2020-06-02T16:00:00+00:00\",\"dateModified\":\"2021-09-09T22:17:56+00:00\",\"description\":\"Buscando Opciones para su sonrisa, Descubre las opciones que le ofrecemos en Sky Ortho en la ciudad Oklahoma, Moore, Shawnee y Norman.\",\"breadcrumb\":{\"@id\":\"https:\\\/\\\/orthogogo.com\\\/es\\\/opciones-para-su-sonrisa\\\/#breadcrumb\"},\"inLanguage\":\"es\",\"potentialAction\":[{\"@type\":\"ReadAction\",\"target\":[\"https:\\\/\\\/orthogogo.com\\\/es\\\/opciones-para-su-sonrisa\\\/\"]}]},{\"@type\":\"ImageObject\",\"inLanguage\":\"es\",\"@id\":\"https:\\\/\\\/orthogogo.com\\\/es\\\/opciones-para-su-sonrisa\\\/#primaryimage\",\"url\":\"https:\\\/\\\/orthogogo.com\\\/es\\\/wp-content\\\/uploads\\\/2019\\\/07\\\/Clear-Braces-versus-Clear-Trays-sm-1.png\",\"contentUrl\":\"https:\\\/\\\/orthogogo.com\\\/es\\\/wp-content\\\/uploads\\\/2019\\\/07\\\/Clear-Braces-versus-Clear-Trays-sm-1.png\",\"width\":1024,\"height\":552,\"caption\":\"Opciones para su sonrisa en OKC | Moore | Shawnee | Norman\"},{\"@type\":\"BreadcrumbList\",\"@id\":\"https:\\\/\\\/orthogogo.com\\\/es\\\/opciones-para-su-sonrisa\\\/#breadcrumb\",\"itemListElement\":[{\"@type\":\"ListItem\",\"position\":1,\"name\":\"Home\",\"item\":\"https:\\\/\\\/orthogogo.com\\\/es\\\/\"},{\"@type\":\"ListItem\",\"position\":2,\"name\":\"Opciones para su sonrisa en OKC | Moore | Shawnee | Norman &#8212; En Sky Ortho lo ayudamos a elegir la mejor soluci\u00f3n\"}]},{\"@type\":\"WebSite\",\"@id\":\"https:\\\/\\\/orthogogo.com\\\/es\\\/#website\",\"url\":\"https:\\\/\\\/orthogogo.com\\\/es\\\/\",\"name\":\"Sky Ortho\",\"description\":\"Ortodoncistas en OKC, Moore, Shawnee &amp; Norman\",\"publisher\":{\"@id\":\"https:\\\/\\\/orthogogo.com\\\/es\\\/#organization\"},\"potentialAction\":[{\"@type\":\"SearchAction\",\"target\":{\"@type\":\"EntryPoint\",\"urlTemplate\":\"https:\\\/\\\/orthogogo.com\\\/es\\\/?s={search_term_string}\"},\"query-input\":{\"@type\":\"PropertyValueSpecification\",\"valueRequired\":true,\"valueName\":\"search_term_string\"}}],\"inLanguage\":\"es\"},{\"@type\":\"Organization\",\"@id\":\"https:\\\/\\\/orthogogo.com\\\/es\\\/#organization\",\"name\":\"Sky Ortho\",\"url\":\"https:\\\/\\\/orthogogo.com\\\/es\\\/\",\"logo\":{\"@type\":\"ImageObject\",\"inLanguage\":\"es\",\"@id\":\"https:\\\/\\\/orthogogo.com\\\/es\\\/#\\\/schema\\\/logo\\\/image\\\/\",\"url\":\"https:\\\/\\\/orthogogo.com\\\/es\\\/wp-content\\\/uploads\\\/2020\\\/09\\\/head-logo.png\",\"contentUrl\":\"https:\\\/\\\/orthogogo.com\\\/es\\\/wp-content\\\/uploads\\\/2020\\\/09\\\/head-logo.png\",\"width\":128,\"height\":128,\"caption\":\"Sky Ortho\"},\"image\":{\"@id\":\"https:\\\/\\\/orthogogo.com\\\/es\\\/#\\\/schema\\\/logo\\\/image\\\/\"}}]}<\/script>\n<!-- \/ Yoast SEO plugin. -->","yoast_head_json":{"title":"Opciones para su sonrisa en OKC | Moore | Shawnee | Norman","description":"Buscando Opciones para su sonrisa, Descubre las opciones que le ofrecemos en Sky Ortho en la ciudad Oklahoma, Moore, Shawnee y Norman.","robots":{"index":"index","follow":"follow","max-snippet":"max-snippet:-1","max-image-preview":"max-image-preview:large","max-video-preview":"max-video-preview:-1"},"canonical":"https:\/\/orthogogo.com\/es\/opciones-para-su-sonrisa\/","og_locale":"es_ES","og_type":"article","og_title":"Opciones para su sonrisa en OKC | Moore | Shawnee | Norman","og_description":"Buscando Opciones para su sonrisa, Descubre las opciones que le ofrecemos en Sky Ortho en la ciudad Oklahoma, Moore, Shawnee y Norman.","og_url":"https:\/\/orthogogo.com\/es\/opciones-para-su-sonrisa\/","og_site_name":"Sky Ortho","article_modified_time":"2021-09-09T22:17:56+00:00","og_image":[{"width":1024,"height":552,"url":"https:\/\/orthogogo.com\/es\/wp-content\/uploads\/2019\/07\/Clear-Braces-versus-Clear-Trays-sm-1.png","type":"image\/png"}],"twitter_card":"summary_large_image","twitter_misc":{"Tiempo de lectura":"3 minutos"},"schema":{"@context":"https:\/\/schema.org","@graph":[{"@type":"WebPage","@id":"https:\/\/orthogogo.com\/es\/opciones-para-su-sonrisa\/","url":"https:\/\/orthogogo.com\/es\/opciones-para-su-sonrisa\/","name":"Opciones para su sonrisa en OKC | Moore | Shawnee | Norman","isPartOf":{"@id":"https:\/\/orthogogo.com\/es\/#website"},"primaryImageOfPage":{"@id":"https:\/\/orthogogo.com\/es\/opciones-para-su-sonrisa\/#primaryimage"},"image":{"@id":"https:\/\/orthogogo.com\/es\/opciones-para-su-sonrisa\/#primaryimage"},"thumbnailUrl":"https:\/\/orthogogo.com\/es\/wp-content\/uploads\/2019\/07\/Clear-Braces-versus-Clear-Trays-sm-1.png","datePublished":"2020-06-02T16:00:00+00:00","dateModified":"2021-09-09T22:17:56+00:00","description":"Buscando Opciones para su sonrisa, Descubre las opciones que le ofrecemos en Sky Ortho en la ciudad Oklahoma, Moore, Shawnee y Norman.","breadcrumb":{"@id":"https:\/\/orthogogo.com\/es\/opciones-para-su-sonrisa\/#breadcrumb"},"inLanguage":"es","potentialAction":[{"@type":"ReadAction","target":["https:\/\/orthogogo.com\/es\/opciones-para-su-sonrisa\/"]}]},{"@type":"ImageObject","inLanguage":"es","@id":"https:\/\/orthogogo.com\/es\/opciones-para-su-sonrisa\/#primaryimage","url":"https:\/\/orthogogo.com\/es\/wp-content\/uploads\/2019\/07\/Clear-Braces-versus-Clear-Trays-sm-1.png","contentUrl":"https:\/\/orthogogo.com\/es\/wp-content\/uploads\/2019\/07\/Clear-Braces-versus-Clear-Trays-sm-1.png","width":1024,"height":552,"caption":"Opciones para su sonrisa en OKC | Moore | Shawnee | Norman"},{"@type":"BreadcrumbList","@id":"https:\/\/orthogogo.com\/es\/opciones-para-su-sonrisa\/#breadcrumb","itemListElement":[{"@type":"ListItem","position":1,"name":"Home","item":"https:\/\/orthogogo.com\/es\/"},{"@type":"ListItem","position":2,"name":"Opciones para su sonrisa en OKC | Moore | Shawnee | Norman &#8212; En Sky Ortho lo ayudamos a elegir la mejor soluci\u00f3n"}]},{"@type":"WebSite","@id":"https:\/\/orthogogo.com\/es\/#website","url":"https:\/\/orthogogo.com\/es\/","name":"Sky Ortho","description":"Ortodoncistas en OKC, Moore, Shawnee &amp; Norman","publisher":{"@id":"https:\/\/orthogogo.com\/es\/#organization"},"potentialAction":[{"@type":"SearchAction","target":{"@type":"EntryPoint","urlTemplate":"https:\/\/orthogogo.com\/es\/?s={search_term_string}"},"query-input":{"@type":"PropertyValueSpecification","valueRequired":true,"valueName":"search_term_string"}}],"inLanguage":"es"},{"@type":"Organization","@id":"https:\/\/orthogogo.com\/es\/#organization","name":"Sky Ortho","url":"https:\/\/orthogogo.com\/es\/","logo":{"@type":"ImageObject","inLanguage":"es","@id":"https:\/\/orthogogo.com\/es\/#\/schema\/logo\/image\/","url":"https:\/\/orthogogo.com\/es\/wp-content\/uploads\/2020\/09\/head-logo.png","contentUrl":"https:\/\/orthogogo.com\/es\/wp-content\/uploads\/2020\/09\/head-logo.png","width":128,"height":128,"caption":"Sky Ortho"},"image":{"@id":"https:\/\/orthogogo.com\/es\/#\/schema\/logo\/image\/"}}]}},"_links":{"self":[{"href":"https:\/\/orthogogo.com\/es\/wp-json\/wp\/v2\/pages\/1469","targetHints":{"allow":["GET"]}}],"collection":[{"href":"https:\/\/orthogogo.com\/es\/wp-json\/wp\/v2\/pages"}],"about":[{"href":"https:\/\/orthogogo.com\/es\/wp-json\/wp\/v2\/types\/page"}],"author":[{"embeddable":true,"href":"https:\/\/orthogogo.com\/es\/wp-json\/wp\/v2\/users\/1"}],"replies":[{"embeddable":true,"href":"https:\/\/orthogogo.com\/es\/wp-json\/wp\/v2\/comments?post=1469"}],"version-history":[{"count":20,"href":"https:\/\/orthogogo.com\/es\/wp-json\/wp\/v2\/pages\/1469\/revisions"}],"predecessor-version":[{"id":4079,"href":"https:\/\/orthogogo.com\/es\/wp-json\/wp\/v2\/pages\/1469\/revisions\/4079"}],"wp:featuredmedia":[{"embeddable":true,"href":"https:\/\/orthogogo.com\/es\/wp-json\/wp\/v2\/media\/2836"}],"wp:attachment":[{"href":"https:\/\/orthogogo.com\/es\/wp-json\/wp\/v2\/media?parent=1469"}],"curies":[{"name":"wp","href":"https:\/\/api.w.org\/{rel}","templated":true}]}}