{"id":1457,"date":"2020-06-02T13:31:23","date_gmt":"2020-06-02T13:31:23","guid":{"rendered":"http:\/\/sky.demosbyphil.com\/?page_id=1457"},"modified":"2021-09-30T16:35:42","modified_gmt":"2021-09-30T16:35:42","slug":"los-brackets","status":"publish","type":"page","link":"https:\/\/orthogogo.com\/es\/opciones-para-su-sonrisa\/los-brackets\/","title":{"rendered":"Los Brackets, la ciencia detr\u00e1s de ellos y c\u00f3mo adaptarse"},"content":{"rendered":"<figure id=\"attachment_3210\" aria-describedby=\"caption-attachment-3210\" style=\"width: 900px\" class=\"wp-caption alignnone\"><img loading=\"lazy\" decoding=\"async\" class=\"wp-image-3210 size-full\" src=\"https:\/\/orthogogo.com\/es\/\/wp-content\/uploads\/2020\/06\/Depositphotos_24207443_1024-e1591122244797.png\" alt=\"braces\" width=\"900\" height=\"639\" srcset=\"https:\/\/orthogogo.com\/es\/wp-content\/uploads\/2020\/06\/Depositphotos_24207443_1024-e1591122244797.png 900w, https:\/\/orthogogo.com\/es\/wp-content\/uploads\/2020\/06\/Depositphotos_24207443_1024-e1591122244797-300x213.png 300w, https:\/\/orthogogo.com\/es\/wp-content\/uploads\/2020\/06\/Depositphotos_24207443_1024-e1591122244797-768x545.png 768w\" sizes=\"auto, (max-width: 900px) 100vw, 900px\" \/><figcaption id=\"caption-attachment-3210\" class=\"wp-caption-text\">Los brackets son una forma de enderezar o mover los dientes para mejorar su apariencia y funcionamiento.<\/figcaption><\/figure>\n<h2>Como funcionan los brackets?<\/h2>\n<p>Los frenillos consisten en brackets (el soporte individual para cada diente) que se pegan a los dientes. Esto nos da un mango para agarrar el diente y aplicar las fuerzas adecuadas. Los cables se unen a los soportes mediante el\u00e1sticos o juntas t\u00f3ricas de colores peque\u00f1os.<\/p>\n<p>Comenzamos con alambres delgados y flexibles que est\u00e1n preformados en una forma de arco ideal (o una forma de \u00abU\u00bb ancha). Cuando el cable est\u00e1 atado a todos los soportes, inmediatamente comienza a doblarse hacia su forma original de \u00abU\u00bb. As\u00ed que imagine que tiene un arco de dientes casi ideal, excepto que un diente est\u00e1 retra\u00eddo en comparaci\u00f3n con los dem\u00e1s. Cuando se inserta y se acopla el cable, el cable se relaja en su mayor parte, excepto en el \u00e1rea donde lo forzamos a retroceder para enganchar ese diente que est\u00e1 retra\u00eddo. En esta \u00e1rea, el cable intentar\u00e1 relajarse hacia adelante en la forma de \u00abU\u00bb original.<\/p>\n<p>Como resultado, los alambres aplican una fuerza ligera al diente que tendr\u00e1 el efecto de arrastrar suavemente ese diente hacia adelante a su posici\u00f3n. De manera similar, la misma idea funciona con dientes que est\u00e1n rotados, demasiado altos o bajos, etc. Comenzamos con alambres extremadamente ligeros y flexibles. Sin embargo, a medida que los dientes se alinean mejor, podemos usar alambres m\u00e1s fuertes, m\u00e1s gruesos y m\u00e1s r\u00edgidos para lograr movimientos m\u00e1s peque\u00f1os y precisos.<\/p>\n<p>Finalmente, cuando todos los dientes est\u00e9n alineados sobre alambres muy fuertes, podemos usar el\u00e1sticos (bandas de goma) con los tirantes para alinear la mordida. Cuando tanto los dientes como la mordida est\u00e9n alineados, \u00a1hemos terminado y podemos quitar los frenillos! Los dientes siempre querr\u00e1n volver al lugar de donde vinieron originalmente, raz\u00f3n por la cual los retenedores son importantes despu\u00e9s de que quitamos los frenillos.<\/p>\n<div>\n<figure id=\"attachment_3212\" aria-describedby=\"caption-attachment-3212\" style=\"width: 900px\" class=\"wp-caption alignnone\"><img loading=\"lazy\" decoding=\"async\" class=\"wp-image-3212 size-full\" src=\"https:\/\/orthogogo.com\/es\/\/wp-content\/uploads\/2020\/06\/Depositphotos_175363526_900.jpg\" alt=\"Braces\" width=\"900\" height=\"601\" srcset=\"https:\/\/orthogogo.com\/es\/wp-content\/uploads\/2020\/06\/Depositphotos_175363526_900.jpg 900w, https:\/\/orthogogo.com\/es\/wp-content\/uploads\/2020\/06\/Depositphotos_175363526_900-300x200.jpg 300w, https:\/\/orthogogo.com\/es\/wp-content\/uploads\/2020\/06\/Depositphotos_175363526_900-768x513.jpg 768w\" sizes=\"auto, (max-width: 900px) 100vw, 900px\" \/><figcaption id=\"caption-attachment-3212\" class=\"wp-caption-text\">Los frenillos no duelen, pero a menudo provocan un dolor temporal e incomodidades.<\/figcaption><\/figure>\n<h2>Los Brackets duelen?<\/h2>\n<p>Ponerse los frenillos no duele. Pasamos por un proceso de limpieza y acondicionamiento de los dientes antes de colocar los brackets. Posteriormente, los brackets se pegan a los dientes y el pegamento se fija con una luz azul muy brillante. \u00a1No hay agujas ni dolor!<\/p>\n<p>Solo despu\u00e9s de que los dientes comienzan a moverse (generalmente unas horas despu\u00e9s de que se colocan los frenillos), se sienten adoloridos. Esta sensaci\u00f3n es similar a c\u00f3mo se sienten sus m\u00fasculos despu\u00e9s de un entrenamiento duro, especialmente si no ha hecho ejercicio por un tiempo.<\/p>\n<div>\n<figure id=\"attachment_3214\" aria-describedby=\"caption-attachment-3214\" style=\"width: 900px\" class=\"wp-caption alignnone\"><img loading=\"lazy\" decoding=\"async\" class=\"wp-image-3214 size-full\" src=\"https:\/\/orthogogo.com\/es\/\/wp-content\/uploads\/2020\/06\/Depositphotos_64582083_xl-2015-scaled-e1591124208494.jpg\" alt=\"Tips for Braces\" width=\"900\" height=\"600\" srcset=\"https:\/\/orthogogo.com\/es\/wp-content\/uploads\/2020\/06\/Depositphotos_64582083_xl-2015-scaled-e1591124208494.jpg 900w, https:\/\/orthogogo.com\/es\/wp-content\/uploads\/2020\/06\/Depositphotos_64582083_xl-2015-scaled-e1591124208494-300x200.jpg 300w, https:\/\/orthogogo.com\/es\/wp-content\/uploads\/2020\/06\/Depositphotos_64582083_xl-2015-scaled-e1591124208494-768x512.jpg 768w\" sizes=\"auto, (max-width: 900px) 100vw, 900px\" \/><figcaption id=\"caption-attachment-3214\" class=\"wp-caption-text\">Estos sencillos consejos pueden ayudarlo a superar cualquier malestar temporal asociado con los brackets.<\/figcaption><\/figure>\n<h2>C\u00f3mo lidiar con el dolor temporal de los frenillos<\/h2>\n<p>Como puede lidiar con el dolor temporal con estos sencillos consejos:<\/p>\n<\/div>\n<ul>\n<li>Durante los primeros d\u00edas despu\u00e9s de que se pongan los brackets, opte por alimentos m\u00e1s blandos. Intente comer m\u00e1s sopas, huevos, pur\u00e9 de manzana y pasta.<\/li>\n<li>Tome acetaminof\u00e9n o ibuprofeno, la misma cantidad que normalmente toma para el dolor de cabeza.<\/li>\n<li>Adem\u00e1s puede masticar chicle sin az\u00facar. A menudo, esto ayuda a que la sangre fluya alrededor de los dientes y alivia la presi\u00f3n.<\/li>\n<li>Con frecuencia, cuando las personas usan brackets por primera vez, los labios y las mejillas tardan unos d\u00edas en acostumbrarse a que algo nuevo se frote contra ellos. Algunas personas se adaptan m\u00e1s r\u00e1pido que otras. Pero si algo realmente le molesta el labio o la mejilla, use cera para ayudar a redondear o suavizar los bordes afilados o las puntas que irritan los tejidos blandos.<\/li>\n<li>Si le duele la boca con los frenillos, no los toque. Cuanto m\u00e1s tocas, m\u00e1s duele.<\/li>\n<li>Mant\u00e9ngase alejado de bebidas \u00e1cidas como limonada o jugo de tomate. Estas bebidas \u00e1cidas pican.<br \/>\nA veces le duele morderse el interior de la boca mientras se ajusta a los Brackets. An\u00edmate, esas llagas normalmente se curan r\u00e1pido. En poco tiempo, se adaptar\u00e1 a tus aparatos.<\/li>\n<li>Trate las llagas dolorosas en la boca con Anbesol u Orajel. Esto adormece el \u00e1rea y proporciona un alivio temporal.<\/li>\n<li>Enjuague su boca con una soluci\u00f3n d\u00e9bil de agua salada tibia. Esto alivia la irritaci\u00f3n y acelera el proceso de curaci\u00f3n.<\/li>\n<\/ul>\n<p>Ten la seguridad de que las cosas mejoran. El dolor significa que sus dientes se est\u00e1n moviendo, que es exactamente lo que queremos que suceda. Despu\u00e9s de un tiempo el interior de la boca se endurece y dejar\u00e1 de irritarse con los frenillos. La mayor\u00eda de las personas solo sienten dolor durante unos d\u00edas antes de que su boca se adapte a los nuevos brackets.<\/p>\n<p><img loading=\"lazy\" decoding=\"async\" class=\"alignnone wp-image-3216 size-full\" src=\"https:\/\/orthogogo.com\/es\/\/wp-content\/uploads\/2020\/06\/luis-quintero-oH5wKjywf74-unsplash-1024.png\" alt=\"Los Brackets \" width=\"1024\" height=\"768\" srcset=\"https:\/\/orthogogo.com\/es\/wp-content\/uploads\/2020\/06\/luis-quintero-oH5wKjywf74-unsplash-1024.png 1024w, https:\/\/orthogogo.com\/es\/wp-content\/uploads\/2020\/06\/luis-quintero-oH5wKjywf74-unsplash-1024-300x225.png 300w, https:\/\/orthogogo.com\/es\/wp-content\/uploads\/2020\/06\/luis-quintero-oH5wKjywf74-unsplash-1024-768x576.png 768w\" sizes=\"auto, (max-width: 1024px) 100vw, 1024px\" \/><\/p>\n<\/div>\n<h2>Cuales son los Pros y los Contras de los Brackets?<\/h2>\n<h2>Los Pros de los Brackets<\/h2>\n<ul>\n<li>Los frenillos son predecibles. Dependen menos de la cooperaci\u00f3n del paciente, ya que los brackets y los cables est\u00e1n siempre colocados y funcionando.<\/li>\n<li>Los alambres son buenos para hacer incluso los movimientos dif\u00edciles de los dientes. Por ejemplo, los Brackets ayudan a recuperar los dientes impactados (dientes que est\u00e1n atascados en las enc\u00edas \/ hueso y no erupcionan correctamente por s\u00ed solos).<\/li>\n<li>El uso de brackets tienen un efecto menor en los patrones del habla como Invisalign.<\/li>\n<li>Los tirantes se pueden personalizar con formas de corchetes y lazos de colores para personalizar los conjuntos y permitir la expresi\u00f3n de la personalidad.<\/li>\n<li>Adem\u00e1s, los frenillos son rentables. En la mayor\u00eda de los casos, los brackets met\u00e1licos tradicionales son la forma m\u00e1s econ\u00f3mica de lograr un gran resultado.<\/li>\n<\/ul>\n<h2>Los Contras de los Brackets<\/h2>\n<ul>\n<li>Cada ajuste es un poco m\u00e1s inc\u00f3modo y causa m\u00e1s dolor que cada cambio de alineador con Invisalign.<\/li>\n<li>Los labios y las mejillas requieren m\u00e1s tiempo para adaptarse a los brackets y alambres.<\/li>\n<li>Las modificaciones en la dieta son necesarias para evitar alimentos duros, pegajosos o masticables que rompan los brackets y doblen los cables.<\/li>\n<li>Se requieren nuevas t\u00e9cnicas de cepillado y uso del hilo dental para limpiar alrededor y entre soportes y alambres.<\/li>\n<\/ul>\n<p><img loading=\"lazy\" decoding=\"async\" class=\"alignnone wp-image-3221 size-full\" src=\"https:\/\/orthogogo.com\/es\/wp-content\/uploads\/2020\/06\/Depositphotos_31684777_900.jpg\" alt=\"Los Brackets opciones de colores\" width=\"900\" height=\"599\" srcset=\"https:\/\/orthogogo.com\/es\/wp-content\/uploads\/2020\/06\/Depositphotos_31684777_900.jpg 900w, https:\/\/orthogogo.com\/es\/wp-content\/uploads\/2020\/06\/Depositphotos_31684777_900-300x200.jpg 300w, https:\/\/orthogogo.com\/es\/wp-content\/uploads\/2020\/06\/Depositphotos_31684777_900-768x511.jpg 768w\" sizes=\"auto, (max-width: 900px) 100vw, 900px\" \/><\/p>\n<h2>Opciones de Colores para los Brackets<\/h2>\n<div>\n<p>Una cosa que debe saber es que el color y el estilo de los corchetes son permanentes. Es decir, si eliges brackets cer\u00e1micos, dispondr\u00e1s de brackets cer\u00e1micos hasta el final del tratamiento. Entonces, si realmente desea corchetes dorados, debe elegirlos al principio. Pero a pesar de que su estilo de soporte est\u00e1 bloqueado, el aspecto de sus frenillos se puede modificar durante el ajuste.<\/p>\n<p>Por lo general, cuando la gente piensa en agregar color a sus frenillos, est\u00e1n considerando los lazos de color que sujetan el cable entre los soportes. Cambiamos estos lazos flexibles en cada cita. Por esa raz\u00f3n, puedes cambiar tu color seg\u00fan tu estado de \u00e1nimo, la \u00e9poca del a\u00f1o, los colores de tu mejor amigo, el baile de graduaci\u00f3n o lo que sea.<\/p>\n<p>Muchos estudiantes obtienen los colores de la escuela para apoyar a sus escuelas. El rojo y el verde son muy populares en Navidad. Por lo general, los cambios de color se pueden realizar aproximadamente una vez cada 30 a 45 d\u00edas.<\/p>\n<\/div>\n<div>\n<figure id=\"attachment_3222\" aria-describedby=\"caption-attachment-3222\" style=\"width: 900px\" class=\"wp-caption alignnone\"><img loading=\"lazy\" decoding=\"async\" class=\"size-full wp-image-3222\" src=\"https:\/\/orthogogo.com\/es\/\/wp-content\/uploads\/2020\/06\/Depositphotos_61031957_900.jpg\" alt=\"Pre-Teens in Braces\" width=\"900\" height=\"600\" srcset=\"https:\/\/orthogogo.com\/es\/wp-content\/uploads\/2020\/06\/Depositphotos_61031957_900.jpg 900w, https:\/\/orthogogo.com\/es\/wp-content\/uploads\/2020\/06\/Depositphotos_61031957_900-300x200.jpg 300w, https:\/\/orthogogo.com\/es\/wp-content\/uploads\/2020\/06\/Depositphotos_61031957_900-768x512.jpg 768w\" sizes=\"auto, (max-width: 900px) 100vw, 900px\" \/><figcaption id=\"caption-attachment-3222\" class=\"wp-caption-text\">Los frenillos pueden ser divertidos. Adem\u00e1s, son una opci\u00f3n inteligente para los preadolescentes.<\/figcaption><\/figure>\n<\/div>\n","protected":false},"excerpt":{"rendered":"<p>Como funcionan los brackets? Los frenillos consisten en brackets (el soporte individual para cada diente) que se pegan a los dientes. Esto nos da un mango para agarrar el diente y aplicar las fuerzas adecuadas. Los cables se unen a los soportes mediante el\u00e1sticos o juntas t\u00f3ricas de colores peque\u00f1os. Comenzamos con alambres delgados y [&hellip;]<\/p>\n","protected":false},"author":1,"featured_media":3216,"parent":1469,"menu_order":0,"comment_status":"closed","ping_status":"closed","template":"tpls\/template-about.php","meta":{"footnotes":""},"class_list":["post-1457","page","type-page","status-publish","has-post-thumbnail","hentry"],"yoast_head":"<!-- This site is optimized with the Yoast SEO plugin v27.3 - https:\/\/yoast.com\/product\/yoast-seo-wordpress\/ -->\n<title>Los Brackets, la ciencia detr\u00e1s de ellos y c\u00f3mo adaptarse<\/title>\n<meta name=\"description\" content=\"Los Brackets, son una forma de enderezar o mover los dientes para mejorar su apariencia y funcionamiento. Echa un vistazo a Sky Ortho\" \/>\n<meta name=\"robots\" content=\"index, follow, max-snippet:-1, max-image-preview:large, max-video-preview:-1\" \/>\n<link rel=\"canonical\" href=\"https:\/\/orthogogo.com\/es\/opciones-para-su-sonrisa\/los-brackets\/\" \/>\n<meta property=\"og:locale\" content=\"es_ES\" \/>\n<meta property=\"og:type\" content=\"article\" \/>\n<meta property=\"og:title\" content=\"Los Brackets, la ciencia detr\u00e1s de ellos y c\u00f3mo adaptarse\" \/>\n<meta property=\"og:description\" content=\"Los Brackets, son una forma de enderezar o mover los dientes para mejorar su apariencia y funcionamiento. Echa un vistazo a Sky Ortho\" \/>\n<meta property=\"og:url\" content=\"https:\/\/orthogogo.com\/es\/opciones-para-su-sonrisa\/los-brackets\/\" \/>\n<meta property=\"og:site_name\" content=\"Sky Ortho\" \/>\n<meta property=\"article:modified_time\" content=\"2021-09-30T16:35:42+00:00\" \/>\n<meta property=\"og:image\" content=\"https:\/\/orthogogo.com\/es\/wp-content\/uploads\/2020\/06\/luis-quintero-oH5wKjywf74-unsplash-1024.png\" \/>\n\t<meta property=\"og:image:width\" content=\"1024\" \/>\n\t<meta property=\"og:image:height\" content=\"768\" \/>\n\t<meta property=\"og:image:type\" content=\"image\/png\" \/>\n<meta name=\"twitter:card\" content=\"summary_large_image\" \/>\n<meta name=\"twitter:label1\" content=\"Tiempo de lectura\" \/>\n\t<meta name=\"twitter:data1\" content=\"7 minutos\" \/>\n<script type=\"application\/ld+json\" class=\"yoast-schema-graph\">{\"@context\":\"https:\\\/\\\/schema.org\",\"@graph\":[{\"@type\":\"WebPage\",\"@id\":\"https:\\\/\\\/orthogogo.com\\\/es\\\/opciones-para-su-sonrisa\\\/los-brackets\\\/\",\"url\":\"https:\\\/\\\/orthogogo.com\\\/es\\\/opciones-para-su-sonrisa\\\/los-brackets\\\/\",\"name\":\"Los Brackets, la ciencia detr\u00e1s de ellos y c\u00f3mo adaptarse\",\"isPartOf\":{\"@id\":\"https:\\\/\\\/orthogogo.com\\\/es\\\/#website\"},\"primaryImageOfPage\":{\"@id\":\"https:\\\/\\\/orthogogo.com\\\/es\\\/opciones-para-su-sonrisa\\\/los-brackets\\\/#primaryimage\"},\"image\":{\"@id\":\"https:\\\/\\\/orthogogo.com\\\/es\\\/opciones-para-su-sonrisa\\\/los-brackets\\\/#primaryimage\"},\"thumbnailUrl\":\"https:\\\/\\\/orthogogo.com\\\/es\\\/wp-content\\\/uploads\\\/2020\\\/06\\\/luis-quintero-oH5wKjywf74-unsplash-1024.png\",\"datePublished\":\"2020-06-02T13:31:23+00:00\",\"dateModified\":\"2021-09-30T16:35:42+00:00\",\"description\":\"Los Brackets, son una forma de enderezar o mover los dientes para mejorar su apariencia y funcionamiento. Echa un vistazo a Sky Ortho\",\"breadcrumb\":{\"@id\":\"https:\\\/\\\/orthogogo.com\\\/es\\\/opciones-para-su-sonrisa\\\/los-brackets\\\/#breadcrumb\"},\"inLanguage\":\"es\",\"potentialAction\":[{\"@type\":\"ReadAction\",\"target\":[\"https:\\\/\\\/orthogogo.com\\\/es\\\/opciones-para-su-sonrisa\\\/los-brackets\\\/\"]}]},{\"@type\":\"ImageObject\",\"inLanguage\":\"es\",\"@id\":\"https:\\\/\\\/orthogogo.com\\\/es\\\/opciones-para-su-sonrisa\\\/los-brackets\\\/#primaryimage\",\"url\":\"https:\\\/\\\/orthogogo.com\\\/es\\\/wp-content\\\/uploads\\\/2020\\\/06\\\/luis-quintero-oH5wKjywf74-unsplash-1024.png\",\"contentUrl\":\"https:\\\/\\\/orthogogo.com\\\/es\\\/wp-content\\\/uploads\\\/2020\\\/06\\\/luis-quintero-oH5wKjywf74-unsplash-1024.png\",\"width\":1024,\"height\":768,\"caption\":\"Los Brackets\"},{\"@type\":\"BreadcrumbList\",\"@id\":\"https:\\\/\\\/orthogogo.com\\\/es\\\/opciones-para-su-sonrisa\\\/los-brackets\\\/#breadcrumb\",\"itemListElement\":[{\"@type\":\"ListItem\",\"position\":1,\"name\":\"Home\",\"item\":\"https:\\\/\\\/orthogogo.com\\\/es\\\/\"},{\"@type\":\"ListItem\",\"position\":2,\"name\":\"Opciones para su sonrisa en OKC | Moore | Shawnee | Norman &#8212; En Sky Ortho lo ayudamos a elegir la mejor soluci\u00f3n\",\"item\":\"https:\\\/\\\/orthogogo.com\\\/es\\\/opciones-para-su-sonrisa\\\/\"},{\"@type\":\"ListItem\",\"position\":3,\"name\":\"Los Brackets, la ciencia detr\u00e1s de ellos y c\u00f3mo adaptarse\"}]},{\"@type\":\"WebSite\",\"@id\":\"https:\\\/\\\/orthogogo.com\\\/es\\\/#website\",\"url\":\"https:\\\/\\\/orthogogo.com\\\/es\\\/\",\"name\":\"Sky Ortho\",\"description\":\"Ortodoncistas en OKC, Moore, Shawnee &amp; Norman\",\"publisher\":{\"@id\":\"https:\\\/\\\/orthogogo.com\\\/es\\\/#organization\"},\"potentialAction\":[{\"@type\":\"SearchAction\",\"target\":{\"@type\":\"EntryPoint\",\"urlTemplate\":\"https:\\\/\\\/orthogogo.com\\\/es\\\/?s={search_term_string}\"},\"query-input\":{\"@type\":\"PropertyValueSpecification\",\"valueRequired\":true,\"valueName\":\"search_term_string\"}}],\"inLanguage\":\"es\"},{\"@type\":\"Organization\",\"@id\":\"https:\\\/\\\/orthogogo.com\\\/es\\\/#organization\",\"name\":\"Sky Ortho\",\"url\":\"https:\\\/\\\/orthogogo.com\\\/es\\\/\",\"logo\":{\"@type\":\"ImageObject\",\"inLanguage\":\"es\",\"@id\":\"https:\\\/\\\/orthogogo.com\\\/es\\\/#\\\/schema\\\/logo\\\/image\\\/\",\"url\":\"https:\\\/\\\/orthogogo.com\\\/es\\\/wp-content\\\/uploads\\\/2020\\\/09\\\/head-logo.png\",\"contentUrl\":\"https:\\\/\\\/orthogogo.com\\\/es\\\/wp-content\\\/uploads\\\/2020\\\/09\\\/head-logo.png\",\"width\":128,\"height\":128,\"caption\":\"Sky Ortho\"},\"image\":{\"@id\":\"https:\\\/\\\/orthogogo.com\\\/es\\\/#\\\/schema\\\/logo\\\/image\\\/\"}}]}<\/script>\n<!-- \/ Yoast SEO plugin. -->","yoast_head_json":{"title":"Los Brackets, la ciencia detr\u00e1s de ellos y c\u00f3mo adaptarse","description":"Los Brackets, son una forma de enderezar o mover los dientes para mejorar su apariencia y funcionamiento. Echa un vistazo a Sky Ortho","robots":{"index":"index","follow":"follow","max-snippet":"max-snippet:-1","max-image-preview":"max-image-preview:large","max-video-preview":"max-video-preview:-1"},"canonical":"https:\/\/orthogogo.com\/es\/opciones-para-su-sonrisa\/los-brackets\/","og_locale":"es_ES","og_type":"article","og_title":"Los Brackets, la ciencia detr\u00e1s de ellos y c\u00f3mo adaptarse","og_description":"Los Brackets, son una forma de enderezar o mover los dientes para mejorar su apariencia y funcionamiento. Echa un vistazo a Sky Ortho","og_url":"https:\/\/orthogogo.com\/es\/opciones-para-su-sonrisa\/los-brackets\/","og_site_name":"Sky Ortho","article_modified_time":"2021-09-30T16:35:42+00:00","og_image":[{"width":1024,"height":768,"url":"https:\/\/orthogogo.com\/es\/wp-content\/uploads\/2020\/06\/luis-quintero-oH5wKjywf74-unsplash-1024.png","type":"image\/png"}],"twitter_card":"summary_large_image","twitter_misc":{"Tiempo de lectura":"7 minutos"},"schema":{"@context":"https:\/\/schema.org","@graph":[{"@type":"WebPage","@id":"https:\/\/orthogogo.com\/es\/opciones-para-su-sonrisa\/los-brackets\/","url":"https:\/\/orthogogo.com\/es\/opciones-para-su-sonrisa\/los-brackets\/","name":"Los Brackets, la ciencia detr\u00e1s de ellos y c\u00f3mo adaptarse","isPartOf":{"@id":"https:\/\/orthogogo.com\/es\/#website"},"primaryImageOfPage":{"@id":"https:\/\/orthogogo.com\/es\/opciones-para-su-sonrisa\/los-brackets\/#primaryimage"},"image":{"@id":"https:\/\/orthogogo.com\/es\/opciones-para-su-sonrisa\/los-brackets\/#primaryimage"},"thumbnailUrl":"https:\/\/orthogogo.com\/es\/wp-content\/uploads\/2020\/06\/luis-quintero-oH5wKjywf74-unsplash-1024.png","datePublished":"2020-06-02T13:31:23+00:00","dateModified":"2021-09-30T16:35:42+00:00","description":"Los Brackets, son una forma de enderezar o mover los dientes para mejorar su apariencia y funcionamiento. Echa un vistazo a Sky Ortho","breadcrumb":{"@id":"https:\/\/orthogogo.com\/es\/opciones-para-su-sonrisa\/los-brackets\/#breadcrumb"},"inLanguage":"es","potentialAction":[{"@type":"ReadAction","target":["https:\/\/orthogogo.com\/es\/opciones-para-su-sonrisa\/los-brackets\/"]}]},{"@type":"ImageObject","inLanguage":"es","@id":"https:\/\/orthogogo.com\/es\/opciones-para-su-sonrisa\/los-brackets\/#primaryimage","url":"https:\/\/orthogogo.com\/es\/wp-content\/uploads\/2020\/06\/luis-quintero-oH5wKjywf74-unsplash-1024.png","contentUrl":"https:\/\/orthogogo.com\/es\/wp-content\/uploads\/2020\/06\/luis-quintero-oH5wKjywf74-unsplash-1024.png","width":1024,"height":768,"caption":"Los Brackets"},{"@type":"BreadcrumbList","@id":"https:\/\/orthogogo.com\/es\/opciones-para-su-sonrisa\/los-brackets\/#breadcrumb","itemListElement":[{"@type":"ListItem","position":1,"name":"Home","item":"https:\/\/orthogogo.com\/es\/"},{"@type":"ListItem","position":2,"name":"Opciones para su sonrisa en OKC | Moore | Shawnee | Norman &#8212; En Sky Ortho lo ayudamos a elegir la mejor soluci\u00f3n","item":"https:\/\/orthogogo.com\/es\/opciones-para-su-sonrisa\/"},{"@type":"ListItem","position":3,"name":"Los Brackets, la ciencia detr\u00e1s de ellos y c\u00f3mo adaptarse"}]},{"@type":"WebSite","@id":"https:\/\/orthogogo.com\/es\/#website","url":"https:\/\/orthogogo.com\/es\/","name":"Sky Ortho","description":"Ortodoncistas en OKC, Moore, Shawnee &amp; Norman","publisher":{"@id":"https:\/\/orthogogo.com\/es\/#organization"},"potentialAction":[{"@type":"SearchAction","target":{"@type":"EntryPoint","urlTemplate":"https:\/\/orthogogo.com\/es\/?s={search_term_string}"},"query-input":{"@type":"PropertyValueSpecification","valueRequired":true,"valueName":"search_term_string"}}],"inLanguage":"es"},{"@type":"Organization","@id":"https:\/\/orthogogo.com\/es\/#organization","name":"Sky Ortho","url":"https:\/\/orthogogo.com\/es\/","logo":{"@type":"ImageObject","inLanguage":"es","@id":"https:\/\/orthogogo.com\/es\/#\/schema\/logo\/image\/","url":"https:\/\/orthogogo.com\/es\/wp-content\/uploads\/2020\/09\/head-logo.png","contentUrl":"https:\/\/orthogogo.com\/es\/wp-content\/uploads\/2020\/09\/head-logo.png","width":128,"height":128,"caption":"Sky Ortho"},"image":{"@id":"https:\/\/orthogogo.com\/es\/#\/schema\/logo\/image\/"}}]}},"_links":{"self":[{"href":"https:\/\/orthogogo.com\/es\/wp-json\/wp\/v2\/pages\/1457","targetHints":{"allow":["GET"]}}],"collection":[{"href":"https:\/\/orthogogo.com\/es\/wp-json\/wp\/v2\/pages"}],"about":[{"href":"https:\/\/orthogogo.com\/es\/wp-json\/wp\/v2\/types\/page"}],"author":[{"embeddable":true,"href":"https:\/\/orthogogo.com\/es\/wp-json\/wp\/v2\/users\/1"}],"replies":[{"embeddable":true,"href":"https:\/\/orthogogo.com\/es\/wp-json\/wp\/v2\/comments?post=1457"}],"version-history":[{"count":11,"href":"https:\/\/orthogogo.com\/es\/wp-json\/wp\/v2\/pages\/1457\/revisions"}],"predecessor-version":[{"id":4204,"href":"https:\/\/orthogogo.com\/es\/wp-json\/wp\/v2\/pages\/1457\/revisions\/4204"}],"up":[{"embeddable":true,"href":"https:\/\/orthogogo.com\/es\/wp-json\/wp\/v2\/pages\/1469"}],"wp:featuredmedia":[{"embeddable":true,"href":"https:\/\/orthogogo.com\/es\/wp-json\/wp\/v2\/media\/3216"}],"wp:attachment":[{"href":"https:\/\/orthogogo.com\/es\/wp-json\/wp\/v2\/media?parent=1457"}],"curies":[{"name":"wp","href":"https:\/\/api.w.org\/{rel}","templated":true}]}}